{"id":555,"date":"2021-05-24T22:21:57","date_gmt":"2021-05-25T01:21:57","guid":{"rendered":"https:\/\/wp.ufpel.edu.br\/pianolab\/?page_id=555"},"modified":"2021-05-29T18:51:29","modified_gmt":"2021-05-29T21:51:29","slug":"fatima-corvisier","status":"publish","type":"page","link":"https:\/\/wp.ufpel.edu.br\/pianolab\/fatima-corvisier\/","title":{"rendered":"F\u00e1tima Corvisier"},"content":{"rendered":"<p style=\"text-align: center\"><strong>F\u00e1tima Corvisier<br \/>\n<\/strong><span style=\"font-size: 10pt\">Faculdade de Filosofia, Ci\u00eancias e Letras de Ribeir\u00e3o Preto<\/span><br \/>\n<span style=\"font-size: 10pt\">Universidade de S\u00e3o Paulo<\/span><\/p>\n<p><img data-recalc-dims=\"1\" loading=\"lazy\" decoding=\"async\" data-attachment-id=\"556\" data-permalink=\"https:\/\/wp.ufpel.edu.br\/pianolab\/fatima-corvisier\/fatima-corvisier\/\" data-orig-file=\"https:\/\/i0.wp.com\/wp.ufpel.edu.br\/pianolab\/files\/2021\/05\/fatima-corvisier.jpg?fit=600%2C511&amp;ssl=1\" data-orig-size=\"600,511\" data-comments-opened=\"0\" data-image-meta=\"{&quot;aperture&quot;:&quot;4.8&quot;,&quot;credit&quot;:&quot;&quot;,&quot;camera&quot;:&quot;NIKON D3100&quot;,&quot;caption&quot;:&quot;&quot;,&quot;created_timestamp&quot;:&quot;1552824601&quot;,&quot;copyright&quot;:&quot;&quot;,&quot;focal_length&quot;:&quot;32&quot;,&quot;iso&quot;:&quot;400&quot;,&quot;shutter_speed&quot;:&quot;0.04&quot;,&quot;title&quot;:&quot;&quot;,&quot;orientation&quot;:&quot;1&quot;}\" data-image-title=\"fatima-corvisier\" data-image-description=\"\" data-image-caption=\"\" data-medium-file=\"https:\/\/i0.wp.com\/wp.ufpel.edu.br\/pianolab\/files\/2021\/05\/fatima-corvisier.jpg?fit=400%2C341&amp;ssl=1\" data-large-file=\"https:\/\/i0.wp.com\/wp.ufpel.edu.br\/pianolab\/files\/2021\/05\/fatima-corvisier.jpg?fit=525%2C447&amp;ssl=1\" class=\"size-medium wp-image-556 aligncenter\" src=\"https:\/\/i0.wp.com\/wp.ufpel.edu.br\/pianolab\/files\/2021\/05\/fatima-corvisier.jpg?resize=400%2C341&#038;ssl=1\" alt=\"\" width=\"400\" height=\"341\" srcset=\"https:\/\/i0.wp.com\/wp.ufpel.edu.br\/pianolab\/files\/2021\/05\/fatima-corvisier.jpg?resize=400%2C341&amp;ssl=1 400w, https:\/\/i0.wp.com\/wp.ufpel.edu.br\/pianolab\/files\/2021\/05\/fatima-corvisier.jpg?w=600&amp;ssl=1 600w\" sizes=\"auto, (max-width: 400px) 100vw, 400px\" \/><\/p>\n<h2 style=\"text-align: center\">Colabora\u00e7\u00e3o Pianistica<br \/>\nno Piano \u00e0 Quatro M\u00e3os<\/h2>\n<hr \/>\n<p class=\"regular brown bottom_line\" style=\"text-align: center\"><strong><span style=\"font-size: 12pt\">Sobre a convidada:<\/span><\/strong><\/p>\n<p style=\"text-align: justify\"><span style=\"font-size: 10pt\">Natural do Rio de Janeiro, F\u00e1tima Corvisier graduou-se com Medalha de Ouro pela Escola de M\u00fasica da\u00a0 Universidade Federal do Rio de Janeiro. Em 2009, concluiu seu Doutorado pela Universidade de S\u00e3o Paulo (USP), defendendo a tese: Ant\u00f4nio de S\u00e1 Pereira e o Ensino Moderno de Piano: pioneirismo na pedagogia pian\u00edstica brasileira.<\/span><\/p>\n<p style=\"text-align: justify\"><span style=\"font-size: 10pt\">Como solista, F\u00e1tima Corvisier j\u00e1 se apresentou com diversas orquestras brasileiras, destacando-se sua atua\u00e7\u00e3o frente \u00e0 Orquestra Sinf\u00f4nica do Estado de S\u00e3o Paulo (OSESP), sob a reg\u00eancia do maestro Eleazar de Carvalho. Como recitalista e camerista F\u00e1tima\u00a0 Corvisier apresentou-se em muitas salas de concerto pelo Brasil, Estados Unidos e Europa.<\/span><\/p>\n<p style=\"text-align: justify\"><span style=\"font-size: 10pt\">Suas premia\u00e7\u00f5es mais significativas incluem o primeiro lugar no Concurso Nacional de Piano Dirk Bovendorp e o terceiro lugar no III pr\u00eamio Eldorado M\u00fasica. F\u00e1tima Corvisier \u00e9 membro da Academia Nacional de M\u00fasica do Rio de Janeiro, desde 2012.<\/span><\/p>\n<p style=\"text-align: justify\"><span style=\"font-size: 10pt\">Desde 1991 a pianista atua intensamente como integrante co-fundadora do Duo Corvisier, ao lado do pianista Fernando Corvisier. O Duo Corvisier \u00e9 reconhecido como um dos principais duos pian\u00edsticos do Brasil por seu \u201centrosamento not\u00e1vel, sua vitalidade r\u00edtmica e intensa musicalidade. O Duo Corvisier se apresenta regularmente em muitas salas de concerto do Brasil e do exterior (Argentina, Estados Unidos, Portugal, Espanha, \u00c1ustria, Inglaterra).<\/span><\/p>\n<p style=\"text-align: justify\"><span style=\"font-size: 10pt\">Desde 2004, F\u00e1tima Corvisier \u00e9 docente do Departamento de M\u00fasica da Faculdade de Filosofia, Ci\u00eancias e Letras de Ribeir\u00e3o Preto (FFCLRP-USP), onde ministra classes de Piano e Pedagogia do Piano. Como pesquisadora, tem participado de muitos Congressos e Confer\u00eancias nacionais e internacionais apresentando trabalhos \u00a0sobre Pedagogia do Piano e Performance do repert\u00f3rio para duos pian\u00edsticos.<\/span><\/p>\n","protected":false},"excerpt":{"rendered":"<p>F\u00e1tima Corvisier Faculdade de Filosofia, Ci\u00eancias e Letras de Ribeir\u00e3o Preto Universidade de S\u00e3o Paulo Colabora\u00e7\u00e3o Pianistica no Piano \u00e0 Quatro M\u00e3os Sobre a convidada: Natural do Rio de Janeiro, F\u00e1tima Corvisier graduou-se com Medalha de Ouro pela Escola de M\u00fasica da\u00a0 Universidade Federal do Rio de Janeiro. Em 2009, concluiu seu Doutorado pela Universidade &hellip; <\/p>\n<p class=\"link-more\"><a href=\"https:\/\/wp.ufpel.edu.br\/pianolab\/fatima-corvisier\/\" class=\"more-link\">Continue lendo<span class=\"screen-reader-text\"> &#8220;F\u00e1tima Corvisier&#8221;<\/span><\/a><\/p>\n","protected":false},"author":1093,"featured_media":0,"parent":0,"menu_order":0,"comment_status":"closed","ping_status":"closed","template":"","meta":{"footnotes":""},"class_list":["post-555","page","type-page","status-publish","hentry"],"jetpack-related-posts":[],"jetpack_sharing_enabled":true,"_links":{"self":[{"href":"https:\/\/wp.ufpel.edu.br\/pianolab\/wp-json\/wp\/v2\/pages\/555","targetHints":{"allow":["GET"]}}],"collection":[{"href":"https:\/\/wp.ufpel.edu.br\/pianolab\/wp-json\/wp\/v2\/pages"}],"about":[{"href":"https:\/\/wp.ufpel.edu.br\/pianolab\/wp-json\/wp\/v2\/types\/page"}],"author":[{"embeddable":true,"href":"https:\/\/wp.ufpel.edu.br\/pianolab\/wp-json\/wp\/v2\/users\/1093"}],"replies":[{"embeddable":true,"href":"https:\/\/wp.ufpel.edu.br\/pianolab\/wp-json\/wp\/v2\/comments?post=555"}],"version-history":[{"count":5,"href":"https:\/\/wp.ufpel.edu.br\/pianolab\/wp-json\/wp\/v2\/pages\/555\/revisions"}],"predecessor-version":[{"id":695,"href":"https:\/\/wp.ufpel.edu.br\/pianolab\/wp-json\/wp\/v2\/pages\/555\/revisions\/695"}],"wp:attachment":[{"href":"https:\/\/wp.ufpel.edu.br\/pianolab\/wp-json\/wp\/v2\/media?parent=555"}],"curies":[{"name":"wp","href":"https:\/\/api.w.org\/{rel}","templated":true}]}}