{"id":550,"date":"2021-05-24T22:09:17","date_gmt":"2021-05-25T01:09:17","guid":{"rendered":"https:\/\/wp.ufpel.edu.br\/pianolab\/?page_id=550"},"modified":"2021-05-25T12:02:51","modified_gmt":"2021-05-25T15:02:51","slug":"cristine-guse","status":"publish","type":"page","link":"https:\/\/wp.ufpel.edu.br\/pianolab\/cristine-guse\/","title":{"rendered":"Cristine Guse"},"content":{"rendered":"<p style=\"text-align: center\"><strong>Cristine Bello Guse<br \/>\n<\/strong><span style=\"font-size: 10pt\">Universidade Federal de Pelotas<\/span><strong><br \/>\n<\/strong><\/p>\n<p style=\"text-align: center\"><img data-recalc-dims=\"1\" loading=\"lazy\" decoding=\"async\" data-attachment-id=\"551\" data-permalink=\"https:\/\/wp.ufpel.edu.br\/pianolab\/cristine-guse\/cris-021\/\" data-orig-file=\"https:\/\/i0.wp.com\/wp.ufpel.edu.br\/pianolab\/files\/2021\/05\/cris-021-scaled.jpg?fit=2560%2C1707&amp;ssl=1\" data-orig-size=\"2560,1707\" data-comments-opened=\"0\" data-image-meta=\"{&quot;aperture&quot;:&quot;13&quot;,&quot;credit&quot;:&quot;&quot;,&quot;camera&quot;:&quot;Canon EOS 30D&quot;,&quot;caption&quot;:&quot;&quot;,&quot;created_timestamp&quot;:&quot;1245342594&quot;,&quot;copyright&quot;:&quot;&quot;,&quot;focal_length&quot;:&quot;55&quot;,&quot;iso&quot;:&quot;160&quot;,&quot;shutter_speed&quot;:&quot;0.00625&quot;,&quot;title&quot;:&quot;&quot;,&quot;orientation&quot;:&quot;1&quot;}\" data-image-title=\"cris 021\" data-image-description=\"\" data-image-caption=\"\" data-medium-file=\"https:\/\/i0.wp.com\/wp.ufpel.edu.br\/pianolab\/files\/2021\/05\/cris-021-scaled.jpg?fit=400%2C267&amp;ssl=1\" data-large-file=\"https:\/\/i0.wp.com\/wp.ufpel.edu.br\/pianolab\/files\/2021\/05\/cris-021-scaled.jpg?fit=525%2C350&amp;ssl=1\" class=\"alignnone wp-image-551\" src=\"https:\/\/i0.wp.com\/wp.ufpel.edu.br\/pianolab\/files\/2021\/05\/cris-021.jpg?resize=333%2C222&#038;ssl=1\" alt=\"\" width=\"333\" height=\"222\" srcset=\"https:\/\/i0.wp.com\/wp.ufpel.edu.br\/pianolab\/files\/2021\/05\/cris-021-scaled.jpg?resize=400%2C267&amp;ssl=1 400w, https:\/\/i0.wp.com\/wp.ufpel.edu.br\/pianolab\/files\/2021\/05\/cris-021-scaled.jpg?resize=1024%2C683&amp;ssl=1 1024w, https:\/\/i0.wp.com\/wp.ufpel.edu.br\/pianolab\/files\/2021\/05\/cris-021-scaled.jpg?resize=768%2C512&amp;ssl=1 768w, https:\/\/i0.wp.com\/wp.ufpel.edu.br\/pianolab\/files\/2021\/05\/cris-021-scaled.jpg?resize=1536%2C1024&amp;ssl=1 1536w, https:\/\/i0.wp.com\/wp.ufpel.edu.br\/pianolab\/files\/2021\/05\/cris-021-scaled.jpg?resize=2048%2C1365&amp;ssl=1 2048w\" sizes=\"auto, (max-width: 333px) 100vw, 333px\" \/><\/p>\n<h2 style=\"text-align: center\">Conversando sobre a colabora\u00e7\u00e3o pian\u00edstica de estudantes de piano nas aulas de canto<\/h2>\n<div dir=\"ltr\">\n<hr \/>\n<\/div>\n<div dir=\"ltr\" style=\"text-align: center\"><span style=\"font-size: 10pt\"><strong>Sobre a convidada:<\/strong><\/span><\/div>\n<div dir=\"ltr\">\n<div>\n<div><span style=\"font-size: 10pt\">Mezzo-soprano graduada, mestre e doutora em m\u00fasica pela UNESP; autora do livro\u00a0<i>O cantor-ator: um estudo sobre a atua\u00e7\u00e3o c\u00eanica do cantor na \u00f3pera<\/i>. Especializou-se em atua\u00e7\u00e3o c\u00eanica para cantores no\u00a0<i>2012 Wesley Balk Opera\/Music-Theater Institute<\/i>\u00a0em Minneapolis\/EUA e desde ent\u00e3o\u00a0leciona cursos destinados a desenvolver a habilidade de integra\u00e7\u00e3o vocal e c\u00eanica para jovens cantores em forma\u00e7\u00e3o. Em sua trajet\u00f3ria art\u00edstica,\u00a0atuou como solista em montagens oper\u00edsticas, tais como\u00a0<i>The Mikado<\/i>,\u00a0<i>Die Dreigroschenoper,<\/i>\u00a0<i>Rigoletto<\/i>,\u00a0<i>La Traviata<\/i>,\u00a0<i>Dido and Aeneas,<\/i>\u00a0<i>Orfeo ed Euridice<\/i>\u00a0entre outras, bem como em diversos concertos e recitais.\u00a0Tamb\u00e9m fez parte do ensemble da produ\u00e7\u00e3o de M\u00f6eller &amp; Botelho do musical\u00a0<i>A Novi\u00e7a Rebelde<\/i>\u00a0durante a temporada em S\u00e3o Paulo de 2009.\u00a0Como diretora c\u00eanica, dirigiu os espet\u00e1culos\u00a0<i>Basti\u00e3o &amp; Bastiana\u00a0<\/i>e\u00a0<i>L\u2019Elisir d\u2019amore<\/i>\u00a0junto ao N\u00facleo de \u00d3pera do Conservat\u00f3rio de Tatu\u00ed; e a montagem da \u00f3pera \u00a0<i>Dido e En\u00e9ias<\/i>\u00a0junto ao Coro da OSLI e Orquestra Sinf\u00f4nica de Limeira.\u00a0Como docente, foi professora de canto l\u00edrico da UNESP (2014-2018) e do Conservat\u00f3rio Dram\u00e1tico e Musical \u201cDr. Carlos de Campos\u201d de Tatu\u00ed (2009-2018), institui\u00e7\u00e3o esta em que tamb\u00e9m exerceu a fun\u00e7\u00e3o de coordenadora da \u00e1rea de canto l\u00edrico e canto coral (2015-2018). Atualmente, \u00e9 professora adjunta da UFPEL e nesta institui\u00e7\u00e3o lidera o grupo de pesquisa\u00a0<i>Performance Vocal<\/i>.<\/span><\/div>\n<\/div>\n<div dir=\"ltr\">\n<div><\/div>\n<\/div>\n<\/div>\n","protected":false},"excerpt":{"rendered":"<p>Cristine Bello Guse Universidade Federal de Pelotas Conversando sobre a colabora\u00e7\u00e3o pian\u00edstica de estudantes de piano nas aulas de canto Sobre a convidada: Mezzo-soprano graduada, mestre e doutora em m\u00fasica pela UNESP; autora do livro\u00a0O cantor-ator: um estudo sobre a atua\u00e7\u00e3o c\u00eanica do cantor na \u00f3pera. Especializou-se em atua\u00e7\u00e3o c\u00eanica para cantores no\u00a02012 Wesley Balk &hellip; <\/p>\n<p class=\"link-more\"><a href=\"https:\/\/wp.ufpel.edu.br\/pianolab\/cristine-guse\/\" class=\"more-link\">Continue lendo<span class=\"screen-reader-text\"> &#8220;Cristine Guse&#8221;<\/span><\/a><\/p>\n","protected":false},"author":1093,"featured_media":0,"parent":0,"menu_order":0,"comment_status":"closed","ping_status":"closed","template":"","meta":{"footnotes":""},"class_list":["post-550","page","type-page","status-publish","hentry"],"jetpack-related-posts":[],"jetpack_sharing_enabled":true,"_links":{"self":[{"href":"https:\/\/wp.ufpel.edu.br\/pianolab\/wp-json\/wp\/v2\/pages\/550","targetHints":{"allow":["GET"]}}],"collection":[{"href":"https:\/\/wp.ufpel.edu.br\/pianolab\/wp-json\/wp\/v2\/pages"}],"about":[{"href":"https:\/\/wp.ufpel.edu.br\/pianolab\/wp-json\/wp\/v2\/types\/page"}],"author":[{"embeddable":true,"href":"https:\/\/wp.ufpel.edu.br\/pianolab\/wp-json\/wp\/v2\/users\/1093"}],"replies":[{"embeddable":true,"href":"https:\/\/wp.ufpel.edu.br\/pianolab\/wp-json\/wp\/v2\/comments?post=550"}],"version-history":[{"count":3,"href":"https:\/\/wp.ufpel.edu.br\/pianolab\/wp-json\/wp\/v2\/pages\/550\/revisions"}],"predecessor-version":[{"id":604,"href":"https:\/\/wp.ufpel.edu.br\/pianolab\/wp-json\/wp\/v2\/pages\/550\/revisions\/604"}],"wp:attachment":[{"href":"https:\/\/wp.ufpel.edu.br\/pianolab\/wp-json\/wp\/v2\/media?parent=550"}],"curies":[{"name":"wp","href":"https:\/\/api.w.org\/{rel}","templated":true}]}}