{"id":534,"date":"2021-05-24T19:27:27","date_gmt":"2021-05-24T22:27:27","guid":{"rendered":"https:\/\/wp.ufpel.edu.br\/pianolab\/?page_id=534"},"modified":"2021-06-10T00:42:06","modified_gmt":"2021-06-10T03:42:06","slug":"siigp","status":"publish","type":"page","link":"https:\/\/wp.ufpel.edu.br\/pianolab\/siigp\/","title":{"rendered":"Semin\u00e1rio Internacional Interinstitucional sobre Gradua\u00e7\u00e3o e P\u00f3s-Gradua\u00e7\u00e3o"},"content":{"rendered":"<p align=\"center\"><span style=\"color: #999999;font-size: 18pt\"><b>Semin\u00e1rio Internacional Interinstitucional sobre Gradua\u00e7\u00e3o e P\u00f3s-Gradua\u00e7\u00e3o<\/b><\/span><b><\/b><\/p>\n<p align=\"center\"><span style=\"color: #999999;font-size: 14pt\"><strong>Possibilidades para a Colabora\u00e7\u00e3o Pian\u00edstica no Brasil<\/strong><\/span><\/p>\n<p style=\"text-align: justify\" align=\"center\">Professores de diferentes n\u00facleos musicais institucionais se re\u00fanem para fomentar ideias sobre a import\u00e2ncia do piano colaborativo no contexto acad\u00eamico.<\/p>\n<p style=\"text-align: center\" align=\"center\"><strong>Palestrantes:<\/strong><br \/>\n<a href=\"https:\/\/wp.ufpel.edu.br\/pianolab\/carlos-morejano\/\">Carlos Morejano<\/a> (<em><span dir=\"ltr\">C.<\/span>\u00a0<span dir=\"ltr\">Benedetto Marcello<\/span><\/em><span dir=\"ltr\">\u2013<\/span><span dir=\"ltr\">I<\/span><span dir=\"ltr\">t\u00e1lia<\/span>)<br \/>\n<a href=\"https:\/\/wp.ufpel.edu.br\/pianolab\/cristine-guse\/\">Cristine Bello Guse<\/a> (UFPEL)<br \/>\n<a href=\"https:\/\/wp.ufpel.edu.br\/pianolab\/fatima-corvisier\/\">F\u00e1tima Corvisier<\/a> (FFCLRP-USP)<br \/>\n<a href=\"https:\/\/wp.ufpel.edu.br\/pianolab\/fernando-corvisier\/\">Fernando Corvisier<\/a> (FFCLRP-USP)<br \/>\n<a href=\"https:\/\/wp.ufpel.edu.br\/pianolab\/germano-mayer\/\">Germano Mayer<\/a> (UFPEL)<br \/>\n<a href=\"https:\/\/wp.ufpel.edu.br\/pianolab\/guilherme-montenegro\/\">Guilherme Montenegro<\/a> (CEP-EMB)<br \/>\n<a href=\"https:\/\/wp.ufpel.edu.br\/pianolab\/thiago-de-freitas-ferreira-costa\/\">Thiago de Freitas Ferreira Costa<\/a> ( Iarte-UFU)<br \/>\n<a href=\"https:\/\/wp.ufpel.edu.br\/pianolab\/timothy-hester\/\">Timothy Hester<\/a> (UH-EUA)<\/p>\n<hr \/>\n<p style=\"text-align: center\" align=\"center\">Quando: Dias 01 e 02 de junho de 2021<\/p>\n<p align=\"center\"><span style=\"font-size: 14pt\"><a href=\"https:\/\/wp.ufpel.edu.br\/pianolab\/programacao-geral\/\">Programa\u00e7\u00e3o<\/a><\/span><\/p>\n<p align=\"center\"><span style=\"color: #ff0000;font-size: 14pt\"><strong>Inscreva-se<\/strong> <a style=\"color: #ff0000\" href=\"https:\/\/forms.gle\/drW9cgBsahpM2aie8\" target=\"_blank\" rel=\"noopener noreferrer\"><strong>aqu<\/strong>i<\/a>.<\/span><br \/>\n<span style=\"font-size: 10pt\">O Semin\u00e1rio ocorrer\u00e1 atrav\u00e9s do aplicativo Zoom. Os dados para ingresso nas respectivas salas virtuais ser\u00e3o enviados por email aos participantes.<br \/>\n<\/span><\/p>\n<hr \/>\n<p align=\"center\"><strong>Realiza\u00e7\u00e3o:<\/strong><\/p>\n<p align=\"center\"><a href=\"https:\/\/www.ffclrp.usp.br\/musica\/\" target=\"_blank\" rel=\"noopener noreferrer\">Faculdade de Filosofia, Ci\u00eancias e Letras de Ribeir\u00e3o Preto &#8211; USP<\/a><br \/>\n<a href=\"http:\/\/ca.ufpel.edu.br\/\" target=\"_blank\" rel=\"noopener noreferrer\">Centro de Artes &#8211; UFPEL<\/a><\/p>\n<p align=\"center\"><img data-recalc-dims=\"1\" loading=\"lazy\" decoding=\"async\" data-attachment-id=\"628\" data-permalink=\"https:\/\/wp.ufpel.edu.br\/pianolab\/siigp\/unnamed\/\" data-orig-file=\"https:\/\/i0.wp.com\/wp.ufpel.edu.br\/pianolab\/files\/2021\/05\/unnamed.jpg?fit=195%2C259&amp;ssl=1\" data-orig-size=\"195,259\" data-comments-opened=\"0\" data-image-meta=\"{&quot;aperture&quot;:&quot;0&quot;,&quot;credit&quot;:&quot;&quot;,&quot;camera&quot;:&quot;&quot;,&quot;caption&quot;:&quot;&quot;,&quot;created_timestamp&quot;:&quot;0&quot;,&quot;copyright&quot;:&quot;&quot;,&quot;focal_length&quot;:&quot;0&quot;,&quot;iso&quot;:&quot;0&quot;,&quot;shutter_speed&quot;:&quot;0&quot;,&quot;title&quot;:&quot;&quot;,&quot;orientation&quot;:&quot;0&quot;}\" data-image-title=\"unnamed\" data-image-description=\"\" data-image-caption=\"\" data-medium-file=\"https:\/\/i0.wp.com\/wp.ufpel.edu.br\/pianolab\/files\/2021\/05\/unnamed.jpg?fit=195%2C259&amp;ssl=1\" data-large-file=\"https:\/\/i0.wp.com\/wp.ufpel.edu.br\/pianolab\/files\/2021\/05\/unnamed.jpg?fit=195%2C259&amp;ssl=1\" class=\"wp-image-628 alignleft\" src=\"https:\/\/i0.wp.com\/wp.ufpel.edu.br\/pianolab\/files\/2021\/05\/unnamed.jpg?resize=85%2C113&#038;ssl=1\" alt=\"\" width=\"85\" height=\"113\" \/><\/p>\n<p>&nbsp;<\/p>\n<p align=\"center\"><img data-recalc-dims=\"1\" loading=\"lazy\" decoding=\"async\" data-attachment-id=\"659\" data-permalink=\"https:\/\/wp.ufpel.edu.br\/pianolab\/siigp\/logo_ca\/\" data-orig-file=\"https:\/\/i0.wp.com\/wp.ufpel.edu.br\/pianolab\/files\/2021\/05\/logo_CA.gif?fit=273%2C51&amp;ssl=1\" data-orig-size=\"273,51\" data-comments-opened=\"0\" data-image-meta=\"{&quot;aperture&quot;:&quot;0&quot;,&quot;credit&quot;:&quot;&quot;,&quot;camera&quot;:&quot;&quot;,&quot;caption&quot;:&quot;&quot;,&quot;created_timestamp&quot;:&quot;0&quot;,&quot;copyright&quot;:&quot;&quot;,&quot;focal_length&quot;:&quot;0&quot;,&quot;iso&quot;:&quot;0&quot;,&quot;shutter_speed&quot;:&quot;0&quot;,&quot;title&quot;:&quot;&quot;,&quot;orientation&quot;:&quot;0&quot;}\" data-image-title=\"logo_CA\" data-image-description=\"\" data-image-caption=\"\" data-medium-file=\"https:\/\/i0.wp.com\/wp.ufpel.edu.br\/pianolab\/files\/2021\/05\/logo_CA.gif?fit=273%2C51&amp;ssl=1\" data-large-file=\"https:\/\/i0.wp.com\/wp.ufpel.edu.br\/pianolab\/files\/2021\/05\/logo_CA.gif?fit=273%2C51&amp;ssl=1\" class=\" wp-image-659 alignright\" src=\"https:\/\/i0.wp.com\/wp.ufpel.edu.br\/pianolab\/files\/2021\/05\/logo_CA.gif?resize=203%2C38&#038;ssl=1\" alt=\"\" width=\"203\" height=\"38\" \/><img data-recalc-dims=\"1\" loading=\"lazy\" decoding=\"async\" data-attachment-id=\"547\" data-permalink=\"https:\/\/wp.ufpel.edu.br\/pianolab\/siigp\/trumpeter-de-willem-haenraets\/\" data-orig-file=\"https:\/\/i0.wp.com\/wp.ufpel.edu.br\/pianolab\/files\/2021\/05\/Trumpeter-de-Willem-Haenraets.gif?fit=1%2C1&amp;ssl=1\" data-orig-size=\"1,1\" data-comments-opened=\"0\" data-image-meta=\"{&quot;aperture&quot;:&quot;0&quot;,&quot;credit&quot;:&quot;&quot;,&quot;camera&quot;:&quot;&quot;,&quot;caption&quot;:&quot;&quot;,&quot;created_timestamp&quot;:&quot;0&quot;,&quot;copyright&quot;:&quot;&quot;,&quot;focal_length&quot;:&quot;0&quot;,&quot;iso&quot;:&quot;0&quot;,&quot;shutter_speed&quot;:&quot;0&quot;,&quot;title&quot;:&quot;&quot;,&quot;orientation&quot;:&quot;0&quot;}\" data-image-title=\"&amp;#8220;Trumpeter&amp;#8221; de Willem Haenraets\" data-image-description=\"\" data-image-caption=\"\" data-medium-file=\"https:\/\/i0.wp.com\/wp.ufpel.edu.br\/pianolab\/files\/2021\/05\/Trumpeter-de-Willem-Haenraets.gif?fit=1%2C1&amp;ssl=1\" data-large-file=\"https:\/\/i0.wp.com\/wp.ufpel.edu.br\/pianolab\/files\/2021\/05\/Trumpeter-de-Willem-Haenraets.gif?fit=1%2C1&amp;ssl=1\" class=\"alignnone size-full wp-image-547\" src=\"https:\/\/i0.wp.com\/wp.ufpel.edu.br\/pianolab\/files\/2021\/05\/Trumpeter-de-Willem-Haenraets.gif?resize=1%2C1&#038;ssl=1\" alt=\"\" width=\"1\" height=\"1\" \/><\/p>\n<p>&nbsp;<\/p>\n<p>&nbsp;<\/p>\n<hr \/>\n<p>&nbsp;<\/p>\n","protected":false},"excerpt":{"rendered":"<p>Semin\u00e1rio Internacional Interinstitucional sobre Gradua\u00e7\u00e3o e P\u00f3s-Gradua\u00e7\u00e3o Possibilidades para a Colabora\u00e7\u00e3o Pian\u00edstica no Brasil Professores de diferentes n\u00facleos musicais institucionais se re\u00fanem para fomentar ideias sobre a import\u00e2ncia do piano colaborativo no contexto acad\u00eamico. Palestrantes: Carlos Morejano (C.\u00a0Benedetto Marcello\u2013It\u00e1lia) Cristine Bello Guse (UFPEL) F\u00e1tima Corvisier (FFCLRP-USP) Fernando Corvisier (FFCLRP-USP) Germano Mayer (UFPEL) Guilherme Montenegro (CEP-EMB) &hellip; <\/p>\n<p class=\"link-more\"><a href=\"https:\/\/wp.ufpel.edu.br\/pianolab\/siigp\/\" class=\"more-link\">Continue lendo<span class=\"screen-reader-text\"> &#8220;Semin\u00e1rio Internacional Interinstitucional sobre Gradua\u00e7\u00e3o e P\u00f3s-Gradua\u00e7\u00e3o&#8221;<\/span><\/a><\/p>\n","protected":false},"author":1093,"featured_media":0,"parent":0,"menu_order":0,"comment_status":"closed","ping_status":"closed","template":"","meta":{"footnotes":""},"class_list":["post-534","page","type-page","status-publish","hentry"],"jetpack-related-posts":[],"jetpack_sharing_enabled":true,"_links":{"self":[{"href":"https:\/\/wp.ufpel.edu.br\/pianolab\/wp-json\/wp\/v2\/pages\/534","targetHints":{"allow":["GET"]}}],"collection":[{"href":"https:\/\/wp.ufpel.edu.br\/pianolab\/wp-json\/wp\/v2\/pages"}],"about":[{"href":"https:\/\/wp.ufpel.edu.br\/pianolab\/wp-json\/wp\/v2\/types\/page"}],"author":[{"embeddable":true,"href":"https:\/\/wp.ufpel.edu.br\/pianolab\/wp-json\/wp\/v2\/users\/1093"}],"replies":[{"embeddable":true,"href":"https:\/\/wp.ufpel.edu.br\/pianolab\/wp-json\/wp\/v2\/comments?post=534"}],"version-history":[{"count":44,"href":"https:\/\/wp.ufpel.edu.br\/pianolab\/wp-json\/wp\/v2\/pages\/534\/revisions"}],"predecessor-version":[{"id":725,"href":"https:\/\/wp.ufpel.edu.br\/pianolab\/wp-json\/wp\/v2\/pages\/534\/revisions\/725"}],"wp:attachment":[{"href":"https:\/\/wp.ufpel.edu.br\/pianolab\/wp-json\/wp\/v2\/media?parent=534"}],"curies":[{"name":"wp","href":"https:\/\/api.w.org\/{rel}","templated":true}]}}