{"id":43,"date":"2020-10-24T13:55:11","date_gmt":"2020-10-24T16:55:11","guid":{"rendered":"https:\/\/wp.ufpel.edu.br\/pianolab\/?page_id=43"},"modified":"2023-06-15T19:30:52","modified_gmt":"2023-06-15T22:30:52","slug":"ingresso-de-alunos","status":"publish","type":"page","link":"https:\/\/wp.ufpel.edu.br\/pianolab\/ingresso-de-alunos\/","title":{"rendered":"Ingresso de Calouros"},"content":{"rendered":"<p style=\"text-align: center;\"><strong>Formas de Ingresso na UFPEL<\/strong><\/p>\n<p>Interessados podem ingressar no curso de Bacharelado em Piano da UFPEL atrav\u00e9s das seguintes vias:<\/p>\n<ul>\n<li><a href=\"https:\/\/acessounico.mec.gov.br\/sisu\" target=\"_blank\" rel=\"noopener\"><strong> SiSU<\/strong><\/a> &#8211; Sistema de Sele\u00e7\u00e3o Unificado<\/li>\n<li><a href=\"https:\/\/wp.ufpel.edu.br\/pave\/\" target=\"_blank\" rel=\"noopener noreferrer\"><strong> PAVE<\/strong><\/a> &#8211; Programa de Avalia\u00e7\u00e3o da Vida Escolar<\/li>\n<\/ul>\n<p>Ou ainda atrav\u00e9s de:<\/p>\n<ul>\n<li><em>Exchange Program for Undergraduate Students<\/em> (<span style=\"font-size: 12pt;\">Programa de Estudantes \u2013 Conv\u00eanio de Gradua\u00e7\u00e3o &#8211;\u00a0<a href=\"https:\/\/www.gov.br\/mre\/pt-br\/assuntos\/cultura-e-educacao\/temas-educacionais\/programas-de-estudo-para-estrangeiros\/pec-g\/processo-seletivo#pecg2024\" target=\"_blank\" rel=\"noopener\">PEC-G<\/a>). *Para estrangeiros. Informa\u00e7\u00f5es da Coordena\u00e7\u00e3o de Registros Acad\u00eamicos (CRA) <a href=\"https:\/\/wp.ufpel.edu.br\/cra\/formas-de-ingresso\/pec-g\/\" target=\"_blank\" rel=\"noopener\">aqui<\/a>.<\/span><\/li>\n<li><a href=\"https:\/\/wp.ufpel.edu.br\/cra\/formas-de-ingresso\/portador-de-diploma\/\" target=\"_blank\" rel=\"noopener\">Portador de Diploma de Curso Superior;<\/a><\/li>\n<li><a href=\"https:\/\/wp.ufpel.edu.br\/cra\/editais-processo-seletivo-especial\/\" target=\"_blank\" rel=\"noopener\">Processo Seletivo Especial \u2013 Quilombolas e Ind\u00edgenas<\/a><\/li>\n<li><a href=\"https:\/\/wp.ufpel.edu.br\/cra\/formas-de-ingresso\/reingresso\/\" target=\"_blank\" rel=\"noopener\">Reingresso no Curso<\/a>;<\/li>\n<li><a href=\"https:\/\/wp.ufpel.edu.br\/cra\/formas-de-ingresso\/reopcao\/\" target=\"_blank\" rel=\"noopener\">Reop\u00e7\u00e3o de Curso<\/a>;<\/li>\n<li><a href=\"https:\/\/wp.ufpel.edu.br\/cra\/formas-de-ingresso\/retomada-de-estudos\/\" target=\"_blank\" rel=\"noopener\">Retomada de Estudos<\/a>;<\/li>\n<li>Transfer\u00eancia Compuls\u00f3ria;<\/li>\n<li><a href=\"https:\/\/wp.ufpel.edu.br\/cra\/formas-de-ingresso\/transferencia-voluntaria\/\" target=\"_blank\" rel=\"noopener\">Transfer\u00eancia Volunt\u00e1ria<\/a>;\u00a0<span style=\"font-size: 12pt;\"><br \/>\n<\/span><\/li>\n<\/ul>\n<hr \/>\n<p style=\"text-align: center;\"><strong>Sobre o Teste de Habilita\u00e7\u00e3o Espec\u00edfica (T.H.E.)<\/strong><\/p>\n<p style=\"text-align: justify;\">At\u00e9 o presente momento a UFPEL<strong> n\u00e3o aplica<\/strong> testes de habilidade espec\u00edfica em m\u00fasica.<\/p>\n<p style=\"text-align: right;\"><span style=\"font-size: 8pt;\">Atualizado em 15\/08\/2023<\/span><\/p>\n","protected":false},"excerpt":{"rendered":"<p>Formas de Ingresso na UFPEL Interessados podem ingressar no curso de Bacharelado em Piano da UFPEL atrav\u00e9s das seguintes vias: SiSU &#8211; Sistema de Sele\u00e7\u00e3o Unificado PAVE &#8211; Programa de Avalia\u00e7\u00e3o da Vida Escolar Ou ainda atrav\u00e9s de: Exchange Program for Undergraduate Students (Programa de Estudantes \u2013 Conv\u00eanio de Gradua\u00e7\u00e3o &#8211;\u00a0PEC-G). *Para estrangeiros. Informa\u00e7\u00f5es da &hellip; <\/p>\n<p class=\"link-more\"><a href=\"https:\/\/wp.ufpel.edu.br\/pianolab\/ingresso-de-alunos\/\" class=\"more-link\">Continue lendo<span class=\"screen-reader-text\"> &#8220;Ingresso de Calouros&#8221;<\/span><\/a><\/p>\n","protected":false},"author":1093,"featured_media":0,"parent":0,"menu_order":0,"comment_status":"closed","ping_status":"closed","template":"","meta":{"footnotes":""},"class_list":["post-43","page","type-page","status-publish","hentry"],"jetpack-related-posts":[],"jetpack_sharing_enabled":true,"_links":{"self":[{"href":"https:\/\/wp.ufpel.edu.br\/pianolab\/wp-json\/wp\/v2\/pages\/43","targetHints":{"allow":["GET"]}}],"collection":[{"href":"https:\/\/wp.ufpel.edu.br\/pianolab\/wp-json\/wp\/v2\/pages"}],"about":[{"href":"https:\/\/wp.ufpel.edu.br\/pianolab\/wp-json\/wp\/v2\/types\/page"}],"author":[{"embeddable":true,"href":"https:\/\/wp.ufpel.edu.br\/pianolab\/wp-json\/wp\/v2\/users\/1093"}],"replies":[{"embeddable":true,"href":"https:\/\/wp.ufpel.edu.br\/pianolab\/wp-json\/wp\/v2\/comments?post=43"}],"version-history":[{"count":46,"href":"https:\/\/wp.ufpel.edu.br\/pianolab\/wp-json\/wp\/v2\/pages\/43\/revisions"}],"predecessor-version":[{"id":1559,"href":"https:\/\/wp.ufpel.edu.br\/pianolab\/wp-json\/wp\/v2\/pages\/43\/revisions\/1559"}],"wp:attachment":[{"href":"https:\/\/wp.ufpel.edu.br\/pianolab\/wp-json\/wp\/v2\/media?parent=43"}],"curies":[{"name":"wp","href":"https:\/\/api.w.org\/{rel}","templated":true}]}}