{"id":37,"date":"2020-10-24T13:51:56","date_gmt":"2020-10-24T16:51:56","guid":{"rendered":"https:\/\/wp.ufpel.edu.br\/pianolab\/?page_id=37"},"modified":"2022-10-18T10:29:07","modified_gmt":"2022-10-18T13:29:07","slug":"bacharelado-em-piano","status":"publish","type":"page","link":"https:\/\/wp.ufpel.edu.br\/pianolab\/bacharelado-em-piano\/","title":{"rendered":"Bacharelado em Piano"},"content":{"rendered":"<p>&nbsp;<\/p>\n<p>Para acessar Informa\u00e7\u00f5es sobre o Curso &#8220;M\u00fasica &#8211; Piano&#8221; (nome oficial do Bacharelado em Piano da UFPEL), clique <strong><a href=\"https:\/\/institucional.ufpel.edu.br\/cursos\/cod\/3740\" target=\"_blank\" rel=\"noopener\">aqui\u00a0<\/a><\/strong>e voc\u00ea encontrar\u00e1:<\/p>\n<p>&#8211; Contextualiza\u00e7\u00e3o<br \/>\n&#8211; Objetivos<br \/>\n&#8211; Perfil do Egresso<br \/>\n&#8211; Compet\u00eancias e Habilidades<br \/>\n&#8211; Organiza\u00e7\u00e3o Curricular<br \/>\n&#8211; Procedimentos e Metodologias de Ensino<br \/>\n&#8211; Avalia\u00e7\u00e3o do Ensino e da Aprendizagem<br \/>\n&#8211; Integra\u00e7\u00e3o com a Pesquisa e com a P\u00f3s-Gradua\u00e7\u00e3o<br \/>\n&#8211; Acompanhamento de Egressos<\/p>\n<p>Al\u00e9m dessas informa\u00e7\u00f5es, tamb\u00e9m est\u00e3o dispon\u00edveis as abas<br \/>\n&#8211; <em>Matriz Curricular<\/em><br \/>\n&#8211; <em>Professores<\/em><br \/>\n&#8211; <em>Turmas Ofertadas<\/em><br \/>\n&#8211; <em>A<\/em><em>lunos<\/em><br \/>\n&#8211; <em>E<\/em><em>gressos<\/em><\/p>\n<p style=\"text-align: center;\">&#8212;\/\/&#8212;<\/p>\n<p>O Curso de Bacharelado em Piano da UFPEL \u00e9 composto de 8 semestres acad\u00eamicos. Sua <strong>dimens\u00e3o formativa<\/strong> inclui:<\/p>\n<ul>\n<li>Forma\u00e7\u00e3o Espec\u00edfica (disciplinas obrigat\u00f3rias e optativas);<\/li>\n<li>Forma\u00e7\u00e3o Complementar (atividades complementares);<\/li>\n<li>Forma\u00e7\u00e3o em Extens\u00e3o.<\/li>\n<\/ul>\n<p><strong>Componentes curriculares<\/strong> que caracterizam as dimens\u00f5es formativas:<\/p>\n<ul>\n<li>Disciplinas obrigat\u00f3rias e optativas;<\/li>\n<li>TCC &#8211; Trabalho de Conclus\u00e3o de Curso;<\/li>\n<li>Recitais: Realiza\u00e7\u00e3o de dois recitais de piano solo: no 4\u00ba semestre (meio de curso) e no 8\u00ba semestre (final de curso).<\/li>\n<\/ul>\n<hr \/>\n<p><strong><a href=\"https:\/\/wp.ufpel.edu.br\/pianolab\/files\/2021\/05\/PPC-Piano-2018.pdf\"><span style=\"font-size: 10pt;\">PPC &#8211; Projeto Pedag\u00f3gico do Curso &#8211; Piano (2018)<\/span><\/a><\/strong><br \/>\nObs.: Atualmente o documento est\u00e1 em processo de reformula\u00e7\u00e3o. A nova vers\u00e3o ser\u00e1 homologada com previs\u00e3o para 2023.<\/p>\n","protected":false},"excerpt":{"rendered":"<p>&nbsp; Para acessar Informa\u00e7\u00f5es sobre o Curso &#8220;M\u00fasica &#8211; Piano&#8221; (nome oficial do Bacharelado em Piano da UFPEL), clique aqui\u00a0e voc\u00ea encontrar\u00e1: &#8211; Contextualiza\u00e7\u00e3o &#8211; Objetivos &#8211; Perfil do Egresso &#8211; Compet\u00eancias e Habilidades &#8211; Organiza\u00e7\u00e3o Curricular &#8211; Procedimentos e Metodologias de Ensino &#8211; Avalia\u00e7\u00e3o do Ensino e da Aprendizagem &#8211; Integra\u00e7\u00e3o com a Pesquisa &hellip; <\/p>\n<p class=\"link-more\"><a href=\"https:\/\/wp.ufpel.edu.br\/pianolab\/bacharelado-em-piano\/\" class=\"more-link\">Continue lendo<span class=\"screen-reader-text\"> &#8220;Bacharelado em Piano&#8221;<\/span><\/a><\/p>\n","protected":false},"author":1093,"featured_media":0,"parent":0,"menu_order":0,"comment_status":"closed","ping_status":"closed","template":"","meta":{"footnotes":""},"class_list":["post-37","page","type-page","status-publish","hentry"],"jetpack-related-posts":[],"jetpack_sharing_enabled":true,"_links":{"self":[{"href":"https:\/\/wp.ufpel.edu.br\/pianolab\/wp-json\/wp\/v2\/pages\/37","targetHints":{"allow":["GET"]}}],"collection":[{"href":"https:\/\/wp.ufpel.edu.br\/pianolab\/wp-json\/wp\/v2\/pages"}],"about":[{"href":"https:\/\/wp.ufpel.edu.br\/pianolab\/wp-json\/wp\/v2\/types\/page"}],"author":[{"embeddable":true,"href":"https:\/\/wp.ufpel.edu.br\/pianolab\/wp-json\/wp\/v2\/users\/1093"}],"replies":[{"embeddable":true,"href":"https:\/\/wp.ufpel.edu.br\/pianolab\/wp-json\/wp\/v2\/comments?post=37"}],"version-history":[{"count":9,"href":"https:\/\/wp.ufpel.edu.br\/pianolab\/wp-json\/wp\/v2\/pages\/37\/revisions"}],"predecessor-version":[{"id":1328,"href":"https:\/\/wp.ufpel.edu.br\/pianolab\/wp-json\/wp\/v2\/pages\/37\/revisions\/1328"}],"wp:attachment":[{"href":"https:\/\/wp.ufpel.edu.br\/pianolab\/wp-json\/wp\/v2\/media?parent=37"}],"curies":[{"name":"wp","href":"https:\/\/api.w.org\/{rel}","templated":true}]}}