{"id":18,"date":"2020-10-23T20:44:16","date_gmt":"2020-10-23T23:44:16","guid":{"rendered":"https:\/\/wp.ufpel.edu.br\/pianolab\/?page_id=18"},"modified":"2023-06-15T19:22:16","modified_gmt":"2023-06-15T22:22:16","slug":"projetos","status":"publish","type":"page","link":"https:\/\/wp.ufpel.edu.br\/pianolab\/projetos\/","title":{"rendered":"Apresenta\u00e7\u00e3o"},"content":{"rendered":"<p><span style=\"font-size: 10pt;\">As \u00e1reas compreendendo instrumentos de teclado na UFPEL promovem cursos, eventos art\u00edsticos e pesquisa acad\u00eamico-cient\u00edfica:<\/span><\/p>\n<ul>\n<li><span style=\"font-size: 10pt;\"><a href=\"https:\/\/wp.ufpel.edu.br\/pianolab\/correpeticao-em-pratica\/\">Colabora\u00e7\u00e3o Pian\u00edstica em Pr\u00e1tica\u00a0 <\/a>&#8211; Est\u00edmulo \u00e0 colabora\u00e7\u00e3o instrumental e vocal entre estudantes<br \/>\n<\/span><\/li>\n<li><span style=\"font-size: 10pt;\"><a href=\"https:\/\/wp.ufpel.edu.br\/pianolab\/projetos\/interpretes-em-foco\/\">Int\u00e9rpretes em Foco<\/a> &#8211; Atividades com m\u00fasicos convidados<br \/>\n<\/span><\/li>\n<li><span style=\"font-size: 10pt;\"><a href=\"https:\/\/wp.ufpel.edu.br\/piano\/\" target=\"_blank\" rel=\"noopener noreferrer\">Oficina de M\u00fasica &#8211; Piano<\/a> \u2013 Originado no curso de Licenciatura em M\u00fasica, ocorre majoritariamente no Centro de Artes (4\u00ba andar do Bloco II)<\/span><\/li>\n<li><span style=\"font-size: 10pt;\"><a href=\"https:\/\/wp.ufpel.edu.br\/conservatoriodemusica\/atividades\/oficina-de-piano\/\" target=\"_blank\" rel=\"noopener noreferrer\">Oficina de Piano, Teclado e Acordeom<\/a> \u2013 Centralizado nas depend\u00eancias do Conservat\u00f3rio de M\u00fasica.<\/span><\/li>\n<\/ul>\n<p style=\"text-align: right;\"><span style=\"font-size: 8pt;\">Atualizado em 15\/06\/2023<\/span><\/p>\n","protected":false},"excerpt":{"rendered":"<p>As \u00e1reas compreendendo instrumentos de teclado na UFPEL promovem cursos, eventos art\u00edsticos e pesquisa acad\u00eamico-cient\u00edfica: Colabora\u00e7\u00e3o Pian\u00edstica em Pr\u00e1tica\u00a0 &#8211; Est\u00edmulo \u00e0 colabora\u00e7\u00e3o instrumental e vocal entre estudantes Int\u00e9rpretes em Foco &#8211; Atividades com m\u00fasicos convidados Oficina de M\u00fasica &#8211; Piano \u2013 Originado no curso de Licenciatura em M\u00fasica, ocorre majoritariamente no Centro de Artes &hellip; <\/p>\n<p class=\"link-more\"><a href=\"https:\/\/wp.ufpel.edu.br\/pianolab\/projetos\/\" class=\"more-link\">Continue lendo<span class=\"screen-reader-text\"> &#8220;Apresenta\u00e7\u00e3o&#8221;<\/span><\/a><\/p>\n","protected":false},"author":1093,"featured_media":0,"parent":0,"menu_order":3,"comment_status":"closed","ping_status":"closed","template":"","meta":{"footnotes":""},"class_list":["post-18","page","type-page","status-publish","hentry"],"jetpack-related-posts":[],"jetpack_sharing_enabled":true,"_links":{"self":[{"href":"https:\/\/wp.ufpel.edu.br\/pianolab\/wp-json\/wp\/v2\/pages\/18","targetHints":{"allow":["GET"]}}],"collection":[{"href":"https:\/\/wp.ufpel.edu.br\/pianolab\/wp-json\/wp\/v2\/pages"}],"about":[{"href":"https:\/\/wp.ufpel.edu.br\/pianolab\/wp-json\/wp\/v2\/types\/page"}],"author":[{"embeddable":true,"href":"https:\/\/wp.ufpel.edu.br\/pianolab\/wp-json\/wp\/v2\/users\/1093"}],"replies":[{"embeddable":true,"href":"https:\/\/wp.ufpel.edu.br\/pianolab\/wp-json\/wp\/v2\/comments?post=18"}],"version-history":[{"count":14,"href":"https:\/\/wp.ufpel.edu.br\/pianolab\/wp-json\/wp\/v2\/pages\/18\/revisions"}],"predecessor-version":[{"id":1557,"href":"https:\/\/wp.ufpel.edu.br\/pianolab\/wp-json\/wp\/v2\/pages\/18\/revisions\/1557"}],"wp:attachment":[{"href":"https:\/\/wp.ufpel.edu.br\/pianolab\/wp-json\/wp\/v2\/media?parent=18"}],"curies":[{"name":"wp","href":"https:\/\/api.w.org\/{rel}","templated":true}]}}