{"id":177,"date":"2020-11-01T22:53:57","date_gmt":"2020-11-02T01:53:57","guid":{"rendered":"https:\/\/wp.ufpel.edu.br\/pianolab\/?page_id=177"},"modified":"2023-01-02T23:01:59","modified_gmt":"2023-01-03T02:01:59","slug":"acervo-de-tccs","status":"publish","type":"page","link":"https:\/\/wp.ufpel.edu.br\/pianolab\/acervo-de-tccs\/","title":{"rendered":"Reposit\u00f3rio de TCCs"},"content":{"rendered":"<p style=\"text-align: center;\"><strong>Trabalhos de Conclus\u00e3o de Curso<\/strong><\/p>\n<p>2019:<br \/>\n<a href=\"https:\/\/wp.ufpel.edu.br\/pianolab\/acervo-de-tccs\/oliveira-felipe-henrique-tcc\/\" rel=\"attachment wp-att-1423\">OLIVEIRA, Felipe Henrique Aparecido &#8211; TCC<\/a><br \/>\n&#8220;Guias de execu\u00e7\u00e3o para memoriza\u00e7\u00e3o e estudo do <em>Rondo Capriccioso,<\/em>\u00a0Op. 14 de Felix Mendelssohn&#8221;<\/p>\n<p><a href=\"https:\/\/wp.ufpel.edu.br\/pianolab\/acervo-de-tccs\/tcc-guilherme-f-pelliccioli-submetido-a-biblioteca-da-ufpel-versao-final\/\" rel=\"attachment wp-att-181\">PELLICCIOLI, Guilherme Fronchetti \u2013 TCC<\/a><br \/>\n<span style=\"font-size: 1rem;\">&#8220;Habilidades do pianista colaborador:\u00a0<\/span><span style=\"font-size: 1rem;\">uma abordagem envolvendo <em>Die Liebe hat gelogen<\/em> (1822) de F. Schubert e <em>Mondnacht<\/em> (1840) de R. Schumann&#8221;<\/span><\/p>\n<p>2022:<br \/>\n<a href=\"https:\/\/wp.ufpel.edu.br\/pianolab\/acervo-de-tccs\/dewulf-tais-iracema-mendonca-2022-a-saude-do-musico-no-curso-de-bacharelado-em-piano-da-universidade-federal-de-pelotas-tcc\/\" rel=\"attachment wp-att-1409\">DEWULF, Ta\u00eds Iracema Mendon\u00e7a &#8211; TCC<\/a><br \/>\n&#8220;A Sa\u00fade do M\u00fasico no Curso de Bacharelado em Piano da Universidade Federal de Pelotas: levantamento e discuss\u00f5es&#8221;<\/p>\n","protected":false},"excerpt":{"rendered":"<p>Trabalhos de Conclus\u00e3o de Curso 2019: OLIVEIRA, Felipe Henrique Aparecido &#8211; TCC &#8220;Guias de execu\u00e7\u00e3o para memoriza\u00e7\u00e3o e estudo do Rondo Capriccioso,\u00a0Op. 14 de Felix Mendelssohn&#8221; PELLICCIOLI, Guilherme Fronchetti \u2013 TCC &#8220;Habilidades do pianista colaborador:\u00a0uma abordagem envolvendo Die Liebe hat gelogen (1822) de F. Schubert e Mondnacht (1840) de R. Schumann&#8221; 2022: DEWULF, Ta\u00eds Iracema &hellip; <\/p>\n<p class=\"link-more\"><a href=\"https:\/\/wp.ufpel.edu.br\/pianolab\/acervo-de-tccs\/\" class=\"more-link\">Continue lendo<span class=\"screen-reader-text\"> &#8220;Reposit\u00f3rio de TCCs&#8221;<\/span><\/a><\/p>\n","protected":false},"author":1093,"featured_media":0,"parent":0,"menu_order":0,"comment_status":"closed","ping_status":"closed","template":"","meta":{"footnotes":""},"class_list":["post-177","page","type-page","status-publish","hentry"],"jetpack-related-posts":[],"jetpack_sharing_enabled":true,"_links":{"self":[{"href":"https:\/\/wp.ufpel.edu.br\/pianolab\/wp-json\/wp\/v2\/pages\/177","targetHints":{"allow":["GET"]}}],"collection":[{"href":"https:\/\/wp.ufpel.edu.br\/pianolab\/wp-json\/wp\/v2\/pages"}],"about":[{"href":"https:\/\/wp.ufpel.edu.br\/pianolab\/wp-json\/wp\/v2\/types\/page"}],"author":[{"embeddable":true,"href":"https:\/\/wp.ufpel.edu.br\/pianolab\/wp-json\/wp\/v2\/users\/1093"}],"replies":[{"embeddable":true,"href":"https:\/\/wp.ufpel.edu.br\/pianolab\/wp-json\/wp\/v2\/comments?post=177"}],"version-history":[{"count":22,"href":"https:\/\/wp.ufpel.edu.br\/pianolab\/wp-json\/wp\/v2\/pages\/177\/revisions"}],"predecessor-version":[{"id":1426,"href":"https:\/\/wp.ufpel.edu.br\/pianolab\/wp-json\/wp\/v2\/pages\/177\/revisions\/1426"}],"wp:attachment":[{"href":"https:\/\/wp.ufpel.edu.br\/pianolab\/wp-json\/wp\/v2\/media?parent=177"}],"curies":[{"name":"wp","href":"https:\/\/api.w.org\/{rel}","templated":true}]}}