{"id":14,"date":"2020-10-23T20:38:19","date_gmt":"2020-10-23T23:38:19","guid":{"rendered":"https:\/\/wp.ufpel.edu.br\/pianolab\/?page_id=14"},"modified":"2023-06-13T17:00:42","modified_gmt":"2023-06-13T20:00:42","slug":"estrutura-fisica","status":"publish","type":"page","link":"https:\/\/wp.ufpel.edu.br\/pianolab\/sobre-nos\/estrutura-fisica\/","title":{"rendered":"Infraestrutura"},"content":{"rendered":"<h2 style=\"text-align: center;\"><strong>Espa\u00e7o F\u00edsico do Centro de Artes (C.A.)<\/strong><\/h2>\n<p style=\"text-align: center;\"><a href=\"https:\/\/wp.ufpel.edu.br\/mapacearte\/\" target=\"_blank\" rel=\"noopener\">Mapa de Salas<\/a><\/p>\n<p style=\"text-align: center;\"><a href=\"http:\/\/wp.ufpel.edu.br\/pianolab\/pianos\" target=\"_blank\" rel=\"noopener\">Invent\u00e1rio Iconogr\u00e1fico dos Instrumentos de Teclado do C.A.<\/a><\/p>\n<p style=\"text-align: center;\"><strong>Bloco 1 &#8211; <\/strong><span style=\"font-size: 8pt;\"><span style=\"font-size: 12pt;\">(Administra\u00e7\u00e3o)<\/span><br \/>\n<span style=\"font-size: 10pt;\">R. Alberto Rosa, 62 \u2013 Centro \u2013 Pelotas \u2013 RS \u2013 96010-770<\/span><\/span><\/p>\n<p>Audit\u00f3rio n\u00ba 1 &#8211; &#8220;Profa. Myriam de Sousa Anselmo&#8221;<br \/>\nPiso t\u00e9rreo &#8211; 60 assentos [<a href=\"https:\/\/youtu.be\/WyrbcBmLSIo\" target=\"_blank\" rel=\"noopener\"><span style=\"color: #ff0000;\">Ver videoclipe<\/span><\/a>]<\/p>\n<p>Sala 101 \u2013 Secretaria do Centro de Artes<\/p>\n<p>Sala 201 &#8211; Sala dos Coordenadores do Centro de Artes. Cont\u00e9m ambiente anexo com espa\u00e7o para atendimento privado de alunos.<\/p>\n<p>Sala 204 &#8211; Gabinete de Professores<\/p>\n<p>Sala 301 &#8211; Central de Colegiados<\/p>\n<p>Sala 303 \u2013 <a href=\"https:\/\/wp.ufpel.edu.br\/discoteca\/\" target=\"_blank\" rel=\"noopener\">Discoteca L. C. Vilholes<\/a> &amp; Laborat\u00f3rio de Etnomusicologia (<em>LabEt<\/em>).<\/p>\n<p>Sala 312 &#8211; Sala dos Professores.<\/p>\n<p style=\"text-align: center;\"><strong>Bloco 2 <\/strong><span style=\"font-size: 8pt;\"><span style=\"font-size: 12pt;\">(Novo)<br \/>\n<\/span><span style=\"font-size: 10pt;\">R. Alvaro Chaves n\u00ba 65 \u2013 Centro \u2013 Pelotas \u2013 RS \u2013 96010-610<\/span><\/span><\/p>\n<p>Audit\u00f3rio n\u00ba 2<br \/>\nPiso t\u00e9rreo &#8211; 175 assentos<\/p>\n<p>Sala 403 \u2013 Sala de aula para disciplinas te\u00f3rico\/pr\u00e1ticas;<\/p>\n<p>Salas 501 a 511 \u2013 Salas de aula, incluindo os laborat\u00f3rios de composi\u00e7\u00e3o (<a href=\"https:\/\/wp.ufpel.edu.br\/labcomp\/\" target=\"_blank\" rel=\"noopener\"><em>LabComp<\/em><\/a> &#8211; sala 502) e de pr\u00e1ticas pian\u00edsticas (<em>PianoLab <\/em>&#8211; salas 506 e 510).<\/p>\n<hr \/>\n<p style=\"text-align: center;\"><strong>Audit\u00f3rio 2<\/strong><\/p>\n<p style=\"text-align: justify;\">Localizado no pavimento t\u00e9rreo do Pr\u00e9dio 2 do Centro de Artes, \u00e9 um espa\u00e7o para eventos musicais, art\u00edsticos e cient\u00edficos. Inalgurado em 2014, cont\u00e9m plat\u00e9ia com 175 assentos, e um piano Yamaha.<\/p>\n<figure id=\"attachment_123\" aria-describedby=\"caption-attachment-123\" style=\"width: 300px\" class=\"wp-caption aligncenter\"><img data-recalc-dims=\"1\" loading=\"lazy\" decoding=\"async\" data-attachment-id=\"123\" data-permalink=\"https:\/\/wp.ufpel.edu.br\/pianolab\/sobre-nos\/estrutura-fisica\/ca-auditorio-2\/\" data-orig-file=\"https:\/\/i0.wp.com\/wp.ufpel.edu.br\/pianolab\/files\/2020\/10\/CA-Audito%CC%81rio-2.jpg?fit=300%2C300&amp;ssl=1\" data-orig-size=\"300,300\" data-comments-opened=\"0\" data-image-meta=\"{&quot;aperture&quot;:&quot;0&quot;,&quot;credit&quot;:&quot;&quot;,&quot;camera&quot;:&quot;&quot;,&quot;caption&quot;:&quot;&quot;,&quot;created_timestamp&quot;:&quot;0&quot;,&quot;copyright&quot;:&quot;&quot;,&quot;focal_length&quot;:&quot;0&quot;,&quot;iso&quot;:&quot;0&quot;,&quot;shutter_speed&quot;:&quot;0&quot;,&quot;title&quot;:&quot;&quot;,&quot;orientation&quot;:&quot;0&quot;}\" data-image-title=\"CA &amp;#8211; Audito\u0301rio 2\" data-image-description=\"\" data-image-caption=\"&lt;p&gt;Audit\u00f3rio 2 do Centro de Artes&lt;\/p&gt;\n\" data-medium-file=\"https:\/\/i0.wp.com\/wp.ufpel.edu.br\/pianolab\/files\/2020\/10\/CA-Audito%CC%81rio-2.jpg?fit=300%2C300&amp;ssl=1\" data-large-file=\"https:\/\/i0.wp.com\/wp.ufpel.edu.br\/pianolab\/files\/2020\/10\/CA-Audito%CC%81rio-2.jpg?fit=300%2C300&amp;ssl=1\" class=\"size-full wp-image-123\" src=\"https:\/\/i0.wp.com\/wp.ufpel.edu.br\/pianolab\/files\/2020\/10\/CA-Audito%CC%81rio-2.jpg?resize=300%2C300&#038;ssl=1\" alt=\"\" width=\"300\" height=\"300\" srcset=\"https:\/\/i0.wp.com\/wp.ufpel.edu.br\/pianolab\/files\/2020\/10\/CA-Audito%CC%81rio-2.jpg?w=300&amp;ssl=1 300w, https:\/\/i0.wp.com\/wp.ufpel.edu.br\/pianolab\/files\/2020\/10\/CA-Audito%CC%81rio-2.jpg?resize=200%2C200&amp;ssl=1 200w, https:\/\/i0.wp.com\/wp.ufpel.edu.br\/pianolab\/files\/2020\/10\/CA-Audito%CC%81rio-2.jpg?resize=100%2C100&amp;ssl=1 100w\" sizes=\"auto, (max-width: 300px) 100vw, 300px\" \/><figcaption id=\"caption-attachment-123\" class=\"wp-caption-text\">Audit\u00f3rio 2 do Centro de Artes<\/figcaption><\/figure>\n<p style=\"text-align: center;\"><strong><em>N\u00facleo <\/em>do PianoLab<br \/>\n<\/strong><\/p>\n<p style=\"text-align: justify;\">O N\u00facleo do Laborat\u00f3rio de Piano fica localizado na sala 506 do Pr\u00e9dio 2 do Centro de Artes. Ali s\u00e3o desenvolvidas atividades de ensino de piano em grupo, aulas te\u00f3ricas, orienta\u00e7\u00f5es, defesas e audi\u00e7\u00f5es. O N\u00facleo \u00e9 composto por oito esta\u00e7\u00f5es de trabalho para estudantes e uma esta\u00e7\u00e3o para o instrutor, todas estruturadas com pianos digitais Yamaha P-95B.<\/p>\n<figure id=\"attachment_111\" aria-describedby=\"caption-attachment-111\" style=\"width: 297px\" class=\"wp-caption aligncenter\"><img data-recalc-dims=\"1\" loading=\"lazy\" decoding=\"async\" data-attachment-id=\"111\" data-permalink=\"https:\/\/wp.ufpel.edu.br\/pianolab\/sobre-nos\/estrutura-fisica\/img_20181214_202101\/\" data-orig-file=\"https:\/\/i0.wp.com\/wp.ufpel.edu.br\/pianolab\/files\/2020\/10\/IMG_20181214_202101-scaled.jpg?fit=2560%2C2560&amp;ssl=1\" data-orig-size=\"2560,2560\" data-comments-opened=\"0\" data-image-meta=\"{&quot;aperture&quot;:&quot;2&quot;,&quot;credit&quot;:&quot;&quot;,&quot;camera&quot;:&quot;ONEPLUS A3010&quot;,&quot;caption&quot;:&quot;&quot;,&quot;created_timestamp&quot;:&quot;1544818861&quot;,&quot;copyright&quot;:&quot;&quot;,&quot;focal_length&quot;:&quot;4.26&quot;,&quot;iso&quot;:&quot;640&quot;,&quot;shutter_speed&quot;:&quot;0.05&quot;,&quot;title&quot;:&quot;&quot;,&quot;orientation&quot;:&quot;0&quot;}\" data-image-title=\"IMG_20181214_202101\" data-image-description=\"\" data-image-caption=\"\" data-medium-file=\"https:\/\/i0.wp.com\/wp.ufpel.edu.br\/pianolab\/files\/2020\/10\/IMG_20181214_202101-scaled.jpg?fit=400%2C400&amp;ssl=1\" data-large-file=\"https:\/\/i0.wp.com\/wp.ufpel.edu.br\/pianolab\/files\/2020\/10\/IMG_20181214_202101-scaled.jpg?fit=525%2C525&amp;ssl=1\" class=\"wp-image-111\" src=\"https:\/\/i0.wp.com\/wp.ufpel.edu.br\/pianolab\/files\/2020\/10\/IMG_20181214_202101.jpg?resize=297%2C297&#038;ssl=1\" alt=\"\" width=\"297\" height=\"297\" srcset=\"https:\/\/i0.wp.com\/wp.ufpel.edu.br\/pianolab\/files\/2020\/10\/IMG_20181214_202101-scaled.jpg?resize=400%2C400&amp;ssl=1 400w, https:\/\/i0.wp.com\/wp.ufpel.edu.br\/pianolab\/files\/2020\/10\/IMG_20181214_202101-scaled.jpg?resize=1024%2C1024&amp;ssl=1 1024w, https:\/\/i0.wp.com\/wp.ufpel.edu.br\/pianolab\/files\/2020\/10\/IMG_20181214_202101-scaled.jpg?resize=200%2C200&amp;ssl=1 200w, https:\/\/i0.wp.com\/wp.ufpel.edu.br\/pianolab\/files\/2020\/10\/IMG_20181214_202101-scaled.jpg?resize=768%2C768&amp;ssl=1 768w, https:\/\/i0.wp.com\/wp.ufpel.edu.br\/pianolab\/files\/2020\/10\/IMG_20181214_202101-scaled.jpg?resize=1536%2C1536&amp;ssl=1 1536w, https:\/\/i0.wp.com\/wp.ufpel.edu.br\/pianolab\/files\/2020\/10\/IMG_20181214_202101-scaled.jpg?resize=2048%2C2048&amp;ssl=1 2048w, https:\/\/i0.wp.com\/wp.ufpel.edu.br\/pianolab\/files\/2020\/10\/IMG_20181214_202101-scaled.jpg?resize=100%2C100&amp;ssl=1 100w\" sizes=\"auto, (max-width: 297px) 100vw, 297px\" \/><figcaption id=\"caption-attachment-111\" class=\"wp-caption-text\">N\u00facleo Duro do PianoLab, contendo nove (9) esta\u00e7\u00f5es de trabalho com Pianos digitais Yamaha P-95<\/figcaption><\/figure>\n<figure id=\"attachment_116\" aria-describedby=\"caption-attachment-116\" style=\"width: 301px\" class=\"wp-caption aligncenter\"><img data-recalc-dims=\"1\" loading=\"lazy\" decoding=\"async\" data-attachment-id=\"116\" data-permalink=\"https:\/\/wp.ufpel.edu.br\/pianolab\/sobre-nos\/estrutura-fisica\/img_20181214_204853\/\" data-orig-file=\"https:\/\/i0.wp.com\/wp.ufpel.edu.br\/pianolab\/files\/2020\/10\/IMG_20181214_204853-scaled.jpg?fit=2560%2C2560&amp;ssl=1\" data-orig-size=\"2560,2560\" data-comments-opened=\"0\" data-image-meta=\"{&quot;aperture&quot;:&quot;2&quot;,&quot;credit&quot;:&quot;&quot;,&quot;camera&quot;:&quot;ONEPLUS A3010&quot;,&quot;caption&quot;:&quot;&quot;,&quot;created_timestamp&quot;:&quot;1544820533&quot;,&quot;copyright&quot;:&quot;&quot;,&quot;focal_length&quot;:&quot;4.26&quot;,&quot;iso&quot;:&quot;320&quot;,&quot;shutter_speed&quot;:&quot;0.04&quot;,&quot;title&quot;:&quot;&quot;,&quot;orientation&quot;:&quot;0&quot;}\" data-image-title=\"IMG_20181214_204853\" data-image-description=\"\" data-image-caption=\"&lt;p&gt;N\u00facleo Duro do PianoLab&lt;\/p&gt;\n\" data-medium-file=\"https:\/\/i0.wp.com\/wp.ufpel.edu.br\/pianolab\/files\/2020\/10\/IMG_20181214_204853-scaled.jpg?fit=400%2C400&amp;ssl=1\" data-large-file=\"https:\/\/i0.wp.com\/wp.ufpel.edu.br\/pianolab\/files\/2020\/10\/IMG_20181214_204853-scaled.jpg?fit=525%2C525&amp;ssl=1\" class=\"wp-image-116\" src=\"https:\/\/i0.wp.com\/wp.ufpel.edu.br\/pianolab\/files\/2020\/10\/IMG_20181214_204853.jpg?resize=301%2C301&#038;ssl=1\" alt=\"PianoLab2\" width=\"301\" height=\"301\" srcset=\"https:\/\/i0.wp.com\/wp.ufpel.edu.br\/pianolab\/files\/2020\/10\/IMG_20181214_204853-scaled.jpg?resize=400%2C400&amp;ssl=1 400w, https:\/\/i0.wp.com\/wp.ufpel.edu.br\/pianolab\/files\/2020\/10\/IMG_20181214_204853-scaled.jpg?resize=1024%2C1024&amp;ssl=1 1024w, https:\/\/i0.wp.com\/wp.ufpel.edu.br\/pianolab\/files\/2020\/10\/IMG_20181214_204853-scaled.jpg?resize=200%2C200&amp;ssl=1 200w, https:\/\/i0.wp.com\/wp.ufpel.edu.br\/pianolab\/files\/2020\/10\/IMG_20181214_204853-scaled.jpg?resize=768%2C768&amp;ssl=1 768w, https:\/\/i0.wp.com\/wp.ufpel.edu.br\/pianolab\/files\/2020\/10\/IMG_20181214_204853-scaled.jpg?resize=1536%2C1536&amp;ssl=1 1536w, https:\/\/i0.wp.com\/wp.ufpel.edu.br\/pianolab\/files\/2020\/10\/IMG_20181214_204853-scaled.jpg?resize=2048%2C2048&amp;ssl=1 2048w, https:\/\/i0.wp.com\/wp.ufpel.edu.br\/pianolab\/files\/2020\/10\/IMG_20181214_204853-scaled.jpg?resize=100%2C100&amp;ssl=1 100w\" sizes=\"auto, (max-width: 301px) 100vw, 301px\" \/><figcaption id=\"caption-attachment-116\" class=\"wp-caption-text\">A sala 506, onde se encontro a N\u00facleo Duro do PianoLab \u00e9 equipada com v\u00e1rios assentos, ar condicionado, dois arm\u00e1rios e CD Player.<\/figcaption><\/figure>\n<p style=\"text-align: center;\"><em><strong>Sala 511 do PianoLab<\/strong><\/em><\/p>\n<figure id=\"attachment_138\" aria-describedby=\"caption-attachment-138\" style=\"width: 400px\" class=\"wp-caption aligncenter\"><img data-recalc-dims=\"1\" loading=\"lazy\" decoding=\"async\" data-attachment-id=\"138\" data-permalink=\"https:\/\/wp.ufpel.edu.br\/pianolab\/sobre-nos\/estrutura-fisica\/img_20181214_211727\/\" data-orig-file=\"https:\/\/i0.wp.com\/wp.ufpel.edu.br\/pianolab\/files\/2020\/10\/IMG_20181214_211727-scaled.jpg?fit=2560%2C2560&amp;ssl=1\" data-orig-size=\"2560,2560\" data-comments-opened=\"0\" data-image-meta=\"{&quot;aperture&quot;:&quot;2&quot;,&quot;credit&quot;:&quot;&quot;,&quot;camera&quot;:&quot;ONEPLUS A3010&quot;,&quot;caption&quot;:&quot;&quot;,&quot;created_timestamp&quot;:&quot;1544822247&quot;,&quot;copyright&quot;:&quot;&quot;,&quot;focal_length&quot;:&quot;4.26&quot;,&quot;iso&quot;:&quot;400&quot;,&quot;shutter_speed&quot;:&quot;0.04&quot;,&quot;title&quot;:&quot;&quot;,&quot;orientation&quot;:&quot;0&quot;}\" data-image-title=\"IMG_20181214_211727\" data-image-description=\"\" data-image-caption=\"\" data-medium-file=\"https:\/\/i0.wp.com\/wp.ufpel.edu.br\/pianolab\/files\/2020\/10\/IMG_20181214_211727-scaled.jpg?fit=400%2C400&amp;ssl=1\" data-large-file=\"https:\/\/i0.wp.com\/wp.ufpel.edu.br\/pianolab\/files\/2020\/10\/IMG_20181214_211727-scaled.jpg?fit=525%2C525&amp;ssl=1\" class=\"wp-image-138 size-medium\" src=\"https:\/\/i0.wp.com\/wp.ufpel.edu.br\/pianolab\/files\/2020\/10\/IMG_20181214_211727.jpg?resize=400%2C400&#038;ssl=1\" alt=\"\" width=\"400\" height=\"400\" srcset=\"https:\/\/i0.wp.com\/wp.ufpel.edu.br\/pianolab\/files\/2020\/10\/IMG_20181214_211727-scaled.jpg?resize=400%2C400&amp;ssl=1 400w, https:\/\/i0.wp.com\/wp.ufpel.edu.br\/pianolab\/files\/2020\/10\/IMG_20181214_211727-scaled.jpg?resize=1024%2C1024&amp;ssl=1 1024w, https:\/\/i0.wp.com\/wp.ufpel.edu.br\/pianolab\/files\/2020\/10\/IMG_20181214_211727-scaled.jpg?resize=200%2C200&amp;ssl=1 200w, https:\/\/i0.wp.com\/wp.ufpel.edu.br\/pianolab\/files\/2020\/10\/IMG_20181214_211727-scaled.jpg?resize=768%2C768&amp;ssl=1 768w, https:\/\/i0.wp.com\/wp.ufpel.edu.br\/pianolab\/files\/2020\/10\/IMG_20181214_211727-scaled.jpg?resize=1536%2C1536&amp;ssl=1 1536w, https:\/\/i0.wp.com\/wp.ufpel.edu.br\/pianolab\/files\/2020\/10\/IMG_20181214_211727-scaled.jpg?resize=2048%2C2048&amp;ssl=1 2048w, https:\/\/i0.wp.com\/wp.ufpel.edu.br\/pianolab\/files\/2020\/10\/IMG_20181214_211727-scaled.jpg?resize=100%2C100&amp;ssl=1 100w\" sizes=\"auto, (max-width: 400px) 100vw, 400px\" \/><figcaption id=\"caption-attachment-138\" class=\"wp-caption-text\">Recebendo luz natural, a sala 511 cont\u00e9m 2 pianos verticais, computador, cadeiras, ar condicionado e assentos.<\/figcaption><\/figure>\n<hr \/>\n<p style=\"text-align: center;\"><strong>Conservat\u00f3rio de M\u00fasica (\u00f3rg\u00e3o suplementar do C.A.)<\/strong><br \/>\n<span style=\"font-size: 10pt;\">Rua F\u00e9lix da Cunha No 651 Centro, Pelotas, RS, Brasil \u2013 96010-000<\/span><\/p>\n<p style=\"text-align: justify;\">Situado a uma dist\u00e2ncia de 1,7 KM (15 quadras ou 21 minutos a p\u00e9) do Centro de Artes, o Conservat\u00f3rio de M\u00fasica conta com o o Sal\u00e3o Milton de Lemos \u2013 audit\u00f3rio mais importante para concertos, recitais e shows da cidade de Pelotas.\u00a0 Conta com 2 pianos de cauda: um Kawai e um hist\u00f3rico Bechstein.<\/p>\n<p>1\u00ba piso: em estrutura\u00e7\u00e3o.<\/p>\n<p>2\u00ba piso:<br \/>\nAudit\u00f3rio &#8211; Sal\u00e3o Milton de Lemos (capacidade: 185 assentos aprox.)<br \/>\nSalas 1 a 8 &#8211; Salas de aula individuais<\/p>\n<hr \/>\n<p style=\"text-align: center;\"><strong>Est\u00fadio de Produ\u00e7\u00e3o Musical<br \/>\n<\/strong><span style=\"font-size: 10pt;\">R. Almirante Barroso, n\u00ba 1202. Pelotas, RS, Brasil &#8211; 96010-280<\/span><\/p>\n<p>&nbsp;<\/p>\n<p style=\"text-align: right;\"><span style=\"font-size: 8pt;\">Atualizado em 13\/06\/2022<\/span><\/p>\n","protected":false},"excerpt":{"rendered":"<p>Espa\u00e7o F\u00edsico do Centro de Artes (C.A.) Mapa de Salas Invent\u00e1rio Iconogr\u00e1fico dos Instrumentos de Teclado do C.A. Bloco 1 &#8211; (Administra\u00e7\u00e3o) R. Alberto Rosa, 62 \u2013 Centro \u2013 Pelotas \u2013 RS \u2013 96010-770 Audit\u00f3rio n\u00ba 1 &#8211; &#8220;Profa. Myriam de Sousa Anselmo&#8221; Piso t\u00e9rreo &#8211; 60 assentos [Ver videoclipe] Sala 101 \u2013 Secretaria do &hellip; <\/p>\n<p class=\"link-more\"><a href=\"https:\/\/wp.ufpel.edu.br\/pianolab\/sobre-nos\/estrutura-fisica\/\" class=\"more-link\">Continue lendo<span class=\"screen-reader-text\"> &#8220;Infraestrutura&#8221;<\/span><\/a><\/p>\n","protected":false},"author":1093,"featured_media":0,"parent":21,"menu_order":0,"comment_status":"closed","ping_status":"closed","template":"","meta":{"footnotes":""},"class_list":["post-14","page","type-page","status-publish","hentry"],"jetpack-related-posts":[],"jetpack_sharing_enabled":true,"_links":{"self":[{"href":"https:\/\/wp.ufpel.edu.br\/pianolab\/wp-json\/wp\/v2\/pages\/14","targetHints":{"allow":["GET"]}}],"collection":[{"href":"https:\/\/wp.ufpel.edu.br\/pianolab\/wp-json\/wp\/v2\/pages"}],"about":[{"href":"https:\/\/wp.ufpel.edu.br\/pianolab\/wp-json\/wp\/v2\/types\/page"}],"author":[{"embeddable":true,"href":"https:\/\/wp.ufpel.edu.br\/pianolab\/wp-json\/wp\/v2\/users\/1093"}],"replies":[{"embeddable":true,"href":"https:\/\/wp.ufpel.edu.br\/pianolab\/wp-json\/wp\/v2\/comments?post=14"}],"version-history":[{"count":56,"href":"https:\/\/wp.ufpel.edu.br\/pianolab\/wp-json\/wp\/v2\/pages\/14\/revisions"}],"predecessor-version":[{"id":1556,"href":"https:\/\/wp.ufpel.edu.br\/pianolab\/wp-json\/wp\/v2\/pages\/14\/revisions\/1556"}],"up":[{"embeddable":true,"href":"https:\/\/wp.ufpel.edu.br\/pianolab\/wp-json\/wp\/v2\/pages\/21"}],"wp:attachment":[{"href":"https:\/\/wp.ufpel.edu.br\/pianolab\/wp-json\/wp\/v2\/media?parent=14"}],"curies":[{"name":"wp","href":"https:\/\/api.w.org\/{rel}","templated":true}]}}