{"id":8,"date":"2017-05-22T10:59:10","date_gmt":"2017-05-22T13:59:10","guid":{"rendered":"https:\/\/wp.ufpel.edu.br\/piano\/?page_id=8"},"modified":"2017-08-15T17:32:42","modified_gmt":"2017-08-15T20:32:42","slug":"intro","status":"publish","type":"page","link":"https:\/\/wp.ufpel.edu.br\/piano\/","title":{"rendered":"Seja bem vindo ao curso de Extens\u00e3o da UFPel Oficina de M\u00fasica: Piano."},"content":{"rendered":"<p style=\"text-align: justify\">Criada em 2004 a partir de uma demanda da comunidade e por iniciativa da professora de Piano da Licenciatura, Dra. Sonia Cava, e desde 2017 coordenado pela professora Dra. Mauren Frey, a oficina tem como principal objetivo despertar nos alunos o gosto pela m\u00fasica atrav\u00e9s de aulas de Piano\/Teclado. Visa principalmente a aquisi\u00e7\u00e3o do conhecimento de m\u00fasica a partir da manipula\u00e7\u00e3o do teclado do piano com um repert\u00f3rio variado e que esteja de acordo com o interesse do aluno, e que pode ser desenvolvido a partir do rendimento e interesse do aluno.<\/p>\n<p style=\"text-align: justify\">Quem s\u00e3o os ministrantes?<\/p>\n<p style=\"text-align: justify\">As aulas s\u00e3o ministradas para alunos da comunidade por professores de Piano do Centro de Artes e tamb\u00e9m Licenciandos do curso de m\u00fasica participantes dos treinamentos pedag\u00f3gicos semanais.<\/p>\n<p style=\"text-align: justify\">Como posso participar?<\/p>\n<p style=\"text-align: justify\">Nestes \u00faltimos anos, a Oficina tem recebido uma enorme procura de interessados em participar das atividades de musicaliza\u00e7\u00e3o ao Piano, por isso, estamos em processo de expans\u00e3o e reorganiza\u00e7\u00e3o! N\u00e3o fique preocupado! N\u00e3o \u00e9 preciso ter um contato pr\u00e9vio com o piano\/teclado para poder participar, basta solicitar e preencher o formul\u00e1rio online disponibilizado no site semestralmente. Atendemos alunos a partir dos 6 anos e<\/p>\n<p style=\"text-align: justify\">sem limite de idade, selecionados semestralmente. Os principais pr\u00e9-requisitos s\u00e3o o interesse e a assiduidade \u00e0s atividades da oficina.<\/p>\n<p style=\"text-align: justify\">Como funcionam as atividades?<\/p>\n<p style=\"text-align: justify\">A Oficina de Musica: Piano abre um espa\u00e7o para que crian\u00e7as, jovens e adultos possam alfabetizar-se musicalmente. S\u00e3o 12 encontros, que ocorrem durante o semestre em aulas semanais (uma aula individual de 50 minutos). Ao final do semestre ser\u00e1 realizado um recital\/sarau para apresenta\u00e7\u00e3o dos alunos participantes, monitores ministrantes e professores.<\/p>\n<p style=\"text-align: justify\">Para continuar participando&#8230;<\/p>\n<p style=\"text-align: justify\">Os alunos ser\u00e3o avaliados pelos monitores e professores pela sua assiduidade e interesse e podem continuar participando ao cumprir este pr\u00e9-requisito e renovar seu cadastro semestralmente.<\/p>\n<p style=\"text-align: justify\">N\u00f3s gostamos de tocar piano! E voc\u00ea?<\/p>\n","protected":false},"excerpt":{"rendered":"<p>Criada em 2004 a partir de uma demanda da comunidade e por iniciativa da professora de Piano da Licenciatura, Dra. Sonia Cava, e desde 2017 coordenado pela professora Dra. Mauren Frey, a oficina tem como principal objetivo despertar nos alunos o gosto pela m\u00fasica atrav\u00e9s de aulas de Piano\/Teclado. Visa principalmente a aquisi\u00e7\u00e3o do conhecimento&#8230; <\/p>\n<div class=\"link-more\"><a href=\"https:\/\/wp.ufpel.edu.br\/piano\/\">Leia mais<\/a><\/div>\n","protected":false},"author":751,"featured_media":0,"parent":0,"menu_order":0,"comment_status":"closed","ping_status":"closed","template":"","meta":{"jetpack_post_was_ever_published":false,"footnotes":""},"class_list":["post-8","page","type-page","status-publish","hentry"],"yoast_head":"<!-- This site is optimized with the Yoast SEO plugin v26.7 - https:\/\/yoast.com\/wordpress\/plugins\/seo\/ -->\n<title>Seja bem vindo ao curso de Extens\u00e3o da UFPel Oficina de M\u00fasica: Piano. - Oficina de M\u00fasica: Piano<\/title>\n<meta name=\"robots\" content=\"index, follow, max-snippet:-1, max-image-preview:large, max-video-preview:-1\" \/>\n<link rel=\"canonical\" href=\"https:\/\/wp.ufpel.edu.br\/piano\/\" \/>\n<meta property=\"og:locale\" content=\"pt_BR\" \/>\n<meta property=\"og:type\" content=\"article\" \/>\n<meta property=\"og:title\" content=\"Seja bem vindo ao curso de Extens\u00e3o da UFPel Oficina de M\u00fasica: Piano. - Oficina de M\u00fasica: Piano\" \/>\n<meta property=\"og:description\" content=\"Criada em 2004 a partir de uma demanda da comunidade e por iniciativa da professora de Piano da Licenciatura, Dra. Sonia Cava, e desde 2017 coordenado pela professora Dra. Mauren Frey, a oficina tem como principal objetivo despertar nos alunos o gosto pela m\u00fasica atrav\u00e9s de aulas de Piano\/Teclado. Visa principalmente a aquisi\u00e7\u00e3o do conhecimento... Leia mais\" \/>\n<meta property=\"og:url\" content=\"https:\/\/wp.ufpel.edu.br\/piano\/\" \/>\n<meta property=\"og:site_name\" content=\"Oficina de M\u00fasica: Piano\" \/>\n<meta property=\"article:modified_time\" content=\"2017-08-15T20:32:42+00:00\" \/>\n<meta name=\"twitter:card\" content=\"summary_large_image\" \/>\n<meta name=\"twitter:label1\" content=\"Est. tempo de leitura\" \/>\n\t<meta name=\"twitter:data1\" content=\"2 minutos\" \/>\n<script type=\"application\/ld+json\" class=\"yoast-schema-graph\">{\"@context\":\"https:\/\/schema.org\",\"@graph\":[{\"@type\":\"WebPage\",\"@id\":\"https:\/\/wp.ufpel.edu.br\/piano\/\",\"url\":\"https:\/\/wp.ufpel.edu.br\/piano\/\",\"name\":\"Seja bem vindo ao curso de Extens\u00e3o da UFPel Oficina de M\u00fasica: Piano. - Oficina de M\u00fasica: Piano\",\"isPartOf\":{\"@id\":\"https:\/\/wp.ufpel.edu.br\/piano\/#website\"},\"datePublished\":\"2017-05-22T13:59:10+00:00\",\"dateModified\":\"2017-08-15T20:32:42+00:00\",\"breadcrumb\":{\"@id\":\"https:\/\/wp.ufpel.edu.br\/piano\/#breadcrumb\"},\"inLanguage\":\"pt-BR\",\"potentialAction\":[{\"@type\":\"ReadAction\",\"target\":[\"https:\/\/wp.ufpel.edu.br\/piano\/\"]}]},{\"@type\":\"BreadcrumbList\",\"@id\":\"https:\/\/wp.ufpel.edu.br\/piano\/#breadcrumb\",\"itemListElement\":[{\"@type\":\"ListItem\",\"position\":1,\"name\":\"In\u00edcio\",\"item\":\"https:\/\/wp.ufpel.edu.br\/piano\/\"},{\"@type\":\"ListItem\",\"position\":2,\"name\":\"Seja bem vindo ao curso de Extens\u00e3o da UFPel Oficina de M\u00fasica: Piano.\"}]},{\"@type\":\"WebSite\",\"@id\":\"https:\/\/wp.ufpel.edu.br\/piano\/#website\",\"url\":\"https:\/\/wp.ufpel.edu.br\/piano\/\",\"name\":\"Oficina de M\u00fasica: Piano\",\"description\":\"Universidade Federal de Pelotas\",\"potentialAction\":[{\"@type\":\"SearchAction\",\"target\":{\"@type\":\"EntryPoint\",\"urlTemplate\":\"https:\/\/wp.ufpel.edu.br\/piano\/?s={search_term_string}\"},\"query-input\":{\"@type\":\"PropertyValueSpecification\",\"valueRequired\":true,\"valueName\":\"search_term_string\"}}],\"inLanguage\":\"pt-BR\"}]}<\/script>\n<!-- \/ Yoast SEO plugin. -->","yoast_head_json":{"title":"Seja bem vindo ao curso de Extens\u00e3o da UFPel Oficina de M\u00fasica: Piano. - Oficina de M\u00fasica: Piano","robots":{"index":"index","follow":"follow","max-snippet":"max-snippet:-1","max-image-preview":"max-image-preview:large","max-video-preview":"max-video-preview:-1"},"canonical":"https:\/\/wp.ufpel.edu.br\/piano\/","og_locale":"pt_BR","og_type":"article","og_title":"Seja bem vindo ao curso de Extens\u00e3o da UFPel Oficina de M\u00fasica: Piano. - Oficina de M\u00fasica: Piano","og_description":"Criada em 2004 a partir de uma demanda da comunidade e por iniciativa da professora de Piano da Licenciatura, Dra. Sonia Cava, e desde 2017 coordenado pela professora Dra. Mauren Frey, a oficina tem como principal objetivo despertar nos alunos o gosto pela m\u00fasica atrav\u00e9s de aulas de Piano\/Teclado. Visa principalmente a aquisi\u00e7\u00e3o do conhecimento... Leia mais","og_url":"https:\/\/wp.ufpel.edu.br\/piano\/","og_site_name":"Oficina de M\u00fasica: Piano","article_modified_time":"2017-08-15T20:32:42+00:00","twitter_card":"summary_large_image","twitter_misc":{"Est. tempo de leitura":"2 minutos"},"schema":{"@context":"https:\/\/schema.org","@graph":[{"@type":"WebPage","@id":"https:\/\/wp.ufpel.edu.br\/piano\/","url":"https:\/\/wp.ufpel.edu.br\/piano\/","name":"Seja bem vindo ao curso de Extens\u00e3o da UFPel Oficina de M\u00fasica: Piano. - Oficina de M\u00fasica: Piano","isPartOf":{"@id":"https:\/\/wp.ufpel.edu.br\/piano\/#website"},"datePublished":"2017-05-22T13:59:10+00:00","dateModified":"2017-08-15T20:32:42+00:00","breadcrumb":{"@id":"https:\/\/wp.ufpel.edu.br\/piano\/#breadcrumb"},"inLanguage":"pt-BR","potentialAction":[{"@type":"ReadAction","target":["https:\/\/wp.ufpel.edu.br\/piano\/"]}]},{"@type":"BreadcrumbList","@id":"https:\/\/wp.ufpel.edu.br\/piano\/#breadcrumb","itemListElement":[{"@type":"ListItem","position":1,"name":"In\u00edcio","item":"https:\/\/wp.ufpel.edu.br\/piano\/"},{"@type":"ListItem","position":2,"name":"Seja bem vindo ao curso de Extens\u00e3o da UFPel Oficina de M\u00fasica: Piano."}]},{"@type":"WebSite","@id":"https:\/\/wp.ufpel.edu.br\/piano\/#website","url":"https:\/\/wp.ufpel.edu.br\/piano\/","name":"Oficina de M\u00fasica: Piano","description":"Universidade Federal de Pelotas","potentialAction":[{"@type":"SearchAction","target":{"@type":"EntryPoint","urlTemplate":"https:\/\/wp.ufpel.edu.br\/piano\/?s={search_term_string}"},"query-input":{"@type":"PropertyValueSpecification","valueRequired":true,"valueName":"search_term_string"}}],"inLanguage":"pt-BR"}]}},"jetpack_sharing_enabled":true,"jetpack_shortlink":"https:\/\/wp.me\/P8LjYg-8","_links":{"self":[{"href":"https:\/\/wp.ufpel.edu.br\/piano\/wp-json\/wp\/v2\/pages\/8","targetHints":{"allow":["GET"]}}],"collection":[{"href":"https:\/\/wp.ufpel.edu.br\/piano\/wp-json\/wp\/v2\/pages"}],"about":[{"href":"https:\/\/wp.ufpel.edu.br\/piano\/wp-json\/wp\/v2\/types\/page"}],"author":[{"embeddable":true,"href":"https:\/\/wp.ufpel.edu.br\/piano\/wp-json\/wp\/v2\/users\/751"}],"replies":[{"embeddable":true,"href":"https:\/\/wp.ufpel.edu.br\/piano\/wp-json\/wp\/v2\/comments?post=8"}],"version-history":[{"count":3,"href":"https:\/\/wp.ufpel.edu.br\/piano\/wp-json\/wp\/v2\/pages\/8\/revisions"}],"predecessor-version":[{"id":148,"href":"https:\/\/wp.ufpel.edu.br\/piano\/wp-json\/wp\/v2\/pages\/8\/revisions\/148"}],"wp:attachment":[{"href":"https:\/\/wp.ufpel.edu.br\/piano\/wp-json\/wp\/v2\/media?parent=8"}],"curies":[{"name":"wp","href":"https:\/\/api.w.org\/{rel}","templated":true}]}}