{"id":342,"date":"2018-03-02T11:44:56","date_gmt":"2018-03-02T14:44:56","guid":{"rendered":"https:\/\/wp.ufpel.edu.br\/piano\/?page_id=342"},"modified":"2018-03-02T11:51:44","modified_gmt":"2018-03-02T14:51:44","slug":"2018-1-monitores","status":"publish","type":"page","link":"https:\/\/wp.ufpel.edu.br\/piano\/2018-1-monitores\/","title":{"rendered":"2018\/1"},"content":{"rendered":"<ul>\n<li><strong>Coordena\u00e7\u00e3o:<\/strong>\n<ul>\n<li>Prof. Mauren Frey<\/li>\n<\/ul>\n<\/li>\n<li><strong>Professores Colaboradores<\/strong>\n<ul>\n<li>S\u00f4nia cava<\/li>\n<li>Germano Mayer<\/li>\n<li>Joana Holanda<\/li>\n<\/ul>\n<\/li>\n<li><strong>Monitores<\/strong>\n<ul>\n<li>Ananda Ribeiro<\/li>\n<li>Andreia Lang<\/li>\n<li>Camila Reis<\/li>\n<li>Rodolfo Le\u00e3o<\/li>\n<li>Helena Bacchieri<\/li>\n<li>Mileny Jouglard<\/li>\n<li>Quezia Tabordes<\/li>\n<li>Jais Mendon\u00e7a<\/li>\n<li>Tamie Pages<\/li>\n<li>Andr\u00e9 Rocha<\/li>\n<li>Guilherme Ramos<\/li>\n<li>Rafael Porf\u00edrio<\/li>\n<\/ul>\n<\/li>\n<\/ul>\n","protected":false},"excerpt":{"rendered":"<p>Coordena\u00e7\u00e3o: Prof. Mauren Frey Professores Colaboradores S\u00f4nia cava Germano Mayer Joana Holanda Monitores Ananda Ribeiro Andreia Lang Camila Reis Rodolfo Le\u00e3o Helena Bacchieri Mileny Jouglard Quezia Tabordes Jais Mendon\u00e7a Tamie Pages Andr\u00e9 Rocha Guilherme Ramos Rafael Porf\u00edrio<\/p>\n","protected":false},"author":751,"featured_media":0,"parent":0,"menu_order":0,"comment_status":"closed","ping_status":"closed","template":"","meta":{"jetpack_post_was_ever_published":false,"footnotes":""},"class_list":["post-342","page","type-page","status-publish","hentry"],"yoast_head":"<!-- This site is optimized with the Yoast SEO plugin v26.7 - https:\/\/yoast.com\/wordpress\/plugins\/seo\/ -->\n<title>2018\/1 - Oficina de M\u00fasica: Piano<\/title>\n<meta name=\"robots\" content=\"index, follow, max-snippet:-1, max-image-preview:large, max-video-preview:-1\" \/>\n<link rel=\"canonical\" href=\"https:\/\/wp.ufpel.edu.br\/piano\/2018-1-monitores\/\" \/>\n<meta property=\"og:locale\" content=\"pt_BR\" \/>\n<meta property=\"og:type\" content=\"article\" \/>\n<meta property=\"og:title\" content=\"2018\/1 - Oficina de M\u00fasica: Piano\" \/>\n<meta property=\"og:description\" content=\"Coordena\u00e7\u00e3o: Prof. Mauren Frey Professores Colaboradores S\u00f4nia cava Germano Mayer Joana Holanda Monitores Ananda Ribeiro Andreia Lang Camila Reis Rodolfo Le\u00e3o Helena Bacchieri Mileny Jouglard Quezia Tabordes Jais Mendon\u00e7a Tamie Pages Andr\u00e9 Rocha Guilherme Ramos Rafael Porf\u00edrio\" \/>\n<meta property=\"og:url\" content=\"https:\/\/wp.ufpel.edu.br\/piano\/2018-1-monitores\/\" \/>\n<meta property=\"og:site_name\" content=\"Oficina de M\u00fasica: Piano\" \/>\n<meta property=\"article:modified_time\" content=\"2018-03-02T14:51:44+00:00\" \/>\n<meta name=\"twitter:card\" content=\"summary_large_image\" \/>\n<script type=\"application\/ld+json\" class=\"yoast-schema-graph\">{\"@context\":\"https:\/\/schema.org\",\"@graph\":[{\"@type\":\"WebPage\",\"@id\":\"https:\/\/wp.ufpel.edu.br\/piano\/2018-1-monitores\/\",\"url\":\"https:\/\/wp.ufpel.edu.br\/piano\/2018-1-monitores\/\",\"name\":\"2018\/1 - Oficina de M\u00fasica: Piano\",\"isPartOf\":{\"@id\":\"https:\/\/wp.ufpel.edu.br\/piano\/#website\"},\"datePublished\":\"2018-03-02T14:44:56+00:00\",\"dateModified\":\"2018-03-02T14:51:44+00:00\",\"breadcrumb\":{\"@id\":\"https:\/\/wp.ufpel.edu.br\/piano\/2018-1-monitores\/#breadcrumb\"},\"inLanguage\":\"pt-BR\",\"potentialAction\":[{\"@type\":\"ReadAction\",\"target\":[\"https:\/\/wp.ufpel.edu.br\/piano\/2018-1-monitores\/\"]}]},{\"@type\":\"BreadcrumbList\",\"@id\":\"https:\/\/wp.ufpel.edu.br\/piano\/2018-1-monitores\/#breadcrumb\",\"itemListElement\":[{\"@type\":\"ListItem\",\"position\":1,\"name\":\"In\u00edcio\",\"item\":\"https:\/\/wp.ufpel.edu.br\/piano\/\"},{\"@type\":\"ListItem\",\"position\":2,\"name\":\"2018\/1\"}]},{\"@type\":\"WebSite\",\"@id\":\"https:\/\/wp.ufpel.edu.br\/piano\/#website\",\"url\":\"https:\/\/wp.ufpel.edu.br\/piano\/\",\"name\":\"Oficina de M\u00fasica: Piano\",\"description\":\"Universidade Federal de Pelotas\",\"potentialAction\":[{\"@type\":\"SearchAction\",\"target\":{\"@type\":\"EntryPoint\",\"urlTemplate\":\"https:\/\/wp.ufpel.edu.br\/piano\/?s={search_term_string}\"},\"query-input\":{\"@type\":\"PropertyValueSpecification\",\"valueRequired\":true,\"valueName\":\"search_term_string\"}}],\"inLanguage\":\"pt-BR\"}]}<\/script>\n<!-- \/ Yoast SEO plugin. -->","yoast_head_json":{"title":"2018\/1 - Oficina de M\u00fasica: Piano","robots":{"index":"index","follow":"follow","max-snippet":"max-snippet:-1","max-image-preview":"max-image-preview:large","max-video-preview":"max-video-preview:-1"},"canonical":"https:\/\/wp.ufpel.edu.br\/piano\/2018-1-monitores\/","og_locale":"pt_BR","og_type":"article","og_title":"2018\/1 - Oficina de M\u00fasica: Piano","og_description":"Coordena\u00e7\u00e3o: Prof. Mauren Frey Professores Colaboradores S\u00f4nia cava Germano Mayer Joana Holanda Monitores Ananda Ribeiro Andreia Lang Camila Reis Rodolfo Le\u00e3o Helena Bacchieri Mileny Jouglard Quezia Tabordes Jais Mendon\u00e7a Tamie Pages Andr\u00e9 Rocha Guilherme Ramos Rafael Porf\u00edrio","og_url":"https:\/\/wp.ufpel.edu.br\/piano\/2018-1-monitores\/","og_site_name":"Oficina de M\u00fasica: Piano","article_modified_time":"2018-03-02T14:51:44+00:00","twitter_card":"summary_large_image","schema":{"@context":"https:\/\/schema.org","@graph":[{"@type":"WebPage","@id":"https:\/\/wp.ufpel.edu.br\/piano\/2018-1-monitores\/","url":"https:\/\/wp.ufpel.edu.br\/piano\/2018-1-monitores\/","name":"2018\/1 - Oficina de M\u00fasica: Piano","isPartOf":{"@id":"https:\/\/wp.ufpel.edu.br\/piano\/#website"},"datePublished":"2018-03-02T14:44:56+00:00","dateModified":"2018-03-02T14:51:44+00:00","breadcrumb":{"@id":"https:\/\/wp.ufpel.edu.br\/piano\/2018-1-monitores\/#breadcrumb"},"inLanguage":"pt-BR","potentialAction":[{"@type":"ReadAction","target":["https:\/\/wp.ufpel.edu.br\/piano\/2018-1-monitores\/"]}]},{"@type":"BreadcrumbList","@id":"https:\/\/wp.ufpel.edu.br\/piano\/2018-1-monitores\/#breadcrumb","itemListElement":[{"@type":"ListItem","position":1,"name":"In\u00edcio","item":"https:\/\/wp.ufpel.edu.br\/piano\/"},{"@type":"ListItem","position":2,"name":"2018\/1"}]},{"@type":"WebSite","@id":"https:\/\/wp.ufpel.edu.br\/piano\/#website","url":"https:\/\/wp.ufpel.edu.br\/piano\/","name":"Oficina de M\u00fasica: Piano","description":"Universidade Federal de Pelotas","potentialAction":[{"@type":"SearchAction","target":{"@type":"EntryPoint","urlTemplate":"https:\/\/wp.ufpel.edu.br\/piano\/?s={search_term_string}"},"query-input":{"@type":"PropertyValueSpecification","valueRequired":true,"valueName":"search_term_string"}}],"inLanguage":"pt-BR"}]}},"jetpack_sharing_enabled":true,"jetpack_shortlink":"https:\/\/wp.me\/P8LjYg-5w","_links":{"self":[{"href":"https:\/\/wp.ufpel.edu.br\/piano\/wp-json\/wp\/v2\/pages\/342","targetHints":{"allow":["GET"]}}],"collection":[{"href":"https:\/\/wp.ufpel.edu.br\/piano\/wp-json\/wp\/v2\/pages"}],"about":[{"href":"https:\/\/wp.ufpel.edu.br\/piano\/wp-json\/wp\/v2\/types\/page"}],"author":[{"embeddable":true,"href":"https:\/\/wp.ufpel.edu.br\/piano\/wp-json\/wp\/v2\/users\/751"}],"replies":[{"embeddable":true,"href":"https:\/\/wp.ufpel.edu.br\/piano\/wp-json\/wp\/v2\/comments?post=342"}],"version-history":[{"count":2,"href":"https:\/\/wp.ufpel.edu.br\/piano\/wp-json\/wp\/v2\/pages\/342\/revisions"}],"predecessor-version":[{"id":346,"href":"https:\/\/wp.ufpel.edu.br\/piano\/wp-json\/wp\/v2\/pages\/342\/revisions\/346"}],"wp:attachment":[{"href":"https:\/\/wp.ufpel.edu.br\/piano\/wp-json\/wp\/v2\/media?parent=342"}],"curies":[{"name":"wp","href":"https:\/\/api.w.org\/{rel}","templated":true}]}}