{"id":295,"date":"2017-09-29T11:08:20","date_gmt":"2017-09-29T14:08:20","guid":{"rendered":"https:\/\/wp.ufpel.edu.br\/piano\/?page_id=295"},"modified":"2017-09-29T11:11:47","modified_gmt":"2017-09-29T14:11:47","slug":"20172-3","status":"publish","type":"page","link":"https:\/\/wp.ufpel.edu.br\/piano\/ministrantes-2\/20172-3\/","title":{"rendered":"2017\/2"},"content":{"rendered":"<p><strong>RESULTADO OFICINA DE PIANO:<\/strong><\/p>\n<ul>\n<li><strong> Dra. S\u00f4nia Cava:<\/strong>\n<ul>\n<li>Vitor Hugo Manzke,<\/li>\n<li>Henrique da Silva<\/li>\n<\/ul>\n<\/li>\n<li><strong>Dra. Mauren Frey<\/strong>:\n<ul>\n<li>Rodrigo Mauricio,<\/li>\n<li>Ana Takatori,<\/li>\n<li>Catarina Marques,<\/li>\n<li>Anita Manzke<\/li>\n<\/ul>\n<\/li>\n<li><strong>Clarice Franco:<\/strong>\n<ul>\n<li>Let\u00edcia Amaral Louro,<\/li>\n<li>Felipe Fiorentino<\/li>\n<\/ul>\n<\/li>\n<li><strong>Dra. Joana Holanda:<\/strong>\n<ul>\n<li>Manuela Concei\u00e7\u00e3o,<\/li>\n<li>S\u00e9rgio Augusto Concei\u00e7\u00e3o,<\/li>\n<li>Maria Eduarda Leske Stolz<\/li>\n<\/ul>\n<\/li>\n<li><strong>Germano Meyer:<\/strong>\n<ul>\n<li>Guilherme Alt de Almeida,<\/li>\n<li>Thalisson R. Silveira da Silva,<\/li>\n<li>Lucas Moreira dos Santos<\/li>\n<\/ul>\n<\/li>\n<li><strong>Andr\u00e9a Lang:<\/strong>\n<ul>\n<li>Jo\u00e3o Vitor de Mattos Knopp,<\/li>\n<li>Thalia Amaral<\/li>\n<\/ul>\n<\/li>\n<li><strong>Andr\u00e9 Duarte:<\/strong>\n<ul>\n<li>Jo\u00e3o Pedro da Silva<\/li>\n<\/ul>\n<\/li>\n<li><strong>Camila Pinheiro:<\/strong>\n<ul>\n<li>Izadora Rodrigues,<\/li>\n<li>B\u00e1rbara Gomes Dias,<\/li>\n<li>Anna Elizabeth Silva Sousa,<\/li>\n<li>Larissa da Silva Borba<\/li>\n<\/ul>\n<\/li>\n<li><strong>Fernanda Neves:<\/strong>\n<ul>\n<li>Carlos Henrique Santos,<\/li>\n<li>Joaquim Jos\u00e9 Boettge Braga,<\/li>\n<li>Laura Batista Rodrigues<\/li>\n<\/ul>\n<\/li>\n<li><strong>Franco Oliveira:<\/strong>\n<ul>\n<li>Filipe Amaral Louro,<\/li>\n<li>Hellen Ochoa Correa,<\/li>\n<li>Vit\u00f3ria da Cruz Silveira<\/li>\n<\/ul>\n<\/li>\n<li><strong>Gabriel Cruger:<\/strong>\n<ul>\n<li>Davi Gon\u00e7alves Sousa<\/li>\n<\/ul>\n<\/li>\n<li><strong>Gabriela Cintra:<\/strong>\n<ul>\n<li>Henrique Vieira Oliveira,<\/li>\n<li>Mariana R. Moura,<\/li>\n<li>Martina O. Farias Amaral<\/li>\n<\/ul>\n<\/li>\n<li><strong>Guilherme Ramos:<\/strong>\n<ul>\n<li>Nathalia Zanettin;<\/li>\n<li>Misael Gomes Dias;<\/li>\n<li>Giulia B. Waldemarin<\/li>\n<\/ul>\n<\/li>\n<li><strong>Helena Bacchieri:<\/strong>\n<ul>\n<li>Sara Gon\u00e7alves Sousa,<\/li>\n<\/ul>\n<\/li>\n<\/ul>\n","protected":false},"excerpt":{"rendered":"<p>RESULTADO OFICINA DE PIANO: Dra. S\u00f4nia Cava: Vitor Hugo Manzke, Henrique da Silva Dra. Mauren Frey: Rodrigo Mauricio, Ana Takatori, Catarina Marques, Anita Manzke Clarice Franco: Let\u00edcia Amaral Louro, Felipe Fiorentino Dra. Joana Holanda: Manuela Concei\u00e7\u00e3o, S\u00e9rgio Augusto Concei\u00e7\u00e3o, Maria Eduarda Leske Stolz Germano Meyer: Guilherme Alt de Almeida, Thalisson R. Silveira da Silva, Lucas&#8230; <\/p>\n<div class=\"link-more\"><a href=\"https:\/\/wp.ufpel.edu.br\/piano\/ministrantes-2\/20172-3\/\">Leia mais<\/a><\/div>\n","protected":false},"author":751,"featured_media":0,"parent":97,"menu_order":0,"comment_status":"closed","ping_status":"closed","template":"","meta":{"jetpack_post_was_ever_published":false,"footnotes":""},"class_list":["post-295","page","type-page","status-publish","hentry"],"yoast_head":"<!-- This site is optimized with the Yoast SEO plugin v26.7 - https:\/\/yoast.com\/wordpress\/plugins\/seo\/ -->\n<title>2017\/2 - Oficina de M\u00fasica: Piano<\/title>\n<meta name=\"robots\" content=\"index, follow, max-snippet:-1, max-image-preview:large, max-video-preview:-1\" \/>\n<link rel=\"canonical\" href=\"https:\/\/wp.ufpel.edu.br\/piano\/ministrantes-2\/20172-3\/\" \/>\n<meta property=\"og:locale\" content=\"pt_BR\" \/>\n<meta property=\"og:type\" content=\"article\" \/>\n<meta property=\"og:title\" content=\"2017\/2 - Oficina de M\u00fasica: Piano\" \/>\n<meta property=\"og:description\" content=\"RESULTADO OFICINA DE PIANO: Dra. S\u00f4nia Cava: Vitor Hugo Manzke, Henrique da Silva Dra. Mauren Frey: Rodrigo Mauricio, Ana Takatori, Catarina Marques, Anita Manzke Clarice Franco: Let\u00edcia Amaral Louro, Felipe Fiorentino Dra. Joana Holanda: Manuela Concei\u00e7\u00e3o, S\u00e9rgio Augusto Concei\u00e7\u00e3o, Maria Eduarda Leske Stolz Germano Meyer: Guilherme Alt de Almeida, Thalisson R. Silveira da Silva, Lucas... Leia mais\" \/>\n<meta property=\"og:url\" content=\"https:\/\/wp.ufpel.edu.br\/piano\/ministrantes-2\/20172-3\/\" \/>\n<meta property=\"og:site_name\" content=\"Oficina de M\u00fasica: Piano\" \/>\n<meta property=\"article:modified_time\" content=\"2017-09-29T14:11:47+00:00\" \/>\n<meta name=\"twitter:card\" content=\"summary_large_image\" \/>\n<meta name=\"twitter:label1\" content=\"Est. tempo de leitura\" \/>\n\t<meta name=\"twitter:data1\" content=\"1 minuto\" \/>\n<script type=\"application\/ld+json\" class=\"yoast-schema-graph\">{\"@context\":\"https:\/\/schema.org\",\"@graph\":[{\"@type\":\"WebPage\",\"@id\":\"https:\/\/wp.ufpel.edu.br\/piano\/ministrantes-2\/20172-3\/\",\"url\":\"https:\/\/wp.ufpel.edu.br\/piano\/ministrantes-2\/20172-3\/\",\"name\":\"2017\/2 - Oficina de M\u00fasica: Piano\",\"isPartOf\":{\"@id\":\"https:\/\/wp.ufpel.edu.br\/piano\/#website\"},\"datePublished\":\"2017-09-29T14:08:20+00:00\",\"dateModified\":\"2017-09-29T14:11:47+00:00\",\"breadcrumb\":{\"@id\":\"https:\/\/wp.ufpel.edu.br\/piano\/ministrantes-2\/20172-3\/#breadcrumb\"},\"inLanguage\":\"pt-BR\",\"potentialAction\":[{\"@type\":\"ReadAction\",\"target\":[\"https:\/\/wp.ufpel.edu.br\/piano\/ministrantes-2\/20172-3\/\"]}]},{\"@type\":\"BreadcrumbList\",\"@id\":\"https:\/\/wp.ufpel.edu.br\/piano\/ministrantes-2\/20172-3\/#breadcrumb\",\"itemListElement\":[{\"@type\":\"ListItem\",\"position\":1,\"name\":\"In\u00edcio\",\"item\":\"https:\/\/wp.ufpel.edu.br\/piano\/\"},{\"@type\":\"ListItem\",\"position\":2,\"name\":\"Ministrantes\",\"item\":\"https:\/\/wp.ufpel.edu.br\/piano\/ministrantes-2\/\"},{\"@type\":\"ListItem\",\"position\":3,\"name\":\"2017\/2\"}]},{\"@type\":\"WebSite\",\"@id\":\"https:\/\/wp.ufpel.edu.br\/piano\/#website\",\"url\":\"https:\/\/wp.ufpel.edu.br\/piano\/\",\"name\":\"Oficina de M\u00fasica: Piano\",\"description\":\"Universidade Federal de Pelotas\",\"potentialAction\":[{\"@type\":\"SearchAction\",\"target\":{\"@type\":\"EntryPoint\",\"urlTemplate\":\"https:\/\/wp.ufpel.edu.br\/piano\/?s={search_term_string}\"},\"query-input\":{\"@type\":\"PropertyValueSpecification\",\"valueRequired\":true,\"valueName\":\"search_term_string\"}}],\"inLanguage\":\"pt-BR\"}]}<\/script>\n<!-- \/ Yoast SEO plugin. -->","yoast_head_json":{"title":"2017\/2 - Oficina de M\u00fasica: Piano","robots":{"index":"index","follow":"follow","max-snippet":"max-snippet:-1","max-image-preview":"max-image-preview:large","max-video-preview":"max-video-preview:-1"},"canonical":"https:\/\/wp.ufpel.edu.br\/piano\/ministrantes-2\/20172-3\/","og_locale":"pt_BR","og_type":"article","og_title":"2017\/2 - Oficina de M\u00fasica: Piano","og_description":"RESULTADO OFICINA DE PIANO: Dra. S\u00f4nia Cava: Vitor Hugo Manzke, Henrique da Silva Dra. Mauren Frey: Rodrigo Mauricio, Ana Takatori, Catarina Marques, Anita Manzke Clarice Franco: Let\u00edcia Amaral Louro, Felipe Fiorentino Dra. Joana Holanda: Manuela Concei\u00e7\u00e3o, S\u00e9rgio Augusto Concei\u00e7\u00e3o, Maria Eduarda Leske Stolz Germano Meyer: Guilherme Alt de Almeida, Thalisson R. Silveira da Silva, Lucas... Leia mais","og_url":"https:\/\/wp.ufpel.edu.br\/piano\/ministrantes-2\/20172-3\/","og_site_name":"Oficina de M\u00fasica: Piano","article_modified_time":"2017-09-29T14:11:47+00:00","twitter_card":"summary_large_image","twitter_misc":{"Est. tempo de leitura":"1 minuto"},"schema":{"@context":"https:\/\/schema.org","@graph":[{"@type":"WebPage","@id":"https:\/\/wp.ufpel.edu.br\/piano\/ministrantes-2\/20172-3\/","url":"https:\/\/wp.ufpel.edu.br\/piano\/ministrantes-2\/20172-3\/","name":"2017\/2 - Oficina de M\u00fasica: Piano","isPartOf":{"@id":"https:\/\/wp.ufpel.edu.br\/piano\/#website"},"datePublished":"2017-09-29T14:08:20+00:00","dateModified":"2017-09-29T14:11:47+00:00","breadcrumb":{"@id":"https:\/\/wp.ufpel.edu.br\/piano\/ministrantes-2\/20172-3\/#breadcrumb"},"inLanguage":"pt-BR","potentialAction":[{"@type":"ReadAction","target":["https:\/\/wp.ufpel.edu.br\/piano\/ministrantes-2\/20172-3\/"]}]},{"@type":"BreadcrumbList","@id":"https:\/\/wp.ufpel.edu.br\/piano\/ministrantes-2\/20172-3\/#breadcrumb","itemListElement":[{"@type":"ListItem","position":1,"name":"In\u00edcio","item":"https:\/\/wp.ufpel.edu.br\/piano\/"},{"@type":"ListItem","position":2,"name":"Ministrantes","item":"https:\/\/wp.ufpel.edu.br\/piano\/ministrantes-2\/"},{"@type":"ListItem","position":3,"name":"2017\/2"}]},{"@type":"WebSite","@id":"https:\/\/wp.ufpel.edu.br\/piano\/#website","url":"https:\/\/wp.ufpel.edu.br\/piano\/","name":"Oficina de M\u00fasica: Piano","description":"Universidade Federal de Pelotas","potentialAction":[{"@type":"SearchAction","target":{"@type":"EntryPoint","urlTemplate":"https:\/\/wp.ufpel.edu.br\/piano\/?s={search_term_string}"},"query-input":{"@type":"PropertyValueSpecification","valueRequired":true,"valueName":"search_term_string"}}],"inLanguage":"pt-BR"}]}},"jetpack_sharing_enabled":true,"jetpack_shortlink":"https:\/\/wp.me\/P8LjYg-4L","_links":{"self":[{"href":"https:\/\/wp.ufpel.edu.br\/piano\/wp-json\/wp\/v2\/pages\/295","targetHints":{"allow":["GET"]}}],"collection":[{"href":"https:\/\/wp.ufpel.edu.br\/piano\/wp-json\/wp\/v2\/pages"}],"about":[{"href":"https:\/\/wp.ufpel.edu.br\/piano\/wp-json\/wp\/v2\/types\/page"}],"author":[{"embeddable":true,"href":"https:\/\/wp.ufpel.edu.br\/piano\/wp-json\/wp\/v2\/users\/751"}],"replies":[{"embeddable":true,"href":"https:\/\/wp.ufpel.edu.br\/piano\/wp-json\/wp\/v2\/comments?post=295"}],"version-history":[{"count":2,"href":"https:\/\/wp.ufpel.edu.br\/piano\/wp-json\/wp\/v2\/pages\/295\/revisions"}],"predecessor-version":[{"id":298,"href":"https:\/\/wp.ufpel.edu.br\/piano\/wp-json\/wp\/v2\/pages\/295\/revisions\/298"}],"up":[{"embeddable":true,"href":"https:\/\/wp.ufpel.edu.br\/piano\/wp-json\/wp\/v2\/pages\/97"}],"wp:attachment":[{"href":"https:\/\/wp.ufpel.edu.br\/piano\/wp-json\/wp\/v2\/media?parent=295"}],"curies":[{"name":"wp","href":"https:\/\/api.w.org\/{rel}","templated":true}]}}