{"id":200,"date":"2017-08-22T19:41:28","date_gmt":"2017-08-22T22:41:28","guid":{"rendered":"https:\/\/wp.ufpel.edu.br\/piano\/?page_id=200"},"modified":"2017-08-22T19:42:50","modified_gmt":"2017-08-22T22:42:50","slug":"inscricao","status":"publish","type":"page","link":"https:\/\/wp.ufpel.edu.br\/piano\/inscricao\/","title":{"rendered":"Inscri\u00e7\u00e3o"},"content":{"rendered":"<p>Para se inscrever, fa\u00e7a download da ficha de sele\u00e7\u00e3o, preencha e leve a c\u00e2mara de extens\u00e3o do centro de artes, sala 106.<\/p>\n<p><a href=\"https:\/\/wp.ufpel.edu.br\/piano\/files\/2017\/08\/Ficha-de-Sele\u00e7\u00e3o-Oficina-de-pinao-1.pdf\">Ficha de Sele\u00e7\u00e3o Oficina de piano <\/a><\/p>\n","protected":false},"excerpt":{"rendered":"<p>Para se inscrever, fa\u00e7a download da ficha de sele\u00e7\u00e3o, preencha e leve a c\u00e2mara de extens\u00e3o do centro de artes, sala 106. Ficha de Sele\u00e7\u00e3o Oficina de piano<\/p>\n","protected":false},"author":751,"featured_media":0,"parent":0,"menu_order":0,"comment_status":"closed","ping_status":"closed","template":"","meta":{"jetpack_post_was_ever_published":false,"footnotes":""},"class_list":["post-200","page","type-page","status-publish","hentry"],"yoast_head":"<!-- This site is optimized with the Yoast SEO plugin v26.7 - https:\/\/yoast.com\/wordpress\/plugins\/seo\/ -->\n<title>Inscri\u00e7\u00e3o - Oficina de M\u00fasica: Piano<\/title>\n<meta name=\"robots\" content=\"index, follow, max-snippet:-1, max-image-preview:large, max-video-preview:-1\" \/>\n<link rel=\"canonical\" href=\"https:\/\/wp.ufpel.edu.br\/piano\/inscricao\/\" \/>\n<meta property=\"og:locale\" content=\"pt_BR\" \/>\n<meta property=\"og:type\" content=\"article\" \/>\n<meta property=\"og:title\" content=\"Inscri\u00e7\u00e3o - Oficina de M\u00fasica: Piano\" \/>\n<meta property=\"og:description\" content=\"Para se inscrever, fa\u00e7a download da ficha de sele\u00e7\u00e3o, preencha e leve a c\u00e2mara de extens\u00e3o do centro de artes, sala 106. Ficha de Sele\u00e7\u00e3o Oficina de piano\" \/>\n<meta property=\"og:url\" content=\"https:\/\/wp.ufpel.edu.br\/piano\/inscricao\/\" \/>\n<meta property=\"og:site_name\" content=\"Oficina de M\u00fasica: Piano\" \/>\n<meta property=\"article:modified_time\" content=\"2017-08-22T22:42:50+00:00\" \/>\n<meta name=\"twitter:card\" content=\"summary_large_image\" \/>\n<script type=\"application\/ld+json\" class=\"yoast-schema-graph\">{\"@context\":\"https:\/\/schema.org\",\"@graph\":[{\"@type\":\"WebPage\",\"@id\":\"https:\/\/wp.ufpel.edu.br\/piano\/inscricao\/\",\"url\":\"https:\/\/wp.ufpel.edu.br\/piano\/inscricao\/\",\"name\":\"Inscri\u00e7\u00e3o - Oficina de M\u00fasica: Piano\",\"isPartOf\":{\"@id\":\"https:\/\/wp.ufpel.edu.br\/piano\/#website\"},\"datePublished\":\"2017-08-22T22:41:28+00:00\",\"dateModified\":\"2017-08-22T22:42:50+00:00\",\"breadcrumb\":{\"@id\":\"https:\/\/wp.ufpel.edu.br\/piano\/inscricao\/#breadcrumb\"},\"inLanguage\":\"pt-BR\",\"potentialAction\":[{\"@type\":\"ReadAction\",\"target\":[\"https:\/\/wp.ufpel.edu.br\/piano\/inscricao\/\"]}]},{\"@type\":\"BreadcrumbList\",\"@id\":\"https:\/\/wp.ufpel.edu.br\/piano\/inscricao\/#breadcrumb\",\"itemListElement\":[{\"@type\":\"ListItem\",\"position\":1,\"name\":\"In\u00edcio\",\"item\":\"https:\/\/wp.ufpel.edu.br\/piano\/\"},{\"@type\":\"ListItem\",\"position\":2,\"name\":\"Inscri\u00e7\u00e3o\"}]},{\"@type\":\"WebSite\",\"@id\":\"https:\/\/wp.ufpel.edu.br\/piano\/#website\",\"url\":\"https:\/\/wp.ufpel.edu.br\/piano\/\",\"name\":\"Oficina de M\u00fasica: Piano\",\"description\":\"Universidade Federal de Pelotas\",\"potentialAction\":[{\"@type\":\"SearchAction\",\"target\":{\"@type\":\"EntryPoint\",\"urlTemplate\":\"https:\/\/wp.ufpel.edu.br\/piano\/?s={search_term_string}\"},\"query-input\":{\"@type\":\"PropertyValueSpecification\",\"valueRequired\":true,\"valueName\":\"search_term_string\"}}],\"inLanguage\":\"pt-BR\"}]}<\/script>\n<!-- \/ Yoast SEO plugin. -->","yoast_head_json":{"title":"Inscri\u00e7\u00e3o - Oficina de M\u00fasica: Piano","robots":{"index":"index","follow":"follow","max-snippet":"max-snippet:-1","max-image-preview":"max-image-preview:large","max-video-preview":"max-video-preview:-1"},"canonical":"https:\/\/wp.ufpel.edu.br\/piano\/inscricao\/","og_locale":"pt_BR","og_type":"article","og_title":"Inscri\u00e7\u00e3o - Oficina de M\u00fasica: Piano","og_description":"Para se inscrever, fa\u00e7a download da ficha de sele\u00e7\u00e3o, preencha e leve a c\u00e2mara de extens\u00e3o do centro de artes, sala 106. Ficha de Sele\u00e7\u00e3o Oficina de piano","og_url":"https:\/\/wp.ufpel.edu.br\/piano\/inscricao\/","og_site_name":"Oficina de M\u00fasica: Piano","article_modified_time":"2017-08-22T22:42:50+00:00","twitter_card":"summary_large_image","schema":{"@context":"https:\/\/schema.org","@graph":[{"@type":"WebPage","@id":"https:\/\/wp.ufpel.edu.br\/piano\/inscricao\/","url":"https:\/\/wp.ufpel.edu.br\/piano\/inscricao\/","name":"Inscri\u00e7\u00e3o - Oficina de M\u00fasica: Piano","isPartOf":{"@id":"https:\/\/wp.ufpel.edu.br\/piano\/#website"},"datePublished":"2017-08-22T22:41:28+00:00","dateModified":"2017-08-22T22:42:50+00:00","breadcrumb":{"@id":"https:\/\/wp.ufpel.edu.br\/piano\/inscricao\/#breadcrumb"},"inLanguage":"pt-BR","potentialAction":[{"@type":"ReadAction","target":["https:\/\/wp.ufpel.edu.br\/piano\/inscricao\/"]}]},{"@type":"BreadcrumbList","@id":"https:\/\/wp.ufpel.edu.br\/piano\/inscricao\/#breadcrumb","itemListElement":[{"@type":"ListItem","position":1,"name":"In\u00edcio","item":"https:\/\/wp.ufpel.edu.br\/piano\/"},{"@type":"ListItem","position":2,"name":"Inscri\u00e7\u00e3o"}]},{"@type":"WebSite","@id":"https:\/\/wp.ufpel.edu.br\/piano\/#website","url":"https:\/\/wp.ufpel.edu.br\/piano\/","name":"Oficina de M\u00fasica: Piano","description":"Universidade Federal de Pelotas","potentialAction":[{"@type":"SearchAction","target":{"@type":"EntryPoint","urlTemplate":"https:\/\/wp.ufpel.edu.br\/piano\/?s={search_term_string}"},"query-input":{"@type":"PropertyValueSpecification","valueRequired":true,"valueName":"search_term_string"}}],"inLanguage":"pt-BR"}]}},"jetpack_sharing_enabled":true,"jetpack_shortlink":"https:\/\/wp.me\/P8LjYg-3e","_links":{"self":[{"href":"https:\/\/wp.ufpel.edu.br\/piano\/wp-json\/wp\/v2\/pages\/200","targetHints":{"allow":["GET"]}}],"collection":[{"href":"https:\/\/wp.ufpel.edu.br\/piano\/wp-json\/wp\/v2\/pages"}],"about":[{"href":"https:\/\/wp.ufpel.edu.br\/piano\/wp-json\/wp\/v2\/types\/page"}],"author":[{"embeddable":true,"href":"https:\/\/wp.ufpel.edu.br\/piano\/wp-json\/wp\/v2\/users\/751"}],"replies":[{"embeddable":true,"href":"https:\/\/wp.ufpel.edu.br\/piano\/wp-json\/wp\/v2\/comments?post=200"}],"version-history":[{"count":3,"href":"https:\/\/wp.ufpel.edu.br\/piano\/wp-json\/wp\/v2\/pages\/200\/revisions"}],"predecessor-version":[{"id":205,"href":"https:\/\/wp.ufpel.edu.br\/piano\/wp-json\/wp\/v2\/pages\/200\/revisions\/205"}],"wp:attachment":[{"href":"https:\/\/wp.ufpel.edu.br\/piano\/wp-json\/wp\/v2\/media?parent=200"}],"curies":[{"name":"wp","href":"https:\/\/api.w.org\/{rel}","templated":true}]}}