{"id":137,"date":"2017-08-15T17:15:39","date_gmt":"2017-08-15T20:15:39","guid":{"rendered":"https:\/\/wp.ufpel.edu.br\/piano\/?page_id=137"},"modified":"2017-09-29T10:41:57","modified_gmt":"2017-09-29T13:41:57","slug":"20172-cronos","status":"publish","type":"page","link":"https:\/\/wp.ufpel.edu.br\/piano\/cronograma-2\/20172-cronos\/","title":{"rendered":"2017\/2"},"content":{"rendered":"<table>\n<tbody>\n<tr>\n<td>at\u00e9 15\/09\/17<\/td>\n<td>Inscri\u00e7\u00f5es para sele\u00e7\u00e3o de novos alunos<\/td>\n<\/tr>\n<tr>\n<td>25\/09\/17<\/td>\n<td>Divulga\u00e7\u00e3o dos Alunos selecionados<\/td>\n<\/tr>\n<tr>\n<td>25\/09\/17<\/td>\n<td>Inicio das Aulas<\/td>\n<\/tr>\n<tr>\n<td>21\/12\/17<\/td>\n<td>Recital dos Alunos da Oficina<\/td>\n<\/tr>\n<tr>\n<td>22\/12\/17 a 05\/02\/18<\/td>\n<td>Recesso UFPel<\/td>\n<\/tr>\n<tr>\n<td>05\/02\/18<\/td>\n<td>Retomada das atividades da Oficina<\/td>\n<\/tr>\n<tr>\n<td>28\/02\/2018<\/td>\n<td>Encerramento das Atividades<\/td>\n<\/tr>\n<\/tbody>\n<\/table>\n<p>&nbsp;<\/p>\n","protected":false},"excerpt":{"rendered":"<p>at\u00e9 15\/09\/17 Inscri\u00e7\u00f5es para sele\u00e7\u00e3o de novos alunos 25\/09\/17 Divulga\u00e7\u00e3o dos Alunos selecionados 25\/09\/17 Inicio das Aulas 21\/12\/17 Recital dos Alunos da Oficina 22\/12\/17 a 05\/02\/18 Recesso UFPel 05\/02\/18 Retomada das atividades da Oficina 28\/02\/2018 Encerramento das Atividades &nbsp;<\/p>\n","protected":false},"author":751,"featured_media":0,"parent":102,"menu_order":0,"comment_status":"closed","ping_status":"closed","template":"","meta":{"jetpack_post_was_ever_published":false,"footnotes":""},"class_list":["post-137","page","type-page","status-publish","hentry"],"yoast_head":"<!-- This site is optimized with the Yoast SEO plugin v26.7 - https:\/\/yoast.com\/wordpress\/plugins\/seo\/ -->\n<title>2017\/2 - Oficina de M\u00fasica: Piano<\/title>\n<meta name=\"robots\" content=\"index, follow, max-snippet:-1, max-image-preview:large, max-video-preview:-1\" \/>\n<link rel=\"canonical\" href=\"https:\/\/wp.ufpel.edu.br\/piano\/cronograma-2\/20172-cronos\/\" \/>\n<meta property=\"og:locale\" content=\"pt_BR\" \/>\n<meta property=\"og:type\" content=\"article\" \/>\n<meta property=\"og:title\" content=\"2017\/2 - Oficina de M\u00fasica: Piano\" \/>\n<meta property=\"og:description\" content=\"at\u00e9 15\/09\/17 Inscri\u00e7\u00f5es para sele\u00e7\u00e3o de novos alunos 25\/09\/17 Divulga\u00e7\u00e3o dos Alunos selecionados 25\/09\/17 Inicio das Aulas 21\/12\/17 Recital dos Alunos da Oficina 22\/12\/17 a 05\/02\/18 Recesso UFPel 05\/02\/18 Retomada das atividades da Oficina 28\/02\/2018 Encerramento das Atividades &nbsp;\" \/>\n<meta property=\"og:url\" content=\"https:\/\/wp.ufpel.edu.br\/piano\/cronograma-2\/20172-cronos\/\" \/>\n<meta property=\"og:site_name\" content=\"Oficina de M\u00fasica: Piano\" \/>\n<meta property=\"article:modified_time\" content=\"2017-09-29T13:41:57+00:00\" \/>\n<meta name=\"twitter:card\" content=\"summary_large_image\" \/>\n<script type=\"application\/ld+json\" class=\"yoast-schema-graph\">{\"@context\":\"https:\/\/schema.org\",\"@graph\":[{\"@type\":\"WebPage\",\"@id\":\"https:\/\/wp.ufpel.edu.br\/piano\/cronograma-2\/20172-cronos\/\",\"url\":\"https:\/\/wp.ufpel.edu.br\/piano\/cronograma-2\/20172-cronos\/\",\"name\":\"2017\/2 - Oficina de M\u00fasica: Piano\",\"isPartOf\":{\"@id\":\"https:\/\/wp.ufpel.edu.br\/piano\/#website\"},\"datePublished\":\"2017-08-15T20:15:39+00:00\",\"dateModified\":\"2017-09-29T13:41:57+00:00\",\"breadcrumb\":{\"@id\":\"https:\/\/wp.ufpel.edu.br\/piano\/cronograma-2\/20172-cronos\/#breadcrumb\"},\"inLanguage\":\"pt-BR\",\"potentialAction\":[{\"@type\":\"ReadAction\",\"target\":[\"https:\/\/wp.ufpel.edu.br\/piano\/cronograma-2\/20172-cronos\/\"]}]},{\"@type\":\"BreadcrumbList\",\"@id\":\"https:\/\/wp.ufpel.edu.br\/piano\/cronograma-2\/20172-cronos\/#breadcrumb\",\"itemListElement\":[{\"@type\":\"ListItem\",\"position\":1,\"name\":\"In\u00edcio\",\"item\":\"https:\/\/wp.ufpel.edu.br\/piano\/\"},{\"@type\":\"ListItem\",\"position\":2,\"name\":\"Cronograma\",\"item\":\"https:\/\/wp.ufpel.edu.br\/piano\/cronograma-2\/\"},{\"@type\":\"ListItem\",\"position\":3,\"name\":\"2017\/2\"}]},{\"@type\":\"WebSite\",\"@id\":\"https:\/\/wp.ufpel.edu.br\/piano\/#website\",\"url\":\"https:\/\/wp.ufpel.edu.br\/piano\/\",\"name\":\"Oficina de M\u00fasica: Piano\",\"description\":\"Universidade Federal de Pelotas\",\"potentialAction\":[{\"@type\":\"SearchAction\",\"target\":{\"@type\":\"EntryPoint\",\"urlTemplate\":\"https:\/\/wp.ufpel.edu.br\/piano\/?s={search_term_string}\"},\"query-input\":{\"@type\":\"PropertyValueSpecification\",\"valueRequired\":true,\"valueName\":\"search_term_string\"}}],\"inLanguage\":\"pt-BR\"}]}<\/script>\n<!-- \/ Yoast SEO plugin. -->","yoast_head_json":{"title":"2017\/2 - Oficina de M\u00fasica: Piano","robots":{"index":"index","follow":"follow","max-snippet":"max-snippet:-1","max-image-preview":"max-image-preview:large","max-video-preview":"max-video-preview:-1"},"canonical":"https:\/\/wp.ufpel.edu.br\/piano\/cronograma-2\/20172-cronos\/","og_locale":"pt_BR","og_type":"article","og_title":"2017\/2 - Oficina de M\u00fasica: Piano","og_description":"at\u00e9 15\/09\/17 Inscri\u00e7\u00f5es para sele\u00e7\u00e3o de novos alunos 25\/09\/17 Divulga\u00e7\u00e3o dos Alunos selecionados 25\/09\/17 Inicio das Aulas 21\/12\/17 Recital dos Alunos da Oficina 22\/12\/17 a 05\/02\/18 Recesso UFPel 05\/02\/18 Retomada das atividades da Oficina 28\/02\/2018 Encerramento das Atividades &nbsp;","og_url":"https:\/\/wp.ufpel.edu.br\/piano\/cronograma-2\/20172-cronos\/","og_site_name":"Oficina de M\u00fasica: Piano","article_modified_time":"2017-09-29T13:41:57+00:00","twitter_card":"summary_large_image","schema":{"@context":"https:\/\/schema.org","@graph":[{"@type":"WebPage","@id":"https:\/\/wp.ufpel.edu.br\/piano\/cronograma-2\/20172-cronos\/","url":"https:\/\/wp.ufpel.edu.br\/piano\/cronograma-2\/20172-cronos\/","name":"2017\/2 - Oficina de M\u00fasica: Piano","isPartOf":{"@id":"https:\/\/wp.ufpel.edu.br\/piano\/#website"},"datePublished":"2017-08-15T20:15:39+00:00","dateModified":"2017-09-29T13:41:57+00:00","breadcrumb":{"@id":"https:\/\/wp.ufpel.edu.br\/piano\/cronograma-2\/20172-cronos\/#breadcrumb"},"inLanguage":"pt-BR","potentialAction":[{"@type":"ReadAction","target":["https:\/\/wp.ufpel.edu.br\/piano\/cronograma-2\/20172-cronos\/"]}]},{"@type":"BreadcrumbList","@id":"https:\/\/wp.ufpel.edu.br\/piano\/cronograma-2\/20172-cronos\/#breadcrumb","itemListElement":[{"@type":"ListItem","position":1,"name":"In\u00edcio","item":"https:\/\/wp.ufpel.edu.br\/piano\/"},{"@type":"ListItem","position":2,"name":"Cronograma","item":"https:\/\/wp.ufpel.edu.br\/piano\/cronograma-2\/"},{"@type":"ListItem","position":3,"name":"2017\/2"}]},{"@type":"WebSite","@id":"https:\/\/wp.ufpel.edu.br\/piano\/#website","url":"https:\/\/wp.ufpel.edu.br\/piano\/","name":"Oficina de M\u00fasica: Piano","description":"Universidade Federal de Pelotas","potentialAction":[{"@type":"SearchAction","target":{"@type":"EntryPoint","urlTemplate":"https:\/\/wp.ufpel.edu.br\/piano\/?s={search_term_string}"},"query-input":{"@type":"PropertyValueSpecification","valueRequired":true,"valueName":"search_term_string"}}],"inLanguage":"pt-BR"}]}},"jetpack_sharing_enabled":true,"jetpack_shortlink":"https:\/\/wp.me\/P8LjYg-2d","_links":{"self":[{"href":"https:\/\/wp.ufpel.edu.br\/piano\/wp-json\/wp\/v2\/pages\/137","targetHints":{"allow":["GET"]}}],"collection":[{"href":"https:\/\/wp.ufpel.edu.br\/piano\/wp-json\/wp\/v2\/pages"}],"about":[{"href":"https:\/\/wp.ufpel.edu.br\/piano\/wp-json\/wp\/v2\/types\/page"}],"author":[{"embeddable":true,"href":"https:\/\/wp.ufpel.edu.br\/piano\/wp-json\/wp\/v2\/users\/751"}],"replies":[{"embeddable":true,"href":"https:\/\/wp.ufpel.edu.br\/piano\/wp-json\/wp\/v2\/comments?post=137"}],"version-history":[{"count":5,"href":"https:\/\/wp.ufpel.edu.br\/piano\/wp-json\/wp\/v2\/pages\/137\/revisions"}],"predecessor-version":[{"id":290,"href":"https:\/\/wp.ufpel.edu.br\/piano\/wp-json\/wp\/v2\/pages\/137\/revisions\/290"}],"up":[{"embeddable":true,"href":"https:\/\/wp.ufpel.edu.br\/piano\/wp-json\/wp\/v2\/pages\/102"}],"wp:attachment":[{"href":"https:\/\/wp.ufpel.edu.br\/piano\/wp-json\/wp\/v2\/media?parent=137"}],"curies":[{"name":"wp","href":"https:\/\/api.w.org\/{rel}","templated":true}]}}