{"id":11,"date":"2017-05-22T10:59:22","date_gmt":"2017-05-22T13:59:22","guid":{"rendered":"https:\/\/wp.ufpel.edu.br\/piano\/?page_id=11"},"modified":"2017-08-16T18:07:49","modified_gmt":"2017-08-16T21:07:49","slug":"cronograma","status":"publish","type":"page","link":"https:\/\/wp.ufpel.edu.br\/piano\/cronograma-2\/cronograma\/","title":{"rendered":"2017\/1"},"content":{"rendered":"<p style=\"text-align: center\"><strong>Cronograma Oficinas de Piano<\/strong><\/p>\n<p>&nbsp;<\/p>\n<table style=\"height: 282px\" width=\"919\">\n<tbody>\n<tr>\n<td>17\/05<\/td>\n<td>Sele\u00e7\u00e3o e Entrevistas<\/td>\n<\/tr>\n<tr>\n<td>19\/05<\/td>\n<td>Divulga\u00e7\u00e3o, resultados e indica\u00e7\u00e3o dos monitores<\/td>\n<\/tr>\n<tr>\n<td>19 a 26\/05<\/td>\n<td>Agendamento das aulas<\/td>\n<\/tr>\n<tr>\n<td>22\/05<\/td>\n<td>In\u00edcio das Aulas<\/td>\n<\/tr>\n<tr>\n<td>12 semanas<\/td>\n<td>Realiza\u00e7\u00e3o das aulas<\/td>\n<\/tr>\n<tr>\n<td>22\/08<\/td>\n<td>Recital de encerramento Audit\u00f3rio 2, Centro de Artes;<\/td>\n<\/tr>\n<\/tbody>\n<\/table>\n<p>&nbsp;<\/p>\n","protected":false},"excerpt":{"rendered":"<p>Cronograma Oficinas de Piano &nbsp; 17\/05 Sele\u00e7\u00e3o e Entrevistas 19\/05 Divulga\u00e7\u00e3o, resultados e indica\u00e7\u00e3o dos monitores 19 a 26\/05 Agendamento das aulas 22\/05 In\u00edcio das Aulas 12 semanas Realiza\u00e7\u00e3o das aulas 22\/08 Recital de encerramento Audit\u00f3rio 2, Centro de Artes; &nbsp;<\/p>\n","protected":false},"author":751,"featured_media":0,"parent":102,"menu_order":0,"comment_status":"closed","ping_status":"closed","template":"","meta":{"jetpack_post_was_ever_published":false,"footnotes":""},"class_list":["post-11","page","type-page","status-publish","hentry"],"yoast_head":"<!-- This site is optimized with the Yoast SEO plugin v26.7 - https:\/\/yoast.com\/wordpress\/plugins\/seo\/ -->\n<title>2017\/1 - Oficina de M\u00fasica: Piano<\/title>\n<meta name=\"robots\" content=\"index, follow, max-snippet:-1, max-image-preview:large, max-video-preview:-1\" \/>\n<link rel=\"canonical\" href=\"https:\/\/wp.ufpel.edu.br\/piano\/cronograma-2\/cronograma\/\" \/>\n<meta property=\"og:locale\" content=\"pt_BR\" \/>\n<meta property=\"og:type\" content=\"article\" \/>\n<meta property=\"og:title\" content=\"2017\/1 - Oficina de M\u00fasica: Piano\" \/>\n<meta property=\"og:description\" content=\"Cronograma Oficinas de Piano &nbsp; 17\/05 Sele\u00e7\u00e3o e Entrevistas 19\/05 Divulga\u00e7\u00e3o, resultados e indica\u00e7\u00e3o dos monitores 19 a 26\/05 Agendamento das aulas 22\/05 In\u00edcio das Aulas 12 semanas Realiza\u00e7\u00e3o das aulas 22\/08 Recital de encerramento Audit\u00f3rio 2, Centro de Artes; &nbsp;\" \/>\n<meta property=\"og:url\" content=\"https:\/\/wp.ufpel.edu.br\/piano\/cronograma-2\/cronograma\/\" \/>\n<meta property=\"og:site_name\" content=\"Oficina de M\u00fasica: Piano\" \/>\n<meta property=\"article:modified_time\" content=\"2017-08-16T21:07:49+00:00\" \/>\n<meta name=\"twitter:card\" content=\"summary_large_image\" \/>\n<script type=\"application\/ld+json\" class=\"yoast-schema-graph\">{\"@context\":\"https:\/\/schema.org\",\"@graph\":[{\"@type\":\"WebPage\",\"@id\":\"https:\/\/wp.ufpel.edu.br\/piano\/cronograma-2\/cronograma\/\",\"url\":\"https:\/\/wp.ufpel.edu.br\/piano\/cronograma-2\/cronograma\/\",\"name\":\"2017\/1 - Oficina de M\u00fasica: Piano\",\"isPartOf\":{\"@id\":\"https:\/\/wp.ufpel.edu.br\/piano\/#website\"},\"datePublished\":\"2017-05-22T13:59:22+00:00\",\"dateModified\":\"2017-08-16T21:07:49+00:00\",\"breadcrumb\":{\"@id\":\"https:\/\/wp.ufpel.edu.br\/piano\/cronograma-2\/cronograma\/#breadcrumb\"},\"inLanguage\":\"pt-BR\",\"potentialAction\":[{\"@type\":\"ReadAction\",\"target\":[\"https:\/\/wp.ufpel.edu.br\/piano\/cronograma-2\/cronograma\/\"]}]},{\"@type\":\"BreadcrumbList\",\"@id\":\"https:\/\/wp.ufpel.edu.br\/piano\/cronograma-2\/cronograma\/#breadcrumb\",\"itemListElement\":[{\"@type\":\"ListItem\",\"position\":1,\"name\":\"In\u00edcio\",\"item\":\"https:\/\/wp.ufpel.edu.br\/piano\/\"},{\"@type\":\"ListItem\",\"position\":2,\"name\":\"Cronograma\",\"item\":\"https:\/\/wp.ufpel.edu.br\/piano\/cronograma-2\/\"},{\"@type\":\"ListItem\",\"position\":3,\"name\":\"2017\/1\"}]},{\"@type\":\"WebSite\",\"@id\":\"https:\/\/wp.ufpel.edu.br\/piano\/#website\",\"url\":\"https:\/\/wp.ufpel.edu.br\/piano\/\",\"name\":\"Oficina de M\u00fasica: Piano\",\"description\":\"Universidade Federal de Pelotas\",\"potentialAction\":[{\"@type\":\"SearchAction\",\"target\":{\"@type\":\"EntryPoint\",\"urlTemplate\":\"https:\/\/wp.ufpel.edu.br\/piano\/?s={search_term_string}\"},\"query-input\":{\"@type\":\"PropertyValueSpecification\",\"valueRequired\":true,\"valueName\":\"search_term_string\"}}],\"inLanguage\":\"pt-BR\"}]}<\/script>\n<!-- \/ Yoast SEO plugin. -->","yoast_head_json":{"title":"2017\/1 - Oficina de M\u00fasica: Piano","robots":{"index":"index","follow":"follow","max-snippet":"max-snippet:-1","max-image-preview":"max-image-preview:large","max-video-preview":"max-video-preview:-1"},"canonical":"https:\/\/wp.ufpel.edu.br\/piano\/cronograma-2\/cronograma\/","og_locale":"pt_BR","og_type":"article","og_title":"2017\/1 - Oficina de M\u00fasica: Piano","og_description":"Cronograma Oficinas de Piano &nbsp; 17\/05 Sele\u00e7\u00e3o e Entrevistas 19\/05 Divulga\u00e7\u00e3o, resultados e indica\u00e7\u00e3o dos monitores 19 a 26\/05 Agendamento das aulas 22\/05 In\u00edcio das Aulas 12 semanas Realiza\u00e7\u00e3o das aulas 22\/08 Recital de encerramento Audit\u00f3rio 2, Centro de Artes; &nbsp;","og_url":"https:\/\/wp.ufpel.edu.br\/piano\/cronograma-2\/cronograma\/","og_site_name":"Oficina de M\u00fasica: Piano","article_modified_time":"2017-08-16T21:07:49+00:00","twitter_card":"summary_large_image","schema":{"@context":"https:\/\/schema.org","@graph":[{"@type":"WebPage","@id":"https:\/\/wp.ufpel.edu.br\/piano\/cronograma-2\/cronograma\/","url":"https:\/\/wp.ufpel.edu.br\/piano\/cronograma-2\/cronograma\/","name":"2017\/1 - Oficina de M\u00fasica: Piano","isPartOf":{"@id":"https:\/\/wp.ufpel.edu.br\/piano\/#website"},"datePublished":"2017-05-22T13:59:22+00:00","dateModified":"2017-08-16T21:07:49+00:00","breadcrumb":{"@id":"https:\/\/wp.ufpel.edu.br\/piano\/cronograma-2\/cronograma\/#breadcrumb"},"inLanguage":"pt-BR","potentialAction":[{"@type":"ReadAction","target":["https:\/\/wp.ufpel.edu.br\/piano\/cronograma-2\/cronograma\/"]}]},{"@type":"BreadcrumbList","@id":"https:\/\/wp.ufpel.edu.br\/piano\/cronograma-2\/cronograma\/#breadcrumb","itemListElement":[{"@type":"ListItem","position":1,"name":"In\u00edcio","item":"https:\/\/wp.ufpel.edu.br\/piano\/"},{"@type":"ListItem","position":2,"name":"Cronograma","item":"https:\/\/wp.ufpel.edu.br\/piano\/cronograma-2\/"},{"@type":"ListItem","position":3,"name":"2017\/1"}]},{"@type":"WebSite","@id":"https:\/\/wp.ufpel.edu.br\/piano\/#website","url":"https:\/\/wp.ufpel.edu.br\/piano\/","name":"Oficina de M\u00fasica: Piano","description":"Universidade Federal de Pelotas","potentialAction":[{"@type":"SearchAction","target":{"@type":"EntryPoint","urlTemplate":"https:\/\/wp.ufpel.edu.br\/piano\/?s={search_term_string}"},"query-input":{"@type":"PropertyValueSpecification","valueRequired":true,"valueName":"search_term_string"}}],"inLanguage":"pt-BR"}]}},"jetpack_sharing_enabled":true,"jetpack_shortlink":"https:\/\/wp.me\/P8LjYg-b","_links":{"self":[{"href":"https:\/\/wp.ufpel.edu.br\/piano\/wp-json\/wp\/v2\/pages\/11","targetHints":{"allow":["GET"]}}],"collection":[{"href":"https:\/\/wp.ufpel.edu.br\/piano\/wp-json\/wp\/v2\/pages"}],"about":[{"href":"https:\/\/wp.ufpel.edu.br\/piano\/wp-json\/wp\/v2\/types\/page"}],"author":[{"embeddable":true,"href":"https:\/\/wp.ufpel.edu.br\/piano\/wp-json\/wp\/v2\/users\/751"}],"replies":[{"embeddable":true,"href":"https:\/\/wp.ufpel.edu.br\/piano\/wp-json\/wp\/v2\/comments?post=11"}],"version-history":[{"count":10,"href":"https:\/\/wp.ufpel.edu.br\/piano\/wp-json\/wp\/v2\/pages\/11\/revisions"}],"predecessor-version":[{"id":169,"href":"https:\/\/wp.ufpel.edu.br\/piano\/wp-json\/wp\/v2\/pages\/11\/revisions\/169"}],"up":[{"embeddable":true,"href":"https:\/\/wp.ufpel.edu.br\/piano\/wp-json\/wp\/v2\/pages\/102"}],"wp:attachment":[{"href":"https:\/\/wp.ufpel.edu.br\/piano\/wp-json\/wp\/v2\/media?parent=11"}],"curies":[{"name":"wp","href":"https:\/\/api.w.org\/{rel}","templated":true}]}}