{"id":99,"date":"2020-06-29T21:01:22","date_gmt":"2020-06-30T00:01:22","guid":{"rendered":"https:\/\/wp.ufpel.edu.br\/photographeinescola\/?page_id=99"},"modified":"2021-05-19T16:26:23","modified_gmt":"2021-05-19T19:26:23","slug":"2020-2","status":"publish","type":"page","link":"https:\/\/wp.ufpel.edu.br\/photographeinescola\/sobre\/edicoes-do-projeto\/2020-2\/","title":{"rendered":"2020"},"content":{"rendered":"<h3 class=\"post-title entry-title\"><a href=\"http:\/\/photographein-pesquisa.blogspot.com\/2020\/03\/ninhos-conchas-e-outras-redondices.html\">NINHOS, CONCHAS E OUTRAS REDONDICES: Exposi\u00e7\u00e3o coletiva no Cine Dunas Cassino<\/a><\/h3>\n<div class=\"post-header\">\n<div class=\"post-header-line-1\"><\/div>\n<\/div>\n<div id=\"post-body-7265075256973242968\" class=\"post-body entry-content\">\n<div>Os pesquisadores do PhotoGraphein apresentaram a exposi\u00e7\u00e3o \u201cNinhos Conchas e Outras Redondices\u201d no Cine Dunas, localizado no Balne\u00e1rio Cassino (Rio Grande, RS), entre os dias 8 de dezembro de 2019 e 3 de janeiro de 2020. A coletiva tem por objetivo\u00a0compartilhar percep\u00e7\u00f5es acerca do espa\u00e7o de cada artista\/pesquisador do grupo\u00a0PhotoGraphein \u2013 N\u00facleo de Pesquisa em Fotografia e Educa\u00e7\u00e3o (UFPel\/CNPq), apresentando sua reflex\u00e3o acerca da morada sonhada no devaneio po\u00e9tico, segundo a leitura da obra \u201cA Po\u00e9tica do Espa\u00e7o\u201d, do\u00a0fil\u00f3sofo franc\u00eas Gaston Bachelard. A exposi\u00e7\u00e3o \u00e9 vinculada ao projeto de pesquisa &#8220;Do P\u00edncel ao Pixel \u2013 Sobre as (RE)apresenta\u00e7\u00f5es de Sujeitos\/Mundo em Imagens&#8221; (UFPel\/CNPq). Nessa vers\u00e3o foram expostas 21 fotografias impressas sobre diferentes suportes, sendo os artistas participantes: Avani Souza, Berenice Bailfus, Cl\u00e1udia Brand\u00e3o, Dhara Carrara, Guilherme Sirtoli, \u00cdtalo Franco, Vanessa Dias e Tatiana Brand\u00e3o.<\/div>\n<div><img class=\"alignnone size-medium wp-image-284\" src=\"https:\/\/wp.ufpel.edu.br\/photographeinescola\/files\/2020\/07\/9-400x300.jpg\" alt=\"\" width=\"400\" height=\"300\" srcset=\"https:\/\/wp.ufpel.edu.br\/photographeinescola\/files\/2020\/07\/9-400x300.jpg 400w, https:\/\/wp.ufpel.edu.br\/photographeinescola\/files\/2020\/07\/9-1024x768.jpg 1024w, https:\/\/wp.ufpel.edu.br\/photographeinescola\/files\/2020\/07\/9-768x576.jpg 768w, https:\/\/wp.ufpel.edu.br\/photographeinescola\/files\/2020\/07\/9-1536x1152.jpg 1536w, https:\/\/wp.ufpel.edu.br\/photographeinescola\/files\/2020\/07\/9.jpg 1600w\" sizes=\"(max-width: 400px) 100vw, 400px\" \/> <img class=\"alignnone size-medium wp-image-285\" src=\"https:\/\/wp.ufpel.edu.br\/photographeinescola\/files\/2020\/07\/1-1-368x400.jpg\" alt=\"\" width=\"368\" height=\"400\" srcset=\"https:\/\/wp.ufpel.edu.br\/photographeinescola\/files\/2020\/07\/1-1-368x400.jpg 368w, https:\/\/wp.ufpel.edu.br\/photographeinescola\/files\/2020\/07\/1-1.jpg 589w\" sizes=\"(max-width: 368px) 100vw, 368px\" \/> <img class=\"alignnone size-medium wp-image-286\" src=\"https:\/\/wp.ufpel.edu.br\/photographeinescola\/files\/2020\/07\/2-400x300.jpg\" alt=\"\" width=\"400\" height=\"300\" srcset=\"https:\/\/wp.ufpel.edu.br\/photographeinescola\/files\/2020\/07\/2-400x300.jpg 400w, https:\/\/wp.ufpel.edu.br\/photographeinescola\/files\/2020\/07\/2-1024x768.jpg 1024w, https:\/\/wp.ufpel.edu.br\/photographeinescola\/files\/2020\/07\/2-768x576.jpg 768w, https:\/\/wp.ufpel.edu.br\/photographeinescola\/files\/2020\/07\/2-1536x1152.jpg 1536w, https:\/\/wp.ufpel.edu.br\/photographeinescola\/files\/2020\/07\/2.jpg 1600w\" sizes=\"(max-width: 400px) 100vw, 400px\" \/> <img class=\"alignnone size-medium wp-image-287\" src=\"https:\/\/wp.ufpel.edu.br\/photographeinescola\/files\/2020\/07\/3-400x300.jpg\" alt=\"\" width=\"400\" height=\"300\" srcset=\"https:\/\/wp.ufpel.edu.br\/photographeinescola\/files\/2020\/07\/3-400x300.jpg 400w, https:\/\/wp.ufpel.edu.br\/photographeinescola\/files\/2020\/07\/3-1024x768.jpg 1024w, https:\/\/wp.ufpel.edu.br\/photographeinescola\/files\/2020\/07\/3-768x576.jpg 768w, https:\/\/wp.ufpel.edu.br\/photographeinescola\/files\/2020\/07\/3-1536x1152.jpg 1536w, https:\/\/wp.ufpel.edu.br\/photographeinescola\/files\/2020\/07\/3.jpg 1600w\" sizes=\"(max-width: 400px) 100vw, 400px\" \/><\/div>\n<\/div>\n<div><\/div>\n<h1>A Fotografia na Escola &#8211; Curso de Forma\u00e7\u00e3o Continuada.<\/h1>\n<div>\n<p>O projeto de extens\u00e3o \u201cPhotographein Vai \u00e0 Escola\u201d, criado em 2012, inserido \u00e2mbito das a\u00e7\u00f5es de extens\u00e3o do PhotoGraphein \u2013 N\u00facleo de Pesquisa em Fotografia e Educa\u00e7\u00e3o (UFPel\/CNPq), tem o objetivo de levar conhecimentos de forma l\u00fadica e proporcionar discuss\u00f5es cr\u00edticas em torno das leituras visuais do mundo e do consumo consciente das imagens, aos alunos de escolas p\u00fablicas do ensino fundamental dos munic\u00edpios de Pelotas e Rio Grande. Entretanto, por conta das peculiaridades pand\u00eamicas do t\u00e3o chamado \u201cnovo normal\u201d, que nos encontramos nesse ano de 2020, foram necess\u00e1rios o replanejamento e o remodelamento do projeto.<\/p>\n<p>A partir de observa\u00e7\u00f5es na comunidade e do feedback dos antigos integrantes do projeto, foi not\u00e1vel uma grande necessidade de algo voltado para a forma\u00e7\u00e3o continuada de professores de arte nas escolas de Pelotas e Rio Grande. Essa car\u00eancia sendo notada, entre os dias 16 \u00e0 25 de Novembro de 2020, o \u201cPhotoGraphein vai \u00e0 Escola\u201d passou ent\u00e3o a atuar de maneira online, oferecendo cursos de forma\u00e7\u00e3o continuada a professores, com encontros virtuais e material did\u00e1tico com enfoque cr\u00edtico na fotografia.<\/p>\n<p>Desde os prim\u00f3rdios da fotografia at\u00e9 os dias atuais, analisando a forma que vemos e consumimos as imagens, principalmente como as crian\u00e7as as consomem diariamente atualmente, entendemos como o tema se torna significativo para abordagens pedag\u00f3gicas. Vendo como manipulamos as imagens e como elas nos s\u00e3o apresentadas, como suas narrativas funcionam, trabalham e para quem trabalham, como se d\u00e1 a sua reverbera\u00e7\u00e3o nas demais artes, e como essa reverbera\u00e7\u00e3o \u00e9 vista e aceita, \u00e9 um foco importante para ser abordado pedagogicamente.<\/p>\n<p>O foco n\u00e3o foi simplesmente levar conhecimentos aos professores, mas sim passar conhecimentos de forma cr\u00edtica para que estes possam posteriormente levar aos seus alunos.<\/p>\n<p><img class=\"size-medium wp-image-379 aligncenter\" src=\"https:\/\/wp.ufpel.edu.br\/photographeinescola\/files\/2021\/05\/WhatsApp-Image-2020-11-16-at-17.50.30-283x400.jpeg\" alt=\"\" width=\"283\" height=\"400\" srcset=\"https:\/\/wp.ufpel.edu.br\/photographeinescola\/files\/2021\/05\/WhatsApp-Image-2020-11-16-at-17.50.30-283x400.jpeg 283w, https:\/\/wp.ufpel.edu.br\/photographeinescola\/files\/2021\/05\/WhatsApp-Image-2020-11-16-at-17.50.30-723x1024.jpeg 723w, https:\/\/wp.ufpel.edu.br\/photographeinescola\/files\/2021\/05\/WhatsApp-Image-2020-11-16-at-17.50.30-768x1087.jpeg 768w, https:\/\/wp.ufpel.edu.br\/photographeinescola\/files\/2021\/05\/WhatsApp-Image-2020-11-16-at-17.50.30.jpeg 904w\" sizes=\"(max-width: 283px) 100vw, 283px\" \/><\/p>\n<p><img class=\"size-medium wp-image-404 aligncenter\" src=\"https:\/\/wp.ufpel.edu.br\/photographeinescola\/files\/2021\/05\/Captura-de-Tela-5-400x245.png\" alt=\"\" width=\"400\" height=\"245\" srcset=\"https:\/\/wp.ufpel.edu.br\/photographeinescola\/files\/2021\/05\/Captura-de-Tela-5-400x245.png 400w, https:\/\/wp.ufpel.edu.br\/photographeinescola\/files\/2021\/05\/Captura-de-Tela-5-768x470.png 768w, https:\/\/wp.ufpel.edu.br\/photographeinescola\/files\/2021\/05\/Captura-de-Tela-5.png 840w\" sizes=\"(max-width: 400px) 100vw, 400px\" \/><\/p>\n<\/div>\n","protected":false},"excerpt":{"rendered":"<p>NINHOS, CONCHAS E OUTRAS REDONDICES: Exposi\u00e7\u00e3o coletiva no Cine Dunas Cassino Os pesquisadores do PhotoGraphein apresentaram a exposi\u00e7\u00e3o \u201cNinhos Conchas e Outras Redondices\u201d no Cine Dunas, localizado no Balne\u00e1rio Cassino (Rio Grande, RS), entre os dias 8 de dezembro de 2019 e 3 de janeiro de 2020. A coletiva tem por objetivo\u00a0compartilhar percep\u00e7\u00f5es acerca do [&hellip;]<\/p>\n","protected":false},"author":1026,"featured_media":0,"parent":75,"menu_order":0,"comment_status":"closed","ping_status":"closed","template":"","meta":{"footnotes":""},"class_list":["post-99","page","type-page","status-publish","hentry"],"_links":{"self":[{"href":"https:\/\/wp.ufpel.edu.br\/photographeinescola\/wp-json\/wp\/v2\/pages\/99","targetHints":{"allow":["GET"]}}],"collection":[{"href":"https:\/\/wp.ufpel.edu.br\/photographeinescola\/wp-json\/wp\/v2\/pages"}],"about":[{"href":"https:\/\/wp.ufpel.edu.br\/photographeinescola\/wp-json\/wp\/v2\/types\/page"}],"author":[{"embeddable":true,"href":"https:\/\/wp.ufpel.edu.br\/photographeinescola\/wp-json\/wp\/v2\/users\/1026"}],"replies":[{"embeddable":true,"href":"https:\/\/wp.ufpel.edu.br\/photographeinescola\/wp-json\/wp\/v2\/comments?post=99"}],"version-history":[{"count":5,"href":"https:\/\/wp.ufpel.edu.br\/photographeinescola\/wp-json\/wp\/v2\/pages\/99\/revisions"}],"predecessor-version":[{"id":405,"href":"https:\/\/wp.ufpel.edu.br\/photographeinescola\/wp-json\/wp\/v2\/pages\/99\/revisions\/405"}],"up":[{"embeddable":true,"href":"https:\/\/wp.ufpel.edu.br\/photographeinescola\/wp-json\/wp\/v2\/pages\/75"}],"wp:attachment":[{"href":"https:\/\/wp.ufpel.edu.br\/photographeinescola\/wp-json\/wp\/v2\/media?parent=99"}],"curies":[{"name":"wp","href":"https:\/\/api.w.org\/{rel}","templated":true}]}}