{"id":84,"date":"2020-06-29T20:58:39","date_gmt":"2020-06-29T23:58:39","guid":{"rendered":"https:\/\/wp.ufpel.edu.br\/photographeinescola\/?page_id=84"},"modified":"2020-07-05T19:44:28","modified_gmt":"2020-07-05T22:44:28","slug":"2014-2","status":"publish","type":"page","link":"https:\/\/wp.ufpel.edu.br\/photographeinescola\/sobre\/edicoes-do-projeto\/2014-2\/","title":{"rendered":"2014"},"content":{"rendered":"<h3 style=\"text-align: justify\"><a href=\"http:\/\/photographein-pesquisa.blogspot.com\/2014\/05\/dia-da-criatividade-e-os-criativos.html\"><strong>Dia da Criatividade e os CriAtivos<\/strong><\/a><\/h3>\n<div>\n<p style=\"text-align: justify\">No dia 26 de Abril, o PhotoGraphein &#8211; N\u00facleo de Pesquisa em Fotografia e Educa\u00e7\u00e3o participou do Dia da Criatividade em comemora\u00e7\u00e3o aos 65 anos da Escola de Belas Artes. A atividade se deu na manh\u00e3 de s\u00e1bado, na pra\u00e7a Cipriano Barcellos trazendo como proposta as \u201cTecnologias do Imagin\u00e1rio\u201d com experimenta\u00e7\u00f5es fotogr\u00e1ficas.<br \/>\nUtilizamos de t\u00e9cnicas e mat\u00e9rias desenvolvidos pelo aluno Gustavo Reginatto, como o \u201cDispositivo Fotogr\u00e1fico\u201d que capta e imprimi a imagem na hora e\u00a0 a \u201cC\u00e2mera L\u00facida\u201d onde voc\u00ea desenha o que est\u00e1 enxergando. Utilizamos tamb\u00e9m as \u201cC\u00e2meras na Lata de Sardinha\u201d, onde a proposta era fotografar os arredores do local que est\u00e1vamos, \u00a0despertando o interesse dos curiosos que passavam por ali para observar e tamb\u00e9m experimentar.<br \/>\nA\u00a0 a\u00e7\u00e3o contou com a participa\u00e7\u00e3o da Prof\u00aa Cl\u00e1udia Brand\u00e3o, dos alunos Gustavo Reginatto, B\u00e1rbara Cezano, Carine Rodriguez, Paola Brum e contou tamb\u00e9m com a grande participa\u00e7\u00e3o dos demais que passaram pelo local.<\/p>\n<p style=\"text-align: justify\">Confira um pouco dessa tarde no Gazebo do PhotoGraphein pelo olhar de Paola Brum.<\/p>\n<\/div>\n<p><img class=\"alignnone size-medium wp-image-146\" src=\"https:\/\/wp.ufpel.edu.br\/photographeinescola\/files\/2020\/07\/DSCN9575-Copia-400x299.jpg\" alt=\"\" width=\"400\" height=\"299\" srcset=\"https:\/\/wp.ufpel.edu.br\/photographeinescola\/files\/2020\/07\/DSCN9575-Copia-400x299.jpg 400w, https:\/\/wp.ufpel.edu.br\/photographeinescola\/files\/2020\/07\/DSCN9575-Copia-768x575.jpg 768w, https:\/\/wp.ufpel.edu.br\/photographeinescola\/files\/2020\/07\/DSCN9575-Copia.jpg 1024w\" sizes=\"(max-width: 400px) 100vw, 400px\" \/> <img class=\"alignnone size-medium wp-image-147\" src=\"https:\/\/wp.ufpel.edu.br\/photographeinescola\/files\/2020\/07\/DSCN9627-Copia-400x300.jpg\" alt=\"\" width=\"400\" height=\"300\" srcset=\"https:\/\/wp.ufpel.edu.br\/photographeinescola\/files\/2020\/07\/DSCN9627-Copia-400x300.jpg 400w, https:\/\/wp.ufpel.edu.br\/photographeinescola\/files\/2020\/07\/DSCN9627-Copia-768x576.jpg 768w, https:\/\/wp.ufpel.edu.br\/photographeinescola\/files\/2020\/07\/DSCN9627-Copia.jpg 1024w\" sizes=\"(max-width: 400px) 100vw, 400px\" \/> <img class=\"alignnone size-medium wp-image-148\" src=\"https:\/\/wp.ufpel.edu.br\/photographeinescola\/files\/2020\/07\/DSCN9733-400x277.jpg\" alt=\"\" width=\"400\" height=\"277\" srcset=\"https:\/\/wp.ufpel.edu.br\/photographeinescola\/files\/2020\/07\/DSCN9733-400x277.jpg 400w, https:\/\/wp.ufpel.edu.br\/photographeinescola\/files\/2020\/07\/DSCN9733-768x532.jpg 768w, https:\/\/wp.ufpel.edu.br\/photographeinescola\/files\/2020\/07\/DSCN9733.jpg 939w\" sizes=\"(max-width: 400px) 100vw, 400px\" \/><\/p>\n<p>&nbsp;<\/p>\n<p>&nbsp;<\/p>\n<h3 class=\"post-title entry-title\"><a href=\"http:\/\/photographein-pesquisa.blogspot.com\/2014\/08\/do-quadrado-para-galeria.html\">Do Quadrado para a Galeria<\/a><\/h3>\n<p style=\"text-align: justify\">No dia 19 de agosto de 2014, o Photographein tamb\u00e9m marcou presen\u00e7a no evento Espa\u00e7o de Arte Contempor\u00e2nea Triplex, o projeto FLUTUAVEL contou com trabalhos desenvolvidos pelo artista Mauricio Ploenals. Das c\u00e2meras digitais \u00e0 <i>pinhole<\/i>\u00a0o trabalho traz, al\u00e9m do olhar de Ploenals, as mais diversas perspectivas sensivelmente captadas pelas lentes de outros artistas, entre os quais, tamb\u00e9m est\u00e3o os integrantes do Photographein.<\/p>\n<p><img class=\"wp-image-149 aligncenter\" src=\"https:\/\/wp.ufpel.edu.br\/photographeinescola\/files\/2020\/07\/flutuavel-pons-280x400.jpg\" alt=\"\" width=\"339\" height=\"485\" srcset=\"https:\/\/wp.ufpel.edu.br\/photographeinescola\/files\/2020\/07\/flutuavel-pons-280x400.jpg 280w, https:\/\/wp.ufpel.edu.br\/photographeinescola\/files\/2020\/07\/flutuavel-pons.jpg 671w\" sizes=\"(max-width: 339px) 100vw, 339px\" \/><\/p>\n<p>&nbsp;<\/p>\n<p>&nbsp;<\/p>\n<h3 class=\"post-title entry-title\"><a href=\"http:\/\/photographein-pesquisa.blogspot.com\/2014\/08\/fototeca-promove-1-jornada-da-fotografia.html\">FOTOTECA promove a 1\u00aa Jornada da Fotografia<\/a><\/h3>\n<div>\n<div style=\"text-align: justify\"><span style=\"font-size: 12pt\">No dia 19 de agosto de 2014, o PhotoGraphein participou deste evento na cidade de Rio Grande \u2013 RS, com comunica\u00e7\u00f5es no Sal\u00e3o Nobre da Prefeitura Municipal. Levamos pela parte da manh\u00e3 uma apresenta\u00e7\u00e3o que tratou do tema \u201cExperi\u00eancias Fotogr\u00e1ficas que Ativam a Sensibilidade do Olhar\u201d relatando sobre as motiva\u00e7\u00f5es que desencadearam o projeto \u201cPhotoGraphein vai \u00e0 escola\u201d.<\/span><br \/>\n<span style=\"font-size: 12pt\">Neste mesmo dia, no per\u00edodo da noite, a Prof\u00aa. Dra. Claudia Mattos Brand\u00e3o palestrou \u201cSobre o Fotogr\u00e1fico e as Narrativas de Si\u201d abordando temas como imagin\u00e1rio, fotographia e autoforma\u00e7\u00e3o.<\/span><br \/>\n<span style=\"font-size: 12pt\">Para encerrar nossa participa\u00e7\u00e3o no evento, juntamente com o Prof\u00ba Rodrigo de Assis Brasil Valentinie a Prof\u00aa X\u00eania Velloso oferecemos uma oficina de Carto\/Foto\/Graphia tendo como foco a Pra\u00e7a Xavier e a carto-graphia que cada participante faz sobre esse espa\u00e7o de acordo com suas viv\u00eancias e leituras pessoais.<\/span><\/div>\n<div><\/div>\n<div><\/div>\n<div><img class=\"wp-image-151 aligncenter\" src=\"https:\/\/wp.ufpel.edu.br\/photographeinescola\/files\/2020\/07\/jornadafotografia-400x300.jpg\" alt=\"\" width=\"485\" height=\"364\" srcset=\"https:\/\/wp.ufpel.edu.br\/photographeinescola\/files\/2020\/07\/jornadafotografia-400x300.jpg 400w, https:\/\/wp.ufpel.edu.br\/photographeinescola\/files\/2020\/07\/jornadafotografia.jpg 630w\" sizes=\"(max-width: 485px) 100vw, 485px\" \/><\/div>\n<\/div>\n<div><\/div>\n<div><\/div>\n<div><\/div>\n<div><\/div>\n<div><\/div>\n<div>\n<h3><\/h3>\n<h3 class=\"post-title entry-title\"><strong>PhotoGraphein participa da exposi\u00e7\u00e3o [Lugares-Livro] durante programa\u00e7\u00e3o da 42\u00aa Feira do Livro de Pelotas<\/strong><\/h3>\n<\/div>\n<p style=\"text-align: justify\">No dia 31 de outubro de 2014, aconteceu a inaugura\u00e7\u00e3o da Estante de Livros de Artista da Livraria da UFPel, juntamente com a abertura da exposi\u00e7\u00e3o que integram as a\u00e7\u00f5es do &#8220;Projeto Lugares-Livro: dimens\u00f5es materiais e po\u00e9ticas&#8221;, coordenado pela artista e professora do Centro de Artes Helene Sacco. O Projeto foi contemplado pela programa\u00e7\u00e3o da 42\u00aa Feira do Livro de Pelotas, contando ainda com outras atividades, como oficinas e palestras que aconteceram durante o per\u00edodo em que a feira liter\u00e1ria aconteceu na cidade.<\/p>\n<p style=\"text-align: justify\">O PhotoGraphein participou da exposi\u00e7\u00e3o com trabalhos \u00fanicos, dentro da proposta &#8220;O conhecer como conhecer-se&#8221;, apresentado pelo grupo a partir da interven\u00e7\u00e3o em 5 tomos da Cole\u00e7\u00e3o-Enciclop\u00e9dia Conhecer, elaborados por Alol Lola, Amanda Corr\u00eaa, B\u00e1rbara Cezano, Cl\u00e1udia Brand\u00e3o e Gustavo Reginato. O PhotoGraphein ainda participa com um trabalho m\u00faltiplo, poss\u00edvel de ser adquirido na mais nova Estante de Livros de Artista da Livraria da UFPel, que consiste em uma pequena cole\u00e7\u00e3o de cart\u00f5es postais que trazem fotografias de autoria dos integrantes do N\u00facleo de Pesquisa, feitas durante imers\u00e3o fotogr\u00e1fica no Museu-Atelier do artista Hamilton Koelho, localizado na Barra do Chu\u00ed.<\/p>\n<div><\/div>\n<div><\/div>\n<div><img class=\"wp-image-152 aligncenter\" src=\"https:\/\/wp.ufpel.edu.br\/photographeinescola\/files\/2020\/07\/L1-337x400.jpg\" alt=\"\" width=\"394\" height=\"468\" srcset=\"https:\/\/wp.ufpel.edu.br\/photographeinescola\/files\/2020\/07\/L1-337x400.jpg 337w, https:\/\/wp.ufpel.edu.br\/photographeinescola\/files\/2020\/07\/L1-768x912.jpg 768w, https:\/\/wp.ufpel.edu.br\/photographeinescola\/files\/2020\/07\/L1.jpg 808w\" sizes=\"(max-width: 394px) 100vw, 394px\" \/><\/div>\n<div><\/div>\n<div><\/div>\n<div><\/div>\n<div>\n<h3 class=\"post-title entry-title\"><strong>Exposi\u00e7\u00e3o Est\u00e9ticas da F\u00e9<\/strong><\/h3>\n<\/div>\n<p>No final do ano de 2014, nos dias 02 a 15 de Dezembro de 2014, o projeto apresentou a exposi\u00e7\u00e3o coletiva intitulada Est\u00e9ticas da F\u00e9. Os integrantes do grupo Amanda Corr\u00eaa, Alol, Lola, B\u00e1rbara Cezano, Carine Rodriguez, Cl\u00e1udia Brand\u00e3o, Dani Santos e Gustavo Reginato estiveram expondo suas obras no por\u00e3o do Museu do Doce (casar\u00e3o n\u00ba 8) no entorno da Pra\u00e7a Coronel Pedro Os\u00f3rio.<\/p>\n<p><img class=\"wp-image-153 aligncenter\" src=\"https:\/\/wp.ufpel.edu.br\/photographeinescola\/files\/2020\/07\/1398519_488088901333750_7085601400756762337_o-235x400.jpg\" alt=\"\" width=\"361\" height=\"614\" srcset=\"https:\/\/wp.ufpel.edu.br\/photographeinescola\/files\/2020\/07\/1398519_488088901333750_7085601400756762337_o-235x400.jpg 235w, https:\/\/wp.ufpel.edu.br\/photographeinescola\/files\/2020\/07\/1398519_488088901333750_7085601400756762337_o.jpg 564w\" sizes=\"(max-width: 361px) 100vw, 361px\" \/><\/p>\n<p><img class=\"alignnone size-medium wp-image-154\" src=\"https:\/\/wp.ufpel.edu.br\/photographeinescola\/files\/2020\/07\/6-400x300.jpg\" alt=\"\" width=\"400\" height=\"300\" srcset=\"https:\/\/wp.ufpel.edu.br\/photographeinescola\/files\/2020\/07\/6-400x300.jpg 400w, https:\/\/wp.ufpel.edu.br\/photographeinescola\/files\/2020\/07\/6-768x576.jpg 768w, https:\/\/wp.ufpel.edu.br\/photographeinescola\/files\/2020\/07\/6.jpg 1024w\" sizes=\"(max-width: 400px) 100vw, 400px\" \/> <img class=\"alignnone size-medium wp-image-155\" src=\"https:\/\/wp.ufpel.edu.br\/photographeinescola\/files\/2020\/07\/7-400x300.jpg\" alt=\"\" width=\"400\" height=\"300\" srcset=\"https:\/\/wp.ufpel.edu.br\/photographeinescola\/files\/2020\/07\/7-400x300.jpg 400w, https:\/\/wp.ufpel.edu.br\/photographeinescola\/files\/2020\/07\/7-768x576.jpg 768w, https:\/\/wp.ufpel.edu.br\/photographeinescola\/files\/2020\/07\/7.jpg 1024w\" sizes=\"(max-width: 400px) 100vw, 400px\" \/> <img class=\"alignnone size-medium wp-image-156\" src=\"https:\/\/wp.ufpel.edu.br\/photographeinescola\/files\/2020\/07\/8-300x400.jpg\" alt=\"\" width=\"300\" height=\"400\" srcset=\"https:\/\/wp.ufpel.edu.br\/photographeinescola\/files\/2020\/07\/8-300x400.jpg 300w, https:\/\/wp.ufpel.edu.br\/photographeinescola\/files\/2020\/07\/8.jpg 768w\" sizes=\"(max-width: 300px) 100vw, 300px\" \/> <img class=\"alignnone size-medium wp-image-157\" src=\"https:\/\/wp.ufpel.edu.br\/photographeinescola\/files\/2020\/07\/12-300x400.jpg\" alt=\"\" width=\"300\" height=\"400\" srcset=\"https:\/\/wp.ufpel.edu.br\/photographeinescola\/files\/2020\/07\/12-300x400.jpg 300w, https:\/\/wp.ufpel.edu.br\/photographeinescola\/files\/2020\/07\/12-768x1024.jpg 768w, https:\/\/wp.ufpel.edu.br\/photographeinescola\/files\/2020\/07\/12-1152x1536.jpg 1152w, https:\/\/wp.ufpel.edu.br\/photographeinescola\/files\/2020\/07\/12.jpg 1200w\" sizes=\"(max-width: 300px) 100vw, 300px\" \/><\/p>\n","protected":false},"excerpt":{"rendered":"<p>Dia da Criatividade e os CriAtivos No dia 26 de Abril, o PhotoGraphein &#8211; N\u00facleo de Pesquisa em Fotografia e Educa\u00e7\u00e3o participou do Dia da Criatividade em comemora\u00e7\u00e3o aos 65 anos da Escola de Belas Artes. A atividade se deu na manh\u00e3 de s\u00e1bado, na pra\u00e7a Cipriano Barcellos trazendo como proposta as \u201cTecnologias do Imagin\u00e1rio\u201d [&hellip;]<\/p>\n","protected":false},"author":1026,"featured_media":0,"parent":75,"menu_order":0,"comment_status":"closed","ping_status":"closed","template":"","meta":{"footnotes":""},"class_list":["post-84","page","type-page","status-publish","hentry"],"_links":{"self":[{"href":"https:\/\/wp.ufpel.edu.br\/photographeinescola\/wp-json\/wp\/v2\/pages\/84","targetHints":{"allow":["GET"]}}],"collection":[{"href":"https:\/\/wp.ufpel.edu.br\/photographeinescola\/wp-json\/wp\/v2\/pages"}],"about":[{"href":"https:\/\/wp.ufpel.edu.br\/photographeinescola\/wp-json\/wp\/v2\/types\/page"}],"author":[{"embeddable":true,"href":"https:\/\/wp.ufpel.edu.br\/photographeinescola\/wp-json\/wp\/v2\/users\/1026"}],"replies":[{"embeddable":true,"href":"https:\/\/wp.ufpel.edu.br\/photographeinescola\/wp-json\/wp\/v2\/comments?post=84"}],"version-history":[{"count":16,"href":"https:\/\/wp.ufpel.edu.br\/photographeinescola\/wp-json\/wp\/v2\/pages\/84\/revisions"}],"predecessor-version":[{"id":171,"href":"https:\/\/wp.ufpel.edu.br\/photographeinescola\/wp-json\/wp\/v2\/pages\/84\/revisions\/171"}],"up":[{"embeddable":true,"href":"https:\/\/wp.ufpel.edu.br\/photographeinescola\/wp-json\/wp\/v2\/pages\/75"}],"wp:attachment":[{"href":"https:\/\/wp.ufpel.edu.br\/photographeinescola\/wp-json\/wp\/v2\/media?parent=84"}],"curies":[{"name":"wp","href":"https:\/\/api.w.org\/{rel}","templated":true}]}}