{"id":78,"date":"2020-06-29T20:57:38","date_gmt":"2020-06-29T23:57:38","guid":{"rendered":"https:\/\/wp.ufpel.edu.br\/photographeinescola\/?page_id=78"},"modified":"2020-07-03T20:36:42","modified_gmt":"2020-07-03T23:36:42","slug":"2012-2","status":"publish","type":"page","link":"https:\/\/wp.ufpel.edu.br\/photographeinescola\/sobre\/edicoes-do-projeto\/2012-2\/","title":{"rendered":"2012"},"content":{"rendered":"<p>No dia 19 de abril de 2012\u00a0 PhotoGraphein teve sua primeira a\u00e7\u00e3o, sediado no Col\u00e9gio Sinodal Alfredo Simon, Pelotas\/RS, participando do projeto <strong><a href=\"http:\/\/photographein-pesquisa.blogspot.com\/2012\/06\/fotografia-na-escola-amplificando.html\">&#8220;Registros e Olhares&#8221;<\/a>,<\/strong> nesta ocasi\u00e3o, Amanda Corr\u00eaa (bolsista neste ano) e Juliano Petitot palestraram para estudantes do ensino m\u00e9dio sobre quest\u00f5es hist\u00f3ricas que envolvem o processo da fotografia, na atividade, mostraram reprodu\u00e7\u00f5es de obras art\u00edsticas que utilizavam o autorretrato em suas proposi\u00e7\u00f5es art\u00edsticas com diferentes finalidades. Nesta atividade, foram mostradas os resultados das pesquisas deselvolvidas pelos integrantes do N\u00facleo de Pesquisa em Fotografia e Educa\u00e7\u00e3o que aborda a constru\u00e7\u00e3o e utiliza\u00e7\u00e3o de c\u00e2meras \u201clata de sardinha\u201d ou <i>pin hole<\/i>. Foram apresentadas c\u00e2meras anal\u00f3gicas e as artesanais, e a partir desta conversa,\u00a0 propuseram uma oficina de c\u00e2meras artesanais como forma de exerc\u00edcio.<\/p>\n<p>Os adolescentes ficaram muito entusiasmados\u00a0 com a possibilidade de construir suas pr\u00f3prias &#8220;m\u00e1quinas fotogr\u00e1ficas&#8221;, desenvolver esta atividade despertou aos alunos o interesse e a imagina\u00e7\u00e3o, onde os resultados foram inesperados e instigantes. O link do site de c\u00e2meras anal\u00f3gicas est\u00e1 disponibilizado no nosso <a href=\"http:\/\/photographein-pesquisa.blogspot.com\/2012\/06\/fotografia-na-escola-amplificando.html\">blog,<\/a> onde acompanha o v\u00eddeo de constru\u00e7\u00e3o da c\u00e2mera artesanal em caixa de f\u00f3sforos.<\/p>\n<p><strong>Nossa pesquisa sobre c\u00e2mera pinhole est\u00e1 dispon\u00edvel aqui:\u00a0<a href=\"https:\/\/wp.ufpel.edu.br\/photographeinescola\/files\/2020\/07\/2012-Fotografia-Pinhole.pdf\">2012 Fotografia Pinhole<\/a>.<\/strong><\/p>\n<p><img class=\"alignnone size-medium wp-image-138\" src=\"https:\/\/wp.ufpel.edu.br\/photographeinescola\/files\/2020\/07\/05-400x267.jpg\" alt=\"\" width=\"400\" height=\"267\" srcset=\"https:\/\/wp.ufpel.edu.br\/photographeinescola\/files\/2020\/07\/05-400x267.jpg 400w, https:\/\/wp.ufpel.edu.br\/photographeinescola\/files\/2020\/07\/05-768x512.jpg 768w, https:\/\/wp.ufpel.edu.br\/photographeinescola\/files\/2020\/07\/05.jpg 1024w\" sizes=\"(max-width: 400px) 100vw, 400px\" \/> <img class=\"alignnone size-medium wp-image-139\" src=\"https:\/\/wp.ufpel.edu.br\/photographeinescola\/files\/2020\/07\/07-400x267.jpg\" alt=\"\" width=\"400\" height=\"267\" srcset=\"https:\/\/wp.ufpel.edu.br\/photographeinescola\/files\/2020\/07\/07-400x267.jpg 400w, https:\/\/wp.ufpel.edu.br\/photographeinescola\/files\/2020\/07\/07-768x512.jpg 768w, https:\/\/wp.ufpel.edu.br\/photographeinescola\/files\/2020\/07\/07.jpg 1024w\" sizes=\"(max-width: 400px) 100vw, 400px\" \/><\/p>\n<p>&nbsp;<\/p>\n","protected":false},"excerpt":{"rendered":"<p>No dia 19 de abril de 2012\u00a0 PhotoGraphein teve sua primeira a\u00e7\u00e3o, sediado no Col\u00e9gio Sinodal Alfredo Simon, Pelotas\/RS, participando do projeto &#8220;Registros e Olhares&#8221;, nesta ocasi\u00e3o, Amanda Corr\u00eaa (bolsista neste ano) e Juliano Petitot palestraram para estudantes do ensino m\u00e9dio sobre quest\u00f5es hist\u00f3ricas que envolvem o processo da fotografia, na atividade, mostraram reprodu\u00e7\u00f5es de [&hellip;]<\/p>\n","protected":false},"author":1026,"featured_media":0,"parent":75,"menu_order":0,"comment_status":"closed","ping_status":"closed","template":"","meta":{"footnotes":""},"class_list":["post-78","page","type-page","status-publish","hentry"],"_links":{"self":[{"href":"https:\/\/wp.ufpel.edu.br\/photographeinescola\/wp-json\/wp\/v2\/pages\/78","targetHints":{"allow":["GET"]}}],"collection":[{"href":"https:\/\/wp.ufpel.edu.br\/photographeinescola\/wp-json\/wp\/v2\/pages"}],"about":[{"href":"https:\/\/wp.ufpel.edu.br\/photographeinescola\/wp-json\/wp\/v2\/types\/page"}],"author":[{"embeddable":true,"href":"https:\/\/wp.ufpel.edu.br\/photographeinescola\/wp-json\/wp\/v2\/users\/1026"}],"replies":[{"embeddable":true,"href":"https:\/\/wp.ufpel.edu.br\/photographeinescola\/wp-json\/wp\/v2\/comments?post=78"}],"version-history":[{"count":5,"href":"https:\/\/wp.ufpel.edu.br\/photographeinescola\/wp-json\/wp\/v2\/pages\/78\/revisions"}],"predecessor-version":[{"id":144,"href":"https:\/\/wp.ufpel.edu.br\/photographeinescola\/wp-json\/wp\/v2\/pages\/78\/revisions\/144"}],"up":[{"embeddable":true,"href":"https:\/\/wp.ufpel.edu.br\/photographeinescola\/wp-json\/wp\/v2\/pages\/75"}],"wp:attachment":[{"href":"https:\/\/wp.ufpel.edu.br\/photographeinescola\/wp-json\/wp\/v2\/media?parent=78"}],"curies":[{"name":"wp","href":"https:\/\/api.w.org\/{rel}","templated":true}]}}