{"id":62,"date":"2020-06-29T18:55:28","date_gmt":"2020-06-29T21:55:28","guid":{"rendered":"https:\/\/wp.ufpel.edu.br\/photographeinescola\/?page_id=62"},"modified":"2020-11-13T18:23:53","modified_gmt":"2020-11-13T21:23:53","slug":"sobre","status":"publish","type":"page","link":"https:\/\/wp.ufpel.edu.br\/photographeinescola\/sobre\/","title":{"rendered":"SOBRE"},"content":{"rendered":"<section id=\"single_post\" class=\"sem-sidebar\">\n<article id=\"single_post_inside\" class=\"single_post_inside\">\u00a0\u00a0\u00a0\u00a0 Iniciado em 2012, o projeto se insere no \u00e2mbito das a\u00e7\u00f5es de extens\u00e3o do PhotoGraphein \u2013 N\u00facleo de Pesquisa em Fotografia e Educa\u00e7\u00e3o (UFPel\/CNPq), levando para a realidade escolar o resultado das pesquisas desenvolvidas no N\u00facleo. Visa proporcionar um espa\u00e7o para discuss\u00f5es sobre a fotografia como uma possibilidade de ver o cotidiano sob outra perspectiva, propondo o exerc\u00edcio do olhar cr\u00edtico e a aproxima\u00e7\u00e3o efetiva das pesquisas acad\u00eamicas do contexto escolar. O PhotoGraphein vai \u00e0 Escola possibilita abordar na escola ludicamente a import\u00e2ncia de leituras visuais do mundo, suprindo demandas das escolas com rela\u00e7\u00e3o ao consumo consciente das imagens. Seu desenvolvimento permite discuss\u00f5es facilitadoras da constru\u00e7\u00e3o de um conhecimento te\u00f3rico-pr\u00e1tico sobre a linguagem fotogr\u00e1fica, anal\u00f3gica e digital, em conson\u00e2ncia com a realidade. Suas atividades, te\u00f3ricas e pr\u00e1ticas, tem como foco estudantes do ensino fundamental dos munic\u00edpios de Pelotas e Rio Grande, contemplando tamb\u00e9m, a forma\u00e7\u00e3o docente continuada, de modo remoto ou presencial. Articulados por uma proposta comum, os envolvidos dos dois munic\u00edpios t\u00eam acesso a conhecimentos sistematizados sobre: hist\u00f3ria da fotografia, fotografia pinhole, cultura visual, educa\u00e7\u00e3o do olhar e pr\u00e1ticas metodol\u00f3gicas relacionadas \u00e0 fotografia e \u00e0 Arte Postal.<\/article>\n<article><\/article>\n<article><\/article>\n<\/section>\n<article><\/article>\n<article><a href=\"https:\/\/wp.ufpel.edu.br\/photographeinescola\/sobre\/edicoes-do-projeto\/\"><strong>EDI\u00c7\u00d5ES DO PROJETO<\/strong><\/a><\/article>\n<article>\n<article class=\"single_post_inside\">BOLSISTAS:<\/article>\n<article class=\"single_post_inside\"><a href=\"https:\/\/wp.ufpel.edu.br\/photographeinescola\/sobre\/edicoes-do-projeto\/2012-2\/\">2012<\/a> \u2013\u00a0 <a href=\"http:\/\/buscatextual.cnpq.br\/buscatextual\/visualizacv.do?id=K4490987E6&amp;tokenCaptchar=03AGdBq27B__4jNj7AT9V4FFLGjJhN1c5uSRrHITklZqG3Ls3MRZMjNlzlFGD4RWKtG7lFzpghEXRVaLjVDb8gCeUZOuEPWQ5tMsq48flgpYf8suXdceUCkdeX7iq3spe04rcFIiH1lr5v8tXen37BspzrngfFzgCt9Xk9k6sM21VzuAVcIFXRHLyPT9gqIpTlkCeG4-T0SSpEglf_efb5dx6jAl56MWbRyPzVPU7F8cQxE5DaJGyxvpF6vVe8AIzXGPiQAsGBVZKDlBIc8eouTzCKgQO2CX1JAQC--g86npicsLy8bz4m9EUR2C8dxX-IpxoYyGJy9YHWAWuIPI82jZ1MSNt8LzCQYvzO9_A7iG5BLpRQmYFCw8ef7V0qKZiLNo_5Qk4QVFGOUJSzoZR57JkCg6uwivKGbA\">Amanda Ribeiro Corr\u00eaa<\/a> e <a href=\"http:\/\/buscatextual.cnpq.br\/buscatextual\/visualizacv.do?id=K4362696H0&amp;tokenCaptchar=03AGdBq27En-1HPTlekfov6vXstI9RMNlYd9fsa5LMDmQ7O533UiLkEoDBMAKNNF0xOA2WaFRMeDqI6zfrYhYb5KrwvuGsXdRhx5z2RC4RjLxbOF9913Ck9wMxxU72pPNoowdnhEK2CFIAtyF1PpqSdnCMQM-E8SUDAogqARgNRDoKb22yNFZysv0aDVEF3gmrFvXQwU1R8j3qzCvrVKyJWuRnMR2byqabTdRvaqrbSIxDvwZUjujZtIASZt7KMqoGPPhBgOmEB3ypZbZ4tCAzZyZ68obbv4S0JqpkJ2UsbP9GuAV1V_hkyB4FW3elo73mZn6koV7wmfR21SWax362hA2vhRZ_e6gO9fe0fbh3odN0QRPZ1TDmIDYeRfyM7sRiIzV8sCPVgK-ay3rJoeAxDVXEU74jP0OqzA\">Juliano Petitot<\/a> (Volunt\u00e1rios)<\/article>\n<article class=\"single_post_inside\"><a href=\"https:\/\/wp.ufpel.edu.br\/photographeinescola\/sobre\/edicoes-do-projeto\/2014-2\/\">2014<\/a> \u2013 <a href=\"http:\/\/buscatextual.cnpq.br\/buscatextual\/visualizacv.do?id=K4977174T2&amp;tokenCaptchar=03AGdBq273uCd-G8ItTixrstAFwaJejNOGps0-SsAh6Y0aRC7IA_iiD0xLpxU7OiTWpBdf8HFwXPRzJLfdqNSsfamiOToYIBU6AENnCW_80GwvR6bs-Edr-hn-XomQ7dK901QnAc7Tn_Xc7xbNQVy0b5X8Tk0epimVxJwhvZiVamRmnnW3akEowXpmk2qY23GlSIRO9DhsP8_ftREU5ZB_LHE6RcNAb3UY9ElgNG9YFL-iCvwJzYgO7yeEwBzH0YmU4hHCXyZFtR_o7tVRq4CAfyApHp8wcSXlOnW-O6aAp8SERISUrKd-5EBTVeiTo_vkewazYnA4HQkZbMxq6r412ec0jrLy9L1diJ1Zg36U1CrtFPA4ZtJcQOG6toeakcs3Y29t8Vfg7xUAvC9U86qJoONsJ3EAEtalfg\">B\u00e1rbara Cezano Rody<\/a><\/article>\n<article class=\"single_post_inside\"><a href=\"https:\/\/wp.ufpel.edu.br\/photographeinescola\/sobre\/edicoes-do-projeto\/2015-2\/\">2015<\/a> \u2013 <a href=\"http:\/\/buscatextual.cnpq.br\/buscatextual\/visualizacv.do?id=K4354440A8&amp;tokenCaptchar=03AGdBq27eAx2Dk00NYLI5-FeiHjtCmlhtCTabyHzVhUW_cYidIdKxJevfb2BMKtZr0-0O67mWPTU82YjI4rAXZRgvCTL_WtnlYuww7sGqfqR8Vzoj_7R0XruiI1O0UpIKGFBAQGeZe_PF-NC7qy-fW7j-HWn-Zf1FP7A3gIqUl-YHORg2k3v2cmZNQ_nzY3mkcIEavlaXrZEenCciVGq2X7lnhrtdi5UY-2KGeaRnVk_8hOv_ACOaH4k5EYWVPiylUpKlFsNuOL_m5Cb5xHrxnEmEs3IjDmcbgjgb5746YZG6vBgm-uLePabdM_hNbkY9u0SeYrvzCfBVORe-KIf6sK0G907uiNebnb_lLV3lLLbqYxoh83KmjcZcQbXHhx45ZFOsMDdlxpnmnk0WXKjY4NLyF7_1AJgiSw\">Gustavo Reginato<\/a><\/article>\n<article class=\"single_post_inside\"><a href=\"https:\/\/wp.ufpel.edu.br\/photographeinescola\/sobre\/edicoes-do-projeto\/2016-2\/\">2016<\/a> &#8211;\u00a0 <a href=\"http:\/\/buscatextual.cnpq.br\/buscatextual\/visualizacv.do?id=K8071939E8&amp;tokenCaptchar=03AGdBq24ISB7Odyb2SRkV9aZ8prqvfmrrk9wLXTXVxWnY0g45CblYUuOrJbLduNIc6r22kkEzhBS36grM_P5yF-VnXLvs0gLpdxNNMFvXS7D7Exu9g4vre5YssDpdFwvXeQEqWxMjThAdr5vYAzkLwtxJ-uuZ7ufNBT8NU7suoCHV0dZy_K0Jiic0bQtnxNc2eTnbIIEfCwckJtk1ls7koCdINTyn9WEDQWvEqSPvYSe9eF5c39MgwkRakhzu28Dzla4bZ1TFxFyl5KDj3is2QXD7PrPLGPWxh9UxA9ssfdvQmd-36Ln90R3YKJe2w3AxCBlloff_IEYfzjgC_NBVglA3W_-ki1cuzmOgwpEFkHAMI55Aty99Yq7kUM2VZmfwue-7_7CimhYS8bpHBP7oZgj3tp5KcW0WvQ\">Guilherme Susin Sirtoli<\/a><\/article>\n<article><a href=\"https:\/\/wp.ufpel.edu.br\/photographeinescola\/sobre\/edicoes-do-projeto\/2017-2\/\">2017<\/a> &#8211; <a href=\"http:\/\/buscatextual.cnpq.br\/buscatextual\/visualizacv.do?id=K8609704Y0&amp;tokenCaptchar=03AGdBq25DnUNs8yyjx4eT8KIVet1xbm6-uUFRKCEykgXbBZAKPTb_DvoN709icydv729NDjCAc0MCoifWCb-xm4MCCclYMr-DfhyEzy2xM9gQKb0QREYldCKU_50EsfLdgwK9CsB_yKsL2RUF_Fqy88iW8fD4UVr6YtIu52jM23UTKAOqzzEX36OmoKCc1Q89_L2OIeeLm94nxJEIqXnOwr6Njii59EXT3lQEnP_yue1iT8JOpJy6jOrrkFIPb-cUPAMKzUyn0bI17ft2v02uyi-5Pl2o6z54YRT8GpH3_sgDHH2fN0OmM8zlry2T7btbTts5csZG4Xnc29r7ltjGosLHXsmzfUReSNmIvyqmxuEjq1tMNy0LgDd3dr50eJzf997Khcjizkdh-NrHsrPd1dUok0g3dz_eKA\">Dhara Fernanda Nunes Carrara<\/a> e <a href=\"http:\/\/buscatextual.cnpq.br\/buscatextual\/visualizacv.do?id=K8071939E8&amp;tokenCaptchar=03AGdBq24ISB7Odyb2SRkV9aZ8prqvfmrrk9wLXTXVxWnY0g45CblYUuOrJbLduNIc6r22kkEzhBS36grM_P5yF-VnXLvs0gLpdxNNMFvXS7D7Exu9g4vre5YssDpdFwvXeQEqWxMjThAdr5vYAzkLwtxJ-uuZ7ufNBT8NU7suoCHV0dZy_K0Jiic0bQtnxNc2eTnbIIEfCwckJtk1ls7koCdINTyn9WEDQWvEqSPvYSe9eF5c39MgwkRakhzu28Dzla4bZ1TFxFyl5KDj3is2QXD7PrPLGPWxh9UxA9ssfdvQmd-36Ln90R3YKJe2w3AxCBlloff_IEYfzjgC_NBVglA3W_-ki1cuzmOgwpEFkHAMI55Aty99Yq7kUM2VZmfwue-7_7CimhYS8bpHBP7oZgj3tp5KcW0WvQ\">Guilherme Susin Sirtoli<\/a> \u00a0 \u00a0 \u00a0\u00a0<\/article>\n<article><\/article>\n<article><\/article>\n<article><a href=\"https:\/\/wp.ufpel.edu.br\/photographeinescola\/sobre\/edicoes-do-projeto\/2018-2\/\">2018<\/a> &#8211; <a href=\"http:\/\/buscatextual.cnpq.br\/buscatextual\/visualizacv.do?id=K8071939E8&amp;tokenCaptchar=03AGdBq24ISB7Odyb2SRkV9aZ8prqvfmrrk9wLXTXVxWnY0g45CblYUuOrJbLduNIc6r22kkEzhBS36grM_P5yF-VnXLvs0gLpdxNNMFvXS7D7Exu9g4vre5YssDpdFwvXeQEqWxMjThAdr5vYAzkLwtxJ-uuZ7ufNBT8NU7suoCHV0dZy_K0Jiic0bQtnxNc2eTnbIIEfCwckJtk1ls7koCdINTyn9WEDQWvEqSPvYSe9eF5c39MgwkRakhzu28Dzla4bZ1TFxFyl5KDj3is2QXD7PrPLGPWxh9UxA9ssfdvQmd-36Ln90R3YKJe2w3AxCBlloff_IEYfzjgC_NBVglA3W_-ki1cuzmOgwpEFkHAMI55Aty99Yq7kUM2VZmfwue-7_7CimhYS8bpHBP7oZgj3tp5KcW0WvQ\">Guilherme Susin Sirtoli<\/a><\/article>\n<article class=\"single_post_inside\"><a href=\"https:\/\/wp.ufpel.edu.br\/photographeinescola\/sobre\/edicoes-do-projeto\/2020-2\/\">2020<\/a> \u2013 <a href=\"http:\/\/buscatextual.cnpq.br\/buscatextual\/visualizacv.do?id=K9743856A9&amp;tokenCaptchar=03AGdBq254gyzp5oMZaMB8WmCz-AX1LExHpo1Dcd1UVWA81rKswOrqDtCm8T9EeWBN2Vrme018ULcyInvYM2vFLUDnBZgcv_HGyhVyLjyUaIquwOY9c-0VbGTD0-zQv2alMkpyNWkDop02wD1HsKxuGy-_TZnkwwMsNACk26TPAgVKgAua4ApyNtwmFq_71m-TX_H5iEqBFhFRnZVpfIxlzw8n2GgVIaOBmIvVpKreNPknyHQGnSIDCIDXQ8mQKJHYrCYBUiB4W4wX3aTetIwXFmjvJJeMhQLspeZqZJ1jRGl5-KgmJ-R9jJu2Ld8wFKGyMXiiyDpCSs9JRnwWH3P5vwxQoXi4DzMPtOMCp6hfW7mwzy-_V--FOAn6pUk2ikAqaNAcHDBta0CqDITbNaFJBoiQZfDXQ5M3d98g1hgq2xzq4kwBuRiaSfCKiwRB6mlxz2kAdRLJ8jnyskTHYsZ6-4c4v702BrabGA\">Ana Beatriz Reinoso Rosse<\/a>, <a href=\"http:\/\/buscatextual.cnpq.br\/buscatextual\/visualizacv.do?id=K8699742E9&amp;tokenCaptchar=03AGdBq244PTguCweFw__H9mixkQ2rfsBtSAnWMaTX49zFyggp-TJboIc3wH6Ke4t3B_ROpzBjooZ57f1xgaQSPRkL_Z2E354feODkmOaTQFVbbkMoEpHsIIcGZvCxIav5lA0ELUiIGiFFoAdyRFXaGndDpTn5IW3j_jfnTCMl3ZAvKcWJapvkr4dSgG_kka_iNiUxOl7f_VbP16Lh8GrBhDvFGlzW26-M92LmHoIYGMBejxrwbTQ5ijUo0qFwkk4qTpyFSmKjO6gSBbknwAsWfyvOikDszdKAsX61dPQk8lDL2TXdXFTU7Cc1JElHWyBMZrZGd-ltnNyEeX0WVn-kiUjBu4Wx1lgjGnmMiJwB2WnTMEKsfFmFpzOaELR5VSS7qWdU0HKZbt9hAHaYFbmOpx969gpOXYu3jg\">Ariadne Silveira Terra<\/a> e <a href=\"http:\/\/buscatextual.cnpq.br\/buscatextual\/visualizacv.do?id=K9730571E2&amp;tokenCaptchar=03AGdBq26sKCLumMq8mncoQYdBAwL8Z9AE_0Qj6cR4K9wGaRhme9UwfD8BlQnROIKKiAVdVDAUTXzQrU2nRD01mr3nX2xY5BbW8PaCjGywUD0ZrIvBEwDgZLYk1hSJeSez1QYQrkfPtTTmYAvz4y8x6kgavdIHra4LeiL--P-uVkSjpbSu_bjEu04iBDiHh6jzVQiPNSoOGkEvJ0wZDLGIny_oOjIaOy0pJ5_ei4DHBWVvrhnwB66FlGG6NcRssKw7xw6lsE5rR4_Zl0uraKfuN5zY2Fe17iOCnvl3Ce47TNNw96YSiWCjEBhVBeeH6CLBAgwZNKMGLxm2BZ127bTUDy9rekS1511oVmwY8buTyuzxCjc68Ly8eBZneY54bqTZ2kFHZKMkpa9CQ1tr9Wc1XKAjTQ85WVt-wA\">Nilvo Lopes da Rosa Junior<\/a><\/article>\n<article><\/article>\n<article><\/article>\n<article><\/article>\n<article><strong>ENTRE EM CONTATO CONOSCO<\/strong><\/article>\n<\/article>\n<article><\/article>\n<article><\/article>\n<article>\n<div class=\"wpcf7 no-js\" id=\"wpcf7-f55-o1\" lang=\"pt-BR\" dir=\"ltr\" data-wpcf7-id=\"55\">\n<div class=\"screen-reader-response\"><p role=\"status\" aria-live=\"polite\" aria-atomic=\"true\"><\/p> <ul><\/ul><\/div>\n<form action=\"\/photographeinescola\/wp-json\/wp\/v2\/pages\/62#wpcf7-f55-o1\" method=\"post\" class=\"wpcf7-form init\" aria-label=\"Formul\u00e1rios de contato\" novalidate=\"novalidate\" data-status=\"init\">\n<fieldset class=\"hidden-fields-container\"><input type=\"hidden\" name=\"_wpcf7\" value=\"55\" \/><input type=\"hidden\" name=\"_wpcf7_version\" value=\"6.1.4\" \/><input type=\"hidden\" name=\"_wpcf7_locale\" value=\"pt_BR\" \/><input type=\"hidden\" name=\"_wpcf7_unit_tag\" value=\"wpcf7-f55-o1\" \/><input type=\"hidden\" name=\"_wpcf7_container_post\" value=\"0\" \/><input type=\"hidden\" name=\"_wpcf7_posted_data_hash\" value=\"\" \/>\n<\/fieldset>\n<p><label> Seu nome (obrigat\u00f3rio)<br \/>\n<span class=\"wpcf7-form-control-wrap\" data-name=\"your-name\"><input size=\"40\" maxlength=\"400\" class=\"wpcf7-form-control wpcf7-text wpcf7-validates-as-required\" aria-required=\"true\" aria-invalid=\"false\" value=\"\" type=\"text\" name=\"your-name\" \/><\/span> <\/label>\n<\/p>\n<p><label> Seu e-mail (obrigat\u00f3rio)<br \/>\n<span class=\"wpcf7-form-control-wrap\" data-name=\"your-email\"><input size=\"40\" maxlength=\"400\" class=\"wpcf7-form-control wpcf7-email wpcf7-validates-as-required wpcf7-text wpcf7-validates-as-email\" aria-required=\"true\" aria-invalid=\"false\" value=\"\" type=\"email\" name=\"your-email\" \/><\/span> <\/label>\n<\/p>\n<p><label> Assunto<br \/>\n<span class=\"wpcf7-form-control-wrap\" data-name=\"your-subject\"><input size=\"40\" maxlength=\"400\" class=\"wpcf7-form-control wpcf7-text\" aria-invalid=\"false\" value=\"\" type=\"text\" name=\"your-subject\" \/><\/span> <\/label>\n<\/p>\n<p><label> Sua mensagem<br \/>\n<span class=\"wpcf7-form-control-wrap\" data-name=\"your-message\"><textarea cols=\"40\" rows=\"10\" maxlength=\"2000\" class=\"wpcf7-form-control wpcf7-textarea\" aria-invalid=\"false\" name=\"your-message\"><\/textarea><\/span> <\/label>\n<\/p>\n<p><input class=\"wpcf7-form-control wpcf7-submit has-spinner\" type=\"submit\" value=\"Enviar\" \/>\n<\/p><p style=\"display: none !important;\" class=\"akismet-fields-container\" data-prefix=\"_wpcf7_ak_\"><label>&#916;<textarea name=\"_wpcf7_ak_hp_textarea\" cols=\"45\" rows=\"8\" maxlength=\"100\"><\/textarea><\/label><input type=\"hidden\" id=\"ak_js_1\" name=\"_wpcf7_ak_js\" value=\"198\"\/><script>document.getElementById( \"ak_js_1\" ).setAttribute( \"value\", ( new Date() ).getTime() );<\/script><\/p><div class=\"wpcf7-response-output\" aria-hidden=\"true\"><\/div>\n<\/form>\n<\/div>\n<\/article>\n","protected":false},"excerpt":{"rendered":"<p>\u00a0\u00a0\u00a0\u00a0 Iniciado em 2012, o projeto se insere no \u00e2mbito das a\u00e7\u00f5es de extens\u00e3o do PhotoGraphein \u2013 N\u00facleo de Pesquisa em Fotografia e Educa\u00e7\u00e3o (UFPel\/CNPq), levando para a realidade escolar o resultado das pesquisas desenvolvidas no N\u00facleo. Visa proporcionar um espa\u00e7o para discuss\u00f5es sobre a fotografia como uma possibilidade de ver o cotidiano sob outra [&hellip;]<\/p>\n","protected":false},"author":1026,"featured_media":0,"parent":0,"menu_order":1,"comment_status":"closed","ping_status":"closed","template":"","meta":{"footnotes":""},"class_list":["post-62","page","type-page","status-publish","hentry"],"_links":{"self":[{"href":"https:\/\/wp.ufpel.edu.br\/photographeinescola\/wp-json\/wp\/v2\/pages\/62","targetHints":{"allow":["GET"]}}],"collection":[{"href":"https:\/\/wp.ufpel.edu.br\/photographeinescola\/wp-json\/wp\/v2\/pages"}],"about":[{"href":"https:\/\/wp.ufpel.edu.br\/photographeinescola\/wp-json\/wp\/v2\/types\/page"}],"author":[{"embeddable":true,"href":"https:\/\/wp.ufpel.edu.br\/photographeinescola\/wp-json\/wp\/v2\/users\/1026"}],"replies":[{"embeddable":true,"href":"https:\/\/wp.ufpel.edu.br\/photographeinescola\/wp-json\/wp\/v2\/comments?post=62"}],"version-history":[{"count":24,"href":"https:\/\/wp.ufpel.edu.br\/photographeinescola\/wp-json\/wp\/v2\/pages\/62\/revisions"}],"predecessor-version":[{"id":362,"href":"https:\/\/wp.ufpel.edu.br\/photographeinescola\/wp-json\/wp\/v2\/pages\/62\/revisions\/362"}],"wp:attachment":[{"href":"https:\/\/wp.ufpel.edu.br\/photographeinescola\/wp-json\/wp\/v2\/media?parent=62"}],"curies":[{"name":"wp","href":"https:\/\/api.w.org\/{rel}","templated":true}]}}