{"id":44,"date":"2020-06-23T14:23:00","date_gmt":"2020-06-23T17:23:00","guid":{"rendered":"https:\/\/wp.ufpel.edu.br\/photographeinescola\/?page_id=44"},"modified":"2020-09-14T18:02:24","modified_gmt":"2020-09-14T21:02:24","slug":"capitulos-de-livros","status":"publish","type":"page","link":"https:\/\/wp.ufpel.edu.br\/photographeinescola\/publicacoes\/capitulos-de-livros\/","title":{"rendered":"Cap\u00edtulos de livros"},"content":{"rendered":"<p style=\"text-align: justify\"><a href=\"https:\/\/www.atenaeditora.com.br\/wp-content\/uploads\/2018\/08\/E-book-Arte-1.pdf\"><strong>O OLHAR FOTOGR\u00c1FICO COMO POT\u00caNCIA CR\u00cdTICA NA SALA DE AULA<\/strong><\/a><\/p>\n<p><a href=\"https:\/\/www.atenaeditora.com.br\/wp-content\/uploads\/2018\/08\/E-book-Arte-1.pdf\"><img class=\"n3VNCb aligncenter\" src=\"https:\/\/www.atenaeditora.com.br\/wp-content\/uploads\/2018\/08\/artes.png\" alt=\"Reflex\u00f5es sobre a arte e seu ensino - Atena Editora\" width=\"330\" height=\"467\" data-noaft=\"1\" \/><\/a><\/p>\n<p style=\"text-align: justify\"><strong>RESUMO:<\/strong> Em uma contemporaneidade rodeada por bilh\u00f5es de imagens e est\u00edmulos visuais constantes, consideramos ser necess\u00e1rio que os escolares desenvolvam o senso cr\u00edtico perante as imagens que os cercam, sejam essas fotogr\u00e1ficas ou n\u00e3o. O est\u00edmulo ao senso cr\u00edtico frente \u00e0 pr\u00f3pria produ\u00e7\u00e3o fotogr\u00e1fica reflete na vida pessoal dos estudantes e no meio social em que vivem por consequ\u00eancia, possibilitando a problematiza\u00e7\u00e3o e a compreens\u00e3o do mundo ao redor. Este trabalho tem por objetivo apresentar e discutir sobre atividades realizadas em diferentes escolas nas cidades de Pelotas e Rio Grande, que integram as a\u00e7\u00f5es do projeto de extens\u00e3o \u201cPhotoGraphein vai \u00e0 Escola\u201d (CA\/<br \/>\nUFPel). O referido projeto tem como objetivo o de proporcionar aos escolares a constru\u00e7\u00e3o de conhecimentos no campo de Artes Visuais, tendo como tema propulsor a fotografia, utilizando-a como recurso amplificador do olhar sens\u00edvel e cr\u00edtico sobre o cotidiano. Tal projeto se insere no \u00e2mbito das a\u00e7\u00f5es de extens\u00e3o do PhotoGraphein \u2013 N\u00facleo de Pesquisa em Fotografia e Educa\u00e7\u00e3o (UFPel\/CNPq), levando para a realidade escolar o resultado de pesquisas desenvolvidas no N\u00facleo, e propiciando a aproxima\u00e7\u00e3o dos docentes em forma\u00e7\u00e3o do contexto escolar. Os resultados indicam que os escolares ampliaram o entendimento sobre como a sociedade se relaciona com as imagens que produz, transgredindo as percep\u00e7\u00f5es socialmente consagradas e estabelecendo formas criativas de comunica\u00e7\u00e3o, como possibilidades de processos reflexivos, filos\u00f3ficos e art\u00edsticos acerca da compreens\u00e3o de n\u00f3s mesmos e do mundo.<\/p>\n","protected":false},"excerpt":{"rendered":"<p>O OLHAR FOTOGR\u00c1FICO COMO POT\u00caNCIA CR\u00cdTICA NA SALA DE AULA RESUMO: Em uma contemporaneidade rodeada por bilh\u00f5es de imagens e est\u00edmulos visuais constantes, consideramos ser necess\u00e1rio que os escolares desenvolvam o senso cr\u00edtico perante as imagens que os cercam, sejam essas fotogr\u00e1ficas ou n\u00e3o. O est\u00edmulo ao senso cr\u00edtico frente \u00e0 pr\u00f3pria produ\u00e7\u00e3o fotogr\u00e1fica reflete [&hellip;]<\/p>\n","protected":false},"author":1026,"featured_media":0,"parent":14,"menu_order":0,"comment_status":"closed","ping_status":"closed","template":"","meta":{"footnotes":""},"class_list":["post-44","page","type-page","status-publish","hentry"],"_links":{"self":[{"href":"https:\/\/wp.ufpel.edu.br\/photographeinescola\/wp-json\/wp\/v2\/pages\/44","targetHints":{"allow":["GET"]}}],"collection":[{"href":"https:\/\/wp.ufpel.edu.br\/photographeinescola\/wp-json\/wp\/v2\/pages"}],"about":[{"href":"https:\/\/wp.ufpel.edu.br\/photographeinescola\/wp-json\/wp\/v2\/types\/page"}],"author":[{"embeddable":true,"href":"https:\/\/wp.ufpel.edu.br\/photographeinescola\/wp-json\/wp\/v2\/users\/1026"}],"replies":[{"embeddable":true,"href":"https:\/\/wp.ufpel.edu.br\/photographeinescola\/wp-json\/wp\/v2\/comments?post=44"}],"version-history":[{"count":5,"href":"https:\/\/wp.ufpel.edu.br\/photographeinescola\/wp-json\/wp\/v2\/pages\/44\/revisions"}],"predecessor-version":[{"id":350,"href":"https:\/\/wp.ufpel.edu.br\/photographeinescola\/wp-json\/wp\/v2\/pages\/44\/revisions\/350"}],"up":[{"embeddable":true,"href":"https:\/\/wp.ufpel.edu.br\/photographeinescola\/wp-json\/wp\/v2\/pages\/14"}],"wp:attachment":[{"href":"https:\/\/wp.ufpel.edu.br\/photographeinescola\/wp-json\/wp\/v2\/media?parent=44"}],"curies":[{"name":"wp","href":"https:\/\/api.w.org\/{rel}","templated":true}]}}