{"id":316,"date":"2020-06-25T19:17:49","date_gmt":"2020-06-25T22:17:49","guid":{"rendered":"https:\/\/wp.ufpel.edu.br\/photographeinescola\/?page_id=316"},"modified":"2021-05-10T21:05:48","modified_gmt":"2021-05-11T00:05:48","slug":"curso","status":"publish","type":"page","link":"https:\/\/wp.ufpel.edu.br\/photographeinescola\/curso\/","title":{"rendered":"CURSO FORMA\u00c7\u00c3O CONTINUADA"},"content":{"rendered":"<h1>A Fotografia na Escola \u2013 Curso de Forma\u00e7\u00e3o Continuada.<\/h1>\n<p>O projeto de extens\u00e3o \u201cPhotographein Vai \u00e0 Escola\u201d, criado em 2012, inserido \u00e2mbito das a\u00e7\u00f5es de extens\u00e3o do PhotoGraphein \u2013 N\u00facleo de Pesquisa em Fotografia e Educa\u00e7\u00e3o (UFPel\/CNPq), tem o objetivo de levar conhecimentos de forma l\u00fadica e proporcionar discuss\u00f5es cr\u00edticas em torno das leituras visuais do mundo e do consumo consciente das imagens, aos alunos de escolas p\u00fablicas do ensino fundamental dos munic\u00edpios de Pelotas e Rio Grande. Entretanto, por conta das peculiaridades pand\u00eamicas do t\u00e3o chamado \u201cnovo normal\u201d, que nos encontramos nesse ano de 2020, foram necess\u00e1rios o replanejamento e o remodelamento do projeto.<\/p>\n<p>A partir de observa\u00e7\u00f5es na comunidade e do feedback dos antigos integrantes do projeto, foi not\u00e1vel uma grande necessidade de algo voltado para a forma\u00e7\u00e3o continuada de professores de arte nas escolas de Pelotas e Rio Grande. Essa car\u00eancia sendo notada, entre os dias 16 \u00e0 25 de Novembro de 2020, o \u201cPhotoGraphein vai \u00e0 Escola\u201d passou ent\u00e3o a atuar de maneira online, oferecendo cursos de forma\u00e7\u00e3o continuada a professores, com encontros virtuais e material did\u00e1tico com enfoque cr\u00edtico na fotografia.<\/p>\n<p>Desde os prim\u00f3rdios da fotografia at\u00e9 os dias atuais, analisando a forma que vemos e consumimos as imagens, principalmente como as crian\u00e7as as consomem diariamente atualmente, entendemos como o tema se torna significativo para abordagens pedag\u00f3gicas. Vendo como manipulamos as imagens e como elas nos s\u00e3o apresentadas, como suas narrativas funcionam, trabalham e para quem trabalham, como se d\u00e1 a sua reverbera\u00e7\u00e3o nas demais artes, e como essa reverbera\u00e7\u00e3o \u00e9 vista e aceita, \u00e9 um foco importante para ser abordado pedagogicamente.<\/p>\n<p>O foco n\u00e3o foi simplesmente levar conhecimentos aos professores, mas sim passar conhecimentos de forma cr\u00edtica para que estes possam posteriormente levar aos seus alunos.<\/p>\n<p><img class=\"size-medium wp-image-379 aligncenter\" src=\"https:\/\/wp.ufpel.edu.br\/photographeinescola\/files\/2021\/05\/WhatsApp-Image-2020-11-16-at-17.50.30-283x400.jpeg\" alt=\"\" width=\"283\" height=\"400\" srcset=\"https:\/\/wp.ufpel.edu.br\/photographeinescola\/files\/2021\/05\/WhatsApp-Image-2020-11-16-at-17.50.30-283x400.jpeg 283w, https:\/\/wp.ufpel.edu.br\/photographeinescola\/files\/2021\/05\/WhatsApp-Image-2020-11-16-at-17.50.30-723x1024.jpeg 723w, https:\/\/wp.ufpel.edu.br\/photographeinescola\/files\/2021\/05\/WhatsApp-Image-2020-11-16-at-17.50.30-768x1087.jpeg 768w, https:\/\/wp.ufpel.edu.br\/photographeinescola\/files\/2021\/05\/WhatsApp-Image-2020-11-16-at-17.50.30.jpeg 904w\" sizes=\"(max-width: 283px) 100vw, 283px\" \/><\/p>\n","protected":false},"excerpt":{"rendered":"<p>A Fotografia na Escola \u2013 Curso de Forma\u00e7\u00e3o Continuada. O projeto de extens\u00e3o \u201cPhotographein Vai \u00e0 Escola\u201d, criado em 2012, inserido \u00e2mbito das a\u00e7\u00f5es de extens\u00e3o do PhotoGraphein \u2013 N\u00facleo de Pesquisa em Fotografia e Educa\u00e7\u00e3o (UFPel\/CNPq), tem o objetivo de levar conhecimentos de forma l\u00fadica e proporcionar discuss\u00f5es cr\u00edticas em torno das leituras visuais [&hellip;]<\/p>\n","protected":false},"author":1026,"featured_media":0,"parent":0,"menu_order":4,"comment_status":"closed","ping_status":"closed","template":"","meta":{"footnotes":""},"class_list":["post-316","page","type-page","status-publish","hentry"],"_links":{"self":[{"href":"https:\/\/wp.ufpel.edu.br\/photographeinescola\/wp-json\/wp\/v2\/pages\/316","targetHints":{"allow":["GET"]}}],"collection":[{"href":"https:\/\/wp.ufpel.edu.br\/photographeinescola\/wp-json\/wp\/v2\/pages"}],"about":[{"href":"https:\/\/wp.ufpel.edu.br\/photographeinescola\/wp-json\/wp\/v2\/types\/page"}],"author":[{"embeddable":true,"href":"https:\/\/wp.ufpel.edu.br\/photographeinescola\/wp-json\/wp\/v2\/users\/1026"}],"replies":[{"embeddable":true,"href":"https:\/\/wp.ufpel.edu.br\/photographeinescola\/wp-json\/wp\/v2\/comments?post=316"}],"version-history":[{"count":5,"href":"https:\/\/wp.ufpel.edu.br\/photographeinescola\/wp-json\/wp\/v2\/pages\/316\/revisions"}],"predecessor-version":[{"id":391,"href":"https:\/\/wp.ufpel.edu.br\/photographeinescola\/wp-json\/wp\/v2\/pages\/316\/revisions\/391"}],"wp:attachment":[{"href":"https:\/\/wp.ufpel.edu.br\/photographeinescola\/wp-json\/wp\/v2\/media?parent=316"}],"curies":[{"name":"wp","href":"https:\/\/api.w.org\/{rel}","templated":true}]}}