{"id":6491,"date":"2024-01-11T07:36:43","date_gmt":"2024-01-11T10:36:43","guid":{"rendered":"https:\/\/wp.ufpel.edu.br\/pgfisica\/?page_id=6491"},"modified":"2024-07-15T09:00:11","modified_gmt":"2024-07-15T12:00:11","slug":"proap","status":"publish","type":"page","link":"https:\/\/wp.ufpel.edu.br\/pgfisica\/area-do-discente\/proap\/","title":{"rendered":"PROAP"},"content":{"rendered":"<h5><strong>Programa de Apoio \u00e0 P\u00f3s-Gradua\u00e7\u00e3o (PROAP)<\/strong><\/h5>\n<p>Os discentes podem solicitar recursos do PROAP na forma de di\u00e1rias para participa\u00e7\u00e3o em eventos cient\u00edficos ou para realizar sa\u00eddas e trabalhos de campo.<\/p>\n<p>Etapas:<\/p>\n<ol>\n<li>Enviar o formul\u00e1rio e comprovantes, em formato PDF, solicitando os recursos para a CPG\n<ul>\n<li><a href=\"https:\/\/docs.google.com\/document\/d\/1chHqhK8BNLWdPRL7OWsfKAFGENnpKlfB\/edit?usp=sharing&amp;ouid=109220660458669021504&amp;rtpof=true&amp;sd=true\">Clique aqui para acessar o formul\u00e1rio<\/a><\/li>\n<li>Enviar comprovante de aceite no evento, incluindo aceite de apresenta\u00e7\u00e3o (oral ou p\u00f4ster), OU carta convite para realiza\u00e7\u00e3o de Sa\u00edda de Campo ou Trabalho de Campo.<\/li>\n<\/ul>\n<\/li>\n<li>A solicita\u00e7\u00e3o ser\u00e1 apreciada pela CPG e a decis\u00e3o ser\u00e1 comunicada ao solicitante<\/li>\n<li>Presta\u00e7\u00e3o de contas.\n<ul>\n<li>Ap\u00f3s o evento: enviar comprovante de participa\u00e7\u00e3o e apresenta\u00e7\u00e3o no evento ,e comprovante de estadia (passagens OU recibos de hospedagem OU recibos de alimenta\u00e7\u00e3o).<\/li>\n<li>Sa\u00edda e Trabalho\u00a0 de campo:enviar descri\u00e7\u00e3o DETALHADA das atividades realizadas com comprovante de passagens, hotel ou refei\u00e7\u00f5es no local da sa\u00edda de campo, conforme o <a href=\"https:\/\/docs.google.com\/document\/d\/1EVbPjwZyQlNlbO1i26uzA2t7xyexSuH6OzCthrV6Lp4\/edit?usp=sharing\">modelo<\/a>.<\/li>\n<\/ul>\n<\/li>\n<\/ol>\n<div><span style=\"color: #000000;\">Considerando a <\/span><a href=\"https:\/\/www.gov.br\/capes\/pt-br\/centrais-de-conteudo\/05092016-portaria-n-132-de-18-de-agosto-de-2016-pdf\/view\" target=\"_blank\" rel=\"noopener noreferrer\">Portaria da Capes n\u00ba 132<\/a><span style=\"color: #000000;\">, de 18 de agosto de 2016 e considerando o\u00a0<\/span><a href=\"https:\/\/www.in.gov.br\/en\/web\/dou\/-\/decreto-n-11.117-de-1-de-julho-de-2022-412271694\" target=\"_blank\" rel=\"noopener noreferrer\">Decreto n\u00ba 11.117<\/a><span style=\"color: #000000;\">, de 1\u00ba de julho de 2022,<\/span><b><span style=\"color: #000000;\"> informamos que <\/span><span style=\"color: #ff0000;\">a partir do dia 11 de julho de 2022<\/span><span style=\"color: #000000;\">, a PRPPG come\u00e7ar\u00e1 a utilizar o novo valor para o\u00a0 Aux\u00edlio Financeiro a estudantes <\/span><\/b><span style=\"color: #000000;\">conforme segue:<\/span><\/div>\n<ol>\n<li><b>Aux\u00edlio di\u00e1rio (para qualquer cidade no Pa\u00eds) = R$ 320,00, conforme Art. 2\u00ba; e<\/b><\/li>\n<li><b>Aux\u00edlio di\u00e1rio no exterior = valor estipulado em d\u00f3lares norte-americanos, conforme Art. 4\u00ba, na tabela do Anexo I, por Grupos de Pa\u00edses de destino.<\/b><\/li>\n<\/ol>\n<div>Exemplo de c\u00e1lculo para 4 dias de evento:<\/div>\n<div>\n<ol>\n<li>Sa\u00edda um dia antes e retorno um dia ap\u00f3s o t\u00e9rmino do evento = 5,5 di\u00e1rias de R$ 320,00.<\/li>\n<li>Sa\u00edda e retorno dentro dos dias do evento = 3,5 di\u00e1rias de R$ 320,00.<\/li>\n<li>Coleta de dados\/viagem de campo de 4 dias = 3,5 di\u00e1rias de R$ 320,00.<\/li>\n<\/ol>\n<\/div>\n<p>A quantidade e divis\u00e3o dos recursos mudam anualmente. <a href=\"https:\/\/docs.google.com\/spreadsheets\/d\/1JQSURwdCiOa3YwZLwb1ym06LxKjh_n__WhKKn6dBYC4\/edit?usp=sharing\">A Planilha 2024 pode ser acessada clicando aqui<\/a>.<\/p>\n<p>_________________________________________________<\/p>\n<p>&nbsp;<\/p>\n","protected":false},"excerpt":{"rendered":"<p>Programa de Apoio \u00e0 P\u00f3s-Gradua\u00e7\u00e3o (PROAP) Os discentes podem solicitar recursos do PROAP na forma de di\u00e1rias para participa\u00e7\u00e3o em eventos cient\u00edficos ou para realizar sa\u00eddas e trabalhos de campo. Etapas: Enviar o formul\u00e1rio e comprovantes, em formato PDF, solicitando os recursos para a CPG Clique aqui para acessar o formul\u00e1rio Enviar comprovante de aceite &hellip; <a href=\"https:\/\/wp.ufpel.edu.br\/pgfisica\/area-do-discente\/proap\/\" class=\"more-link\">Continue lendo <span class=\"screen-reader-text\">PROAP<\/span> <span class=\"meta-nav\">&rarr;<\/span><\/a><\/p>\n","protected":false},"author":220,"featured_media":0,"parent":140,"menu_order":0,"comment_status":"closed","ping_status":"closed","template":"","meta":{"jetpack_post_was_ever_published":false,"footnotes":""},"class_list":["post-6491","page","type-page","status-publish","hentry"],"jetpack_sharing_enabled":true,"jetpack_shortlink":"https:\/\/wp.me\/P94N8p-1GH","_links":{"self":[{"href":"https:\/\/wp.ufpel.edu.br\/pgfisica\/wp-json\/wp\/v2\/pages\/6491","targetHints":{"allow":["GET"]}}],"collection":[{"href":"https:\/\/wp.ufpel.edu.br\/pgfisica\/wp-json\/wp\/v2\/pages"}],"about":[{"href":"https:\/\/wp.ufpel.edu.br\/pgfisica\/wp-json\/wp\/v2\/types\/page"}],"author":[{"embeddable":true,"href":"https:\/\/wp.ufpel.edu.br\/pgfisica\/wp-json\/wp\/v2\/users\/220"}],"replies":[{"embeddable":true,"href":"https:\/\/wp.ufpel.edu.br\/pgfisica\/wp-json\/wp\/v2\/comments?post=6491"}],"version-history":[{"count":6,"href":"https:\/\/wp.ufpel.edu.br\/pgfisica\/wp-json\/wp\/v2\/pages\/6491\/revisions"}],"predecessor-version":[{"id":6677,"href":"https:\/\/wp.ufpel.edu.br\/pgfisica\/wp-json\/wp\/v2\/pages\/6491\/revisions\/6677"}],"up":[{"embeddable":true,"href":"https:\/\/wp.ufpel.edu.br\/pgfisica\/wp-json\/wp\/v2\/pages\/140"}],"wp:attachment":[{"href":"https:\/\/wp.ufpel.edu.br\/pgfisica\/wp-json\/wp\/v2\/media?parent=6491"}],"curies":[{"name":"wp","href":"https:\/\/api.w.org\/{rel}","templated":true}]}}