{"id":6487,"date":"2024-01-11T07:34:47","date_gmt":"2024-01-11T10:34:47","guid":{"rendered":"https:\/\/wp.ufpel.edu.br\/pgfisica\/?page_id=6487"},"modified":"2025-03-21T14:27:26","modified_gmt":"2025-03-21T17:27:26","slug":"encaminhamento-de-tcc","status":"publish","type":"page","link":"https:\/\/wp.ufpel.edu.br\/pgfisica\/area-do-discente\/encaminhamento-de-tcc\/","title":{"rendered":"Encaminhamento de Qualifica\u00e7\u00f5es, Disserta\u00e7\u00f5es e Teses"},"content":{"rendered":"<h5><strong>ENCAMINHAMENTO PARA QUALIFICA\u00c7\u00d5ES<\/strong><strong><br \/>\n<\/strong><\/h5>\n<ol>\n<li><a href=\"https:\/\/docs.google.com\/document\/d\/1xjjD6XujCqua6I4xY2xo7XADh9Ucb6I2iPzPlqcguQA\/edit?usp=sharing\">Orienta\u00e7\u00f5es para forma\u00e7\u00e3o de Bancas de Qualifica\u00e7\u00e3o<\/a><\/li>\n<li>Formul\u00e1rio de encaminhamento para Semin\u00e1rio de 12 meses. <a href=\"https:\/\/wp.ufpel.edu.br\/pgfisica\/files\/2020\/04\/formulario-4A.doc\">(Formulario 4A<\/a>)<\/li>\n<li>Formul\u00e1rio de encaminhamento da Qualifica\u00e7\u00e3o (Pr\u00e9-Disserta\u00e7\u00e3o e Pr\u00e9-Tese). (<a href=\"https:\/\/wp.ufpel.edu.br\/pgfisica\/files\/2020\/04\/formulario-4B.doc\">Formulario 4B)<\/a><\/li>\n<li>Ata de defesa da Qualifica\u00e7\u00e3o (Pr\u00e9-Disserta\u00e7\u00e3o e Pr\u00e9-Tese). (<a href=\"https:\/\/wp.ufpel.edu.br\/pgfisica\/files\/2017\/11\/Formulario7.doc\">Formul\u00e1rio 7<\/a>)<\/li>\n<\/ol>\n<h5><strong>Encaminhamento de trabalhos de conclus\u00e3o, forma\u00e7\u00e3o da banca, homologa\u00e7\u00e3o e emiss\u00e3o do diploma<br \/>\n<\/strong><\/h5>\n<ol>\n<li><a href=\"https:\/\/docs.google.com\/document\/d\/1LGs22j-o_TZS_enbg1H-Mjb3CZveYhIVOx7pMv1GTZY\/edit?usp=sharing\">Orienta\u00e7\u00f5es para forma\u00e7\u00e3o da Banca de Defesa de Mestrado e Doutorado<\/a><\/li>\n<li><a href=\"https:\/\/wp.ufpel.edu.br\/pgfisica\/files\/2020\/04\/formulario_4.doc\">Formul\u00e1rio 4<\/a><\/li>\n<li><a href=\"https:\/\/docs.google.com\/document\/d\/18ebnITyH_HpTZgqUGcGDuMFdXQNjYEau4pn3ajwFv0A\/edit?usp=sharing\">Orienta\u00e7\u00f5es para Homologa\u00e7\u00e3o do Trabalho de Conclus\u00e3o e Solicita\u00e7\u00e3o do Diploma<\/a><\/li>\n<li>Link para solicita\u00e7\u00e3o de ficha catalogr\u00e1fica junto a Biblioteca da UFPEL: <a href=\"http:\/\/sisbi.ufpel.edu.br\/?p=reqFicha\">Clique aqui<\/a><\/li>\n<\/ol>\n<h5><strong>Normas para reda\u00e7\u00e3o da Disserta\u00e7\u00e3o e Tese<br \/>\n<\/strong><\/h5>\n<ol>\n<li>Orienta\u00e7\u00f5es para a reda\u00e7\u00e3o da Disserta\u00e7\u00e3o ou Tese. (<a href=\"https:\/\/wp.ufpel.edu.br\/pgfisica\/files\/2017\/11\/normas_Dissertacao_Tese.pdf\">download<\/a>)<\/li>\n<li>Normas da UFPel para a elabora\u00e7\u00e3o da Disserta\u00e7\u00e3o. (<a href=\"https:\/\/wp.ufpel.edu.br\/pgfisica\/files\/2015\/02\/Manual_Normas_UFPel_trabalhos_acad\u00eamicos.pdf\" target=\"_blank\" rel=\"noopener noreferrer\">download<\/a>)<\/li>\n<li>Modelo de Trabalho Final: <a href=\"https:\/\/wp.ufpel.edu.br\/pgfisica\/files\/2025\/03\/modelo-trabalho-final.zip\">modelo-trabalho-final<\/a><\/li>\n<\/ol>\n","protected":false},"excerpt":{"rendered":"<p>ENCAMINHAMENTO PARA QUALIFICA\u00c7\u00d5ES Orienta\u00e7\u00f5es para forma\u00e7\u00e3o de Bancas de Qualifica\u00e7\u00e3o Formul\u00e1rio de encaminhamento para Semin\u00e1rio de 12 meses. (Formulario 4A) Formul\u00e1rio de encaminhamento da Qualifica\u00e7\u00e3o (Pr\u00e9-Disserta\u00e7\u00e3o e Pr\u00e9-Tese). (Formulario 4B) Ata de defesa da Qualifica\u00e7\u00e3o (Pr\u00e9-Disserta\u00e7\u00e3o e Pr\u00e9-Tese). (Formul\u00e1rio 7) Encaminhamento de trabalhos de conclus\u00e3o, forma\u00e7\u00e3o da banca, homologa\u00e7\u00e3o e emiss\u00e3o do diploma Orienta\u00e7\u00f5es para &hellip; <a href=\"https:\/\/wp.ufpel.edu.br\/pgfisica\/area-do-discente\/encaminhamento-de-tcc\/\" class=\"more-link\">Continue lendo <span class=\"screen-reader-text\">Encaminhamento de Qualifica\u00e7\u00f5es, Disserta\u00e7\u00f5es e Teses<\/span> <span class=\"meta-nav\">&rarr;<\/span><\/a><\/p>\n","protected":false},"author":220,"featured_media":0,"parent":140,"menu_order":0,"comment_status":"closed","ping_status":"closed","template":"","meta":{"jetpack_post_was_ever_published":false,"footnotes":""},"class_list":["post-6487","page","type-page","status-publish","hentry"],"jetpack_sharing_enabled":true,"jetpack_shortlink":"https:\/\/wp.me\/P94N8p-1GD","_links":{"self":[{"href":"https:\/\/wp.ufpel.edu.br\/pgfisica\/wp-json\/wp\/v2\/pages\/6487","targetHints":{"allow":["GET"]}}],"collection":[{"href":"https:\/\/wp.ufpel.edu.br\/pgfisica\/wp-json\/wp\/v2\/pages"}],"about":[{"href":"https:\/\/wp.ufpel.edu.br\/pgfisica\/wp-json\/wp\/v2\/types\/page"}],"author":[{"embeddable":true,"href":"https:\/\/wp.ufpel.edu.br\/pgfisica\/wp-json\/wp\/v2\/users\/220"}],"replies":[{"embeddable":true,"href":"https:\/\/wp.ufpel.edu.br\/pgfisica\/wp-json\/wp\/v2\/comments?post=6487"}],"version-history":[{"count":6,"href":"https:\/\/wp.ufpel.edu.br\/pgfisica\/wp-json\/wp\/v2\/pages\/6487\/revisions"}],"predecessor-version":[{"id":7021,"href":"https:\/\/wp.ufpel.edu.br\/pgfisica\/wp-json\/wp\/v2\/pages\/6487\/revisions\/7021"}],"up":[{"embeddable":true,"href":"https:\/\/wp.ufpel.edu.br\/pgfisica\/wp-json\/wp\/v2\/pages\/140"}],"wp:attachment":[{"href":"https:\/\/wp.ufpel.edu.br\/pgfisica\/wp-json\/wp\/v2\/media?parent=6487"}],"curies":[{"name":"wp","href":"https:\/\/api.w.org\/{rel}","templated":true}]}}