{"id":6484,"date":"2024-01-11T07:29:15","date_gmt":"2024-01-11T10:29:15","guid":{"rendered":"https:\/\/wp.ufpel.edu.br\/pgfisica\/?page_id=6484"},"modified":"2024-09-03T13:05:31","modified_gmt":"2024-09-03T16:05:31","slug":"matricula-orientacao-e-proficiencia","status":"publish","type":"page","link":"https:\/\/wp.ufpel.edu.br\/pgfisica\/area-do-discente\/matricula-orientacao-e-proficiencia\/","title":{"rendered":"Matr\u00edcula, Orienta\u00e7\u00e3o e Profici\u00eancia"},"content":{"rendered":"<h5><strong>Gerenciamento da Matr\u00edcula<\/strong><\/h5>\n<ol>\n<li>A primeira matr\u00edcula no PPG F\u00edsica ser\u00e1 feita em hora agendada com o Coordenador<\/li>\n<li>As rematr\u00edculas devem ser feitas pelo discente no Sistema Cobalto no per\u00edodo comunicado por email pra Coordena\u00e7\u00e3o e divulgado no site do PPGF\u00eds. Ap\u00f3s isso, o discente deve solicitar ao Orientador a homologa\u00e7\u00e3o da matr\u00edcula. Ent\u00e3o, a Coordena\u00e7\u00e3o ir\u00e1 homologar por fim.<\/li>\n<li>Cancelamento de Matr\u00edcula em Disciplina: Enviar\n<ul>\n<li><a href=\"https:\/\/wp.ufpel.edu.br\/pgfisica\/files\/2012\/12\/formulario9.doc\">Formul\u00e1rio 9<\/a><\/li>\n<li>Carta com a justificativa para o cancelamento com anu\u00eancia e assinatura do Orientador<\/li>\n<\/ul>\n<\/li>\n<li>Trancamento de Matr\u00edcula no Curso: Enviar\n<ul>\n<li><a href=\"https:\/\/wp.ufpel.edu.br\/pgfisica\/files\/2012\/12\/formulario10.doc\">Formul\u00e1rio 10<\/a><\/li>\n<li>Carta com a justificativa para o trancamento com anu\u00eancia e assinatura do Orientador<\/li>\n<\/ul>\n<\/li>\n<li>Desist\u00eancia do Curso: Enviar\n<ul>\n<li>(<a href=\"https:\/\/wp.ufpel.edu.br\/pgfisica\/files\/2020\/04\/Formulario6.doc\">Formulario 6<\/a>)<\/li>\n<\/ul>\n<\/li>\n<\/ol>\n<p><strong>Solicita\u00e7\u00e3o de aproveitamento de disciplinas: <\/strong>enviar para a Coordena\u00e7\u00e3o do Programa, por e-mail, a solicita\u00e7\u00e3o, com os arquivos a seguir em anexo:<strong><br \/>\n<\/strong><\/p>\n<ol>\n<li>Formul\u00e1rio de Aproveitamento de disciplinas. (<a href=\"https:\/\/wp.ufpel.edu.br\/pgfisica\/files\/2021\/06\/Formulario-6-\u2013-Aproveitamento-de-Creditos.doc\">Formul\u00e1rio 6 \u2013 Aproveitamento de Cr\u00e9ditos<\/a>)<\/li>\n<li>Hist\u00f3rico do curso onde as disciplinas foram cursadas<\/li>\n<li>Ementas das disciplinas<\/li>\n<\/ol>\n<h5><strong>Indica\u00e7\u00e3o de Orientador e Coorientador e Plano de Trabalho<\/strong><\/h5>\n<ol>\n<li>A indica\u00e7\u00e3o do Orientador deve ser feita at\u00e9 o terceiro m\u00eas ap\u00f3s o ingresso no PPG, atrav\u00e9s de Carta de Aceite assinada pelo Orientador e encaminhada \u00e0 Coordena\u00e7\u00e3o para aprecia\u00e7\u00e3o da CPG.<\/li>\n<li>Para a inclus\u00e3o de Coorientador, deve ser enviado \u00e0 Coordena\u00e7\u00e3o para aprecia\u00e7\u00e3o da CPG Carta de Aceite assinada pelo coorientador, Carta do Orientador principal justificando a coorienta\u00e7\u00e3o e, no caso de pesquisadores externos ao PPGF\u00eds, Lattes (orientadores com CPF) ou ORCID (orientadores estrangeiros).<\/li>\n<li>O plano de trabalho deve ser enviado at\u00e9 o sexto m\u00eas ap\u00f3s o ingresso no PPG. Deve conter o projeto de pesquisa, cronograma de atividades (incluindo previs\u00e3o de disciplinas a ser cursadas) e deve ser assinado pelo Orientador e pelo discente.<\/li>\n<\/ol>\n<h5><strong>Homologa\u00e7\u00e3o da Profici\u00eancia em L\u00edngua Estrangeira:<\/strong><strong> enviar para a Coordena\u00e7\u00e3o do Programa, por e-mail, a solicita\u00e7\u00e3o, com o arquivo a seguir em anexo:<\/strong><\/h5>\n<ol>\n<li>Enviar o Comprovante ou Atestado de Profici\u00eancia que especifique que o resultado foi APROVADO. Na aus\u00eancia da especifica\u00e7\u00e3o da aprova\u00e7\u00e3o, o crit\u00e9rio adotado pela Comiss\u00e3o de P\u00f3s-Gradua\u00e7\u00e3o do PPGF\u00eds \u00e9 que o aproveitamento seja superior a 60% &#8211; por exemplo, em um teste com peso 10.0 o aluno deve obter nota 6.0. O prazo m\u00e1ximo de validade do Exame \u00e9 de 5 anos.<\/li>\n<\/ol>\n<p>&nbsp;<\/p>\n","protected":false},"excerpt":{"rendered":"<p>Gerenciamento da Matr\u00edcula A primeira matr\u00edcula no PPG F\u00edsica ser\u00e1 feita em hora agendada com o Coordenador As rematr\u00edculas devem ser feitas pelo discente no Sistema Cobalto no per\u00edodo comunicado por email pra Coordena\u00e7\u00e3o e divulgado no site do PPGF\u00eds. Ap\u00f3s isso, o discente deve solicitar ao Orientador a homologa\u00e7\u00e3o da matr\u00edcula. Ent\u00e3o, a Coordena\u00e7\u00e3o &hellip; <a href=\"https:\/\/wp.ufpel.edu.br\/pgfisica\/area-do-discente\/matricula-orientacao-e-proficiencia\/\" class=\"more-link\">Continue lendo <span class=\"screen-reader-text\">Matr\u00edcula, Orienta\u00e7\u00e3o e Profici\u00eancia<\/span> <span class=\"meta-nav\">&rarr;<\/span><\/a><\/p>\n","protected":false},"author":220,"featured_media":0,"parent":140,"menu_order":0,"comment_status":"closed","ping_status":"closed","template":"","meta":{"jetpack_post_was_ever_published":false,"footnotes":""},"class_list":["post-6484","page","type-page","status-publish","hentry"],"jetpack_sharing_enabled":true,"jetpack_shortlink":"https:\/\/wp.me\/P94N8p-1GA","_links":{"self":[{"href":"https:\/\/wp.ufpel.edu.br\/pgfisica\/wp-json\/wp\/v2\/pages\/6484","targetHints":{"allow":["GET"]}}],"collection":[{"href":"https:\/\/wp.ufpel.edu.br\/pgfisica\/wp-json\/wp\/v2\/pages"}],"about":[{"href":"https:\/\/wp.ufpel.edu.br\/pgfisica\/wp-json\/wp\/v2\/types\/page"}],"author":[{"embeddable":true,"href":"https:\/\/wp.ufpel.edu.br\/pgfisica\/wp-json\/wp\/v2\/users\/220"}],"replies":[{"embeddable":true,"href":"https:\/\/wp.ufpel.edu.br\/pgfisica\/wp-json\/wp\/v2\/comments?post=6484"}],"version-history":[{"count":8,"href":"https:\/\/wp.ufpel.edu.br\/pgfisica\/wp-json\/wp\/v2\/pages\/6484\/revisions"}],"predecessor-version":[{"id":6733,"href":"https:\/\/wp.ufpel.edu.br\/pgfisica\/wp-json\/wp\/v2\/pages\/6484\/revisions\/6733"}],"up":[{"embeddable":true,"href":"https:\/\/wp.ufpel.edu.br\/pgfisica\/wp-json\/wp\/v2\/pages\/140"}],"wp:attachment":[{"href":"https:\/\/wp.ufpel.edu.br\/pgfisica\/wp-json\/wp\/v2\/media?parent=6484"}],"curies":[{"name":"wp","href":"https:\/\/api.w.org\/{rel}","templated":true}]}}