{"id":6459,"date":"2024-01-08T14:45:40","date_gmt":"2024-01-08T17:45:40","guid":{"rendered":"https:\/\/wp.ufpel.edu.br\/pgfisica\/?page_id=6459"},"modified":"2024-01-15T14:45:34","modified_gmt":"2024-01-15T17:45:34","slug":"bordinlab","status":"publish","type":"page","link":"https:\/\/wp.ufpel.edu.br\/pgfisica\/linhas-de-pesquisa\/bordinlab\/","title":{"rendered":"F\u00edsica da Mat\u00e9ria Mole"},"content":{"rendered":"<p>Empregamos Modelagem Molecular para responder quest\u00f5es em mat\u00e9ria mole na fronteira da F\u00edsica, Qu\u00edmica e Biologia. Os interesses de pesquisa incluem (mas n\u00e3o est\u00e3o limitados a):<\/p>\n<ul>\n<li>\u00c1gua, s\u00e3o anomalias e comportamento \u00fanico;<\/li>\n<li>Nanoflu\u00eddica;<\/li>\n<li>Subst\u00e2ncias e materiais polim\u00f3rficos e poliam\u00f3rficos;<\/li>\n<li>Nanomateriais: auto-montagem e aplica\u00e7\u00f5es;<\/li>\n<li>F\u00edsica do C\u00e2ncer;<\/li>\n<li>Difus\u00e3o em sistemas biol\u00f3gicos;<\/li>\n<li>Col\u00f3ides Amolecidos e Nanopart\u00edculas;<\/li>\n<li>Fluidos complexos.<\/li>\n<\/ul>\n<p><a href=\"https:\/\/wp.ufpel.edu.br\/pgfisica\/files\/2024\/01\/c3p2-400x400-1.jpeg\"><img loading=\"lazy\" decoding=\"async\" data-attachment-id=\"6507\" data-permalink=\"https:\/\/wp.ufpel.edu.br\/pgfisica\/linhas-de-pesquisa\/bordinlab\/c3p2-400x400\/\" data-orig-file=\"https:\/\/wp.ufpel.edu.br\/pgfisica\/files\/2024\/01\/c3p2-400x400-1.jpeg\" data-orig-size=\"400,400\" data-comments-opened=\"0\" data-image-meta=\"{&quot;aperture&quot;:&quot;0&quot;,&quot;credit&quot;:&quot;&quot;,&quot;camera&quot;:&quot;&quot;,&quot;caption&quot;:&quot;&quot;,&quot;created_timestamp&quot;:&quot;0&quot;,&quot;copyright&quot;:&quot;&quot;,&quot;focal_length&quot;:&quot;0&quot;,&quot;iso&quot;:&quot;0&quot;,&quot;shutter_speed&quot;:&quot;0&quot;,&quot;title&quot;:&quot;&quot;,&quot;orientation&quot;:&quot;0&quot;}\" data-image-title=\"c3p2-400&amp;#215;400\" data-image-description=\"\" data-image-caption=\"\" data-medium-file=\"https:\/\/wp.ufpel.edu.br\/pgfisica\/files\/2024\/01\/c3p2-400x400-1.jpeg\" data-large-file=\"https:\/\/wp.ufpel.edu.br\/pgfisica\/files\/2024\/01\/c3p2-400x400-1.jpeg\" class=\" wp-image-6507 alignleft\" src=\"https:\/\/wp.ufpel.edu.br\/pgfisica\/files\/2024\/01\/c3p2-400x400-1-200x200.jpeg\" alt=\"\" width=\"124\" height=\"124\" srcset=\"https:\/\/wp.ufpel.edu.br\/pgfisica\/files\/2024\/01\/c3p2-400x400-1-200x200.jpeg 200w, https:\/\/wp.ufpel.edu.br\/pgfisica\/files\/2024\/01\/c3p2-400x400-1.jpeg 400w\" sizes=\"auto, (max-width: 124px) 100vw, 124px\" \/><\/a><br \/>\nO grupo conta com um laborat\u00f3rio computacional com 12 computadores pr\u00f3prios, al\u00e9m de duas Workstations (Quindim &amp; Camafeu) dedicada para processamento em paralelo e uma Workstation (Beijinho) para processamento em GPU.<\/p>\n<h2><strong> Website: <a href=\"https:\/\/wp.ufpel.edu.br\/bordin\">wp.ufpel.edu.br\/bordin<\/a><\/strong><\/h2>\n","protected":false},"excerpt":{"rendered":"<p>Empregamos Modelagem Molecular para responder quest\u00f5es em mat\u00e9ria mole na fronteira da F\u00edsica, Qu\u00edmica e Biologia. Os interesses de pesquisa incluem (mas n\u00e3o est\u00e3o limitados a): \u00c1gua, s\u00e3o anomalias e comportamento \u00fanico; Nanoflu\u00eddica; Subst\u00e2ncias e materiais polim\u00f3rficos e poliam\u00f3rficos; Nanomateriais: auto-montagem e aplica\u00e7\u00f5es; F\u00edsica do C\u00e2ncer; Difus\u00e3o em sistemas biol\u00f3gicos; Col\u00f3ides Amolecidos e Nanopart\u00edculas; Fluidos &hellip; <a href=\"https:\/\/wp.ufpel.edu.br\/pgfisica\/linhas-de-pesquisa\/bordinlab\/\" class=\"more-link\">Continue lendo <span class=\"screen-reader-text\">F\u00edsica da Mat\u00e9ria Mole<\/span> <span class=\"meta-nav\">&rarr;<\/span><\/a><\/p>\n","protected":false},"author":220,"featured_media":0,"parent":855,"menu_order":0,"comment_status":"closed","ping_status":"closed","template":"","meta":{"jetpack_post_was_ever_published":false,"footnotes":""},"class_list":["post-6459","page","type-page","status-publish","hentry"],"jetpack_sharing_enabled":true,"jetpack_shortlink":"https:\/\/wp.me\/P94N8p-1Gb","_links":{"self":[{"href":"https:\/\/wp.ufpel.edu.br\/pgfisica\/wp-json\/wp\/v2\/pages\/6459","targetHints":{"allow":["GET"]}}],"collection":[{"href":"https:\/\/wp.ufpel.edu.br\/pgfisica\/wp-json\/wp\/v2\/pages"}],"about":[{"href":"https:\/\/wp.ufpel.edu.br\/pgfisica\/wp-json\/wp\/v2\/types\/page"}],"author":[{"embeddable":true,"href":"https:\/\/wp.ufpel.edu.br\/pgfisica\/wp-json\/wp\/v2\/users\/220"}],"replies":[{"embeddable":true,"href":"https:\/\/wp.ufpel.edu.br\/pgfisica\/wp-json\/wp\/v2\/comments?post=6459"}],"version-history":[{"count":7,"href":"https:\/\/wp.ufpel.edu.br\/pgfisica\/wp-json\/wp\/v2\/pages\/6459\/revisions"}],"predecessor-version":[{"id":6521,"href":"https:\/\/wp.ufpel.edu.br\/pgfisica\/wp-json\/wp\/v2\/pages\/6459\/revisions\/6521"}],"up":[{"embeddable":true,"href":"https:\/\/wp.ufpel.edu.br\/pgfisica\/wp-json\/wp\/v2\/pages\/855"}],"wp:attachment":[{"href":"https:\/\/wp.ufpel.edu.br\/pgfisica\/wp-json\/wp\/v2\/media?parent=6459"}],"curies":[{"name":"wp","href":"https:\/\/api.w.org\/{rel}","templated":true}]}}