{"id":6323,"date":"2023-09-07T10:22:23","date_gmt":"2023-09-07T13:22:23","guid":{"rendered":"https:\/\/wp.ufpel.edu.br\/pgfisica\/?page_id=6323"},"modified":"2023-11-14T12:32:39","modified_gmt":"2023-11-14T15:32:39","slug":"programacao-mostra","status":"publish","type":"page","link":"https:\/\/wp.ufpel.edu.br\/pgfisica\/eventos\/mostra\/programacao-mostra\/","title":{"rendered":"Programa\u00e7\u00e3o &#8211; Mostra"},"content":{"rendered":"<p><em><strong><a href=\"https:\/\/wp.ufpel.edu.br\/pgfisica\/files\/2023\/11\/Screenshot-from-2023-11-14-09-53-13.png\">CRONOGRAMA:<span style=\"font-family: arial, helvetica, sans-serif; font-size: 10pt;\"><img loading=\"lazy\" decoding=\"async\" data-attachment-id=\"6387\" data-permalink=\"https:\/\/wp.ufpel.edu.br\/pgfisica\/eventos\/mostra\/programacao-mostra\/screenshot-from-2023-11-14-09-53-13\/\" data-orig-file=\"https:\/\/wp.ufpel.edu.br\/pgfisica\/files\/2023\/11\/Screenshot-from-2023-11-14-09-53-13.png\" data-orig-size=\"1499,679\" data-comments-opened=\"0\" data-image-meta=\"{&quot;aperture&quot;:&quot;0&quot;,&quot;credit&quot;:&quot;&quot;,&quot;camera&quot;:&quot;&quot;,&quot;caption&quot;:&quot;&quot;,&quot;created_timestamp&quot;:&quot;0&quot;,&quot;copyright&quot;:&quot;&quot;,&quot;focal_length&quot;:&quot;0&quot;,&quot;iso&quot;:&quot;0&quot;,&quot;shutter_speed&quot;:&quot;0&quot;,&quot;title&quot;:&quot;&quot;,&quot;orientation&quot;:&quot;0&quot;}\" data-image-title=\"Screenshot from 2023-11-14 09-53-13\" data-image-description=\"\" data-image-caption=\"\" data-medium-file=\"https:\/\/wp.ufpel.edu.br\/pgfisica\/files\/2023\/11\/Screenshot-from-2023-11-14-09-53-13-400x181.png\" data-large-file=\"https:\/\/wp.ufpel.edu.br\/pgfisica\/files\/2023\/11\/Screenshot-from-2023-11-14-09-53-13-1024x464.png\" class=\"aligncenter wp-image-6387 size-full\" src=\"https:\/\/wp.ufpel.edu.br\/pgfisica\/files\/2023\/11\/Screenshot-from-2023-11-14-09-53-13.png\" alt=\"\" width=\"1499\" height=\"679\" srcset=\"https:\/\/wp.ufpel.edu.br\/pgfisica\/files\/2023\/11\/Screenshot-from-2023-11-14-09-53-13.png 1499w, https:\/\/wp.ufpel.edu.br\/pgfisica\/files\/2023\/11\/Screenshot-from-2023-11-14-09-53-13-400x181.png 400w, https:\/\/wp.ufpel.edu.br\/pgfisica\/files\/2023\/11\/Screenshot-from-2023-11-14-09-53-13-1024x464.png 1024w, https:\/\/wp.ufpel.edu.br\/pgfisica\/files\/2023\/11\/Screenshot-from-2023-11-14-09-53-13-768x348.png 768w, https:\/\/wp.ufpel.edu.br\/pgfisica\/files\/2023\/11\/Screenshot-from-2023-11-14-09-53-13-1200x544.png 1200w\" sizes=\"auto, (max-width: 1499px) 100vw, 1499px\" \/><\/span><\/a><\/strong><\/em><em><strong>P\u00d4STERS:<\/strong><\/em><\/p>\n<table dir=\"ltr\" border=\"1\" cellspacing=\"0\" cellpadding=\"0\">\n<tbody>\n<tr>\n<td data-sheets-value=\"{&quot;1&quot;:2,&quot;2&quot;:&quot;Giovane Rosado&quot;}\"><span style=\"font-family: arial, helvetica, sans-serif; font-size: 10pt;\">Giovane Rosado<\/span><\/td>\n<td data-sheets-value=\"{&quot;1&quot;:2,&quot;2&quot;:&quot;Estudo das Propriedades Eletr\u00f4nicas de Materiais Semicondutores &quot;}\">\n<div>\n<div><span style=\"font-family: arial, helvetica, sans-serif; font-size: 10pt;\">Estudo das Propriedades Eletr\u00f4nicas de Materiais Semicondutores<\/span><\/div>\n<\/div>\n<\/td>\n<\/tr>\n<tr>\n<td data-sheets-value=\"{&quot;1&quot;:2,&quot;2&quot;:&quot;Fabiano Pereira de Oliveira&quot;}\"><span style=\"font-family: arial, helvetica, sans-serif; font-size: 10pt;\">Fabiano Pereira de Oliveira<\/span><\/td>\n<td data-sheets-value=\"{&quot;1&quot;:2,&quot;2&quot;:&quot;ESTUDO COMPUTACIONAL PRELIMINAR DA ADSOR\u00c7\u00c3O MOLECULAR DE CO2 SOBRE SUPERF\u00cdCIES DE COBRE&quot;}\">\n<div>\n<div><span style=\"font-family: arial, helvetica, sans-serif; font-size: 10pt;\">ESTUDO COMPUTACIONAL PRELIMINAR DA ADSOR\u00c7\u00c3O MOLECULAR DE CO2 SOBRE SUPERF\u00cdCIES DE COBRE<\/span><\/div>\n<\/div>\n<\/td>\n<\/tr>\n<tr>\n<td data-sheets-value=\"{&quot;1&quot;:2,&quot;2&quot;:&quot;Guilherme Melo Figueiredo &quot;}\"><span style=\"font-family: arial, helvetica, sans-serif; font-size: 10pt;\">Guilherme Melo Figueiredo<\/span><\/td>\n<td data-sheets-value=\"{&quot;1&quot;:2,&quot;2&quot;:&quot;AN\u00c1LISE DAS PROPRIEDADES MEC\u00c2NICAS E ELETR\u00d4NICAS DO NITRETO DE TIT\u00c2NIO (TiN) ATRAV\u00c9S DO FORMALISMO DA TEORIA FUNCIONAL DA DENSIDADE (DFT). \\n&quot;}\">\n<div>\n<div><span style=\"font-family: arial, helvetica, sans-serif; font-size: 10pt;\">AN\u00c1LISE DAS PROPRIEDADES MEC\u00c2NICAS E ELETR\u00d4NICAS DO NITRETO DE TIT\u00c2NIO (TiN) ATRAV\u00c9S DO FORMALISMO DA TEORIA FUNCIONAL DA DENSIDADE (DFT).<\/span><\/div>\n<\/div>\n<\/td>\n<\/tr>\n<tr>\n<td data-sheets-value=\"{&quot;1&quot;:2,&quot;2&quot;:&quot;Arthur Krindges&quot;}\"><span style=\"font-family: arial, helvetica, sans-serif; font-size: 10pt;\">Arthur Krindges<\/span><\/td>\n<td data-sheets-value=\"{&quot;1&quot;:2,&quot;2&quot;:&quot;Modelo Frustrado J1-J2 com intera\u00e7\u00e3o BCS vari\u00e1vel&quot;}\">\n<div>\n<div><span style=\"font-family: arial, helvetica, sans-serif; font-size: 10pt;\">Modelo Frustrado J1-J2 com intera\u00e7\u00e3o BCS vari\u00e1vel<\/span><\/div>\n<\/div>\n<\/td>\n<\/tr>\n<tr>\n<td data-sheets-value=\"{&quot;1&quot;:2,&quot;2&quot;:&quot;Luis Felipe Eslab\u00e3o Maescki&quot;}\"><span style=\"font-family: arial, helvetica, sans-serif; font-size: 10pt;\">Luis Felipe Eslab\u00e3o Maescki<\/span><\/td>\n<td data-sheets-value=\"{&quot;1&quot;:2,&quot;2&quot;:&quot;Simula\u00e7\u00f5es num\u00e9ricas de breakdown em plasmas\u00a0de\u00a0Tokamak&quot;}\">\n<div>\n<div><span style=\"font-family: arial, helvetica, sans-serif; font-size: 10pt;\">Simula\u00e7\u00f5es num\u00e9ricas de breakdown em plasmas\u00a0de\u00a0Tokamak<\/span><\/div>\n<\/div>\n<\/td>\n<\/tr>\n<tr>\n<td data-sheets-value=\"{&quot;1&quot;:2,&quot;2&quot;:&quot;Pablo da Silva Ceiglinski&quot;}\"><span style=\"font-family: arial, helvetica, sans-serif; font-size: 10pt;\">Pablo da Silva Ceiglinski<\/span><\/td>\n<td data-sheets-value=\"{&quot;1&quot;:2,&quot;2&quot;:&quot;Cosmologia Newtoniana a partir da formula\u00e7\u00e3o lagrangiana\\n&quot;}\">\n<div>\n<div><span style=\"font-family: arial, helvetica, sans-serif; font-size: 10pt;\">Cosmologia Newtoniana a partir da formula\u00e7\u00e3o lagrangiana<\/span><\/div>\n<\/div>\n<\/td>\n<\/tr>\n<tr>\n<td data-sheets-value=\"{&quot;1&quot;:2,&quot;2&quot;:&quot;Davi Diego de Almeida&quot;}\"><span style=\"font-family: arial, helvetica, sans-serif; font-size: 10pt;\">Davi Diego de Almeida<\/span><\/td>\n<td data-sheets-value=\"{&quot;1&quot;:2,&quot;2&quot;:&quot;Problema Inverso do Espalhamento Total Resolvido&quot;}\">\n<div>\n<div><span style=\"font-family: arial, helvetica, sans-serif; font-size: 10pt;\">Problema Inverso do Espalhamento Total Resolvido<\/span><\/div>\n<\/div>\n<\/td>\n<\/tr>\n<tr>\n<td data-sheets-value=\"{&quot;1&quot;:2,&quot;2&quot;:&quot;Gabriel Martins dos Santod&quot;}\"><span style=\"font-family: arial, helvetica, sans-serif; font-size: 10pt;\">Gabriel Martins dos Santod<\/span><\/td>\n<td data-sheets-value=\"{&quot;1&quot;:2,&quot;2&quot;:&quot;S\u00edntese, microestrutura e difra\u00e7\u00e3o de raios-x em amostras supercondutoras de YBa2u3O7-\u03b4.&quot;}\">\n<div>\n<div><span style=\"font-family: arial, helvetica, sans-serif; font-size: 10pt;\">S\u00edntese, microestrutura e difra\u00e7\u00e3o de raios-x em amostras supercondutoras de YBa2u3O7-\u03b4.<\/span><\/div>\n<\/div>\n<\/td>\n<\/tr>\n<tr>\n<td data-sheets-value=\"{&quot;1&quot;:2,&quot;2&quot;:&quot;Alexandre Vargas Ilha&quot;}\"><span style=\"font-family: arial, helvetica, sans-serif; font-size: 10pt;\">Alexandre Vargas Ilha<\/span><\/td>\n<td data-sheets-value=\"{&quot;1&quot;:2,&quot;2&quot;:&quot;Efeito estrutural da histerese estrutural de coloides Bidimensionais&quot;}\">\n<div>\n<div><span style=\"font-family: arial, helvetica, sans-serif; font-size: 10pt;\">Efeito estrutural da histerese estrutural de coloides Bidimensionais<\/span><\/div>\n<\/div>\n<\/td>\n<\/tr>\n<tr>\n<td data-sheets-value=\"{&quot;1&quot;:2,&quot;2&quot;:&quot;Jo\u00e3o Marcos Tomaz Palheta&quot;}\"><span style=\"font-family: arial, helvetica, sans-serif; font-size: 10pt;\">Jo\u00e3o Marcos Tomaz Palheta<\/span><\/td>\n<td data-sheets-value=\"{&quot;1&quot;:2,&quot;2&quot;:&quot;Estudo de Nanoclusters de Metais de Transi\u00e7\u00e3o com 13 \u00e1tomos baseados em Ti, Zr e Hf via Teoria do Funcional da Densidade&quot;}\">\n<div>\n<div><span style=\"font-family: arial, helvetica, sans-serif; font-size: 10pt;\">Estudo de Nanoclusters de Metais de Transi\u00e7\u00e3o com 13 \u00e1tomos baseados em Ti, Zr e Hf via Teoria do Funcional da Densidade<\/span><\/div>\n<\/div>\n<\/td>\n<\/tr>\n<tr>\n<td data-sheets-value=\"{&quot;1&quot;:2,&quot;2&quot;:&quot;Ramon Dadalto Carvalho &quot;}\"><span style=\"font-family: arial, helvetica, sans-serif; font-size: 10pt;\">Ramon Dadalto Carvalho<\/span><\/td>\n<td data-sheets-value=\"{&quot;1&quot;:2,&quot;2&quot;:&quot;Development of SiO2-BaF2 anti-reflective coating applied as solar glass&quot;}\">\n<div>\n<div><span style=\"font-family: arial, helvetica, sans-serif; font-size: 10pt;\">Development of SiO2-BaF2 anti-reflective coating applied as solar glass<\/span><\/div>\n<\/div>\n<\/td>\n<\/tr>\n<tr>\n<td data-sheets-value=\"{&quot;1&quot;:2,&quot;2&quot;:&quot;J\u00f4natas favotto Dalmedico&quot;}\"><span style=\"font-family: arial, helvetica, sans-serif; font-size: 10pt;\">J\u00f4natas favotto Dalmedico<\/span><\/td>\n<td data-sheets-value=\"{&quot;1&quot;:2,&quot;2&quot;:&quot;Dipole Configuration Importance of the Organic Spacers and Cations Interactions in Quasi-2D Perovskites: an Ab Initio Study\\n&quot;}\">\n<div>\n<div><span style=\"font-family: arial, helvetica, sans-serif; font-size: 10pt;\">Dipole Configuration Importance of the Organic Spacers and Cations Interactions in Quasi-2D Perovskites: an Ab Initio Study<\/span><\/div>\n<\/div>\n<\/td>\n<\/tr>\n<\/tbody>\n<\/table>\n<p><strong>OUVINTES:<\/strong><\/p>\n<table dir=\"ltr\" style=\"height: 743px;\" border=\"1\" width=\"316\" cellspacing=\"0\" cellpadding=\"0\">\n<colgroup>\n<col width=\"150\" \/><\/colgroup>\n<tbody>\n<tr>\n<td style=\"width: 824.167px;\" data-sheets-value=\"{&quot;1&quot;:2,&quot;2&quot;:&quot;Ittalo de Sosa Nornberg&quot;}\">Ittalo de Sosa Nornberg<\/td>\n<\/tr>\n<tr>\n<td style=\"width: 824.167px;\" data-sheets-value=\"{&quot;1&quot;:2,&quot;2&quot;:&quot;Alice da Silva Santos&quot;}\">Alice da Silva Santos<\/td>\n<\/tr>\n<tr>\n<td style=\"width: 824.167px;\" data-sheets-value=\"{&quot;1&quot;:2,&quot;2&quot;:&quot;Juciene Teixeira de souza&quot;}\">Juciene Teixeira de souza<\/td>\n<\/tr>\n<tr>\n<td style=\"width: 824.167px;\" data-sheets-value=\"{&quot;1&quot;:2,&quot;2&quot;:&quot;Sandra Tacianny Karol de Araujo&quot;}\">Sandra Tacianny Karol de Araujo<\/td>\n<\/tr>\n<tr>\n<td style=\"width: 824.167px;\" data-sheets-value=\"{&quot;1&quot;:2,&quot;2&quot;:&quot;Kamila Elen Silva Mendes &quot;}\">Kamila Elen Silva Mendes<\/td>\n<\/tr>\n<tr>\n<td style=\"width: 824.167px;\" data-sheets-value=\"{&quot;1&quot;:2,&quot;2&quot;:&quot;N\u00edcolas Hawas Moreira&quot;}\">N\u00edcolas Hawas Moreira<\/td>\n<\/tr>\n<tr>\n<td style=\"width: 824.167px;\" data-sheets-value=\"{&quot;1&quot;:2,&quot;2&quot;:&quot;Fenike Silva das Neves&quot;}\">Fenike Silva das Neves<\/td>\n<\/tr>\n<tr>\n<td style=\"width: 824.167px;\" data-sheets-value=\"{&quot;1&quot;:2,&quot;2&quot;:&quot;Vagner da Silva Dias &quot;}\">Vagner da Silva Dias<\/td>\n<\/tr>\n<tr>\n<td style=\"width: 824.167px;\" data-sheets-value=\"{&quot;1&quot;:2,&quot;2&quot;:&quot;Jo\u00e3o Vitor Bulh\u00f5es da Silva&quot;}\">Jo\u00e3o Vitor Bulh\u00f5es da Silva<\/td>\n<\/tr>\n<tr>\n<td style=\"width: 824.167px;\" data-sheets-value=\"{&quot;1&quot;:2,&quot;2&quot;:&quot;Sarah Esther da Silva Saab&quot;}\">Sarah Esther da Silva Saab<\/td>\n<\/tr>\n<tr>\n<td style=\"width: 824.167px;\" data-sheets-value=\"{&quot;1&quot;:2,&quot;2&quot;:&quot;Rennan Pereira de Souza &quot;}\">Rennan Pereira de Souza<\/td>\n<\/tr>\n<tr>\n<td style=\"width: 824.167px;\" data-sheets-value=\"{&quot;1&quot;:2,&quot;2&quot;:&quot;Solange Maria Fossa &quot;}\">Solange Maria Fossa<\/td>\n<\/tr>\n<tr>\n<td style=\"width: 824.167px;\" data-sheets-value=\"{&quot;1&quot;:2,&quot;2&quot;:&quot;Davi Felipe Kray Silva &quot;}\">Davi Felipe Kray Silva<\/td>\n<\/tr>\n<tr>\n<td style=\"width: 824.167px;\" data-sheets-value=\"{&quot;1&quot;:2,&quot;2&quot;:&quot;Josiney de Souza Gl\u00f3ria &quot;}\">Josiney de Souza Gl\u00f3ria<\/td>\n<\/tr>\n<tr>\n<td style=\"width: 824.167px;\" data-sheets-value=\"{&quot;1&quot;:2,&quot;2&quot;:&quot;Samantha Cardoso&quot;}\">Samantha Cardoso<\/td>\n<\/tr>\n<tr>\n<td style=\"width: 824.167px;\" data-sheets-value=\"{&quot;1&quot;:2,&quot;2&quot;:&quot;L\u00e1zaro Coelho Nunes&quot;}\">L\u00e1zaro Coelho Nunes<\/td>\n<\/tr>\n<tr>\n<td style=\"width: 824.167px;\" data-sheets-value=\"{&quot;1&quot;:2,&quot;2&quot;:&quot;Rosiane Carneiro da Rosa &quot;}\">Rosiane Carneiro da Rosa<\/td>\n<\/tr>\n<\/tbody>\n<\/table>\n<p>&nbsp;<\/p>\n","protected":false},"excerpt":{"rendered":"<p>CRONOGRAMA:P\u00d4STERS: Giovane Rosado Estudo das Propriedades Eletr\u00f4nicas de Materiais Semicondutores Fabiano Pereira de Oliveira ESTUDO COMPUTACIONAL PRELIMINAR DA ADSOR\u00c7\u00c3O MOLECULAR DE CO2 SOBRE SUPERF\u00cdCIES DE COBRE Guilherme Melo Figueiredo AN\u00c1LISE DAS PROPRIEDADES MEC\u00c2NICAS E ELETR\u00d4NICAS DO NITRETO DE TIT\u00c2NIO (TiN) ATRAV\u00c9S DO FORMALISMO DA TEORIA FUNCIONAL DA DENSIDADE (DFT). Arthur Krindges Modelo Frustrado J1-J2 com &hellip; <a href=\"https:\/\/wp.ufpel.edu.br\/pgfisica\/eventos\/mostra\/programacao-mostra\/\" class=\"more-link\">Continue lendo <span class=\"screen-reader-text\">Programa\u00e7\u00e3o &#8211; Mostra<\/span> <span class=\"meta-nav\">&rarr;<\/span><\/a><\/p>\n","protected":false},"author":220,"featured_media":0,"parent":6310,"menu_order":0,"comment_status":"closed","ping_status":"closed","template":"","meta":{"jetpack_post_was_ever_published":false,"footnotes":""},"class_list":["post-6323","page","type-page","status-publish","hentry"],"jetpack_sharing_enabled":true,"jetpack_shortlink":"https:\/\/wp.me\/P94N8p-1DZ","_links":{"self":[{"href":"https:\/\/wp.ufpel.edu.br\/pgfisica\/wp-json\/wp\/v2\/pages\/6323","targetHints":{"allow":["GET"]}}],"collection":[{"href":"https:\/\/wp.ufpel.edu.br\/pgfisica\/wp-json\/wp\/v2\/pages"}],"about":[{"href":"https:\/\/wp.ufpel.edu.br\/pgfisica\/wp-json\/wp\/v2\/types\/page"}],"author":[{"embeddable":true,"href":"https:\/\/wp.ufpel.edu.br\/pgfisica\/wp-json\/wp\/v2\/users\/220"}],"replies":[{"embeddable":true,"href":"https:\/\/wp.ufpel.edu.br\/pgfisica\/wp-json\/wp\/v2\/comments?post=6323"}],"version-history":[{"count":7,"href":"https:\/\/wp.ufpel.edu.br\/pgfisica\/wp-json\/wp\/v2\/pages\/6323\/revisions"}],"predecessor-version":[{"id":6389,"href":"https:\/\/wp.ufpel.edu.br\/pgfisica\/wp-json\/wp\/v2\/pages\/6323\/revisions\/6389"}],"up":[{"embeddable":true,"href":"https:\/\/wp.ufpel.edu.br\/pgfisica\/wp-json\/wp\/v2\/pages\/6310"}],"wp:attachment":[{"href":"https:\/\/wp.ufpel.edu.br\/pgfisica\/wp-json\/wp\/v2\/media?parent=6323"}],"curies":[{"name":"wp","href":"https:\/\/api.w.org\/{rel}","templated":true}]}}