{"id":6318,"date":"2023-09-07T10:12:23","date_gmt":"2023-09-07T13:12:23","guid":{"rendered":"https:\/\/wp.ufpel.edu.br\/pgfisica\/?page_id=6318"},"modified":"2023-09-14T18:56:10","modified_gmt":"2023-09-14T21:56:10","slug":"inscricao-mostra","status":"publish","type":"page","link":"https:\/\/wp.ufpel.edu.br\/pgfisica\/eventos\/mostra\/inscricao-mostra\/","title":{"rendered":"Inscri\u00e7\u00e3o &#8211; Mostra"},"content":{"rendered":"<p><strong>AT\u00c9 DIA 15 DE OUTUBRO<\/strong>:<\/p>\n<ol>\n<li>Preencha o Formul\u00e1rio dispon\u00edvel neste <a href=\"https:\/\/forms.gle\/WY6tTXZ2VRPKW94TA\">link<\/a><\/li>\n<li>Pague sua inscri\u00e7\u00e3o conforme descrito no Formul\u00e1rio.<\/li>\n<\/ol>\n<p>D\u00favidas? Manda email pra mostra.ppgfis@gmail.com!<\/p>\n","protected":false},"excerpt":{"rendered":"<p>AT\u00c9 DIA 15 DE OUTUBRO: Preencha o Formul\u00e1rio dispon\u00edvel neste link Pague sua inscri\u00e7\u00e3o conforme descrito no Formul\u00e1rio. D\u00favidas? Manda email pra mostra.ppgfis@gmail.com!<\/p>\n","protected":false},"author":220,"featured_media":0,"parent":6310,"menu_order":0,"comment_status":"closed","ping_status":"closed","template":"","meta":{"jetpack_post_was_ever_published":false,"footnotes":""},"class_list":["post-6318","page","type-page","status-publish","hentry"],"jetpack_sharing_enabled":true,"jetpack_shortlink":"https:\/\/wp.me\/P94N8p-1DU","_links":{"self":[{"href":"https:\/\/wp.ufpel.edu.br\/pgfisica\/wp-json\/wp\/v2\/pages\/6318","targetHints":{"allow":["GET"]}}],"collection":[{"href":"https:\/\/wp.ufpel.edu.br\/pgfisica\/wp-json\/wp\/v2\/pages"}],"about":[{"href":"https:\/\/wp.ufpel.edu.br\/pgfisica\/wp-json\/wp\/v2\/types\/page"}],"author":[{"embeddable":true,"href":"https:\/\/wp.ufpel.edu.br\/pgfisica\/wp-json\/wp\/v2\/users\/220"}],"replies":[{"embeddable":true,"href":"https:\/\/wp.ufpel.edu.br\/pgfisica\/wp-json\/wp\/v2\/comments?post=6318"}],"version-history":[{"count":5,"href":"https:\/\/wp.ufpel.edu.br\/pgfisica\/wp-json\/wp\/v2\/pages\/6318\/revisions"}],"predecessor-version":[{"id":6344,"href":"https:\/\/wp.ufpel.edu.br\/pgfisica\/wp-json\/wp\/v2\/pages\/6318\/revisions\/6344"}],"up":[{"embeddable":true,"href":"https:\/\/wp.ufpel.edu.br\/pgfisica\/wp-json\/wp\/v2\/pages\/6310"}],"wp:attachment":[{"href":"https:\/\/wp.ufpel.edu.br\/pgfisica\/wp-json\/wp\/v2\/media?parent=6318"}],"curies":[{"name":"wp","href":"https:\/\/api.w.org\/{rel}","templated":true}]}}