{"id":6310,"date":"2023-09-07T10:10:56","date_gmt":"2023-09-07T13:10:56","guid":{"rendered":"https:\/\/wp.ufpel.edu.br\/pgfisica\/?page_id=6310"},"modified":"2024-01-08T13:51:20","modified_gmt":"2024-01-08T16:51:20","slug":"mostra","status":"publish","type":"page","link":"https:\/\/wp.ufpel.edu.br\/pgfisica\/eventos\/mostra\/","title":{"rendered":"Mostra PPGF\u00eds"},"content":{"rendered":"<p><a href=\"https:\/\/wp.ufpel.edu.br\/pgfisica\/files\/2023\/11\/Screenshot-from-2023-11-14-09-50-19.png\"><img loading=\"lazy\" decoding=\"async\" data-attachment-id=\"6385\" data-permalink=\"https:\/\/wp.ufpel.edu.br\/pgfisica\/eventos\/mostra\/screenshot-from-2023-11-14-09-50-19\/\" data-orig-file=\"https:\/\/wp.ufpel.edu.br\/pgfisica\/files\/2023\/11\/Screenshot-from-2023-11-14-09-50-19.png\" data-orig-size=\"876,467\" data-comments-opened=\"0\" data-image-meta=\"{&quot;aperture&quot;:&quot;0&quot;,&quot;credit&quot;:&quot;&quot;,&quot;camera&quot;:&quot;&quot;,&quot;caption&quot;:&quot;&quot;,&quot;created_timestamp&quot;:&quot;0&quot;,&quot;copyright&quot;:&quot;&quot;,&quot;focal_length&quot;:&quot;0&quot;,&quot;iso&quot;:&quot;0&quot;,&quot;shutter_speed&quot;:&quot;0&quot;,&quot;title&quot;:&quot;&quot;,&quot;orientation&quot;:&quot;0&quot;}\" data-image-title=\"Screenshot from 2023-11-14 09-50-19\" data-image-description=\"\" data-image-caption=\"\" data-medium-file=\"https:\/\/wp.ufpel.edu.br\/pgfisica\/files\/2023\/11\/Screenshot-from-2023-11-14-09-50-19-400x213.png\" data-large-file=\"https:\/\/wp.ufpel.edu.br\/pgfisica\/files\/2023\/11\/Screenshot-from-2023-11-14-09-50-19.png\" class=\"alignnone size-medium wp-image-6385\" src=\"https:\/\/wp.ufpel.edu.br\/pgfisica\/files\/2023\/11\/Screenshot-from-2023-11-14-09-50-19-400x213.png\" alt=\"\" width=\"400\" height=\"213\" srcset=\"https:\/\/wp.ufpel.edu.br\/pgfisica\/files\/2023\/11\/Screenshot-from-2023-11-14-09-50-19-400x213.png 400w, https:\/\/wp.ufpel.edu.br\/pgfisica\/files\/2023\/11\/Screenshot-from-2023-11-14-09-50-19-768x409.png 768w, https:\/\/wp.ufpel.edu.br\/pgfisica\/files\/2023\/11\/Screenshot-from-2023-11-14-09-50-19.png 876w\" sizes=\"auto, (max-width: 400px) 100vw, 400px\" \/><\/a><\/p>\n<p>Em Agosto de 2008 ocorreu o ingresso da primeira turma de alunos do PPGF\u00eds. Para comemorar os 15 anos dedicados \u00e0 Ci\u00eancia e Inova\u00e7\u00e3o, a\u00a0 Primeira Mostra do PPGF\u00eds ocorrer\u00e1 no dia 17 de Novembro de 2023. O evento contar\u00e1 com participa\u00e7\u00f5es dos discentes de Mestrado e Doutorado apresentando a pesquisa que desenvolvem e como cada uma delas contribui para o crescimento do Conhecimento Cient\u00edfico e da Inova\u00e7\u00e3o, desde o Universo Subat\u00f4mico at\u00e9 desenvolvimento de novas (nano)Tecnologias, nas \u00e1reas de F\u00edsica da Mat\u00e9ria Condensada, F\u00edsica dos Plasmas e F\u00edsica de Altas e M\u00e9dias Energias.<\/p>\n<p>Alunos de outros PPGs e de Gradua\u00e7\u00e3o s\u00e3o bem vindos para apresentar seu trabalho no formato de P\u00f4ster! Teremos duas plen\u00e1ria: com a Prof\u00aa. Kaline Coutinho da USP e Prof. Paulo Pureur da UFRGS.<\/p>\n<p>Inscri\u00e7\u00f5es <strong>AT\u00c9 DIA 15 DE OUTUBRO<\/strong> <a href=\"https:\/\/wp.me\/P94N8p-1DU\">AQUI<\/a>!<\/p>\n<p>Programa\u00e7\u00e3o <a href=\"https:\/\/wp.me\/P94N8p-1DZ\">AQUI<\/a>!<\/p>\n","protected":false},"excerpt":{"rendered":"<p>Em Agosto de 2008 ocorreu o ingresso da primeira turma de alunos do PPGF\u00eds. Para comemorar os 15 anos dedicados \u00e0 Ci\u00eancia e Inova\u00e7\u00e3o, a\u00a0 Primeira Mostra do PPGF\u00eds ocorrer\u00e1 no dia 17 de Novembro de 2023. O evento contar\u00e1 com participa\u00e7\u00f5es dos discentes de Mestrado e Doutorado apresentando a pesquisa que desenvolvem e como &hellip; <a href=\"https:\/\/wp.ufpel.edu.br\/pgfisica\/eventos\/mostra\/\" class=\"more-link\">Continue lendo <span class=\"screen-reader-text\">Mostra PPGF\u00eds<\/span> <span class=\"meta-nav\">&rarr;<\/span><\/a><\/p>\n","protected":false},"author":220,"featured_media":0,"parent":1421,"menu_order":0,"comment_status":"closed","ping_status":"closed","template":"","meta":{"jetpack_post_was_ever_published":false,"footnotes":""},"class_list":["post-6310","page","type-page","status-publish","hentry"],"jetpack_sharing_enabled":true,"jetpack_shortlink":"https:\/\/wp.me\/P94N8p-1DM","_links":{"self":[{"href":"https:\/\/wp.ufpel.edu.br\/pgfisica\/wp-json\/wp\/v2\/pages\/6310","targetHints":{"allow":["GET"]}}],"collection":[{"href":"https:\/\/wp.ufpel.edu.br\/pgfisica\/wp-json\/wp\/v2\/pages"}],"about":[{"href":"https:\/\/wp.ufpel.edu.br\/pgfisica\/wp-json\/wp\/v2\/types\/page"}],"author":[{"embeddable":true,"href":"https:\/\/wp.ufpel.edu.br\/pgfisica\/wp-json\/wp\/v2\/users\/220"}],"replies":[{"embeddable":true,"href":"https:\/\/wp.ufpel.edu.br\/pgfisica\/wp-json\/wp\/v2\/comments?post=6310"}],"version-history":[{"count":8,"href":"https:\/\/wp.ufpel.edu.br\/pgfisica\/wp-json\/wp\/v2\/pages\/6310\/revisions"}],"predecessor-version":[{"id":6386,"href":"https:\/\/wp.ufpel.edu.br\/pgfisica\/wp-json\/wp\/v2\/pages\/6310\/revisions\/6386"}],"up":[{"embeddable":true,"href":"https:\/\/wp.ufpel.edu.br\/pgfisica\/wp-json\/wp\/v2\/pages\/1421"}],"wp:attachment":[{"href":"https:\/\/wp.ufpel.edu.br\/pgfisica\/wp-json\/wp\/v2\/media?parent=6310"}],"curies":[{"name":"wp","href":"https:\/\/api.w.org\/{rel}","templated":true}]}}