{"id":5985,"date":"2022-12-06T13:53:42","date_gmt":"2022-12-06T16:53:42","guid":{"rendered":"https:\/\/wp.ufpel.edu.br\/pgfisica\/?page_id=5985"},"modified":"2025-03-21T14:25:08","modified_gmt":"2025-03-21T17:25:08","slug":"admissions","status":"publish","type":"page","link":"https:\/\/wp.ufpel.edu.br\/pgfisica\/english-menu\/admissions\/","title":{"rendered":"Admissions"},"content":{"rendered":"<p>On this page, you will find information about the internal and external selection processes of the Graduate Program in Physics at the Federal University of Pelotas, including Master&#8217;s and Doctoral selections, Sandwich Doctorate selection. For any questions, please contact the program via email at cpgfisica@ufpel.edu.br.<\/p>\n<hr \/>\n<hr \/>\n<h2><strong>Regular Admission in PPGF\u00eds\/UFPel<\/strong><\/h2>\n<div class=\"flex max-w-full flex-col flex-grow\">\n<div class=\"min-h-8 text-message flex w-full flex-col items-end gap-2 whitespace-normal break-words [.text-message+&amp;]:mt-5\" dir=\"auto\" data-message-author-role=\"assistant\" data-message-id=\"c7da04f0-85c5-4130-ae03-4fc7f1beef5b\" data-message-model-slug=\"gpt-4o\">\n<div class=\"flex w-full flex-col gap-1 empty:hidden first:pt-[3px]\">\n<div class=\"markdown prose w-full break-words dark:prose-invert dark\">\n<p>Admission to the Master&#8217;s and Doctoral programs of the Graduate Program in Physics (PPG in Physics) is determined by specific selection calls. All required documentation for application, as well as the selection criteria, are outlined in these calls. Altought all the documents are in Portuguese, English versions can be requested via email at pgfisica.ufpel@gmail.com.<\/p>\n<\/div>\n<\/div>\n<\/div>\n<\/div>\n<ul>\n<li><em><strong>Doctoral Program in Physics<\/strong><\/em><\/li>\n<\/ul>\n<p>There are no open calls. The next one will be published in July 2025.<\/p>\n<p>Annexs:<\/p>\n<p>Form 1: <a href=\"https:\/\/wp.ufpel.edu.br\/pgfisica\/files\/2017\/10\/Formulario1.doc\" target=\"_blank\" rel=\"noopener\">Formul\u00e1rio de Inscri\u00e7\u00e3o<\/a><\/p>\n<p>CV Spreadsheet Evaluation &#8211; PhD: <a href=\"https:\/\/wp.ufpel.edu.br\/pgfisica\/files\/2024\/11\/Planilha-de-Pontuacao-do-CV-Lattes-Doutorado-1.pdf\" target=\"_blank\" rel=\"noopener\">PDF<\/a> ou <a href=\"https:\/\/docs.google.com\/document\/d\/1wUXM-5itZ0YSxihjM-F8KWaFHRC397PXQAGEbGrGeaw\/edit?usp=sharing\">link para baixar o .docx<\/a><\/p>\n<p>Courses Equivalence &#8211; PhD: <a href=\"https:\/\/wp.ufpel.edu.br\/pgfisica\/files\/2023\/07\/form-novo-fc.docx\">form-novo-fc<\/a><\/p>\n<p><a href=\"https:\/\/wp.ufpel.edu.br\/pgfisica\/files\/2017\/06\/Declaracao_de_Etnia.pdf\" target=\"_blank\" rel=\"noopener noreferrer\">Autodeclara\u00e7\u00e3o de Etnico-Racial<\/a><\/p>\n<p><a href=\"https:\/\/wp.ufpel.edu.br\/pgfisica\/files\/2021\/07\/Autodeclaracao_de_Identidade_de_Genero.pdf\">Autodeclara\u00e7\u00e3o de Identidade de G\u00eanero<\/a><\/p>\n<p><a href=\"https:\/\/wp.ufpel.edu.br\/pgfisica\/files\/2024\/11\/Autodeclaracao-Deficiencia.docx\">Autodeclaracao-Deficiencia<\/a><\/p>\n<ul>\n<li><strong><em>Master Program in Physics<\/em><\/strong><\/li>\n<\/ul>\n<p>There are no open calls. The next one will be published in July 2025.<\/p>\n<p>Annex:<\/p>\n<p>Form 1: <a href=\"https:\/\/wp.ufpel.edu.br\/pgfisica\/files\/2017\/10\/Formulario1.doc\">Formul\u00e1rio de Inscri\u00e7\u00e3o<\/a><\/p>\n<p>CV Spreadsheet Evaluations\u00a0 &#8211; Master: <a href=\"https:\/\/wp.ufpel.edu.br\/pgfisica\/files\/2024\/11\/Planilha-Lattes-Mestrado.docx-1.pdf\" target=\"_blank\" rel=\"noopener\">PDF<\/a> ou <a href=\"https:\/\/docs.google.com\/document\/d\/1NAeHqEwD1bVWdM3Zm1vCzTZyykXCWfkb\/edit?usp=sharing&amp;ouid=109220660458669021504&amp;rtpof=true&amp;sd=true\">link para baixar o .docx<\/a><\/p>\n<p>Courses Equivalence &#8211; Master: <a href=\"https:\/\/wp.ufpel.edu.br\/pgfisica\/files\/2024\/11\/Ficha_documental_hisorico_Mestrado_Fisica_022021.doc\">Ficha_documental_hisorico_Mestrado_Fisica<\/a><\/p>\n<p><a href=\"https:\/\/wp.ufpel.edu.br\/pgfisica\/files\/2017\/06\/Declaracao_de_Etnia.pdf\" target=\"_blank\" rel=\"noopener noreferrer\">Autodeclara\u00e7\u00e3o de Etnico-Racial<\/a><\/p>\n<p><a href=\"https:\/\/wp.ufpel.edu.br\/pgfisica\/files\/2021\/07\/Autodeclaracao_de_Identidade_de_Genero.pdf\">Autodeclara\u00e7\u00e3o de Identidade de G\u00eanero<\/a><\/p>\n<p><a href=\"https:\/\/wp.ufpel.edu.br\/pgfisica\/files\/2024\/11\/Autodeclaracao-Deficiencia.docx\">Autodeclaracao-Deficiencia<\/a><\/p>\n<p>&nbsp;<\/p>\n<p>&nbsp;<\/p>\n<hr \/>\n<h2><strong>Edital de Sele\u00e7\u00e3o Aluno Especial:<\/strong><\/h2>\n<p>O Edital de sele\u00e7\u00e3o para aluno especial com todas as informa\u00e7\u00f5es e prazos para inscri\u00e7\u00e3o podem ser acessados pelo abaixo<\/p>\n<p><span style=\"color: #ff0000;\"><em>NESTE MOMENTO N\u00c3O TEMOS SELE\u00c7\u00c3O ABERTA PARA ALUNO ESPECIAL.<\/em><\/span><\/p>\n<hr \/>\n<hr \/>\n<h2><strong>Normas para atribui\u00e7\u00e3o de bolsas:<\/strong><\/h2>\n<p><span style=\"color: #000000;\">Encontra-se no link as normas para atribui\u00e7\u00e3o de bolsas de mestrado e doutorado. As Bolsas ser\u00e3o atribu\u00eddas aos estudantes melhor classificados a medida que estiverem dispon\u00edveis. O n\u00famero de bolsas dispon\u00edveis varia semestre a semestre e mesmo ao longo de um semestre podem haver cotas dispon\u00edveis para atribui\u00e7\u00e3o.<\/span><\/p>\n<p>Link para as normas: <a href=\"https:\/\/wp.ufpel.edu.br\/pgfisica\/files\/2022\/05\/norma-distribuicao-bolsas-2022.pdf\">norma-distribuicao-bolsas-2022<\/a><\/p>\n","protected":false},"excerpt":{"rendered":"<p>On this page, you will find information about the internal and external selection processes of the Graduate Program in Physics at the Federal University of Pelotas, including Master&#8217;s and Doctoral selections, Sandwich Doctorate selection. For any questions, please contact the program via email at cpgfisica@ufpel.edu.br. Regular Admission in PPGF\u00eds\/UFPel Admission to the Master&#8217;s and Doctoral &hellip; <a href=\"https:\/\/wp.ufpel.edu.br\/pgfisica\/english-menu\/admissions\/\" class=\"more-link\">Continue lendo <span class=\"screen-reader-text\">Admissions<\/span> <span class=\"meta-nav\">&rarr;<\/span><\/a><\/p>\n","protected":false},"author":220,"featured_media":0,"parent":5966,"menu_order":0,"comment_status":"closed","ping_status":"closed","template":"","meta":{"jetpack_post_was_ever_published":false,"footnotes":""},"class_list":["post-5985","page","type-page","status-publish","hentry"],"jetpack_sharing_enabled":true,"jetpack_shortlink":"https:\/\/wp.me\/P94N8p-1yx","_links":{"self":[{"href":"https:\/\/wp.ufpel.edu.br\/pgfisica\/wp-json\/wp\/v2\/pages\/5985","targetHints":{"allow":["GET"]}}],"collection":[{"href":"https:\/\/wp.ufpel.edu.br\/pgfisica\/wp-json\/wp\/v2\/pages"}],"about":[{"href":"https:\/\/wp.ufpel.edu.br\/pgfisica\/wp-json\/wp\/v2\/types\/page"}],"author":[{"embeddable":true,"href":"https:\/\/wp.ufpel.edu.br\/pgfisica\/wp-json\/wp\/v2\/users\/220"}],"replies":[{"embeddable":true,"href":"https:\/\/wp.ufpel.edu.br\/pgfisica\/wp-json\/wp\/v2\/comments?post=5985"}],"version-history":[{"count":6,"href":"https:\/\/wp.ufpel.edu.br\/pgfisica\/wp-json\/wp\/v2\/pages\/5985\/revisions"}],"predecessor-version":[{"id":7020,"href":"https:\/\/wp.ufpel.edu.br\/pgfisica\/wp-json\/wp\/v2\/pages\/5985\/revisions\/7020"}],"up":[{"embeddable":true,"href":"https:\/\/wp.ufpel.edu.br\/pgfisica\/wp-json\/wp\/v2\/pages\/5966"}],"wp:attachment":[{"href":"https:\/\/wp.ufpel.edu.br\/pgfisica\/wp-json\/wp\/v2\/media?parent=5985"}],"curies":[{"name":"wp","href":"https:\/\/api.w.org\/{rel}","templated":true}]}}