{"id":5983,"date":"2022-12-06T13:53:42","date_gmt":"2022-12-06T16:53:42","guid":{"rendered":"https:\/\/wp.ufpel.edu.br\/pgfisica\/?page_id=5983"},"modified":"2022-12-06T14:22:46","modified_gmt":"2022-12-06T17:22:46","slug":"courses","status":"publish","type":"page","link":"https:\/\/wp.ufpel.edu.br\/pgfisica\/english-menu\/courses\/","title":{"rendered":"Courses"},"content":{"rendered":"<h3>Details of each subjects can be obtained by clicking on them!<\/h3>\n<p>Compulsory Subjects &#8211; Doctorate<\/p>\n<ul>\n<li class=\"ficha-campo caps maior cor-texto\"><a href=\"https:\/\/institucional.ufpel.edu.br\/disciplinas\/id\/11439\">CLASSICAL MECHANICS<\/a><\/li>\n<li class=\"ficha-campo caps maior cor-texto\"><a href=\"https:\/\/institucional.ufpel.edu.br\/disciplinas\/id\/11440\">STATISTICAL MECHANICS<\/a><\/li>\n<li class=\"ficha-campo caps maior cor-texto\"><a href=\"https:\/\/institucional.ufpel.edu.br\/disciplinas\/id\/11441\">QUANTUM MECHANICS<\/a><\/li>\n<li class=\"ficha-campo caps maior cor-texto\"><a href=\"https:\/\/institucional.ufpel.edu.br\/disciplinas\/id\/11444\">ELECTROMAGNETIC THEORY<\/a><\/li>\n<\/ul>\n<h3>Compulsory Subjects &#8211; Master&#8217;s<\/h3>\n<ul>\n<li class=\"ficha-campo caps maior cor-texto\"><a href=\"https:\/\/institucional.ufpel.edu.br\/disciplinas\/id\/11440\">STATISTICAL MECHANICS<\/a><\/li>\n<li class=\"ficha-campo caps maior cor-texto\"><a href=\"https:\/\/institucional.ufpel.edu.br\/disciplinas\/id\/11441\">QUANTUM MECHANICS<\/a><\/li>\n<li class=\"ficha-campo caps maior cor-texto\"><a href=\"https:\/\/institucional.ufpel.edu.br\/disciplinas\/id\/11444\">ELECTROMAGNETIC THEORY<\/a><\/li>\n<\/ul>\n<h3>Optional subjects<\/h3>\n<div class=\"ficha-campo caps maior cor-texto\">\n<div><\/div>\n<div class=\"ficha-campo caps maior cor-texto\">\n<ul>\n<li><a href=\"https:\/\/institucional.ufpel.edu.br\/disciplinas\/id\/12898\">DISSERTA\u00c7\u00c3O DE MESTRADO<\/a><\/li>\n<li><a href=\"https:\/\/institucional.ufpel.edu.br\/disciplinas\/id\/17729\">TESE DE DOUTORADO<\/a><\/li>\n<li><a href=\"https:\/\/institucional.ufpel.edu.br\/disciplinas\/id\/11435\">EST\u00c1GIO DOCENTE<\/a><\/li>\n<li><a href=\"https:\/\/institucional.ufpel.edu.br\/disciplinas\/id\/17730\">EST\u00c1GIO DOCENTE II<\/a><\/li>\n<li><a href=\"https:\/\/institucional.ufpel.edu.br\/disciplinas\/id\/11436\">EST\u00c1GIO PROFISSIONAL<\/a><\/li>\n<li><a href=\"https:\/\/institucional.ufpel.edu.br\/disciplinas\/cod\/0098141\">CROMODIN\u00c2MICA QU\u00c2NTICA<\/a><\/li>\n<li><a href=\"https:\/\/institucional.ufpel.edu.br\/disciplinas\/cod\/0098143\">ESTADO S\u00d3LIDO<\/a><\/li>\n<li><a href=\"https:\/\/institucional.ufpel.edu.br\/disciplinas\/cod\/009145\">F\u00cdSICA DOS PLASMAS<\/a><\/li>\n<li><a href=\"https:\/\/institucional.ufpel.edu.br\/disciplinas\/cod\/0098161\">M\u00c9TODOS DE SIMULA\u00c7\u00c3O COMPUTACIONAL QU\u00c2NTICA I<\/a><\/li>\n<li><a href=\"https:\/\/institucional.ufpel.edu.br\/disciplinas\/cod\/0098162\">M\u00c9TODOS DE SIMULA\u00c7\u00c3O COMPUTACIONAL QU\u00c2NTICA II<\/a><\/li>\n<li><a href=\"https:\/\/institucional.ufpel.edu.br\/disciplinas\/cod\/0090146\">NANOMATERIAIS<\/a><\/li>\n<li><a href=\"https:\/\/institucional.ufpel.edu.br\/disciplinas\/cod\/0090147\">PROPRIEDADES EL\u00c9TRICAS E MAGN\u00c9TICAS DA MAT\u00c9RIA<\/a><\/li>\n<li>\n<div class=\"ficha-campo caps maior cor-texto\"><a href=\"https:\/\/institucional.ufpel.edu.br\/disciplinas\/cod\/11090094\">RELATIVIDADE GERAL E COSMOLOGIA<\/a><\/div>\n<\/li>\n<li><a href=\"https:\/\/institucional.ufpel.edu.br\/disciplinas\/id\/11442\">SIMULA\u00c7\u00c3O MOLECULAR<\/a><\/li>\n<li><a href=\"https:\/\/institucional.ufpel.edu.br\/disciplinas\/cod\/0090148\">SIMULA\u00c7\u00d5ES NUM\u00c9RICAS DE PLASMAS ESPACIAIS<\/a><\/li>\n<li>\n<div class=\"ficha-campo caps maior cor-texto\"><a href=\"https:\/\/institucional.ufpel.edu.br\/disciplinas\/id\/11443\">SUPERCONDUTIVIDADE<\/a><\/div>\n<\/li>\n<li>\n<div class=\"ficha-campo caps maior cor-texto\"><a href=\"https:\/\/institucional.ufpel.edu.br\/disciplinas\/id\/17629\">TEORIA QU\u00c2NTICA DE CAMPOS I<\/a><\/div>\n<\/li>\n<li>\n<div class=\"ficha-campo caps maior cor-texto\"><a href=\"https:\/\/institucional.ufpel.edu.br\/disciplinas\/cod\/0090143\">TEORIA QU\u00c2NTICA DE CAMPOS II<\/a><\/div>\n<\/li>\n<li>\n<div class=\"ficha-campo caps maior cor-texto\"><a href=\"https:\/\/institucional.ufpel.edu.br\/disciplinas\/cod\/0090144\">TEORIAS DE GAUGE<\/a><\/div>\n<\/li>\n<li><a href=\"https:\/\/institucional.ufpel.edu.br\/disciplinas\/cod\/0098144\">TRANSI\u00c7\u00d5ES DE FASE E FEN\u00d4MENOS CR\u00cdTICOS<\/a><\/li>\n<li><a href=\"https:\/\/institucional.ufpel.edu.br\/disciplinas\/id\/11427\">SEMIN\u00c1RIOS DE F\u00cdSICA DE PART\u00cdCULAS E DE H\u00c1DRONS<\/a><\/li>\n<li><a href=\"https:\/\/institucional.ufpel.edu.br\/disciplinas\/id\/14089\">SEMIN\u00c1RIOS EM F\u00cdSICA DE NANOMATERIAIS<\/a><\/li>\n<li><a href=\"https:\/\/institucional.ufpel.edu.br\/disciplinas\/id\/14089\">SEMIN\u00c1RIOS DE F\u00cdSICA DOS PLASMAS<\/a><\/li>\n<li><a href=\"https:\/\/institucional.ufpel.edu.br\/disciplinas\/id\/11429\">SEMIN\u00c1RIOS DE F\u00cdSICA ESTAT\u00cdSTICA<\/a><\/li>\n<li><a href=\"https:\/\/institucional.ufpel.edu.br\/disciplinas\/cod\/0090153\">SEMIN\u00c1RIOS DE PROPRIEDADES \u00d3PTICAS E ESTRUTURAIS DE MAT\u00c9RIA CONDENSADA<\/a><\/li>\n<li><a href=\"https:\/\/institucional.ufpel.edu.br\/disciplinas\/cod\/0090153\">SEMIN\u00c1RIOS DE SUPERCONDUTIVIDADE<\/a><\/li>\n<li><a href=\"https:\/\/institucional.ufpel.edu.br\/disciplinas\/cod\/0090153\">T\u00d3PICOS EM C\u00c1LCULOS DE PRIMEIROS PRINC\u00cdPIOS<\/a><\/li>\n<li><a href=\"https:\/\/institucional.ufpel.edu.br\/disciplinas\/id\/17724\">T\u00d3PICOS EM F\u00cdSICA DE PART\u00cdCULAS E DE H\u00c1DRONS I<\/a><\/li>\n<li><a href=\"https:\/\/institucional.ufpel.edu.br\/disciplinas\/cod\/0090150\">T\u00d3PICOS DE F\u00cdSICA DE PART\u00cdCULAS E DE H\u00c1DRONS II<\/a><\/li>\n<li><a href=\"https:\/\/institucional.ufpel.edu.br\/disciplinas\/cod\/0090156\">T\u00d3PICOS EM F\u00cdSICA DE PLASMAS I<\/a><\/li>\n<li><a href=\"https:\/\/institucional.ufpel.edu.br\/disciplinas\/cod\/0090157\">T\u00d3PICOS EM F\u00cdSICA DE PLASMAS II<\/a><\/li>\n<li><a href=\"https:\/\/institucional.ufpel.edu.br\/disciplinas\/cod\/0090157\">T\u00d3PICOS EM F\u00cdSICA ESTAT\u00cdSTICA<\/a><\/li>\n<li><a href=\"https:\/\/institucional.ufpel.edu.br\/disciplinas\/cod\/0090157\">T\u00d3PICOS EM PROPRIEDADES F\u00cdSICAS DE MATERIAIS<\/a><\/li>\n<li><a href=\"https:\/\/institucional.ufpel.edu.br\/disciplinas\/id\/12901\">T\u00d3PICOS EM S\u00cdNTESE E CARACTERIZA\u00c7\u00c3O DE SISTEMAS NANOESTRUTURADOS<\/a><\/li>\n<li><a href=\"https:\/\/institucional.ufpel.edu.br\/disciplinas\/cod\/0090151\">T\u00d3PICOS EM SUPERCONDUTIVIDADE I<\/a><\/li>\n<li><a href=\"https:\/\/institucional.ufpel.edu.br\/disciplinas\/id\/17727\">T\u00d3PICOS EM SUPERCONDUTIVIDADE II<\/a><\/li>\n<\/ul>\n<\/div>\n<\/div>\n<div>\n<div>\n<div class=\"ficha-campo caps maior cor-texto\"><\/div>\n<\/div>\n<\/div>\n<p>&nbsp;<\/p>\n","protected":false},"excerpt":{"rendered":"<p>Details of each subjects can be obtained by clicking on them! Compulsory Subjects &#8211; Doctorate CLASSICAL MECHANICS STATISTICAL MECHANICS QUANTUM MECHANICS ELECTROMAGNETIC THEORY Compulsory Subjects &#8211; Master&#8217;s STATISTICAL MECHANICS QUANTUM MECHANICS ELECTROMAGNETIC THEORY Optional subjects DISSERTA\u00c7\u00c3O DE MESTRADO TESE DE DOUTORADO EST\u00c1GIO DOCENTE EST\u00c1GIO DOCENTE II EST\u00c1GIO PROFISSIONAL CROMODIN\u00c2MICA QU\u00c2NTICA ESTADO S\u00d3LIDO F\u00cdSICA DOS PLASMAS &hellip; <a href=\"https:\/\/wp.ufpel.edu.br\/pgfisica\/english-menu\/courses\/\" class=\"more-link\">Continue lendo <span class=\"screen-reader-text\">Courses<\/span> <span class=\"meta-nav\">&rarr;<\/span><\/a><\/p>\n","protected":false},"author":220,"featured_media":0,"parent":5966,"menu_order":0,"comment_status":"closed","ping_status":"closed","template":"","meta":{"jetpack_post_was_ever_published":false,"footnotes":""},"class_list":["post-5983","page","type-page","status-publish","hentry"],"jetpack_sharing_enabled":true,"jetpack_shortlink":"https:\/\/wp.me\/P94N8p-1yv","_links":{"self":[{"href":"https:\/\/wp.ufpel.edu.br\/pgfisica\/wp-json\/wp\/v2\/pages\/5983","targetHints":{"allow":["GET"]}}],"collection":[{"href":"https:\/\/wp.ufpel.edu.br\/pgfisica\/wp-json\/wp\/v2\/pages"}],"about":[{"href":"https:\/\/wp.ufpel.edu.br\/pgfisica\/wp-json\/wp\/v2\/types\/page"}],"author":[{"embeddable":true,"href":"https:\/\/wp.ufpel.edu.br\/pgfisica\/wp-json\/wp\/v2\/users\/220"}],"replies":[{"embeddable":true,"href":"https:\/\/wp.ufpel.edu.br\/pgfisica\/wp-json\/wp\/v2\/comments?post=5983"}],"version-history":[{"count":4,"href":"https:\/\/wp.ufpel.edu.br\/pgfisica\/wp-json\/wp\/v2\/pages\/5983\/revisions"}],"predecessor-version":[{"id":6031,"href":"https:\/\/wp.ufpel.edu.br\/pgfisica\/wp-json\/wp\/v2\/pages\/5983\/revisions\/6031"}],"up":[{"embeddable":true,"href":"https:\/\/wp.ufpel.edu.br\/pgfisica\/wp-json\/wp\/v2\/pages\/5966"}],"wp:attachment":[{"href":"https:\/\/wp.ufpel.edu.br\/pgfisica\/wp-json\/wp\/v2\/media?parent=5983"}],"curies":[{"name":"wp","href":"https:\/\/api.w.org\/{rel}","templated":true}]}}