{"id":5959,"date":"2022-12-06T13:43:15","date_gmt":"2022-12-06T16:43:15","guid":{"rendered":"https:\/\/wp.ufpel.edu.br\/pgfisica\/?page_id=5959"},"modified":"2026-02-16T10:42:34","modified_gmt":"2026-02-16T13:42:34","slug":"teses","status":"publish","type":"page","link":"https:\/\/wp.ufpel.edu.br\/pgfisica\/tesesedissertacoes\/teses\/","title":{"rendered":"Teses"},"content":{"rendered":"<ol>\n<li><span style=\"font-family: 'book antiqua', palatino, serif;\"><b>T\u00edtulo: Estudo <\/b><i><b>ab initio<\/b><\/i><b> das propriedades estruturais e eletr\u00f4nicas das interfaces ZnO\/ZnX (X=S, Se, Te e F)<br \/>\n<\/b><b>Autor:<\/b> Efracio Mamani Nunes<br \/>\n<b>Orientador<\/b>: Mario Lucio Moreira<br \/>\n<b>Co-orientador:<\/b> Mauricio Jeomar Piotrowski<br \/>\n<b>Defesa:<\/b> 02\/04\/2020<br \/>\n<span style=\"font-size: 12pt; font-family: 'book antiqua', palatino, serif;\"><strong>Documento:\u00a0<\/strong><\/span><a href=\"https:\/\/wp.ufpel.edu.br\/pgfisica\/files\/2024\/11\/Tese_EFRACIO_MAMANI_FLORES.pdf\">Tese_EFRACIO_MAMANI_FLORES<\/a><br \/>\n<\/span><\/li>\n<li><span style=\"font-family: 'book antiqua', palatino, serif;\"><b>T\u00edtulo: Estudo Computacional de Primeiros Princ\u00edpios Dos Efeitos de Ligantes nas Propriedades Estruturais, Energ\u00e9ticas e Eletr\u00f4nicas de Nanoclusters e Nanoligas<br \/>\n<\/b><b>Autor:<\/b> Krys Elly De Araujo Batista<br \/>\n<b>Orientador:<\/b> Mauricio Jeomar Piotrowski<br \/>\n<b>Co-orientador:<\/b> Juarez Lopes Ferreira da Silva<br \/>\nDefesa: 26\/06\/2020<br \/>\n<span style=\"font-size: 12pt; font-family: 'book antiqua', palatino, serif;\"><strong>Documento:\u00a0<\/strong><\/span><a href=\"https:\/\/wp.ufpel.edu.br\/pgfisica\/files\/2024\/11\/Tese_KRYS_ELLY_DE_ARAUJO_BATISTA.pdf\">Tese_KRYS_ELLY_DE_ARAUJO_BATISTA<\/a><br \/>\n<\/span><\/li>\n<li><span style=\"font-size: 12pt; font-family: 'book antiqua', palatino, serif;\"><b>T\u00edtulo: Processos Difrativos em Colis\u00f5es Hadr\u00f4nicas a Altas Energias<br \/>\n<\/b><b>Autor:<\/b> Rafael Palota da Silva<br \/>\n<b>Orientador:<\/b> Victor Paulo Barros Gon\u00e7alves<br \/>\n<b>Defesa:<\/b> 10\/12\/2020<br \/>\n<span style=\"font-size: 12pt; font-family: 'book antiqua', palatino, serif;\"><strong>Documento:\u00a0<\/strong><\/span><a href=\"https:\/\/wp.ufpel.edu.br\/pgfisica\/files\/2024\/11\/Tese_RAFAEL_PALOTA_DA_SILVA.pdf\">Tese_RAFAEL_PALOTA_DA_SILVA<\/a><br \/>\n<\/span><\/li>\n<li><span style=\"font-family: 'book antiqua', palatino, serif;\"><b>T\u00edtulo: Fotoprodu\u00e7\u00e3o de b\u00f3sons de calibre em colis\u00f5es hadr\u00f4nicas \u00e0 altas energias<br \/>\n<\/b><b>Autor:<\/b> Rafael Otto Coelho<br \/>\n<b>Orientador:<\/b> Victor Paulo Barros Gon\u00e7alves<br \/>\n<b>Defesa:<\/b> 24\/11\/2020<br \/>\n<span style=\"font-size: 12pt; font-family: 'book antiqua', palatino, serif;\"><strong>Documento:\u00a0<\/strong><\/span><a href=\"https:\/\/wp.ufpel.edu.br\/pgfisica\/files\/2024\/11\/Tese_RAFAEL_OTTO_COELHO.pdf\">Tese_RAFAEL_OTTO_COELHO<\/a><br \/>\n<\/span><\/li>\n<li><span style=\"font-size: 12pt; font-family: 'book antiqua', palatino, serif;\"><b>T\u00edtulo: Fenomenologia de processos em altas energias utilizando a equa\u00e7\u00e3o Balitsky-Fadin-Kuraev-Lipatov com polos discretos<br \/>\n<\/b><b>Autor:<\/b> Cesar Eduardo Krumreich<br \/>\n<b>Orientador:<\/b> Werner Krambeck Sauter<br \/>\n<b>Defesa:<\/b> 03\/06\/2020<br \/>\n<span style=\"font-size: 12pt; font-family: 'book antiqua', palatino, serif;\"><strong>Documento:\u00a0<\/strong><\/span><a href=\"https:\/\/wp.ufpel.edu.br\/pgfisica\/files\/2024\/11\/Tese_CESAR_EDUARDO_KRUMREICH.pdf\">Tese_CESAR_EDUARDO_KRUMREICH<\/a><br \/>\n<\/span><\/li>\n<li><span style=\"font-family: 'book antiqua', palatino, serif;\"><b>T\u00edtulo: Titanatos de Zinco e Cobalto para C\u00e9lulas Fotovoltaicas<br \/>\n<\/b><b>Autor:<\/b> Leandro Lemos Gonzales<br \/>\n<b>Orientador:<\/b> Sergio da Silva Cava<br \/>\n<b>Defesa:<\/b> 09\/04\/2021<br \/>\n<span style=\"font-size: 12pt; font-family: 'book antiqua', palatino, serif;\"><strong>Documento:\u00a0<\/strong><\/span><a href=\"https:\/\/wp.ufpel.edu.br\/pgfisica\/files\/2024\/11\/Tese_LEANDRO_LEMOS_GONZALES.pdf\">Tese_LEANDRO_LEMOS_GONZALES<\/a><br \/>\n<\/span><\/li>\n<li><span style=\"font-family: 'book antiqua', palatino, serif;\"><b>T\u00edtulo: O Efeito da Dopagem Qu\u00edmica sobre Propriedades Magn\u00e9ticas e El\u00e9tricas dos Estados upercondutor e Normal de Monocristais de YBa 2 Cu 3 O 7-<\/b><b>\u03b4<br \/>\n<\/b><b>Autor:<\/b> Sandra Teixeira Jaeckel<br \/>\n<b>Orientador:<\/b> Valdemar das Neves Vieira<br \/>\n<b>Co-orientador:<\/b> Fabio Teixeira Dias<br \/>\n<b>Defesa:<\/b> 26\/11\/2021<br \/>\n<span style=\"font-size: 12pt; font-family: 'book antiqua', palatino, serif;\"><strong>Documento:\u00a0<\/strong><\/span><a href=\"https:\/\/wp.ufpel.edu.br\/pgfisica\/files\/2024\/11\/Tese__SANDRA_TEIXEIRA_JAECKEL.pdf\">Tese__SANDRA_TEIXEIRA_JAECKEL<\/a><br \/>\n<\/span><\/li>\n<li><span style=\"font-family: 'book antiqua', palatino, serif;\"><b>T\u00edtulo: Estudo do regime de altas energias da din\u00e2mica de intera\u00e7\u00f5es fortes na produ\u00e7\u00e3o de part\u00edculas em colis\u00f5es hadr\u00f4nicas e colis\u00f5es el\u00e9tron &#8211; h\u00e1dron<br \/>\n<\/b><b>Autor:<\/b> Celso Rodrigues Senna<br \/>\n<b>Orientador:<\/b> Victor Paulo Barros Gon\u00e7alves<br \/>\n<b>Defesa:<\/b> 19\/05\/2022<br \/>\n<span style=\"font-size: 12pt; font-family: 'book antiqua', palatino, serif;\"><strong>Documento:\u00a0<\/strong><\/span><a href=\"https:\/\/wp.ufpel.edu.br\/pgfisica\/files\/2024\/11\/Tese_CELSO_RODRIGUES_SENA.pdf\">Tese_CELSO_RODRIGUES_SENA<\/a><br \/>\n<\/span><\/li>\n<li><span style=\"font-family: 'book antiqua', palatino, serif;\"><b>T\u00edtulo: Estudos das Correla\u00e7\u00f5es Microestruturais, Eletr\u00f4nicas e \u00d3pticas do BaZrO 3 Dopado com Terras Raras<br \/>\n<\/b><b>Autor:<\/b> Rafael Uarth Fassbender<br \/>\n<b>Orientador:<\/b> Mario Lucio Moreira<br \/>\n<b>Defesa:<\/b> 26\/08\/2022<br \/>\n<span style=\"font-size: 12pt; font-family: 'book antiqua', palatino, serif;\"><strong>Documento:\u00a0<\/strong><\/span><a href=\"https:\/\/wp.ufpel.edu.br\/pgfisica\/files\/2024\/11\/Tese_RAFAEL_UARTH_FASSBENDER.pdf\">Tese_RAFAEL_UARTH_FASSBENDER<\/a><br \/>\n<\/span><\/li>\n<li><span style=\"font-family: 'book antiqua', palatino, serif;\"><b>T\u00edtulo: Relatividade das propriedades da luz na incid\u00eancia angular<br \/>\n<\/b><b>Autor:<\/b> Daniel Souza Cardoso<br \/>\n<b>Orientador:<\/b> Jos\u00e9 Rafael Bordin<br \/>\n<b>Defesa:<\/b> 16\/12\/2022<br \/>\n<span style=\"font-size: 12pt; font-family: 'book antiqua', palatino, serif;\"><strong>Documento:\u00a0<\/strong><\/span><a href=\"https:\/\/wp.ufpel.edu.br\/pgfisica\/files\/2024\/11\/Tese_DANIEL_SOUZA_CARDOSO.pdf\">Tese_DANIEL_SOUZA_CARDOSO<\/a><br \/>\n<\/span><\/li>\n<li><span style=\"font-family: 'book antiqua', palatino, serif;\"><b>T\u00edtulo: Estudo sobre a influ\u00eancia da topografia na est\u00e1tica e din\u00e2mica da molhabilidade de superf\u00edcies hidrof\u00f3bicas e superhidrof\u00f3bicas<br \/>\n<\/b><b>Autor:<\/b> Caroline Schmechel Schiavon<br \/>\n<b>Orientador:<\/b> Pedro Lovato Gomes Jardim<br \/>\n<b>Defesa:<\/b> 23\/03\/2023<br \/>\n<span style=\"font-size: 12pt; font-family: 'book antiqua', palatino, serif;\"><strong>Documento:\u00a0<\/strong><\/span><a href=\"https:\/\/wp.ufpel.edu.br\/pgfisica\/files\/2024\/11\/Tese_CAROLINE_SCHMECHEL_SCHIAVON.pdf\">Tese_CAROLINE_SCHMECHEL_SCHIAVON<\/a><br \/>\n<\/span><\/li>\n<li><span style=\"font-family: 'book antiqua', palatino, serif;\"><b>T\u00edtulo: Efeitos da din\u00e2mica n\u00e3o-linear das intera\u00e7\u00f5es fortes em intera\u00e7\u00f5es neutrino-hadron \u00e0 altas energias<br \/>\n<\/b><b>Autor<\/b>: Alex Sander da Costa Quadros<br \/>\n<b>Orientador:<\/b> Victor Paulo Barros Gon\u00e7alves<br \/>\n<b>Defesa:<\/b> 03\/11\/2023<br \/>\n<span style=\"font-size: 12pt; font-family: 'book antiqua', palatino, serif;\"><strong>Documento:\u00a0<\/strong><\/span><a href=\"https:\/\/wp.ufpel.edu.br\/pgfisica\/files\/2024\/11\/Tese_ALEX_SANDER_DA_COSTA_QUADROS.pdf\">Tese_ALEX_SANDER_DA_COSTA_QUADROS<\/a><br \/>\n<\/span><\/li>\n<li><span style=\"font-family: 'book antiqua', palatino, serif;\"><b>T\u00edtulo: Incremento da efici\u00eancia fotovoltaica em pain\u00e9is solares, por meio de filmes finos antirreflexivos<br \/>\n<\/b><b>Autor:<\/b> Ramon Dadalto Carvalho<br \/>\n<b>Orientador:<\/b> Mario Lucio Moreira<br \/>\n<b>Defesa:<\/b> 23\/10\/2023<br \/>\n<span style=\"font-size: 12pt; font-family: 'book antiqua', palatino, serif;\"><strong>Documento:\u00a0<\/strong><\/span><a href=\"https:\/\/wp.ufpel.edu.br\/pgfisica\/files\/2024\/11\/Tese_RAMON_DADALTO_CARVALHO.pdf\">Tese_RAMON_DADALTO_CARVALHO<\/a><br \/>\n<\/span><\/li>\n<li><span style=\"font-family: 'book antiqua', palatino, serif;\"><b>T\u00edtulo: Produ\u00e7\u00e3o Associada de Part\u00edculas em Colis\u00f5es Ultraperif\u00e9ricas de \u00edons Pesados<br \/>\n<\/b><b>Autor:<\/b> Celsina dos Santos Azevedo Neta<br \/>\n<b>Orientador:<\/b> Victor Paulo Barros Gon\u00e7alves<br \/>\n<b>Defesa:<\/b> 07\/11\/2023<br \/>\n<span style=\"font-size: 12pt; font-family: 'book antiqua', palatino, serif;\"><strong>Documento:\u00a0<\/strong><\/span><a href=\"https:\/\/wp.ufpel.edu.br\/pgfisica\/files\/2024\/11\/Tese_CELSINA_DOS_SANTOS_AZEVEDO_NETA.pdf\">Tese_CELSINA_DOS_SANTOS_AZEVEDO_NETA<\/a><br \/>\n<\/span><\/li>\n<li><span style=\"font-family: 'book antiqua', palatino, serif;\"><b>T\u00edtulo: Estudo Computacional de Sistemas Polim\u00f3rficos<br \/>\n<\/b><b>Autor:<\/b> Thiago Puccinelli Orlandi Nogueira<br \/>\n<b>Orientador:<\/b> Jos\u00e9 Rafael Bordin<br \/>\n<b>Co-Orientador:<\/b> Francesco Piazza<br \/>\n<b>Defesa:<\/b> 28\/02\/2024<br \/>\n<span style=\"font-size: 12pt; font-family: 'book antiqua', palatino, serif;\"><strong>Documento: <a href=\"https:\/\/wp.ufpel.edu.br\/pgfisica\/files\/2024\/11\/Tese_THIAGO_PUCCINELLI_ORLANDI_NOGUEIRA-.pdf\">Tese_THIAGO_PUCCINELLI_ORLANDI_NOGUEIRA<\/a><\/strong><\/span><br \/>\n<\/span><\/li>\n<li><span style=\"font-family: 'book antiqua', palatino, serif;\"><b>T\u00edtulo: Produ\u00e7\u00e3o de part\u00edculas em colis\u00f5es hadr\u00f4nicas para baixas e altas multiplicidades<br \/>\n<\/b><b>Autor:<\/b> Yuri do Nascimento Lima<br \/>\n<b>Orientador:<\/b> Victor Paulo Barros Gon\u00e7alves<br \/>\n<b>Co-Orientador:<\/b> Andr\u00e9 Veiga Giannini<br \/>\n<b>Defesa:<\/b> 28\/11\/2024<br \/>\n<span style=\"font-size: 12pt; font-family: 'book antiqua', palatino, serif;\"><strong>Documento: <a href=\"https:\/\/wp.ufpel.edu.br\/pgfisica\/files\/2025\/03\/Tese_YURI_NASCIMENTO_LIMA.pdf\">Tese_YURI_NASCIMENTO_LIMA<\/a><\/strong><\/span><\/span><\/li>\n<li><span style=\"font-family: 'book antiqua', palatino, serif;\"><b>T\u00edtulo: Transi\u00e7\u00e3o Din\u00e2mica no Benzeno Supercr\u00edtico: insights via Din\u00e2mica Molecular<br \/>\n<\/b><b>Autor:<\/b> Walas da Silva Oliveira<br \/>\n<b>Orientador:<\/b> Jos\u00e9 Rafael Bordin<br \/>\n<b>Co-Orientador:<\/b> Elizane Efig\u00eania Moraes e Dinalva Aires<br \/>\n<b>Defesa:<\/b> 28\/02\/2025<br \/>\n<span style=\"font-size: 12pt; font-family: 'book antiqua', palatino, serif;\"><strong>Documento: <a href=\"https:\/\/wp.ufpel.edu.br\/pgfisica\/files\/2025\/04\/Tese_WALAS_SILVA_OLIVEIRA.pdf\">Tese_WALAS_SILVA_OLIVEIRA<\/a><\/strong><\/span><\/span><\/li>\n<li><span style=\"font-family: 'book antiqua', palatino, serif;\"><b>T\u00edtulo: Estabilidade de estrelas h\u00edbridas sob diferentes velocidades de convers\u00e3o de fase e configura\u00e7\u00f5es de carga<br \/>\n<\/b><b>Autor:<\/b> Lucas da Silva Lazzari<br \/>\n<b>Orientador:<\/b> Victor Paulo Barros Gon\u00e7alves<br \/>\n<b>Co-Orientador:<\/b> Jos\u00e9 Carlos Jim\u00e9nez Apaza<br \/>\n<b>Defesa:<\/b> 15\/05\/2025<br \/>\n<span style=\"font-size: 12pt; font-family: 'book antiqua', palatino, serif;\"><strong>Documento: <a href=\"https:\/\/wp.ufpel.edu.br\/pgfisica\/files\/2025\/08\/tese_LUCAS_LAZZARI.pdf\">tese_LUCAS_LAZZARI<\/a><\/strong><\/span><\/span><\/li>\n<li><span style=\"font-family: 'book antiqua', palatino, serif;\"><b>T\u00edtulo: Electroweak gauge boson production in hadronic collisions at forward rapiditiesin the color &#8211; dipole S &#8211; matrix framework<br \/>\n<\/b><b>Autor:<\/b> Yan Bueno Bandeira<br \/>\n<b>Orientador:<\/b> Victor Paulo Barros Gon\u00e7alves<br \/>\n<b>Co-Orientador:<\/b> Wolfgang Sch\u00e4fer<br \/>\n<b>Defesa:<\/b> 25\/07\/2025<br \/>\n<span style=\"font-size: 12pt; font-family: 'book antiqua', palatino, serif;\"><strong>Documento: <a href=\"https:\/\/wp.ufpel.edu.br\/pgfisica\/files\/2025\/08\/Tese_YAN_BUENO_BANDEIRA.pdf\">Tese_YAN_BUENO_BANDEIRA<\/a><\/strong><\/span><\/span><\/li>\n<li><span style=\"font-family: 'book antiqua', palatino, serif;\"><b>T\u00edtulo: Estudo das Propriedades Estruturais e Optoeletr\u00f4nicas de Perovskitas<br \/>\nEcol\u00f3gicas de Haleto com Baixa Dimensionalidade<br \/>\n<\/b><b>Autor:<\/b> J\u00f4natas Favotto Dalmedico<br \/>\n<b>Orientador:<\/b> Maur\u00edcio Jeomar Piotrowski<br \/>\n<b>Co-Orientador:<\/b> Diego Guedes-Sobrinho<br \/>\n<b>Defesa:<\/b> 17\/07\/2025<br \/>\n<span style=\"font-size: 12pt; font-family: 'book antiqua', palatino, serif;\"><strong>Documento: <a href=\"https:\/\/wp.ufpel.edu.br\/pgfisica\/files\/2025\/08\/Tese_JONATAS_FAVOTTO_DALMEDICO.pdf\">Tese_JONATAS_FAVOTTO_DALMEDICO<\/a><\/strong><\/span><\/span><\/li>\n<li><span style=\"font-family: 'book antiqua', palatino, serif;\"><b>T\u00edtulo: Electroweak gauge boson production in hadronic collisions at forward<br \/>\nrapidities in the color &#8211; dipole S &#8211; matrix framework<br \/>\n<\/b><b>Autor:<\/b> Yan Bueno Bandeira<br \/>\n<b>Orientador:<\/b> Victor Paulo Barros Gon\u00e7alves<br \/>\n<b>Co-Orientador:<\/b> Wolfgang Sch\u00e4fer<br \/>\n<b>Defesa:<\/b> 25\/07\/2025<br \/>\n<span style=\"font-size: 12pt; font-family: 'book antiqua', palatino, serif;\"><strong>Documento: <a href=\"https:\/\/wp.ufpel.edu.br\/pgfisica\/files\/2026\/02\/TESE_YAN_BANDEIRA.pdf\">TESE_YAN_BANDEIRA<\/a><\/strong><\/span><\/span><\/li>\n<li><span style=\"font-family: 'book antiqua', palatino, serif;\"><b>T\u00edtulo: Estudo computacional da automontagem de nanopart\u00edculas em sistemas<br \/>\nbulk e interfaces<br \/>\n<\/b><b>Autor:<\/b> Alexsandra Pereira dos Santos<br \/>\n<b>Orientador:<\/b> Jos\u00e9 Rafael Bordin<br \/>\n<b>Co-Orientador:<\/b> Carolina Ferreira De Matos Jauris<br \/>\n<b>Defesa:<\/b> 19\/12\/2025<br \/>\n<span style=\"font-size: 12pt; font-family: 'book antiqua', palatino, serif;\"><strong>Documento: <a href=\"https:\/\/wp.ufpel.edu.br\/pgfisica\/files\/2026\/02\/TESE_ALEXSANDRA_DOS_SANTOS.pdf\">TESE_ALEXSANDRA_DOS_SANTOS<\/a><\/strong><\/span><\/span><\/li>\n<\/ol>\n","protected":false},"excerpt":{"rendered":"<p>T\u00edtulo: Estudo ab initio das propriedades estruturais e eletr\u00f4nicas das interfaces ZnO\/ZnX (X=S, Se, Te e F) Autor: Efracio Mamani Nunes Orientador: Mario Lucio Moreira Co-orientador: Mauricio Jeomar Piotrowski Defesa: 02\/04\/2020 Documento:\u00a0Tese_EFRACIO_MAMANI_FLORES T\u00edtulo: Estudo Computacional de Primeiros Princ\u00edpios Dos Efeitos de Ligantes nas Propriedades Estruturais, Energ\u00e9ticas e Eletr\u00f4nicas de Nanoclusters e Nanoligas Autor: Krys Elly &hellip; <a href=\"https:\/\/wp.ufpel.edu.br\/pgfisica\/tesesedissertacoes\/teses\/\" class=\"more-link\">Continue lendo <span class=\"screen-reader-text\">Teses<\/span> <span class=\"meta-nav\">&rarr;<\/span><\/a><\/p>\n","protected":false},"author":220,"featured_media":0,"parent":3811,"menu_order":0,"comment_status":"closed","ping_status":"closed","template":"","meta":{"jetpack_post_was_ever_published":false,"footnotes":""},"class_list":["post-5959","page","type-page","status-publish","hentry"],"jetpack_sharing_enabled":true,"jetpack_shortlink":"https:\/\/wp.me\/P94N8p-1y7","_links":{"self":[{"href":"https:\/\/wp.ufpel.edu.br\/pgfisica\/wp-json\/wp\/v2\/pages\/5959","targetHints":{"allow":["GET"]}}],"collection":[{"href":"https:\/\/wp.ufpel.edu.br\/pgfisica\/wp-json\/wp\/v2\/pages"}],"about":[{"href":"https:\/\/wp.ufpel.edu.br\/pgfisica\/wp-json\/wp\/v2\/types\/page"}],"author":[{"embeddable":true,"href":"https:\/\/wp.ufpel.edu.br\/pgfisica\/wp-json\/wp\/v2\/users\/220"}],"replies":[{"embeddable":true,"href":"https:\/\/wp.ufpel.edu.br\/pgfisica\/wp-json\/wp\/v2\/comments?post=5959"}],"version-history":[{"count":4,"href":"https:\/\/wp.ufpel.edu.br\/pgfisica\/wp-json\/wp\/v2\/pages\/5959\/revisions"}],"predecessor-version":[{"id":7247,"href":"https:\/\/wp.ufpel.edu.br\/pgfisica\/wp-json\/wp\/v2\/pages\/5959\/revisions\/7247"}],"up":[{"embeddable":true,"href":"https:\/\/wp.ufpel.edu.br\/pgfisica\/wp-json\/wp\/v2\/pages\/3811"}],"wp:attachment":[{"href":"https:\/\/wp.ufpel.edu.br\/pgfisica\/wp-json\/wp\/v2\/media?parent=5959"}],"curies":[{"name":"wp","href":"https:\/\/api.w.org\/{rel}","templated":true}]}}