{"id":5030,"date":"2020-09-19T02:08:33","date_gmt":"2020-09-19T05:08:33","guid":{"rendered":"https:\/\/wp.ufpel.edu.br\/pgfisica\/?page_id=5030"},"modified":"2020-09-19T02:22:17","modified_gmt":"2020-09-19T05:22:17","slug":"eventos-2018","status":"publish","type":"page","link":"https:\/\/wp.ufpel.edu.br\/pgfisica\/eventos-2018\/","title":{"rendered":"Eventos realizados em 2018"},"content":{"rendered":"<p>Nesta \u00e1rea voc\u00ea cncontra todos os eventos promovidos pelo Programa de P\u00f3s-Gradua\u00e7\u00e3o em F\u00edsica, tais como semin\u00e1rios, col\u00f3quios, etc.<\/p>\n<p><a href=\"https:\/\/wp.ufpel.edu.br\/pgfisica\/eventos-realizados-em-2019\/\">2019<\/a>\u00a0 <a href=\"https:\/\/wp.ufpel.edu.br\/pgfisica\/eventos-2018\/\">2018<\/a>\u00a0 2013\u00a0 <a href=\"https:\/\/wp.ufpel.edu.br\/pgfisica\/eventos\/eventos-realizados-em-2012\/\">2012<\/a>\u00a0 2011\u00a0 2010\u00a0 <a href=\"https:\/\/wp.ufpel.edu.br\/pgfisica\/eventos\/eventos-realizados-em-2009\/\">2009<\/a><br \/>\n_________________________________________________________________________<\/p>\n<h2>2018<\/h2>\n<p><!-- P { margin-bottom: 0.21cm; } --><\/p>\n<p><span style=\"color: #0000ff\">Dia 09 a 10\/11\/2019<\/span> &#8211; IX Workshop in Complexity of Wather and other Liquids<\/p>\n<p>Prof. Jos\u00e9 Rafael Bodin<br \/>\nHor\u00e1rio : 08:00 as 18:00<br \/>\nLocal : Campus II &#8211; Centro &#8211; Pelotas<\/p>\n<p><span style=\"color: #0000ff\">Dia 01\/11\/2013<\/span> &#8211; <strong>Oportunidades de pesquisa no ICTP\/Trieste<\/strong><\/p>\n<p>Prof. <em>Ali Hassanali (ICTP\/It\u00e1lia)<\/em><br \/>\nHor\u00e1rio : 15:00 h<br \/>\nLocal : Sala 214, pr\u00e9dio 16, IFM<\/p>\n<p><span style=\"color: #0000ff\">Dia 01\/11\/2019<\/span> &#8211; <strong>Modelagem de Materiais atrav\u00e9s dos Primeiros Princ\u00edpios da Mec\u00e2nica Qu\u00e2ntica<\/strong><\/p>\n<p>Prof. <em>Alex Antonelli (Unicamp)<\/em><br \/>\nHor\u00e1rio : 16:45 h<br \/>\nLocal : Sala 214, pr\u00e9dio 16, IFM<\/p>\n<p><span style=\"color: #0000ff\">Dia 18\/04\/2019<\/span> &#8211; <strong>A Fus\u00e3o Nuclear e a Busca por uma Fonte de Energia mais Limpa<\/strong><\/p>\n<p>Prof. Jos\u00e9 H. F. Severo (USP-SP)<br \/>\nHor\u00e1rio : 14:00 h<br \/>\nLocal : Sala 214, pr\u00e9dio 16, IFM<\/p>\n<p><span style=\"color: #0000ff\">Dia 15\/05\/2019<\/span> &#8211; <strong>The ability of Ex2Box 4+ to interact with guests containing \u03c0-electron-rich and \u03c0-electron-poor moieties<\/strong><\/p>\n<p>Dr. Glaucio R. Nagurniak P\u00f3s-doc &#8211; PPGF\u00eds<br \/>\nHor\u00e1rio : 14:00 h<br \/>\nLocal : Sala 214, pr\u00e9dio 16, IFM<\/p>\n","protected":false},"excerpt":{"rendered":"<p>Nesta \u00e1rea voc\u00ea cncontra todos os eventos promovidos pelo Programa de P\u00f3s-Gradua\u00e7\u00e3o em F\u00edsica, tais como semin\u00e1rios, col\u00f3quios, etc. 2019\u00a0 2018\u00a0 2013\u00a0 2012\u00a0 2011\u00a0 2010\u00a0 2009 _________________________________________________________________________ 2018 Dia 09 a 10\/11\/2019 &#8211; IX Workshop in Complexity of Wather and other Liquids Prof. Jos\u00e9 Rafael Bodin Hor\u00e1rio : 08:00 as 18:00 Local : Campus II &hellip; <a href=\"https:\/\/wp.ufpel.edu.br\/pgfisica\/eventos-2018\/\" class=\"more-link\">Continue lendo <span class=\"screen-reader-text\">Eventos realizados em 2018<\/span> <span class=\"meta-nav\">&rarr;<\/span><\/a><\/p>\n","protected":false},"author":220,"featured_media":0,"parent":0,"menu_order":0,"comment_status":"closed","ping_status":"closed","template":"","meta":{"jetpack_post_was_ever_published":false,"footnotes":""},"class_list":["post-5030","page","type-page","status-publish","hentry"],"jetpack_sharing_enabled":true,"jetpack_shortlink":"https:\/\/wp.me\/P94N8p-1j8","_links":{"self":[{"href":"https:\/\/wp.ufpel.edu.br\/pgfisica\/wp-json\/wp\/v2\/pages\/5030","targetHints":{"allow":["GET"]}}],"collection":[{"href":"https:\/\/wp.ufpel.edu.br\/pgfisica\/wp-json\/wp\/v2\/pages"}],"about":[{"href":"https:\/\/wp.ufpel.edu.br\/pgfisica\/wp-json\/wp\/v2\/types\/page"}],"author":[{"embeddable":true,"href":"https:\/\/wp.ufpel.edu.br\/pgfisica\/wp-json\/wp\/v2\/users\/220"}],"replies":[{"embeddable":true,"href":"https:\/\/wp.ufpel.edu.br\/pgfisica\/wp-json\/wp\/v2\/comments?post=5030"}],"version-history":[{"count":5,"href":"https:\/\/wp.ufpel.edu.br\/pgfisica\/wp-json\/wp\/v2\/pages\/5030\/revisions"}],"predecessor-version":[{"id":5037,"href":"https:\/\/wp.ufpel.edu.br\/pgfisica\/wp-json\/wp\/v2\/pages\/5030\/revisions\/5037"}],"wp:attachment":[{"href":"https:\/\/wp.ufpel.edu.br\/pgfisica\/wp-json\/wp\/v2\/media?parent=5030"}],"curies":[{"name":"wp","href":"https:\/\/api.w.org\/{rel}","templated":true}]}}