{"id":5022,"date":"2020-09-19T01:41:21","date_gmt":"2020-09-19T04:41:21","guid":{"rendered":"https:\/\/wp.ufpel.edu.br\/pgfisica\/?page_id=5022"},"modified":"2020-09-19T02:07:00","modified_gmt":"2020-09-19T05:07:00","slug":"eventos-realizados-em-2019","status":"publish","type":"page","link":"https:\/\/wp.ufpel.edu.br\/pgfisica\/eventos-realizados-em-2019\/","title":{"rendered":"Eventos realizados em 2019"},"content":{"rendered":"<p>Nesta \u00e1rea voc\u00ea cncontra todos os eventos promovidos pelo Programa de P\u00f3s-Gradua\u00e7\u00e3o em F\u00edsica, tais como semin\u00e1rios, col\u00f3quios, etc.<\/p>\n<p><a href=\"https:\/\/wp.ufpel.edu.br\/pgfisica\/eventos-realizados-em-2019\/\">2019<\/a>\u00a0 2013\u00a0 <a href=\"https:\/\/wp.ufpel.edu.br\/pgfisica\/eventos\/eventos-realizados-em-2012\/\">2012<\/a>\u00a0 2011\u00a0 2010\u00a0 <a href=\"https:\/\/wp.ufpel.edu.br\/pgfisica\/eventos\/eventos-realizados-em-2009\/\">2009<\/a><br \/>\n_________________________________________________________________________<\/p>\n<h2>2019<\/h2>\n<p><!-- P { margin-bottom: 0.21cm; } --><\/p>\n<p><span style=\"color: #0000ff\">Dia 14 a 16\/11\/2019<\/span> &#8211; X Workshop in Complexity of Wather and other Liquids<\/p>\n<p>Prof. Jos\u00e9 Rafael Bodin<br \/>\nHor\u00e1rio : 08:00 as 18:00<br \/>\nLocal : Campus II &#8211; Centro &#8211; Pelotas<\/p>\n<p><span style=\"color: #0000ff\">Dia 20\/11\/2013<\/span> &#8211; Life Science and Nano-biotecnology<\/p>\n<p>Prof. Francesco Piazza (Universidade de Orleans &#8211; Fran\u00e7a)<br \/>\nHor\u00e1rio : 14:00 h<br \/>\nLocal : Mini audit\u00f3rio Agronomia<\/p>\n<p><span style=\"color: #0000ff\">Dia 22 a 26\/09\/2019<\/span> &#8211; Photonics of Materials: Solar Cells, Photocatalysis, Luminescence and Physical Optics &#8211; In XVIII MRA Meeting<\/p>\n<p>Prof. Sergio da Silva Cava, Mario Lucio Moreira, Cristiana W. Ratmann e Pedro L. G. Jardin<br \/>\nHor\u00e1rio : 8:00 as 18:00h<br \/>\nLocal : Sibara Flat Hotel &#8211; Balne\u00e1rio Cambori\u00fa &#8211; SC &#8211; Brasil<\/p>\n","protected":false},"excerpt":{"rendered":"<p>Nesta \u00e1rea voc\u00ea cncontra todos os eventos promovidos pelo Programa de P\u00f3s-Gradua\u00e7\u00e3o em F\u00edsica, tais como semin\u00e1rios, col\u00f3quios, etc. 2019\u00a0 2013\u00a0 2012\u00a0 2011\u00a0 2010\u00a0 2009 _________________________________________________________________________ 2019 Dia 14 a 16\/11\/2019 &#8211; X Workshop in Complexity of Wather and other Liquids Prof. Jos\u00e9 Rafael Bodin Hor\u00e1rio : 08:00 as 18:00 Local : Campus II &#8211; &hellip; <a href=\"https:\/\/wp.ufpel.edu.br\/pgfisica\/eventos-realizados-em-2019\/\" class=\"more-link\">Continue lendo <span class=\"screen-reader-text\">Eventos realizados em 2019<\/span> <span class=\"meta-nav\">&rarr;<\/span><\/a><\/p>\n","protected":false},"author":220,"featured_media":0,"parent":0,"menu_order":0,"comment_status":"closed","ping_status":"closed","template":"","meta":{"jetpack_post_was_ever_published":false,"footnotes":""},"class_list":["post-5022","page","type-page","status-publish","hentry"],"jetpack_sharing_enabled":true,"jetpack_shortlink":"https:\/\/wp.me\/P94N8p-1j0","_links":{"self":[{"href":"https:\/\/wp.ufpel.edu.br\/pgfisica\/wp-json\/wp\/v2\/pages\/5022","targetHints":{"allow":["GET"]}}],"collection":[{"href":"https:\/\/wp.ufpel.edu.br\/pgfisica\/wp-json\/wp\/v2\/pages"}],"about":[{"href":"https:\/\/wp.ufpel.edu.br\/pgfisica\/wp-json\/wp\/v2\/types\/page"}],"author":[{"embeddable":true,"href":"https:\/\/wp.ufpel.edu.br\/pgfisica\/wp-json\/wp\/v2\/users\/220"}],"replies":[{"embeddable":true,"href":"https:\/\/wp.ufpel.edu.br\/pgfisica\/wp-json\/wp\/v2\/comments?post=5022"}],"version-history":[{"count":4,"href":"https:\/\/wp.ufpel.edu.br\/pgfisica\/wp-json\/wp\/v2\/pages\/5022\/revisions"}],"predecessor-version":[{"id":5029,"href":"https:\/\/wp.ufpel.edu.br\/pgfisica\/wp-json\/wp\/v2\/pages\/5022\/revisions\/5029"}],"wp:attachment":[{"href":"https:\/\/wp.ufpel.edu.br\/pgfisica\/wp-json\/wp\/v2\/media?parent=5022"}],"curies":[{"name":"wp","href":"https:\/\/api.w.org\/{rel}","templated":true}]}}