{"id":4119,"date":"2018-04-25T15:37:59","date_gmt":"2018-04-25T18:37:59","guid":{"rendered":"https:\/\/wp.ufpel.edu.br\/pgfisica\/?page_id=4119"},"modified":"2022-12-06T13:31:04","modified_gmt":"2022-12-06T16:31:04","slug":"dissertacoes-apresentadas-em-2018","status":"publish","type":"page","link":"https:\/\/wp.ufpel.edu.br\/pgfisica\/tesesedissertacoes\/dissertacoes-apresentadas-em-2018\/","title":{"rendered":"Disserta\u00e7\u00f5es apresentadas em 2018"},"content":{"rendered":"<p>Neste link voc\u00ea poder\u00e1 encontrar a rela\u00e7\u00e3o de todas as disserta\u00e7\u00f5es apresentadas ao Programa de P\u00f3s-Gradua\u00e7\u00e3o em F\u00edsica da UFPel.<\/p>\n<p>2018\u00a0\u00a0<a href=\"https:\/\/wp.ufpel.edu.br\/pgfisica\/dissertacoes-2017\/\"> 2017<\/a>\u00a0\u00a0<a href=\"https:\/\/wp.ufpel.edu.br\/pgfisica\/dissertacoes-2016\/\">2016<\/a>\u00a0 <a href=\"https:\/\/wp.ufpel.edu.br\/pgfisica\/dissertacoes-2015\/\">2015<\/a> \u00a0<a href=\"https:\/\/wp.ufpel.edu.br\/pgfisica\/dissertacoes-2014\/\">2014<\/a>\u00a0 <a href=\"https:\/\/wp.ufpel.edu.br\/pgfisica\/dissertacoes-2013\/\">2013<\/a>\u00a0 <a href=\"https:\/\/wp.ufpel.edu.br\/pgfisica\/dissertacoes-2012\/\">2012<\/a>\u00a0 <a href=\"https:\/\/wp.ufpel.edu.br\/pgfisica\/dissertacoes-2011\/\">2011<\/a>\u00a0 <a href=\"https:\/\/wp.ufpel.edu.br\/pgfisica\/dissertacoes-2010\/\">2010<\/a><\/p>\n<p>_____________________________________________________________________<\/p>\n<p>&nbsp;<\/p>\n<p><strong>2018<\/strong><\/p>\n<p><span style=\"font-family: georgia, palatino, serif;font-size: 12pt\"><strong><span style=\"color: #0000ff\">56.<\/span> <span style=\"color: #000000;background-color: #ccffff\">T\u00edtulo: Simula\u00e7\u00f5es PIC de Plasmas com Fun\u00e7\u00f5es de Distribui\u00e7\u00e3o de Velocidades do Tipo Kappa.<\/span><\/strong><\/span><br \/>\n<span style=\"color: #000000;font-family: georgia, palatino, serif;font-size: 12pt\"> <strong>Autor:<\/strong> <span style=\"color: #ff0000\">Andrew Welvis Silva de Oliveira.<\/span><\/span><br \/>\n<span style=\"color: #000000;font-family: georgia, palatino, serif;font-size: 12pt\"> <strong>Orientador:<\/strong> Prof. Dr. Fernando Jaques Ruiz Sim\u00f5es Junior.<\/span><br \/>\n<span style=\"color: #000000;font-family: georgia, palatino, serif;font-size: 12pt\"> <strong>Defesa:<\/strong>\u00a019\/02\/2018<\/span><br \/>\n<span style=\"color: #000000;font-family: georgia, palatino, serif;font-size: 12pt\"> <strong>Palavras-Chave:<\/strong>\u00a0Fun\u00e7\u00f5es Kappa. Simula\u00e7\u00f5es PIC. Ondas em Plasmas.<\/span><br \/>\n<span style=\"color: #000000;font-family: georgia, palatino, serif;font-size: 12pt\"> <strong>\u00c1rea de Conhecimento:<\/strong>\u00a0F\u00edsica de Plasmas<\/span><\/p>\n<p><span style=\"font-family: georgia, palatino, serif;font-size: 12pt\"><strong><span style=\"color: #0000ff\">55.<\/span> <span style=\"background-color: #ccffff;color: #000000\">T\u00edtulo:\u00a0Estudo do decaimento e fotoprodu\u00e7\u00e3o de <em>f<sub>1<\/sub><\/em>(1285)<\/span><\/strong><\/span><br \/>\n<span style=\"font-family: georgia, palatino, serif;font-size: 12pt\"> <strong>Autor:<\/strong> <span style=\"color: #ff0000\">Patricia Gon\u00e7alves Moreira.<\/span><\/span><br \/>\n<span style=\"font-family: georgia, palatino, serif;font-size: 12pt\"> <strong>Orientador:<\/strong> Prof. Dr. M\u00e1rio Luiz Lopes da Silva<\/span><br \/>\n<span style=\"font-family: georgia, palatino, serif;font-size: 12pt\"> <strong>Defesa:<\/strong>\u00a016\/02\/2018<\/span><br \/>\n<span style=\"font-family: georgia, palatino, serif;font-size: 12pt\"> <strong>Palavras-Chave:<\/strong>\u00a0M\u00e9sons. conte\u00fado glu\u00f4nico. decaimento radioativo. fotoprodu\u00e7\u00e3o<\/span><br \/>\n<span style=\"font-family: georgia, palatino, serif;font-size: 12pt\"> <strong>\u00c1rea de Conhecimento:<\/strong> F\u00edsica de Part\u00edculas e H\u00e1drons<\/span><\/p>\n<p><span style=\"font-family: georgia, palatino, serif;font-size: 12pt\"><strong><span style=\"color: #0000ff\">54.<\/span> <span style=\"background-color: #ccffff\">T\u00edtulo:\u00a0Comportamento da irreversibilidade magn\u00e9tica e da resist\u00eancia el\u00e9trica em supercondutores de YBa<sub>2<\/sub>Cu<sub>3<\/sub>O<sub>7-\u03b4<\/sub> texturizado mediante<\/span> campos magn\u00e9ticos pulsados.<\/strong><\/span><br \/>\n<span style=\"font-family: georgia, palatino, serif;font-size: 12pt\"> <strong>Autor:<\/strong> <span style=\"color: #ff0000\">Jakeline Rabelo Lima.<\/span><\/span><br \/>\n<span style=\"font-family: georgia, palatino, serif;font-size: 12pt\"> <strong>Orientador:<\/strong> Prof. Dr. F\u00e1bio Teixeira Dias<\/span><br \/>\n<span style=\"font-family: georgia, palatino, serif;font-size: 12pt\"> <strong>Coorientador:<\/strong> Prof. Dr. Valdemar das Neves Vieira<\/span><br \/>\n<span style=\"font-family: georgia, palatino, serif;font-size: 12pt\"> <strong>Defesa:<\/strong>\u00a015\/02\/2018<\/span><br \/>\n<span style=\"font-family: georgia, palatino, serif;font-size: 12pt\"> <strong>Palavras-Chave:<\/strong>\u00a0Supercondutor YBa2Cu3O7-\u03b4. Campos magn\u00e9ticos pulsados. Irreversibilidade magn\u00e9tica. Resist\u00eancia nula<\/span><br \/>\n<span style=\"font-family: georgia, palatino, serif;font-size: 12pt\"> <strong>\u00c1rea de Conhecimento:<\/strong> F\u00edsica da Mat\u00e9ria Condensada<\/span><\/p>\n<p style=\"text-align: justify\">\n","protected":false},"excerpt":{"rendered":"<p>Neste link voc\u00ea poder\u00e1 encontrar a rela\u00e7\u00e3o de todas as disserta\u00e7\u00f5es apresentadas ao Programa de P\u00f3s-Gradua\u00e7\u00e3o em F\u00edsica da UFPel. 2018\u00a0\u00a0 2017\u00a0\u00a02016\u00a0 2015 \u00a02014\u00a0 2013\u00a0 2012\u00a0 2011\u00a0 2010 _____________________________________________________________________ &nbsp; 2018 56. T\u00edtulo: Simula\u00e7\u00f5es PIC de Plasmas com Fun\u00e7\u00f5es de Distribui\u00e7\u00e3o de Velocidades do Tipo Kappa. Autor: Andrew Welvis Silva de Oliveira. Orientador: Prof. Dr. &hellip; <a href=\"https:\/\/wp.ufpel.edu.br\/pgfisica\/tesesedissertacoes\/dissertacoes-apresentadas-em-2018\/\" class=\"more-link\">Continue lendo <span class=\"screen-reader-text\">Disserta\u00e7\u00f5es apresentadas em 2018<\/span> <span class=\"meta-nav\">&rarr;<\/span><\/a><\/p>\n","protected":false},"author":220,"featured_media":0,"parent":3811,"menu_order":10,"comment_status":"closed","ping_status":"closed","template":"","meta":{"jetpack_post_was_ever_published":false,"footnotes":""},"class_list":["post-4119","page","type-page","status-publish","hentry"],"jetpack_sharing_enabled":true,"jetpack_shortlink":"https:\/\/wp.me\/P94N8p-14r","_links":{"self":[{"href":"https:\/\/wp.ufpel.edu.br\/pgfisica\/wp-json\/wp\/v2\/pages\/4119","targetHints":{"allow":["GET"]}}],"collection":[{"href":"https:\/\/wp.ufpel.edu.br\/pgfisica\/wp-json\/wp\/v2\/pages"}],"about":[{"href":"https:\/\/wp.ufpel.edu.br\/pgfisica\/wp-json\/wp\/v2\/types\/page"}],"author":[{"embeddable":true,"href":"https:\/\/wp.ufpel.edu.br\/pgfisica\/wp-json\/wp\/v2\/users\/220"}],"replies":[{"embeddable":true,"href":"https:\/\/wp.ufpel.edu.br\/pgfisica\/wp-json\/wp\/v2\/comments?post=4119"}],"version-history":[{"count":8,"href":"https:\/\/wp.ufpel.edu.br\/pgfisica\/wp-json\/wp\/v2\/pages\/4119\/revisions"}],"predecessor-version":[{"id":4140,"href":"https:\/\/wp.ufpel.edu.br\/pgfisica\/wp-json\/wp\/v2\/pages\/4119\/revisions\/4140"}],"up":[{"embeddable":true,"href":"https:\/\/wp.ufpel.edu.br\/pgfisica\/wp-json\/wp\/v2\/pages\/3811"}],"wp:attachment":[{"href":"https:\/\/wp.ufpel.edu.br\/pgfisica\/wp-json\/wp\/v2\/media?parent=4119"}],"curies":[{"name":"wp","href":"https:\/\/api.w.org\/{rel}","templated":true}]}}