{"id":3468,"date":"2017-03-24T08:42:54","date_gmt":"2017-03-24T11:42:54","guid":{"rendered":"http:\/\/ifm.ufpel.edu.br\/pgfisica\/site\/?page_id=3468"},"modified":"2018-04-25T15:52:28","modified_gmt":"2018-04-25T18:52:28","slug":"dissertacoes-2016","status":"publish","type":"page","link":"https:\/\/wp.ufpel.edu.br\/pgfisica\/tesesedissertacoes\/dissertacoes-2016\/","title":{"rendered":"Disserta\u00e7\u00f5es apresentadas em 2016"},"content":{"rendered":"<p>Neste link voc\u00ea poder\u00e1 encontrar a rela\u00e7\u00e3o de todas as disserta\u00e7\u00f5es apresentadas ao Programa de P\u00f3s-Gradua\u00e7\u00e3o em F\u00edsica da UFPel.<\/p>\n<p><a href=\"https:\/\/wp.ufpel.edu.br\/pgfisica\/dissertacoes\/dissertacoes-apresentadas-em-2018\/\">2018<\/a>\u00a0\u00a0<a href=\"https:\/\/wp.ufpel.edu.br\/pgfisica\/dissertacoes-2017\/\">2017<\/a> \u00a02016\u00a0 <a href=\"https:\/\/wp.ufpel.edu.br\/pgfisica\/dissertacoes-2015\/\">2015<\/a> \u00a0<a href=\"https:\/\/wp.ufpel.edu.br\/pgfisica\/dissertacoes-2014\/\">2014<\/a>\u00a0 <a href=\"https:\/\/wp.ufpel.edu.br\/pgfisica\/dissertacoes-2013\/\">2013<\/a>\u00a0 <a href=\"https:\/\/wp.ufpel.edu.br\/pgfisica\/dissertacoes-2012\/\">2012<\/a>\u00a0 <a href=\"https:\/\/wp.ufpel.edu.br\/pgfisica\/dissertacoes-2011\/\">2011<\/a>\u00a0 <a href=\"https:\/\/wp.ufpel.edu.br\/pgfisica\/dissertacoes-2010\/\">2010<\/a><\/p>\n<p>_____________________________________________________________________<\/p>\n<h3><strong>2016<\/strong><\/h3>\n<p><strong><span style=\"color: #000080\">47. <span style=\"color: #000000\"><span style=\"background: #ccffff\">T\u00edtulo: Intera\u00e7\u00f5es de troca em tricamadas Co\/Cr\/NiFe analisadas por medidas de magnetiza\u00e7\u00e3o em fun\u00e7\u00e3o do campo magn\u00e9tico <\/span><\/span><\/span><\/strong><br \/>\n<strong>Autor:<\/strong><span style=\"color: #ff0000\"> Heleonisia Antonia Vieira Moreira<\/span><br \/>\n<strong>Orientador:<\/strong> Willian Edgardo Alayo Rodriguez<br \/>\n<strong>Defesa:<\/strong> 31\/10\/2016<br \/>\n<strong>Palavras-Chave:<\/strong> Tricamadas magn\u00e9ticas; Magnetometria de Amostra Vibrante; Microscopia de For\u00e7a At\u00f4mica; Resson\u00e2ncia ferromagn\u00e9tica; Acoplamento bilinear; Acoplamento biquadr\u00e1tico.<br \/>\n<strong>\u00c1rea de Conhecimento:<\/strong> F\u00edsica da Mat\u00e9ria Condensada<\/p>\n<p><strong><span style=\"color: #000080\">46. <span style=\"color: #000000\"><span style=\"background: #ccffff\">T\u00edtulo: Agrega\u00e7\u00e3o entre copol\u00edmeros dibloco negativamente carregados e surfactantes cati\u00f4nicos: um estudo computacional <\/span><\/span><\/span><\/strong><br \/>\n<strong>Autor:<\/strong><span style=\"color: #ff0000\"> Milene Ribeiro Bueno<\/span><br \/>\n<strong>Orientador:<\/strong> Alexandre Diehl<br \/>\n<strong>Defesa:<\/strong> 30\/09\/2016<br \/>\n<strong>Palavras-Chave:<\/strong> Copol\u00edmeros dibloco. Surfactante cati\u00f4nico. Din\u00e2mica de Langevin.<br \/>\n<strong>\u00c1rea de Conhecimento:<\/strong> F\u00edsica da mat\u00e9ria condensada<\/p>\n<p><strong><span style=\"color: #000080\">45. <span style=\"color: #000000\"><span style=\"background: #ccffff\">T\u00edtulo: Fotoproduc\u0327a\u0303o de monopolos magne\u0301ticos e monopolium em colisores de altas energias <\/span><\/span><\/span><\/strong><br \/>\n<strong>Autor:<\/strong><span style=\"color: #ff0000\"> Jean Torres Reis<\/span><br \/>\n<strong>Orientador:<\/strong> Werner Krambeck Sauter<br \/>\n<strong>Defesa:<\/strong> 29\/07\/2016<br \/>\n<strong>Palavras-Chave:<\/strong> monopolos magne\u0301ticos, monopolium, coliso\u0303es perife\u0301ricas, fotoproduc\u0327a\u0303o, dualidade eletromagne\u0301tica.<br \/>\n<strong>\u00c1rea de Conhecimento:<\/strong> Ci\u00eancias Exatas e da Terra, F\u00edsica, Rea\u00e7\u00f5es Espec\u00edficas e Fenomenologia de Part\u00edculas<\/p>\n<p><strong><span style=\"color: #000080\">44. <span style=\"color: #000000\"><span style=\"background: #ccffff\">T\u00edtulo: Implica\u00e7\u00f5es fenomenol\u00f3gicas do processo de duplo espalhamento part\u00f4nico no Grande Colisor de H\u00e1drons <\/span><\/span><\/span><\/strong><br \/>\n<strong>Autor:<\/strong><span style=\"color: #ff0000\"> Edgar Yubert Huayra Paitan <\/span><br \/>\n<strong>Orientador:<\/strong> Victor Paulo Barros Gon\u00e7alves<br \/>\n<strong><strong>Coorientador<\/strong>:<\/strong> Werner Krambeck Sauter<br \/>\n<strong>Defesa:<\/strong> 29\/04\/2016<br \/>\n<strong>Palavras-Chave:<\/strong> Duplo espalhamento parto\u0302nico. Produ\u00e7\u00e3o de part\u00edculas. Intera\u00e7\u00e3o em altas energias.<br \/>\n<strong>\u00c1rea de Conhecimento:<\/strong> Ci\u00eancias Exatas e da Terra, F\u00edsica, Rea\u00e7\u00f5es Espec\u00edficas e Fenomenologia de Part\u00edculas<\/p>\n<p><strong><span style=\"color: #000080\">43. <span style=\"color: #000000\"><span style=\"background: #ccffff\">T\u00edtulo: Propriedades eletrocr\u00f4micas de filmes finos de V2O5 dopado com TiO2<\/span><\/span><\/span><\/strong><br \/>\n<strong>Autor:<\/strong><span style=\"color: #ff0000\"> Elton Alves de Moura <\/span><br \/>\n<strong>Orientador:<\/strong> C\u00e9sar Ant\u00f4nio Oropesa Avellaneda<br \/>\n<strong>Defesa:<\/strong> 29\/02\/2016<br \/>\n<strong>Palavras-Chave:<\/strong> Finos. Sol-gel. Dip coating. Eletrocromismo. V2O5 . TiO2.<br \/>\n<strong>\u00c1rea de Conhecimento:<\/strong> F\u00edsica da Mat\u00e9ria Condensada<\/p>\n<p><strong><span style=\"color: #000080\">42. <span style=\"color: #000000\"><span style=\"background: #ccffff\">T\u00edtulo: S\u00edntese e caracteriza\u00e7\u00e3o de pent\u00f3xido de van\u00e1dio (V2O5) dopado com \u00f3xido de zinco (ZnO) para aplica\u00e7\u00e3o como c\u00e1todo em baterias de \u00edons de l\u00edtio <\/span><\/span><\/span><\/strong><br \/>\n<strong>Autor:<\/strong><span style=\"color: #ff0000\"> Edjan Alves da Silva <\/span><br \/>\n<strong>Orientador:<\/strong> Douglas Langie da Silva<br \/>\n<strong><strong>Coorientador<\/strong>:<\/strong> C\u00e9sar Ant\u00f4nio Oropesa Avellaneda<br \/>\n<strong>Defesa:<\/strong> 26\/02\/2016<br \/>\n<strong>Palavras-Chave:<\/strong> Baterias de \u00edons de l\u00edtio, pent\u00f3xido de van\u00e1dio, sol-gel.<br \/>\n<strong>\u00c1rea de Conhecimento:<\/strong> F\u00edsica da mat\u00e9ria condensada<\/p>\n<p><strong><span style=\"color: #000080\">41. <span style=\"color: #000000\"><span style=\"background: #ccffff\">T\u00edtulo: Estudo computacional de solu\u00e7\u00f5es contendo surfactantes i\u00f4nicos e sal <\/span><\/span><\/span><\/strong><br \/>\n<strong>Autor:<\/strong><span style=\"color: #ff0000\"> Karlisson Rodrigo de Almeida Sousa <\/span><br \/>\n<strong>Orientador:<\/strong> Alexandre Diehl<br \/>\n<strong><strong>Coorientador<\/strong>:<\/strong> Jos\u00e9 Rafael Bordin<br \/>\n<strong>Defesa:<\/strong> 25\/02\/2016<br \/>\n<strong>Palavras-Chave:<\/strong> Surfactantes. Eletr\u00f3litos. Misturas catani\u00f4nicas. Concentra\u00e7\u00e3o micelar cr\u00edtica.<br \/>\n<strong>\u00c1rea de Conhecimento:<\/strong> F\u00edsica da mat\u00e9ria condensada<\/p>\n<p><strong><span style=\"color: #000080\">40. <span style=\"color: #000000\"><span style=\"background: #ccffff\">T\u00edtulo: Estudo de Nanpart\u00edculas Bimet\u00e1licas de Metais de Transi\u00e7\u00e3o com 55 \u00c1tomos: Pt em Combina\u00e7\u00e3o com Y \u2013 Tc Via Teoria do Funcional da Densidade <\/span><\/span><\/span><\/strong><br \/>\n<strong>Autor:<\/strong><span style=\"color: #ff0000\"> Krys Elly de Ara\u00fajo Batista <\/span><br \/>\n<strong>Orientador:<\/strong> Maur\u00edcio Jeomar Piotrowski<br \/>\n<strong>Defesa:<\/strong> 19\/02\/2016<br \/>\n<strong>Palavras-Chave:<\/strong> Teoria do Funcional da Densidade. Metais de Transi\u00e7\u00e3o. 55 \u00c1tomos. Nanoligas.<br \/>\n<strong>\u00c1rea de Conhecimento:<\/strong> Ci\u00eancias Exatas e da Terra &#8211; F\u00edsica &#8211; F\u00edsica da Mat\u00e9ria Condensada<\/p>\n","protected":false},"excerpt":{"rendered":"<p>Neste link voc\u00ea poder\u00e1 encontrar a rela\u00e7\u00e3o de todas as disserta\u00e7\u00f5es apresentadas ao Programa de P\u00f3s-Gradua\u00e7\u00e3o em F\u00edsica da UFPel. 2018\u00a0\u00a02017 \u00a02016\u00a0 2015 \u00a02014\u00a0 2013\u00a0 2012\u00a0 2011\u00a0 2010 _____________________________________________________________________ 2016 47. T\u00edtulo: Intera\u00e7\u00f5es de troca em tricamadas Co\/Cr\/NiFe analisadas por medidas de magnetiza\u00e7\u00e3o em fun\u00e7\u00e3o do campo magn\u00e9tico Autor: Heleonisia Antonia Vieira Moreira Orientador: Willian &hellip; <a href=\"https:\/\/wp.ufpel.edu.br\/pgfisica\/tesesedissertacoes\/dissertacoes-2016\/\" class=\"more-link\">Continue lendo <span class=\"screen-reader-text\">Disserta\u00e7\u00f5es apresentadas em 2016<\/span> <span class=\"meta-nav\">&rarr;<\/span><\/a><\/p>\n","protected":false},"author":220,"featured_media":0,"parent":3811,"menu_order":0,"comment_status":"closed","ping_status":"closed","template":"","meta":{"jetpack_post_was_ever_published":false,"footnotes":""},"class_list":["post-3468","page","type-page","status-publish","hentry"],"jetpack_sharing_enabled":true,"jetpack_shortlink":"https:\/\/wp.me\/P94N8p-TW","_links":{"self":[{"href":"https:\/\/wp.ufpel.edu.br\/pgfisica\/wp-json\/wp\/v2\/pages\/3468","targetHints":{"allow":["GET"]}}],"collection":[{"href":"https:\/\/wp.ufpel.edu.br\/pgfisica\/wp-json\/wp\/v2\/pages"}],"about":[{"href":"https:\/\/wp.ufpel.edu.br\/pgfisica\/wp-json\/wp\/v2\/types\/page"}],"author":[{"embeddable":true,"href":"https:\/\/wp.ufpel.edu.br\/pgfisica\/wp-json\/wp\/v2\/users\/220"}],"replies":[{"embeddable":true,"href":"https:\/\/wp.ufpel.edu.br\/pgfisica\/wp-json\/wp\/v2\/comments?post=3468"}],"version-history":[{"count":6,"href":"https:\/\/wp.ufpel.edu.br\/pgfisica\/wp-json\/wp\/v2\/pages\/3468\/revisions"}],"predecessor-version":[{"id":4133,"href":"https:\/\/wp.ufpel.edu.br\/pgfisica\/wp-json\/wp\/v2\/pages\/3468\/revisions\/4133"}],"up":[{"embeddable":true,"href":"https:\/\/wp.ufpel.edu.br\/pgfisica\/wp-json\/wp\/v2\/pages\/3811"}],"wp:attachment":[{"href":"https:\/\/wp.ufpel.edu.br\/pgfisica\/wp-json\/wp\/v2\/media?parent=3468"}],"curies":[{"name":"wp","href":"https:\/\/api.w.org\/{rel}","templated":true}]}}