{"id":3305,"date":"2016-08-16T10:12:31","date_gmt":"2016-08-16T13:12:31","guid":{"rendered":"http:\/\/ifm.ufpel.edu.br\/pgfisica\/site\/?page_id=3305"},"modified":"2018-04-25T15:52:01","modified_gmt":"2018-04-25T18:52:01","slug":"dissertacoes-2015","status":"publish","type":"page","link":"https:\/\/wp.ufpel.edu.br\/pgfisica\/tesesedissertacoes\/dissertacoes-2015\/","title":{"rendered":"Disserta\u00e7\u00f5es Apresentadas em 2015"},"content":{"rendered":"<p>Neste link voc\u00ea poder\u00e1 encontrar a rela\u00e7\u00e3o de todas as disserta\u00e7\u00f5es apresentadas ao Programa de P\u00f3s-Gradua\u00e7\u00e3o em F\u00edsica da UFPel.<\/p>\n<p><a href=\"https:\/\/wp.ufpel.edu.br\/pgfisica\/dissertacoes\/dissertacoes-apresentadas-em-2018\/\">2018<\/a>\u00a0\u00a0<a href=\"https:\/\/wp.ufpel.edu.br\/pgfisica\/dissertacoes-2017\/\">2017<\/a> \u00a0<a href=\"https:\/\/wp.ufpel.edu.br\/pgfisica\/dissertacoes-2016\/\">2016<\/a>\u00a0 2015 \u00a0<a href=\"https:\/\/wp.ufpel.edu.br\/pgfisica\/dissertacoes-2014\/\">2014<\/a>\u00a0 <a href=\"https:\/\/wp.ufpel.edu.br\/pgfisica\/dissertacoes-2013\/\">2013<\/a>\u00a0 <a href=\"https:\/\/wp.ufpel.edu.br\/pgfisica\/dissertacoes-2012\/\">2012<\/a>\u00a0 <a href=\"https:\/\/wp.ufpel.edu.br\/pgfisica\/dissertacoes-2011\/\">2011<\/a>\u00a0 <a href=\"https:\/\/wp.ufpel.edu.br\/pgfisica\/dissertacoes-2010\/\">2010<\/a><\/p>\n<p>_____________________________________________________________________<\/p>\n<h3><strong>2015<\/strong><\/h3>\n<p><strong><span style=\"color: #000080\">39. <span style=\"color: #000000\"><span style=\"background: #ccffff\">T\u00edtulo: Convers\u00e3o de energia utilizando nano e meso estruturas de BaHfO3 <\/span><\/span><\/span><\/strong><br \/>\n<strong>Autor:<\/strong><span style=\"color: #ff0000\"> Vanessa Delfino Kegler <\/span><br \/>\n<strong>Orientador:<\/strong> M\u00e1rio L\u00facio Moreira<br \/>\n<strong><strong>Coorientador<\/strong>:<\/strong> S\u00e9rgio da Silva Cava<strong><br \/>\n<strong>Defesa:<\/strong> <\/strong>22\/12\/2015<strong><br \/>\n<strong>Palavras-Chave:<\/strong> <\/strong>Fotoluminesc\u00eancia, MAH, BaHfO3<strong>.<br \/>\n<strong>\u00c1rea de Conhecimento:<\/strong> <\/strong>F\u00edsica da Mat\u00e9ria Condensada<\/p>\n<p><strong><span style=\"color: #000080\">38. <span style=\"color: #000000\"><span style=\"background: #ccffff\">T\u00edtulo: Estudo da relaxa\u00e7\u00e3o magn\u00e9tica em supercondutores de YBa2Cu3O7-\u03b4 que exibem o efeito Meissner paramagn\u00e9tico<\/span><\/span><\/span><\/strong><br \/>\n<strong>Autor:<\/strong><span style=\"color: #ff0000\"> Evelin da Luz Garcia <\/span><br \/>\n<strong>Orientador:<\/strong> F\u00e1bio Teixeira Dias<br \/>\n<strong>Defesa:<\/strong> 28\/09\/2015<br \/>\n<strong>Palavras-Chave:<\/strong> Supercondutividade de alta temperatura cr\u00edtica. V\u00f3rtices. Relaxa\u00e7\u00e3o paramagn\u00e9tica.<br \/>\n<strong>\u00c1rea de Conhecimento:<\/strong> Supercondutividade<\/p>\n<p><strong><span style=\"color: #000080\">37. <span style=\"color: #000000\"><span style=\"background: #ccffff\">T\u00edtulo: Estudo das propriedades estruturais e \u00f3pticas do sistema ZnO@ZnS core-shell, obtido pelo m\u00e9todo solvot\u00e9rmico assistido por microondas <\/span><\/span><\/span><\/strong><br \/>\n<strong>Autor:<\/strong><span style=\"color: #ff0000\"> Efracio Mamani Flores <\/span><br \/>\n<strong>Orientador:<\/strong> Mario L\u00facio Moreira<br \/>\n<strong><strong>Coorientador<\/strong>:<\/strong> Cristiane Wienke Raubach<br \/>\n<strong>Defesa:<\/strong> 25\/08\/2015<br \/>\n<strong>Palavras-Chave:<\/strong> Core-shell. semicondutores II-VI. Solvot\u00e9rmico. Propriedades \u00f3pticas.<br \/>\n<strong>\u00c1rea de Conhecimento:<\/strong> F\u00edsica da Mat\u00e9ria Condensada<\/p>\n<p><strong><span style=\"color: #000080\">36. <span style=\"color: #000000\"><span style=\"background: #ccffff\">T\u00edtulo: Implica\u00e7\u00f5es Fenomenol\u00f3gicas do Charme Intr\u00ednseco no Grande Colisor de H\u00e1drons<\/span><\/span><\/span><\/strong><br \/>\n<strong>Autor:<\/strong><span style=\"color: #ff0000\"> Gabriela Padilha Bailas <\/span><br \/>\n<strong>Orientador:<\/strong> Victor Paulo Barros Gon\u00e7alves<br \/>\n<strong><strong>Coorientador<\/strong>:<\/strong> M\u00e1rio Luiz Lopes da Silva<br \/>\n<strong>Defesa:<\/strong> 31\/07\/2015<br \/>\n<strong>Palavras-Chave:<\/strong> Charme intr\u00ednseco. LHC. Altas energias.<br \/>\n<strong>\u00c1rea de Conhecimento:<\/strong> Ci\u00eancias Exatas e da Terra &#8211; F\u00edsica<\/p>\n<p><strong>35. <span style=\"color: #000000\"><span style=\"background: #ccffff\">T\u00edtulo: Propriedades estruturais e magn\u00e9ticas de filmes finos de Ti1-xCoxO2 produzidos por sol-gel e spin coating <\/span><\/span><\/strong><br \/>\n<strong>Autor:<\/strong> <span style=\"color: #ff0000\">Jean Lui Salazar Cuaila<\/span><br \/>\n<strong>Orientador:<\/strong> Willian Edgard Alayo Rodriguez<br \/>\n<strong><strong>Coorientador<\/strong>:<\/strong> C\u00e9sar Ant\u00f4nio Oropesa Avellaneda<br \/>\n<strong>Defesa:<\/strong> 24\/04\/2015<br \/>\n<strong>Palavras-Chave:<\/strong> Filmes finos. Ti1-xCoxO2. Ferromagnetismo.<br \/>\n<strong>\u00c1rea de Conhecimento:<\/strong> F\u00edsica da Mat\u00e9ria Condensada<\/p>\n<p><strong><span style=\"color: #000080\">34. <span style=\"color: #000000\"><span style=\"background: #ccffff\">T\u00edtulo: Acoplamento do Fluxo Sangu\u00edneo e Crescimento Vascular em Tr\u00eas Dimens\u00f5es <\/span><\/span><\/span><\/strong><br \/>\n<strong>Autor:<\/strong><span style=\"color: #ff0000\"> Maur\u00edcio Moreira Soares <\/span><br \/>\n<strong>Orientador:<\/strong> Alexandre Diehl<br \/>\n<strong><strong>Coorientador<\/strong>:<\/strong> Rui Davide Martins Travasso<br \/>\n<strong>Defesa:<\/strong> 31\/03\/2015<br \/>\n<strong>Palavras-Chave:<\/strong> Angiog\u00eanese, Crescimento tumoral, Modelo de interface difusa.<br \/>\n<strong>\u00c1rea de Conhecimento:<\/strong> Modelagem de fen\u00f4menos biol\u00f3gicos<\/p>\n<p><strong><span style=\"color: #000080\">33. <span style=\"color: #000000\"><span style=\"background: #ccffff\">T\u00edtulo: Desenvolvimento de comp\u00f3sitos luminescentes a partir de mesocristais de BaZrO3 e Poliamida 6<\/span><\/span><\/span><\/strong><br \/>\n<strong>Autor:<\/strong><span style=\"color: #ff0000\"> Rafael Uarth Fassbender <\/span><br \/>\n<strong>Orientador:<\/strong> M\u00e1rio L\u00facio Moreira<br \/>\n<strong>Defesa:<\/strong> 27\/03\/2015<br \/>\n<strong>Palavras-Chave:<\/strong> Nanotecnologia. Luminesc\u00eancia. Micro-ondas.<br \/>\n<strong>\u00c1rea de Conhecimento:<\/strong> F\u00edsica da Mat\u00e9ria Condensada<\/p>\n<p><strong><span style=\"color: #000080\">32. <span style=\"color: #000000\"><span style=\"background: #ccffff\">T\u00edtulo: Simula\u00e7\u00f5es computacionais da influ\u00eancia da n\u00e3o girotropia dos el\u00e9trons na propaga\u00e7\u00e3o de ondas paralelas em plasmas espaciais <\/span><\/span><\/span><\/strong><br \/>\n<strong>Autor:<\/strong><span style=\"color: #ff0000\"> Roberta Gon\u00e7alves Schmitz <\/span><br \/>\n<strong>Orientador:<\/strong> Fernando Jaques Ruiz Sim\u00f5es Jr.<br \/>\n<strong>Defesa:<\/strong> 06\/03\/2015<br \/>\n<strong>Palavras-Chave:<\/strong> Plasmas espaciais, Simula\u00e7\u00f5es computacionais, N\u00e3o girotropia, Ondas em plasmas.<br \/>\n<strong>\u00c1rea de Conhecimento:<\/strong> F\u00edsica de Plasmas e descargas el\u00e9tricas<\/p>\n","protected":false},"excerpt":{"rendered":"<p>Neste link voc\u00ea poder\u00e1 encontrar a rela\u00e7\u00e3o de todas as disserta\u00e7\u00f5es apresentadas ao Programa de P\u00f3s-Gradua\u00e7\u00e3o em F\u00edsica da UFPel. 2018\u00a0\u00a02017 \u00a02016\u00a0 2015 \u00a02014\u00a0 2013\u00a0 2012\u00a0 2011\u00a0 2010 _____________________________________________________________________ 2015 39. T\u00edtulo: Convers\u00e3o de energia utilizando nano e meso estruturas de BaHfO3 Autor: Vanessa Delfino Kegler Orientador: M\u00e1rio L\u00facio Moreira Coorientador: S\u00e9rgio da Silva Cava &hellip; <a href=\"https:\/\/wp.ufpel.edu.br\/pgfisica\/tesesedissertacoes\/dissertacoes-2015\/\" class=\"more-link\">Continue lendo <span class=\"screen-reader-text\">Disserta\u00e7\u00f5es Apresentadas em 2015<\/span> <span class=\"meta-nav\">&rarr;<\/span><\/a><\/p>\n","protected":false},"author":220,"featured_media":0,"parent":3811,"menu_order":0,"comment_status":"closed","ping_status":"closed","template":"","meta":{"jetpack_post_was_ever_published":false,"footnotes":""},"class_list":["post-3305","page","type-page","status-publish","hentry"],"jetpack_sharing_enabled":true,"jetpack_shortlink":"https:\/\/wp.me\/P94N8p-Rj","_links":{"self":[{"href":"https:\/\/wp.ufpel.edu.br\/pgfisica\/wp-json\/wp\/v2\/pages\/3305","targetHints":{"allow":["GET"]}}],"collection":[{"href":"https:\/\/wp.ufpel.edu.br\/pgfisica\/wp-json\/wp\/v2\/pages"}],"about":[{"href":"https:\/\/wp.ufpel.edu.br\/pgfisica\/wp-json\/wp\/v2\/types\/page"}],"author":[{"embeddable":true,"href":"https:\/\/wp.ufpel.edu.br\/pgfisica\/wp-json\/wp\/v2\/users\/220"}],"replies":[{"embeddable":true,"href":"https:\/\/wp.ufpel.edu.br\/pgfisica\/wp-json\/wp\/v2\/comments?post=3305"}],"version-history":[{"count":3,"href":"https:\/\/wp.ufpel.edu.br\/pgfisica\/wp-json\/wp\/v2\/pages\/3305\/revisions"}],"predecessor-version":[{"id":4132,"href":"https:\/\/wp.ufpel.edu.br\/pgfisica\/wp-json\/wp\/v2\/pages\/3305\/revisions\/4132"}],"up":[{"embeddable":true,"href":"https:\/\/wp.ufpel.edu.br\/pgfisica\/wp-json\/wp\/v2\/pages\/3811"}],"wp:attachment":[{"href":"https:\/\/wp.ufpel.edu.br\/pgfisica\/wp-json\/wp\/v2\/media?parent=3305"}],"curies":[{"name":"wp","href":"https:\/\/api.w.org\/{rel}","templated":true}]}}