{"id":3298,"date":"2016-08-16T10:06:30","date_gmt":"2016-08-16T13:06:30","guid":{"rendered":"http:\/\/ifm.ufpel.edu.br\/pgfisica\/site\/?page_id=3298"},"modified":"2018-04-25T15:51:34","modified_gmt":"2018-04-25T18:51:34","slug":"dissertacoes-2014","status":"publish","type":"page","link":"https:\/\/wp.ufpel.edu.br\/pgfisica\/tesesedissertacoes\/dissertacoes-2014\/","title":{"rendered":"Disserta\u00e7\u00f5es Apresentadas em 2014"},"content":{"rendered":"<p>Neste link voc\u00ea poder\u00e1 encontrar a rela\u00e7\u00e3o de todas as disserta\u00e7\u00f5es apresentadas ao Programa de P\u00f3s-Gradua\u00e7\u00e3o em F\u00edsica da UFPel.<\/p>\n<p><a href=\"https:\/\/wp.ufpel.edu.br\/pgfisica\/dissertacoes\/dissertacoes-apresentadas-em-2018\/\">2018<\/a>\u00a0\u00a0<a href=\"https:\/\/wp.ufpel.edu.br\/pgfisica\/dissertacoes-2017\/\">2017<\/a> \u00a0<a href=\"https:\/\/wp.ufpel.edu.br\/pgfisica\/dissertacoes-2016\/\">2016<\/a>\u00a0 <a href=\"https:\/\/wp.ufpel.edu.br\/pgfisica\/dissertacoes-2015\/\">2015<\/a> \u00a02014\u00a0 <a href=\"https:\/\/wp.ufpel.edu.br\/pgfisica\/dissertacoes-2013\/\">2013<\/a>\u00a0 <a href=\"https:\/\/wp.ufpel.edu.br\/pgfisica\/dissertacoes-2012\/\">2012<\/a>\u00a0 <a href=\"https:\/\/wp.ufpel.edu.br\/pgfisica\/dissertacoes-2011\/\">2011<\/a>\u00a0 <a href=\"https:\/\/wp.ufpel.edu.br\/pgfisica\/dissertacoes-2010\/\">2010<\/a><\/p>\n<p>_____________________________________________________________________<\/p>\n<h3><strong>2014<\/strong><\/h3>\n<p><strong><span style=\"color: #000080\">31. <span style=\"color: #000000\"><span style=\"background: #ccffff\">T\u00edtulo: Estudo de Propriedades Eletr\u00f4nicas, energ\u00e9ticas e estruturais de Nanotubos BxCyNz de camadas simples e dupla via c\u00e1lculos de primeiros princ\u00edpios <\/span><\/span><\/span><\/strong><br \/>\n<strong>Autor:<\/strong><span style=\"color: #ff0000\"> Robson Cavalin Rodrigues <\/span><br \/>\n<strong>Orientador:<\/strong> Marcelo Pereira Machado<br \/>\n<strong>Defesa:<\/strong> 28\/11\/2014<br \/>\n<strong>Palavras-Chave:<\/strong> Nanotubos. Propriedades. BxCyNz.<br \/>\n<strong>\u00c1rea de Conhecimento:<\/strong> F\u00edsica da Mat\u00e9ria Condensada<\/p>\n<p><strong><span style=\"color: #000080\">30. <span style=\"color: #000000\"><span style=\"background: #ccffff\">T\u00edtulo: A correla\u00e7\u00e3o entre irreversibilidade magn\u00e9tica e resist\u00eancia el\u00e9trica nula em monocristais de YBa2Cu3O7-\u03b4 dopados quimicamente <\/span><\/span><\/span><\/strong><br \/>\n<strong>Autor:<\/strong><span style=\"color: #ff0000\"> Daniela Goetzke Macedo <\/span><br \/>\n<strong>Orientador:<\/strong> Valdemar das Neves Vieira<br \/>\n<strong>Defesa:<\/strong> 27\/11\/2014<br \/>\n<strong>Palavras-Chave:<\/strong> Monocristais supercondutores inomog\u00eaneos. Din\u00e2mica de V\u00f3rtices. Temperatura de Irreversibilidade Magn\u00e9tica. Temperatura de resist\u00eancia el\u00e9trica nula.<br \/>\n<strong>\u00c1rea de Conhecimento:<\/strong> F\u00edsica da Mat\u00e9ria Condensada<\/p>\n<p><strong><span style=\"color: #000080\">29. <span style=\"color: #000000\"><span style=\"background: #ccffff\">T\u00edtulo: Espalhamento Compton Profundamente Virtual em Colis\u00f5es El\u00e9tron-Pr\u00f3ton e El\u00e9tron-N\u00facleo <\/span><\/span><\/span><\/strong><br \/>\n<strong>Autor:<\/strong><span style=\"color: #ff0000\"> Diego Spiering Pires <\/span><br \/>\n<strong>Orientador:<\/strong> Victor Paulo Barros Gon\u00e7alves<br \/>\n<strong>Defesa:<\/strong> 29\/08\/2014<br \/>\n<strong>Palavras-Chave:<\/strong> Cromodin\u00e2mica Qu\u00e2ntica; f\u00edsica de altas energias; satura\u00e7\u00e3o part\u00f4nica; espalhamento Compton profundamente virtual; difra\u00e7\u00e3o.<br \/>\n<strong>\u00c1rea de Conhecimento:<\/strong> Ci\u00eancias Exatas e da Terra \/ F\u00edsica \/ Rea\u00e7\u00f5es Espec\u00edficas e Fenomenologia de Part\u00edculas<\/p>\n<p><strong><span style=\"color: #000080\">28. <span style=\"color: #000000\"><span style=\"background: #ccffff\">T\u00edtulo: Os efeitos da desordem qu\u00edmica na magnetocondutividade e flutua\u00e7\u00f5es termodin\u00e2micas do supercondutor YBa2Cu3O7-\uf064 <\/span><\/span><\/span><\/strong><br \/>\n<strong>Autor:<\/strong><span style=\"color: #ff0000\"> Lutiene Fernandes Lopes <\/span><br \/>\n<strong>Orientador:<\/strong> Valdemar das Neves Vieira<br \/>\n<strong>Defesa:<\/strong> 27\/08\/2014<br \/>\n<strong>Palavras-Chave:<\/strong> HTSC, Transporte el\u00e9trico, Flutua\u00e7\u00f5es Termodin\u00e2micas.<br \/>\n<strong>\u00c1rea de Conhecimento:<\/strong> F\u00edsica da Mat\u00e9ria Condensada<\/p>\n<p><strong><span style=\"color: #000080\">27. <span style=\"color: #000000\"><span style=\"background: #ccffff\">T\u00edtulo: S\u00edntese e Caracteriza\u00e7\u00e3o do Supercondutor Y3Ba5Cu8O18 <\/span><\/span><\/span><\/strong><br \/>\n<strong>Autor:<\/strong><span style=\"color: #ff0000\"> Catiane Pican\u00e7o de Oliveira <\/span><br \/>\n<strong>Orientador:<\/strong> F\u00e1bio Teixeira Dias<br \/>\nDefesa: 21\/08\/2014<br \/>\n<strong>Palavras-Chave:<\/strong> Supercondutores; Irreversibilidade magn\u00e9tica; Flutua\u00e7\u00f5es termodin\u00e2micas.<br \/>\n<strong>\u00c1rea de Conhecimento:<\/strong> Supercondutividade<\/p>\n<p><strong><span style=\"color: #000080\">26. <span style=\"color: #000000\"><span style=\"background: #ccffff\">T\u00edtulo: Estudos de propriedades eletr\u00f4nicas e estruturais de nanoestruturas tubulares com estequiometria BxCyNz selecionadas <\/span><\/span><\/span><\/strong><br \/>\n<strong>Autor:<\/strong><span style=\"color: #ff0000\"> Eduardo Garcia Ribas <\/span><br \/>\n<strong>Orientador:<\/strong> Marcelo Pereira Machado<br \/>\n<strong>Defesa:<\/strong> 31\/07\/2014<br \/>\n<strong>Palavras-Chave:<\/strong> Nanotubos, Boro, Carbono, Nitrog\u00eanio, C\u00e1lculos de primeiros princ\u00edpios, Estrutura eletr\u00f4nica.<br \/>\n<strong>\u00c1rea de Conhecimento:<\/strong> F\u00edsica da Mat\u00e9ria Condensada<\/p>\n<p><strong><span style=\"color: #000080\">25. <span style=\"color: #000000\"><span style=\"background: #ccffff\"> T\u00edtulo: Fotoprodu\u00e7\u00e3o de Quarks Pesados em Colis\u00f5es Pr\u00f3ton\u2014Pr\u00f3ton no Grande Colisor de H\u00e1drons <\/span><\/span><\/span><\/strong><br \/>\n<strong>Autor:<\/strong><span style=\"color: #ff0000\"> Yuri Lemos de Avila <\/span><br \/>\n<strong>Orientador:<\/strong> Victor Paulo Barros Gon\u00e7alves<br \/>\n<strong><strong>Coorientador<\/strong>:<\/strong> Werner Krambeck Sauter<br \/>\n<strong>Defesa:<\/strong> 30\/04\/2014<br \/>\n<strong>Palavras-Chave:<\/strong> Cromodin\u00e2mica Qu\u00e2ntica, Quarks Pesados, Fotoprodu\u00e7\u00e3o.<br \/>\n<strong>\u00c1rea de Conhecimento:<\/strong> Ci\u00eancias exatas e da terra &#8211; F\u00edsica &#8211; Rea\u00e7\u00f5es espec\u00edficas e fenomiologia de part\u00edculas<\/p>\n<p><strong><span style=\"color: #000080\">24. <span style=\"color: #000000\"><span style=\"background: #ccffff\"> T\u00edtulo: Determina\u00e7\u00e3o da distribui\u00e7\u00e3o de gl\u00faons do pr\u00f3ton na fotoprodu\u00e7\u00e3o de m\u00e9sons vetoriais no Grande Colisor de H\u00e1drons <\/span><\/span><\/span><\/strong><br \/>\n<strong>Autor:<\/strong><span style=\"color: #ff0000\"> Lu\u00eds Augusto Souza Martins <\/span><br \/>\n<strong>Orientador:<\/strong> Werner Krambeck Sauter<br \/>\n<strong>Coorientador:<\/strong> Victor Paulo Barros Gon\u00e7alves<br \/>\n<strong>Defesa:<\/strong> 16\/04\/2014<br \/>\n<strong>Palavras-Chave:<\/strong> Pr\u00f3ton, distribui\u00e7\u00e3o de gl\u00faons, altas energias, fotoprodu\u00e7\u00e3o de m\u00e9sons vetoriais.<br \/>\n<strong>\u00c1rea de Conhecimento:<\/strong> F\u00edsica \u2013 Rea\u00e7\u00f5es Espec\u00edficas e Fenomenologia de Part\u00edculas<\/p>\n<p><strong><span style=\"color: #000080\">23. <span style=\"color: #000000\"><span style=\"background: #ccffff\">T\u00edtulo: A teoria da turbul\u00eancia fraca para oscila\u00e7\u00f5es eletrost\u00e1ticas em plasmas com feixes de alta intensidade <\/span><\/span><\/span><\/strong><br \/>\n<strong>Autor:<\/strong><span style=\"color: #ff0000\"> Kellen Alves Pascoal <\/span><br \/>\n<strong>Orientador:<\/strong> Joel Pavan<br \/>\n<strong><strong>Coorientador<\/strong>:<\/strong> Rudi Gaelzer<br \/>\n<strong>Defesa:<\/strong> 28\/02\/2014<br \/>\n<strong>Palavras-Chave:<\/strong> Feixes intensos; Instabilidade feixe-plasma; Teoria de Turbul\u00eancia Fraca.<br \/>\n<strong>\u00c1rea de Conhecimento:<\/strong> F\u00edsica dos Plasmas<\/p>\n","protected":false},"excerpt":{"rendered":"<p>Neste link voc\u00ea poder\u00e1 encontrar a rela\u00e7\u00e3o de todas as disserta\u00e7\u00f5es apresentadas ao Programa de P\u00f3s-Gradua\u00e7\u00e3o em F\u00edsica da UFPel. 2018\u00a0\u00a02017 \u00a02016\u00a0 2015 \u00a02014\u00a0 2013\u00a0 2012\u00a0 2011\u00a0 2010 _____________________________________________________________________ 2014 31. T\u00edtulo: Estudo de Propriedades Eletr\u00f4nicas, energ\u00e9ticas e estruturais de Nanotubos BxCyNz de camadas simples e dupla via c\u00e1lculos de primeiros princ\u00edpios Autor: Robson Cavalin &hellip; <a href=\"https:\/\/wp.ufpel.edu.br\/pgfisica\/tesesedissertacoes\/dissertacoes-2014\/\" class=\"more-link\">Continue lendo <span class=\"screen-reader-text\">Disserta\u00e7\u00f5es Apresentadas em 2014<\/span> <span class=\"meta-nav\">&rarr;<\/span><\/a><\/p>\n","protected":false},"author":220,"featured_media":0,"parent":3811,"menu_order":0,"comment_status":"closed","ping_status":"closed","template":"","meta":{"jetpack_post_was_ever_published":false,"footnotes":""},"class_list":["post-3298","page","type-page","status-publish","hentry"],"jetpack_sharing_enabled":true,"jetpack_shortlink":"https:\/\/wp.me\/P94N8p-Rc","_links":{"self":[{"href":"https:\/\/wp.ufpel.edu.br\/pgfisica\/wp-json\/wp\/v2\/pages\/3298","targetHints":{"allow":["GET"]}}],"collection":[{"href":"https:\/\/wp.ufpel.edu.br\/pgfisica\/wp-json\/wp\/v2\/pages"}],"about":[{"href":"https:\/\/wp.ufpel.edu.br\/pgfisica\/wp-json\/wp\/v2\/types\/page"}],"author":[{"embeddable":true,"href":"https:\/\/wp.ufpel.edu.br\/pgfisica\/wp-json\/wp\/v2\/users\/220"}],"replies":[{"embeddable":true,"href":"https:\/\/wp.ufpel.edu.br\/pgfisica\/wp-json\/wp\/v2\/comments?post=3298"}],"version-history":[{"count":3,"href":"https:\/\/wp.ufpel.edu.br\/pgfisica\/wp-json\/wp\/v2\/pages\/3298\/revisions"}],"predecessor-version":[{"id":4131,"href":"https:\/\/wp.ufpel.edu.br\/pgfisica\/wp-json\/wp\/v2\/pages\/3298\/revisions\/4131"}],"up":[{"embeddable":true,"href":"https:\/\/wp.ufpel.edu.br\/pgfisica\/wp-json\/wp\/v2\/pages\/3811"}],"wp:attachment":[{"href":"https:\/\/wp.ufpel.edu.br\/pgfisica\/wp-json\/wp\/v2\/media?parent=3298"}],"curies":[{"name":"wp","href":"https:\/\/api.w.org\/{rel}","templated":true}]}}