{"id":31,"date":"2012-02-05T19:09:08","date_gmt":"2012-02-05T19:09:08","guid":{"rendered":"http:\/\/localhost\/wordpress\/?page_id=31"},"modified":"2024-01-11T08:00:52","modified_gmt":"2024-01-11T11:00:52","slug":"apresentacao","status":"publish","type":"page","link":"https:\/\/wp.ufpel.edu.br\/pgfisica\/apresentacao\/","title":{"rendered":"Apresenta\u00e7\u00e3o e Contato"},"content":{"rendered":"<p style=\"text-align: justify;\">O Programa de P\u00f3s-Gradua\u00e7\u00e3o em F\u00edsica (PPGF\u00eds) da Universidade Federal de Pelotas (UFPel), com sede no Pr\u00e9dio 05 do Instituto de F\u00edsica e Matem\u00e1tica, oferece os Cursos de<strong> <span style=\"color: #0000ff;\">Mestrado em F\u00edsica<\/span><\/strong> (recomendado pela CAPES em 17\/12\/2007) e <span style=\"color: #ff0000;\"><strong>Doutorado em F\u00edsica<\/strong><\/span> (recomendado pela CAPES em 17\/12\/2015). O Programa compreende como \u00c1rea de Concentra\u00e7\u00e3o: F\u00edsica, envolvendo as seguintes Linhas de Pesquisa:<\/p>\n<p><strong>\u00b7 F\u00edsica da Mat\u00e9ria Condensada (Te\u00f3rica e Experimental)<\/strong><br \/>\n<strong> \u00b7 F\u00edsica de Part\u00edculas e H\u00e1drons (Te\u00f3rica)<\/strong><br \/>\n<strong> \u00b7 F\u00edsica dos Plasmas (Te\u00f3rica)<\/strong><\/p>\n<p>O <span style=\"color: #0000ff;\"><strong>PPGF\u00eds<\/strong><\/span> foi avaliado com a <span style=\"color: #0000ff;\"><strong>nota 4<\/strong><\/span> na \u00faltima avalia\u00e7\u00e3o quadrienal da CAPES 2017-2020.<\/p>\n<table class=\"tabela\">\n<tbody>\n<tr>\n<th style=\"width: 50%; border: 0px none;\">\n<p style=\"text-align: left;\">Contato:<\/p>\n<\/th>\n<th style=\"border: 0px none;\">\n<p style=\"text-align: center;\">Mapa<\/p>\n<\/th>\n<\/tr>\n<tr>\n<td style=\"border: 0px none; vertical-align: top;\"><strong>Universidade Federal de Pelotas<\/strong><br \/>\n<strong>Instituto de F\u00edsica e Matem\u00e1tica<\/strong><br \/>\n<strong>Programa de P\u00f3s-Gradua\u00e7\u00e3o em F\u00edsica<\/strong><br \/>\n<strong>Campus Cap\u00e3o do Le\u00e3o, Caixa Postal 354<\/strong><br \/>\n<strong>CEP 96160-000, Cap\u00e3o do Le\u00e3o, RS.<\/strong><\/p>\n<p>Telefone: (53) 3275-7375<br \/>\n<strong>Email: pgfisica.ufpel@gmail.com<\/strong><\/td>\n<td id=\"centro\" style=\"border: 0px none; text-align: center;\"><img decoding=\"async\" class=\"alignright\" src=\"https:\/\/wp.ufpel.edu.br\/pgfisica\/files\/2012\/02\/mapa_campus.png\" alt=\"Mapa do Campus Cap\u00e3o do Le\u00e3o\" \/><\/td>\n<\/tr>\n<\/tbody>\n<\/table>\n<p>&nbsp;<\/p>\n","protected":false},"excerpt":{"rendered":"<p>O Programa de P\u00f3s-Gradua\u00e7\u00e3o em F\u00edsica (PPGF\u00eds) da Universidade Federal de Pelotas (UFPel), com sede no Pr\u00e9dio 05 do Instituto de F\u00edsica e Matem\u00e1tica, oferece os Cursos de Mestrado em F\u00edsica (recomendado pela CAPES em 17\/12\/2007) e Doutorado em F\u00edsica (recomendado pela CAPES em 17\/12\/2015). O Programa compreende como \u00c1rea de Concentra\u00e7\u00e3o: F\u00edsica, envolvendo as &hellip; <a href=\"https:\/\/wp.ufpel.edu.br\/pgfisica\/apresentacao\/\" class=\"more-link\">Continue lendo <span class=\"screen-reader-text\">Apresenta\u00e7\u00e3o e Contato<\/span> <span class=\"meta-nav\">&rarr;<\/span><\/a><\/p>\n","protected":false},"author":220,"featured_media":0,"parent":0,"menu_order":15,"comment_status":"closed","ping_status":"closed","template":"","meta":{"jetpack_post_was_ever_published":false,"footnotes":""},"class_list":["post-31","page","type-page","status-publish","hentry"],"jetpack_sharing_enabled":true,"jetpack_shortlink":"https:\/\/wp.me\/P94N8p-v","_links":{"self":[{"href":"https:\/\/wp.ufpel.edu.br\/pgfisica\/wp-json\/wp\/v2\/pages\/31","targetHints":{"allow":["GET"]}}],"collection":[{"href":"https:\/\/wp.ufpel.edu.br\/pgfisica\/wp-json\/wp\/v2\/pages"}],"about":[{"href":"https:\/\/wp.ufpel.edu.br\/pgfisica\/wp-json\/wp\/v2\/types\/page"}],"author":[{"embeddable":true,"href":"https:\/\/wp.ufpel.edu.br\/pgfisica\/wp-json\/wp\/v2\/users\/220"}],"replies":[{"embeddable":true,"href":"https:\/\/wp.ufpel.edu.br\/pgfisica\/wp-json\/wp\/v2\/comments?post=31"}],"version-history":[{"count":13,"href":"https:\/\/wp.ufpel.edu.br\/pgfisica\/wp-json\/wp\/v2\/pages\/31\/revisions"}],"predecessor-version":[{"id":6512,"href":"https:\/\/wp.ufpel.edu.br\/pgfisica\/wp-json\/wp\/v2\/pages\/31\/revisions\/6512"}],"wp:attachment":[{"href":"https:\/\/wp.ufpel.edu.br\/pgfisica\/wp-json\/wp\/v2\/media?parent=31"}],"curies":[{"name":"wp","href":"https:\/\/api.w.org\/{rel}","templated":true}]}}