{"id":1699,"date":"2013-06-14T18:00:20","date_gmt":"2013-06-14T21:00:20","guid":{"rendered":"http:\/\/ifm.ufpel.edu.br\/pgfisica\/site\/?page_id=1699"},"modified":"2017-08-16T12:02:42","modified_gmt":"2017-08-16T15:02:42","slug":"eventos-realizados-em-2013","status":"publish","type":"page","link":"https:\/\/wp.ufpel.edu.br\/pgfisica\/eventos\/eventos-realizados-em-2013\/","title":{"rendered":"Eventos realizados em 2013"},"content":{"rendered":"<p>Nesta \u00e1rea voc\u00ea cncontra todos os eventos promovidos pelo Programa de P\u00f3s-Gradua\u00e7\u00e3o em F\u00edsica, tais como semin\u00e1rios, col\u00f3quios, etc.<\/p>\n<p>2013\u00a0 <a href=\"https:\/\/wp.ufpel.edu.br\/pgfisica\/eventos\/eventos-realizados-em-2012\/\">2012<\/a>\u00a0 2011\u00a0 2010\u00a0 <a href=\"https:\/\/wp.ufpel.edu.br\/pgfisica\/eventos\/eventos-realizados-em-2009\/\">2009<\/a><br \/>\n_________________________________________________________________________<\/p>\n<h2>2013<\/h2>\n<p><!-- P { margin-bottom: 0.21cm; } --><\/p>\n<p><span style=\"color: #0000ff;\">Dia 04\/12\/2013<\/span> &#8211; <strong>Espectroscopia de materiais fot\u00f4nicos<\/strong><br \/>\nProf. Eduardo Ceretta Moreira (UNIPAMPA)<br \/>\nHor\u00e1rio : 14:00<br \/>\nLocal : Sala 416, Pr\u00e9dio 13-DF<\/p>\n<p><span style=\"color: #0000ff;\">Dia 20\/11\/2013<\/span> &#8211; <strong>??????<\/strong><br \/>\nProf. Ot\u00e1vio Socolowski J\u00fanior (FURG)<br \/>\nHor\u00e1rio : 16:00<br \/>\nLocal : Sala 416, Pr\u00e9dio 13-DF<\/p>\n<p><span style=\"color: #0000ff;\">Dia 06\/11\/2013<\/span> &#8211; <strong>Condutores ionicos e mistos, electrides e polarons para aplicaniones especiais<\/strong><br \/>\nProf. Jos\u00e9 Jurado Egea (Universidad de Madrid)<br \/>\nHor\u00e1rio : 16:00<br \/>\nLocal : Sala 416, Pr\u00e9dio 13-DF<\/p>\n<p><span style=\"color: #0000ff;\">Dia 23\/10\/2013<\/span> &#8211; <strong>Novidades sobre os estados ex\u00f3ticos do charmonium e bottomonium<\/strong><br \/>\nProfa. Marina Nielsen (USP)<br \/>\nHor\u00e1rio : 16:00<br \/>\nLocal : Sala 416, Pr\u00e9dio 13-DF<\/p>\n<p><span style=\"color: #0000ff;\">Dia 09\/10\/2013<\/span> &#8211; <strong>Efeitos n\u00e3o-lineares e estoc\u00e1sticos em lasers de semicondutores acoplados<\/strong><br \/>\nProf. Cristian Bonatto (DF &#8211; UFPel)<br \/>\nHor\u00e1rio : 16:00<br \/>\nLocal : Sala 416, Pr\u00e9dio 13-DF<\/p>\n<p><span style=\"color: #0000ff;\">Dia 28\/08\/2013<\/span> &#8211; <strong>Estrelas de quarks: condi\u00e7\u00f5es de estabilidade e efeitos de campos magn\u00e9ticos fortes<\/strong><br \/>\nProfa. D\u00e9bora Menezes (UFSC)<br \/>\nHor\u00e1rio : 16:00<br \/>\nLocal : Sala 416, Pr\u00e9dio 13-DF<\/p>\n<p><span style=\"color: #0000ff;\">Dia 14\/08\/2013<\/span> &#8211; <strong>Materiais avan\u00e7ados usando electrospray e electrospinning<\/strong><br \/>\nProf. Cyro Ketzer Saul (UFPR)<br \/>\nHor\u00e1rio : 16:00<br \/>\nLocal : Sala 416, Pr\u00e9dio 13-DF<\/p>\n<p><span style=\"color: #0000ff;\">Dia 31\/07\/2013<\/span> &#8211; <strong>Properties of high heliographic latitude magnetic decreases and energetic charged particle cross-field diffusion<\/strong><br \/>\nProfa. Virg\u00ednia Alves (INPE)<br \/>\nHor\u00e1rio : 16:00<br \/>\nLocal : Sala 416, Pr\u00e9dio 13-DF<\/p>\n<p><span style=\"color: #0000ff;\">Dia 17\/07\/2013<\/span> &#8211; <strong>Propriedades estruturais e eletr\u00f4nicas de part\u00edculas de 13 e 55 \u00e1tomos de metais de transi\u00e7\u00e3o<\/strong><br \/>\nProf. Maur\u00edcio Piotrowski (DF &#8211; UFPel)<br \/>\nHor\u00e1rio : 16:00<br \/>\nLocal : Sala 416, Pr\u00e9dio 13-DF<\/p>\n<p><span style=\"color: #0000ff;\">Dia 19\/06\/2013<\/span> &#8211; <strong>Astrof\u00edsica nuclear: equa\u00e7\u00f5es de estado para estrelas de n\u00eautrons<\/strong><br \/>\nProf. Rafael Cavagnoli (DF &#8211; UFPel)<br \/>\nHor\u00e1rio : 16:00<br \/>\nLocal : Sala 416, Pr\u00e9dio 13-DF<\/p>\n<p><span style=\"color: #000080;\">Dia 05\/06\/2013 &#8211;<\/span> <strong>Din\u00e2mica e estrutura de fluidos tipo-\u00e1gua confinados em nanotubos<\/strong><br \/>\nMSc. Jos\u00e9 Rafael Bordin (PPG\/F\u00edsica &#8211; UFRGS)<br \/>\nHor\u00e1rio : 16:00<br \/>\nLocal : Sala MM1, Pr\u00e9dio 5-IFM<\/p>\n<p><span style=\"color: #000080;\">Dia 23\/06\/2013 &#8211;<\/span> <strong>\u00c1gua, um l\u00edquido complexo<\/strong><br \/>\nProfa. M\u00e1rcia Barbosa (IF-UFRGS)<br \/>\nHor\u00e1rio : 16:00<br \/>\nLocal : Sala 416, Pr\u00e9dio 13-DF<\/p>\n<p><span style=\"color: #000080;\">Dia 06\/03\/2013<\/span> &#8211; <strong>Efici\u00eancia de busca por alvos aleatoriamente distribu\u00eddos: estrat\u00e9gias que alguns animais usam para procurar por alimentos<\/strong><br \/>\nDr. Arlan da Silva Ferreira (PPGF\u00edsica &#8211; UFPel)<br \/>\nHor\u00e1rio : 16:00<br \/>\nLocal : Sala 416, Pr\u00e9dio 13-DF<\/p>\n<p><span style=\"color: #000080;\">Dia 06\/02\/2013 &#8211;<\/span> <strong>Patentear e publicar: desenvolvimento de isolantes t\u00e9rmicos para aplica\u00e7\u00f5es aeroespaciais<\/strong><br \/>\nProf. S\u00e9rgio da Silva Cava (PPGCEM &#8211; UFPel)<br \/>\nHor\u00e1rio : 16:00<br \/>\nLocal : Sala 416, Pr\u00e9dio 13-DF<\/p>\n<p><span style=\"color: #000080;\">Dia 23\/01\/2013 &#8211;<\/span> <strong>Transi\u00e7\u00f5es inversas no modelo Ghatak-Sherrington com campos aleat\u00f3rios<\/strong><br \/>\nProf. Calos Alberto V. de Morais Jr (DF-UFPel)<br \/>\nHor\u00e1rio : 16:00<br \/>\nLocal : Sala 416, Pr\u00e9dio 13-DF<\/p>\n<p><span style=\"color: #000080;\">Dia 09\/01\/2013 &#8211;<\/span> <strong>Estrutura e din\u00e2mica de redes complexas<\/strong><br \/>\nProf. Francisco A. Rodrigues (ICMC-USP\/S\u00e3o Carlos)<br \/>\nHor\u00e1rio : 16:00<br \/>\nLocal : Sala 209, Pr\u00e9dio 5-IFM<\/p>\n","protected":false},"excerpt":{"rendered":"<p>Nesta \u00e1rea voc\u00ea cncontra todos os eventos promovidos pelo Programa de P\u00f3s-Gradua\u00e7\u00e3o em F\u00edsica, tais como semin\u00e1rios, col\u00f3quios, etc. 2013\u00a0 2012\u00a0 2011\u00a0 2010\u00a0 2009 _________________________________________________________________________ 2013 Dia 04\/12\/2013 &#8211; Espectroscopia de materiais fot\u00f4nicos Prof. Eduardo Ceretta Moreira (UNIPAMPA) Hor\u00e1rio : 14:00 Local : Sala 416, Pr\u00e9dio 13-DF Dia 20\/11\/2013 &#8211; ?????? Prof. Ot\u00e1vio Socolowski J\u00fanior &hellip; <a href=\"https:\/\/wp.ufpel.edu.br\/pgfisica\/eventos\/eventos-realizados-em-2013\/\" class=\"more-link\">Continue lendo <span class=\"screen-reader-text\">Eventos realizados em 2013<\/span> <span class=\"meta-nav\">&rarr;<\/span><\/a><\/p>\n","protected":false},"author":220,"featured_media":0,"parent":1421,"menu_order":4,"comment_status":"closed","ping_status":"closed","template":"","meta":{"jetpack_post_was_ever_published":false,"footnotes":""},"class_list":["post-1699","page","type-page","status-publish","hentry"],"jetpack_sharing_enabled":true,"jetpack_shortlink":"https:\/\/wp.me\/P94N8p-rp","_links":{"self":[{"href":"https:\/\/wp.ufpel.edu.br\/pgfisica\/wp-json\/wp\/v2\/pages\/1699","targetHints":{"allow":["GET"]}}],"collection":[{"href":"https:\/\/wp.ufpel.edu.br\/pgfisica\/wp-json\/wp\/v2\/pages"}],"about":[{"href":"https:\/\/wp.ufpel.edu.br\/pgfisica\/wp-json\/wp\/v2\/types\/page"}],"author":[{"embeddable":true,"href":"https:\/\/wp.ufpel.edu.br\/pgfisica\/wp-json\/wp\/v2\/users\/220"}],"replies":[{"embeddable":true,"href":"https:\/\/wp.ufpel.edu.br\/pgfisica\/wp-json\/wp\/v2\/comments?post=1699"}],"version-history":[{"count":2,"href":"https:\/\/wp.ufpel.edu.br\/pgfisica\/wp-json\/wp\/v2\/pages\/1699\/revisions"}],"predecessor-version":[{"id":3808,"href":"https:\/\/wp.ufpel.edu.br\/pgfisica\/wp-json\/wp\/v2\/pages\/1699\/revisions\/3808"}],"up":[{"embeddable":true,"href":"https:\/\/wp.ufpel.edu.br\/pgfisica\/wp-json\/wp\/v2\/pages\/1421"}],"wp:attachment":[{"href":"https:\/\/wp.ufpel.edu.br\/pgfisica\/wp-json\/wp\/v2\/media?parent=1699"}],"curies":[{"name":"wp","href":"https:\/\/api.w.org\/{rel}","templated":true}]}}