{"id":1626,"date":"2013-05-04T13:09:38","date_gmt":"2013-05-04T16:09:38","guid":{"rendered":"http:\/\/ifm.ufpel.edu.br\/pgfisica\/site\/?page_id=1626"},"modified":"2018-04-25T15:53:04","modified_gmt":"2018-04-25T18:53:04","slug":"dissertacoes-2013","status":"publish","type":"page","link":"https:\/\/wp.ufpel.edu.br\/pgfisica\/tesesedissertacoes\/dissertacoes-2013\/","title":{"rendered":"Disserta\u00e7\u00f5es apresentadas em 2013"},"content":{"rendered":"<p>Neste link voc\u00ea poder\u00e1 encontrar a rela\u00e7\u00e3o de todas as disserta\u00e7\u00f5es apresentadas ao Programa de P\u00f3s-Gradua\u00e7\u00e3o em F\u00edsica da UFPel.<\/p>\n<p><a href=\"https:\/\/wp.ufpel.edu.br\/pgfisica\/dissertacoes\/dissertacoes-apresentadas-em-2018\/\">2018<\/a>\u00a0\u00a0<a href=\"https:\/\/wp.ufpel.edu.br\/pgfisica\/dissertacoes-2017\/\">2017<\/a> \u00a0<a href=\"https:\/\/wp.ufpel.edu.br\/pgfisica\/dissertacoes-2016\/\">2016<\/a>\u00a0 <a href=\"https:\/\/wp.ufpel.edu.br\/pgfisica\/dissertacoes-2015\/\">2015<\/a> \u00a0<a href=\"https:\/\/wp.ufpel.edu.br\/pgfisica\/dissertacoes-2014\/\">2014<\/a>\u00a0 2013\u00a0 <a href=\"https:\/\/wp.ufpel.edu.br\/pgfisica\/dissertacoes-2012\/\">2012<\/a>\u00a0 <a href=\"https:\/\/wp.ufpel.edu.br\/pgfisica\/dissertacoes-2011\/\">2011<\/a>\u00a0 <a href=\"https:\/\/wp.ufpel.edu.br\/pgfisica\/dissertacoes-2010\/\">2010<\/a><\/p>\n<p>_____________________________________________________________________<\/p>\n<h3><strong>2013<\/strong><\/h3>\n<p><strong><span style=\"color: #000080\">22. <span style=\"color: #000000\"><span style=\"background: #ccffff\">T\u00edtulo: Caracteriza\u00e7\u00e3o Estrutural de Xerog\u00e9is de V2O5 intercalados com Co via XANES, EXAFS e XRD <\/span><\/span><\/span><\/strong><br \/>\n<strong>Autor:<\/strong><span style=\"color: #ff0000\"> F\u00e1bio Dias da Silva <\/span><br \/>\n<strong>Orientador:<\/strong> Douglas Langie da Silva<br \/>\n<strong>Defesa:<\/strong> 22\/08\/2013<br \/>\n<strong>Palavras-Chave:<\/strong>\u00d3xido de Van\u00e1dio, Intercala\u00e7\u00e3o, Ordem at\u00f4mica.<br \/>\n<strong>\u00c1rea de Conhecimento:<\/strong> F\u00edsica da Mat\u00e9ria Condensada<\/p>\n<p><strong><span style=\"color: #000080\">21. <span style=\"color: #000000\"><span style=\"background: #ccffff\">T\u00edtulo: Os efeitos da desordem qu\u00edmica na energia cin\u00e9tica de condensa\u00e7\u00e3o dos pares de Cooper no supercondutor YBa2Cu3O7-\u03b4 <\/span><\/span><\/span><\/strong><br \/>\n<strong>Autor:<\/strong><span style=\"color: #ff0000\"> Ana Paula Aguiar de Mendon\u00e7a <\/span><br \/>\n<strong>Orientador:<\/strong> Valdemar da Neves Vieira<br \/>\n<strong>Defesa:<\/strong> 20\/08\/2013<br \/>\n<strong>Palavras-Chave:<\/strong> Teorema virial da supercondutividade. Densidade de energia cin\u00e9tica. Par\u00e2metros caracter\u00edsticos do estado supercondutor.<br \/>\n<strong>\u00c1rea de Conhecimento:<\/strong> F\u00edsica da Mat\u00e9ria Condensada<\/p>\n<p><strong><span style=\"color: #000080\">20. <span style=\"color: #000000\"><span style=\"background: #ccffff\">T\u00edtulo: Correla\u00e7\u00e3o entre a irreversibilidade magn\u00e9tica e a resist\u00eancia nula em supercondutores de YBa2Cu3O7-\u03b4 <\/span><\/span><\/span><\/strong><br \/>\n<strong>Autor:<\/strong><span style=\"color: #ff0000\"> Sabrina Esperan\u00e7a Nunes <\/span><br \/>\n<strong>Orientador:<\/strong> F\u00e1bio Teixeira Dias<br \/>\n<strong>Defesa:<\/strong> 31\/07\/2013<br \/>\n<strong>Palavras-Chave:<\/strong> V\u00f3rtices. Resist\u00eancia nula. Irreversibilidade magn\u00e9tica.<br \/>\n<strong>\u00c1rea de Conhecimento:<\/strong> F\u00edsica da Mat\u00e9ria Condensada<\/p>\n<p><strong><span style=\"color: #000080\">19. <span style=\"color: #000000\"><span style=\"background: #ccffff\">T\u00edtulo: Efeitos da densidade eletr\u00f4nica na gera\u00e7\u00e3o de harm\u00f4nicos eletrost\u00e1ticos via intera\u00e7\u00e3o feixe-plasmas<\/span><\/span><\/span><\/strong><br \/>\n<strong>Autor:<\/strong><span style=\"color: #ff0000\"> Fernanda Clenir Hernandes Machado <\/span><br \/>\n<strong>Orientador:<\/strong> Fernando Jaques Ruiz Sim\u00f5es Jr.<br \/>\n<strong><strong>Coorientador<\/strong>:<\/strong> Rudi Gaelzer<br \/>\n<strong>Defesa:<\/strong> 30\/07\/2013<br \/>\n<strong>Palavras-Chave:<\/strong> Plasmas espaciais. Simula\u00e7\u00e3o computacional. C\u00f3digo PIC. Harm\u00f4nicos eletrost\u00e1ticos. Emiss\u00e3o solar tipo III.<br \/>\n<strong>\u00c1rea de Conhecimento:<\/strong> F\u00edsica dos Plasmas<\/p>\n<p><strong><span style=\"color: #000080\">18. <span style=\"color: #000000\"><span style=\"background: #ccffff\">T\u00edtulo: Estudo do Comportamento de Fase do Modelo Primitivo Restrito para Eletr\u00f3litos Simples Confinados num Meio Poroso <\/span><\/span><\/span><\/strong><br \/>\n<strong>Autor:<\/strong><span style=\"color: #ff0000\"> Leonardo Pinheiro <\/span><br \/>\n<strong>Orientador:<\/strong> Alexandre Diehl<br \/>\n<strong>Defesa:<\/strong> 23\/05\/2013<br \/>\n<strong>Palavras-Chave:<\/strong> G\u00e1s de Coulomb. Modelo Primitivo Restrito. Meio Poroso. Simula\u00e7\u00e3o Monte Carlo.<br \/>\n<strong>\u00c1rea de Conhecimento:<\/strong> F\u00edsica Estat\u00edstica e Termodin\u00e2mica<\/p>\n<p><strong><span style=\"color: #000080\">17. <span style=\"color: #000000\"><span style=\"background: #ccffff\">T\u00edtulo: Produ\u00e7\u00e3o dupla do b\u00f3son Z e de quarks pesados como assinaturas de dimens\u00f5es extras no grande colisor de h\u00e1drons <\/span><\/span><\/span><\/strong><br \/>\n<strong>Autor:<\/strong><span style=\"color: #ff0000\"> Maur\u00edcio Thiel <\/span><br \/>\n<strong>Orientador:<\/strong> Victor Paulo Barros Gon\u00e7alves<br \/>\n<strong><strong>Coorientador<\/strong>:<\/strong> Werner Krambeck Sauter<br \/>\n<strong>Defesa:<\/strong> 06\/05\/2013<br \/>\n<strong>Palavras-Chave:<\/strong> Modelo ADD. Dimens\u00f5es extras. Buracos negros. Produ\u00e7\u00e3o do b\u00f3son Z. Modelos al\u00e9m do Modelo Padr\u00e3o.<br \/>\n<strong>\u00c1rea de Conhecimento:<\/strong> F\u00edsica de Part\u00edculas e de H\u00e1drons<\/p>\n<p><strong><span style=\"color: #000080\">16. <span style=\"color: #000000\"><span style=\"background: #ccffff\">T\u00edtulo: Efeitos de desordem qu\u00edmica na densidade de corrente e na for\u00e7a de \u201cpinning\u201d de monocristais de YBa2Cu3O7-\u03b4 <\/span><\/span><\/span><\/strong><br \/>\n<strong>Autor:<\/strong><span style=\"color: #ff0000\"> Rovan Fernandes Lopes <\/span><br \/>\n<strong>Orientador:<\/strong> Valdemar das Neves Veira<br \/>\n<strong>Defesa:<\/strong> 18\/03\/2013<br \/>\n<strong>Palavras-Chave:<\/strong> Supercondutividade. Densidade de Corrente Cr\u00edtica. Pinning.<br \/>\n<strong>\u00c1rea de Conhecimento:<\/strong> F\u00edsica da Mat\u00e9ria Condensada<\/p>\n","protected":false},"excerpt":{"rendered":"<p>Neste link voc\u00ea poder\u00e1 encontrar a rela\u00e7\u00e3o de todas as disserta\u00e7\u00f5es apresentadas ao Programa de P\u00f3s-Gradua\u00e7\u00e3o em F\u00edsica da UFPel. 2018\u00a0\u00a02017 \u00a02016\u00a0 2015 \u00a02014\u00a0 2013\u00a0 2012\u00a0 2011\u00a0 2010 _____________________________________________________________________ 2013 22. T\u00edtulo: Caracteriza\u00e7\u00e3o Estrutural de Xerog\u00e9is de V2O5 intercalados com Co via XANES, EXAFS e XRD Autor: F\u00e1bio Dias da Silva Orientador: Douglas Langie da &hellip; <a href=\"https:\/\/wp.ufpel.edu.br\/pgfisica\/tesesedissertacoes\/dissertacoes-2013\/\" class=\"more-link\">Continue lendo <span class=\"screen-reader-text\">Disserta\u00e7\u00f5es apresentadas em 2013<\/span> <span class=\"meta-nav\">&rarr;<\/span><\/a><\/p>\n","protected":false},"author":220,"featured_media":0,"parent":3811,"menu_order":3,"comment_status":"closed","ping_status":"closed","template":"","meta":{"jetpack_post_was_ever_published":false,"footnotes":""},"class_list":["post-1626","page","type-page","status-publish","hentry"],"jetpack_sharing_enabled":true,"jetpack_shortlink":"https:\/\/wp.me\/P94N8p-qe","_links":{"self":[{"href":"https:\/\/wp.ufpel.edu.br\/pgfisica\/wp-json\/wp\/v2\/pages\/1626","targetHints":{"allow":["GET"]}}],"collection":[{"href":"https:\/\/wp.ufpel.edu.br\/pgfisica\/wp-json\/wp\/v2\/pages"}],"about":[{"href":"https:\/\/wp.ufpel.edu.br\/pgfisica\/wp-json\/wp\/v2\/types\/page"}],"author":[{"embeddable":true,"href":"https:\/\/wp.ufpel.edu.br\/pgfisica\/wp-json\/wp\/v2\/users\/220"}],"replies":[{"embeddable":true,"href":"https:\/\/wp.ufpel.edu.br\/pgfisica\/wp-json\/wp\/v2\/comments?post=1626"}],"version-history":[{"count":3,"href":"https:\/\/wp.ufpel.edu.br\/pgfisica\/wp-json\/wp\/v2\/pages\/1626\/revisions"}],"predecessor-version":[{"id":4134,"href":"https:\/\/wp.ufpel.edu.br\/pgfisica\/wp-json\/wp\/v2\/pages\/1626\/revisions\/4134"}],"up":[{"embeddable":true,"href":"https:\/\/wp.ufpel.edu.br\/pgfisica\/wp-json\/wp\/v2\/pages\/3811"}],"wp:attachment":[{"href":"https:\/\/wp.ufpel.edu.br\/pgfisica\/wp-json\/wp\/v2\/media?parent=1626"}],"curies":[{"name":"wp","href":"https:\/\/api.w.org\/{rel}","templated":true}]}}