{"id":1474,"date":"2013-02-13T14:22:33","date_gmt":"2013-02-13T17:22:33","guid":{"rendered":"http:\/\/ifm.ufpel.edu.br\/pgfisica\/site\/?page_id=1474"},"modified":"2024-01-15T14:45:09","modified_gmt":"2024-01-15T17:45:09","slug":"lsm","status":"publish","type":"page","link":"https:\/\/wp.ufpel.edu.br\/pgfisica\/linhas-de-pesquisa\/lsm\/","title":{"rendered":"Laborat\u00f3rio de Supercondutividade e Magnetismo"},"content":{"rendered":"<p>&nbsp;<\/p>\n<p>O Grupo de Estudos em Supercondutividade e Magnetismo da UFPel, coordenado pelo<br \/>\nProf. Dr. Valdemar das Neves Vieira tem como integrantes o Prof. Dr. F\u00e1bio Teixeira Dias,<br \/>\ntr\u00eas estudantes de mestrado, um de doutorado e um de inicia\u00e7\u00e3o cient\u00edfica.<br \/>\nO objetivo do grupo consiste no crescimento de amostras cer\u00e2micas supercondutoras,<br \/>\nmonocristalinas e policristalinas, produzidas por sinteriza\u00e7\u00e3o e autofluxo, e o estudo de suas<br \/>\npropriedades estruturais, el\u00e9tricas e magn\u00e9ticas. No momento, os projetos de pesquisa<br \/>\ndesenvolvidos pelos membros do grupo s\u00e3o em torno do crescimento e estudo dos<br \/>\nsupercondutores YBa2Cu3O7-\u03b4 e CaLaBaCuO (com diferentes estequiometrias).<br \/>\nA equipe conta com o Laborat\u00f3rio de Materiais Supercondutores (LMS) para a realiza\u00e7\u00e3o<br \/>\ndas medidas. O mesmo \u00e9 equipado com um PPMS (Physical Properties Measurement<br \/>\nSystem) capaz de realizar medidas de propriedades el\u00e9tricas (transporte de corrente e<br \/>\nresist\u00eancia el\u00e9trica) e magn\u00e9ticas. O LMS tamb\u00e9m possui um equipamento de medida de<br \/>\nresistividade e imped\u00e2ncia, tr\u00eas fornos, balan\u00e7as de precis\u00e3o, prensa hidr\u00e1ulica,<br \/>\nmicrosc\u00f3pio \u00f3ptico, materiais precursores e outros materiais b\u00e1sicos para o crescimento das<br \/>\namostras.<\/p>\n<p><span style=\"font-size: 18pt;\"><strong>Algumas imagens do Laborat\u00f3rio:<\/strong><\/span><\/p>\n<p><a href=\"https:\/\/wp.ufpel.edu.br\/pgfisica\/files\/2024\/01\/WhatsApp-Image-2023-12-20-at-17.57.26-1.jpeg\"><img loading=\"lazy\" decoding=\"async\" data-attachment-id=\"6446\" data-permalink=\"https:\/\/wp.ufpel.edu.br\/pgfisica\/linhas-de-pesquisa\/lsm\/whatsapp-image-2023-12-20-at-17-57-26-1\/\" data-orig-file=\"https:\/\/wp.ufpel.edu.br\/pgfisica\/files\/2024\/01\/WhatsApp-Image-2023-12-20-at-17.57.26-1.jpeg\" data-orig-size=\"1202,1600\" data-comments-opened=\"0\" data-image-meta=\"{&quot;aperture&quot;:&quot;0&quot;,&quot;credit&quot;:&quot;&quot;,&quot;camera&quot;:&quot;&quot;,&quot;caption&quot;:&quot;&quot;,&quot;created_timestamp&quot;:&quot;0&quot;,&quot;copyright&quot;:&quot;&quot;,&quot;focal_length&quot;:&quot;0&quot;,&quot;iso&quot;:&quot;0&quot;,&quot;shutter_speed&quot;:&quot;0&quot;,&quot;title&quot;:&quot;&quot;,&quot;orientation&quot;:&quot;0&quot;}\" data-image-title=\"WhatsApp Image 2023-12-20 at 17.57.26 (1)\" data-image-description=\"\" data-image-caption=\"\" data-medium-file=\"https:\/\/wp.ufpel.edu.br\/pgfisica\/files\/2024\/01\/WhatsApp-Image-2023-12-20-at-17.57.26-1-301x400.jpeg\" data-large-file=\"https:\/\/wp.ufpel.edu.br\/pgfisica\/files\/2024\/01\/WhatsApp-Image-2023-12-20-at-17.57.26-1-769x1024.jpeg\" class=\"alignnone size-thumbnail wp-image-6446 alignleft\" src=\"https:\/\/wp.ufpel.edu.br\/pgfisica\/files\/2024\/01\/WhatsApp-Image-2023-12-20-at-17.57.26-1-200x200.jpeg\" alt=\"\" width=\"200\" height=\"200\" \/><\/a><a href=\"https:\/\/wp.ufpel.edu.br\/pgfisica\/files\/2024\/01\/WhatsApp-Image-2023-12-20-at-17.57.26.jpeg\"><img loading=\"lazy\" decoding=\"async\" data-attachment-id=\"6445\" data-permalink=\"https:\/\/wp.ufpel.edu.br\/pgfisica\/linhas-de-pesquisa\/lsm\/whatsapp-image-2023-12-20-at-17-57-26\/\" data-orig-file=\"https:\/\/wp.ufpel.edu.br\/pgfisica\/files\/2024\/01\/WhatsApp-Image-2023-12-20-at-17.57.26.jpeg\" data-orig-size=\"1202,1600\" data-comments-opened=\"0\" data-image-meta=\"{&quot;aperture&quot;:&quot;0&quot;,&quot;credit&quot;:&quot;&quot;,&quot;camera&quot;:&quot;&quot;,&quot;caption&quot;:&quot;&quot;,&quot;created_timestamp&quot;:&quot;0&quot;,&quot;copyright&quot;:&quot;&quot;,&quot;focal_length&quot;:&quot;0&quot;,&quot;iso&quot;:&quot;0&quot;,&quot;shutter_speed&quot;:&quot;0&quot;,&quot;title&quot;:&quot;&quot;,&quot;orientation&quot;:&quot;0&quot;}\" data-image-title=\"WhatsApp Image 2023-12-20 at 17.57.26\" data-image-description=\"\" data-image-caption=\"\" data-medium-file=\"https:\/\/wp.ufpel.edu.br\/pgfisica\/files\/2024\/01\/WhatsApp-Image-2023-12-20-at-17.57.26-301x400.jpeg\" data-large-file=\"https:\/\/wp.ufpel.edu.br\/pgfisica\/files\/2024\/01\/WhatsApp-Image-2023-12-20-at-17.57.26-769x1024.jpeg\" class=\"size-thumbnail wp-image-6445 alignleft\" src=\"https:\/\/wp.ufpel.edu.br\/pgfisica\/files\/2024\/01\/WhatsApp-Image-2023-12-20-at-17.57.26-200x200.jpeg\" alt=\"\" width=\"200\" height=\"200\" \/><\/a> <a href=\"https:\/\/wp.ufpel.edu.br\/pgfisica\/files\/2024\/01\/WhatsApp-Image-2023-12-20-at-17.57.25.jpeg\"><img loading=\"lazy\" decoding=\"async\" data-attachment-id=\"6444\" data-permalink=\"https:\/\/wp.ufpel.edu.br\/pgfisica\/linhas-de-pesquisa\/lsm\/whatsapp-image-2023-12-20-at-17-57-25\/\" data-orig-file=\"https:\/\/wp.ufpel.edu.br\/pgfisica\/files\/2024\/01\/WhatsApp-Image-2023-12-20-at-17.57.25.jpeg\" data-orig-size=\"1202,1600\" data-comments-opened=\"0\" data-image-meta=\"{&quot;aperture&quot;:&quot;0&quot;,&quot;credit&quot;:&quot;&quot;,&quot;camera&quot;:&quot;&quot;,&quot;caption&quot;:&quot;&quot;,&quot;created_timestamp&quot;:&quot;0&quot;,&quot;copyright&quot;:&quot;&quot;,&quot;focal_length&quot;:&quot;0&quot;,&quot;iso&quot;:&quot;0&quot;,&quot;shutter_speed&quot;:&quot;0&quot;,&quot;title&quot;:&quot;&quot;,&quot;orientation&quot;:&quot;0&quot;}\" data-image-title=\"WhatsApp Image 2023-12-20 at 17.57.25\" data-image-description=\"\" data-image-caption=\"\" data-medium-file=\"https:\/\/wp.ufpel.edu.br\/pgfisica\/files\/2024\/01\/WhatsApp-Image-2023-12-20-at-17.57.25-301x400.jpeg\" data-large-file=\"https:\/\/wp.ufpel.edu.br\/pgfisica\/files\/2024\/01\/WhatsApp-Image-2023-12-20-at-17.57.25-769x1024.jpeg\" class=\"size-thumbnail wp-image-6444 alignleft\" src=\"https:\/\/wp.ufpel.edu.br\/pgfisica\/files\/2024\/01\/WhatsApp-Image-2023-12-20-at-17.57.25-200x200.jpeg\" alt=\"\" width=\"200\" height=\"200\" \/><\/a> <a href=\"https:\/\/wp.ufpel.edu.br\/pgfisica\/files\/2024\/01\/WhatsApp-Image-2023-12-20-at-17.57.24.jpeg\"><img loading=\"lazy\" decoding=\"async\" data-attachment-id=\"6443\" data-permalink=\"https:\/\/wp.ufpel.edu.br\/pgfisica\/linhas-de-pesquisa\/lsm\/whatsapp-image-2023-12-20-at-17-57-24\/\" data-orig-file=\"https:\/\/wp.ufpel.edu.br\/pgfisica\/files\/2024\/01\/WhatsApp-Image-2023-12-20-at-17.57.24.jpeg\" data-orig-size=\"1202,1600\" data-comments-opened=\"0\" data-image-meta=\"{&quot;aperture&quot;:&quot;0&quot;,&quot;credit&quot;:&quot;&quot;,&quot;camera&quot;:&quot;&quot;,&quot;caption&quot;:&quot;&quot;,&quot;created_timestamp&quot;:&quot;0&quot;,&quot;copyright&quot;:&quot;&quot;,&quot;focal_length&quot;:&quot;0&quot;,&quot;iso&quot;:&quot;0&quot;,&quot;shutter_speed&quot;:&quot;0&quot;,&quot;title&quot;:&quot;&quot;,&quot;orientation&quot;:&quot;0&quot;}\" data-image-title=\"WhatsApp Image 2023-12-20 at 17.57.24\" data-image-description=\"\" data-image-caption=\"\" data-medium-file=\"https:\/\/wp.ufpel.edu.br\/pgfisica\/files\/2024\/01\/WhatsApp-Image-2023-12-20-at-17.57.24-301x400.jpeg\" data-large-file=\"https:\/\/wp.ufpel.edu.br\/pgfisica\/files\/2024\/01\/WhatsApp-Image-2023-12-20-at-17.57.24-769x1024.jpeg\" class=\"size-thumbnail wp-image-6443 alignleft\" src=\"https:\/\/wp.ufpel.edu.br\/pgfisica\/files\/2024\/01\/WhatsApp-Image-2023-12-20-at-17.57.24-200x200.jpeg\" alt=\"\" width=\"200\" height=\"200\" \/><\/a> <a href=\"https:\/\/wp.ufpel.edu.br\/pgfisica\/files\/2024\/01\/WhatsApp-Image-2023-12-20-at-17.57.23.jpeg\"><img loading=\"lazy\" decoding=\"async\" data-attachment-id=\"6442\" data-permalink=\"https:\/\/wp.ufpel.edu.br\/pgfisica\/linhas-de-pesquisa\/lsm\/whatsapp-image-2023-12-20-at-17-57-23\/\" data-orig-file=\"https:\/\/wp.ufpel.edu.br\/pgfisica\/files\/2024\/01\/WhatsApp-Image-2023-12-20-at-17.57.23.jpeg\" data-orig-size=\"1202,1600\" data-comments-opened=\"0\" data-image-meta=\"{&quot;aperture&quot;:&quot;0&quot;,&quot;credit&quot;:&quot;&quot;,&quot;camera&quot;:&quot;&quot;,&quot;caption&quot;:&quot;&quot;,&quot;created_timestamp&quot;:&quot;0&quot;,&quot;copyright&quot;:&quot;&quot;,&quot;focal_length&quot;:&quot;0&quot;,&quot;iso&quot;:&quot;0&quot;,&quot;shutter_speed&quot;:&quot;0&quot;,&quot;title&quot;:&quot;&quot;,&quot;orientation&quot;:&quot;0&quot;}\" data-image-title=\"WhatsApp Image 2023-12-20 at 17.57.23\" data-image-description=\"\" data-image-caption=\"\" data-medium-file=\"https:\/\/wp.ufpel.edu.br\/pgfisica\/files\/2024\/01\/WhatsApp-Image-2023-12-20-at-17.57.23-301x400.jpeg\" data-large-file=\"https:\/\/wp.ufpel.edu.br\/pgfisica\/files\/2024\/01\/WhatsApp-Image-2023-12-20-at-17.57.23-769x1024.jpeg\" class=\"size-thumbnail wp-image-6442 alignleft\" src=\"https:\/\/wp.ufpel.edu.br\/pgfisica\/files\/2024\/01\/WhatsApp-Image-2023-12-20-at-17.57.23-200x200.jpeg\" alt=\"\" width=\"200\" height=\"200\" \/><\/a><a href=\"https:\/\/wp.ufpel.edu.br\/pgfisica\/files\/2024\/01\/WhatsApp-Image-2023-12-20-at-17.57.22.jpeg\"><img loading=\"lazy\" decoding=\"async\" data-attachment-id=\"6441\" data-permalink=\"https:\/\/wp.ufpel.edu.br\/pgfisica\/linhas-de-pesquisa\/lsm\/whatsapp-image-2023-12-20-at-17-57-22\/\" data-orig-file=\"https:\/\/wp.ufpel.edu.br\/pgfisica\/files\/2024\/01\/WhatsApp-Image-2023-12-20-at-17.57.22.jpeg\" data-orig-size=\"1202,1600\" data-comments-opened=\"0\" data-image-meta=\"{&quot;aperture&quot;:&quot;0&quot;,&quot;credit&quot;:&quot;&quot;,&quot;camera&quot;:&quot;&quot;,&quot;caption&quot;:&quot;&quot;,&quot;created_timestamp&quot;:&quot;0&quot;,&quot;copyright&quot;:&quot;&quot;,&quot;focal_length&quot;:&quot;0&quot;,&quot;iso&quot;:&quot;0&quot;,&quot;shutter_speed&quot;:&quot;0&quot;,&quot;title&quot;:&quot;&quot;,&quot;orientation&quot;:&quot;0&quot;}\" data-image-title=\"WhatsApp Image 2023-12-20 at 17.57.22\" data-image-description=\"\" data-image-caption=\"\" data-medium-file=\"https:\/\/wp.ufpel.edu.br\/pgfisica\/files\/2024\/01\/WhatsApp-Image-2023-12-20-at-17.57.22-301x400.jpeg\" data-large-file=\"https:\/\/wp.ufpel.edu.br\/pgfisica\/files\/2024\/01\/WhatsApp-Image-2023-12-20-at-17.57.22-769x1024.jpeg\" class=\"size-thumbnail wp-image-6441 alignleft\" src=\"https:\/\/wp.ufpel.edu.br\/pgfisica\/files\/2024\/01\/WhatsApp-Image-2023-12-20-at-17.57.22-200x200.jpeg\" alt=\"\" width=\"200\" height=\"200\" \/><\/a><\/p>\n","protected":false},"excerpt":{"rendered":"<p>&nbsp; O Grupo de Estudos em Supercondutividade e Magnetismo da UFPel, coordenado pelo Prof. Dr. Valdemar das Neves Vieira tem como integrantes o Prof. Dr. F\u00e1bio Teixeira Dias, tr\u00eas estudantes de mestrado, um de doutorado e um de inicia\u00e7\u00e3o cient\u00edfica. O objetivo do grupo consiste no crescimento de amostras cer\u00e2micas supercondutoras, monocristalinas e policristalinas, produzidas &hellip; <a href=\"https:\/\/wp.ufpel.edu.br\/pgfisica\/linhas-de-pesquisa\/lsm\/\" class=\"more-link\">Continue lendo <span class=\"screen-reader-text\">Laborat\u00f3rio de Supercondutividade e Magnetismo<\/span> <span class=\"meta-nav\">&rarr;<\/span><\/a><\/p>\n","protected":false},"author":220,"featured_media":0,"parent":855,"menu_order":9,"comment_status":"closed","ping_status":"closed","template":"","meta":{"jetpack_post_was_ever_published":false,"footnotes":""},"class_list":["post-1474","page","type-page","status-publish","hentry"],"jetpack_sharing_enabled":true,"jetpack_shortlink":"https:\/\/wp.me\/P94N8p-nM","_links":{"self":[{"href":"https:\/\/wp.ufpel.edu.br\/pgfisica\/wp-json\/wp\/v2\/pages\/1474","targetHints":{"allow":["GET"]}}],"collection":[{"href":"https:\/\/wp.ufpel.edu.br\/pgfisica\/wp-json\/wp\/v2\/pages"}],"about":[{"href":"https:\/\/wp.ufpel.edu.br\/pgfisica\/wp-json\/wp\/v2\/types\/page"}],"author":[{"embeddable":true,"href":"https:\/\/wp.ufpel.edu.br\/pgfisica\/wp-json\/wp\/v2\/users\/220"}],"replies":[{"embeddable":true,"href":"https:\/\/wp.ufpel.edu.br\/pgfisica\/wp-json\/wp\/v2\/comments?post=1474"}],"version-history":[{"count":16,"href":"https:\/\/wp.ufpel.edu.br\/pgfisica\/wp-json\/wp\/v2\/pages\/1474\/revisions"}],"predecessor-version":[{"id":6519,"href":"https:\/\/wp.ufpel.edu.br\/pgfisica\/wp-json\/wp\/v2\/pages\/1474\/revisions\/6519"}],"up":[{"embeddable":true,"href":"https:\/\/wp.ufpel.edu.br\/pgfisica\/wp-json\/wp\/v2\/pages\/855"}],"wp:attachment":[{"href":"https:\/\/wp.ufpel.edu.br\/pgfisica\/wp-json\/wp\/v2\/media?parent=1474"}],"curies":[{"name":"wp","href":"https:\/\/api.w.org\/{rel}","templated":true}]}}