{"id":1471,"date":"2013-02-13T14:31:25","date_gmt":"2013-02-13T17:31:25","guid":{"rendered":"http:\/\/ifm.ufpel.edu.br\/pgfisica\/site\/?page_id=1471"},"modified":"2024-11-18T09:36:12","modified_gmt":"2024-11-18T12:36:12","slug":"fisica-dos-plasmas","status":"publish","type":"page","link":"https:\/\/wp.ufpel.edu.br\/pgfisica\/linhas-de-pesquisa\/fisica-dos-plasmas\/","title":{"rendered":"Grupo de F\u00edsica de Plasmas e Feixes"},"content":{"rendered":"<p>O objetivo do grupo \u00e9 investigar fen\u00f4menos da F\u00edsica de Plasmas atrav\u00e9s de modelagem<br \/>\nmatem\u00e1tica e simula\u00e7\u00f5es computacionais. As \u00e1reas de interesse s\u00e3o a de plasmas naturais, como<br \/>\naqueles encontrados no vento solar e na ionosfera terrestre, e a de plasmas artificiais, produzidos em<br \/>\nlaborat\u00f3rio, como aqueles envolvidos na pesquisa em fus\u00e3o nuclear controlada. Fen\u00f4menos em<br \/>\nplasmas naturais envolvem processos como acelera\u00e7\u00e3o e aquecimento de part\u00edculas ionizadas,<br \/>\naltera\u00e7\u00f5es na distribui\u00e7\u00e3o de velocidades de part\u00edculas, emiss\u00e3o de feixes de part\u00edculas carregadas,<br \/>\nem magnetosferas planet\u00e1rias, no Sol e no meio interplanet\u00e1rio, bem como a respectiva emiss\u00e3o e<br \/>\nabsor\u00e7\u00e3o de ondas eletromagn\u00e9ticas associadas, atrav\u00e9s de processos lineares e n\u00e3o lineares. Essa<br \/>\n\u00e1rea de estudos tamb\u00e9m faz uso de dados coletados por sat\u00e9lites, como aqueles dedicados \u00e0 previs\u00e3o<br \/>\ndo Clima Espacial. Fen\u00f4menos em plasmas artificiais, por sua vez, envolvem processos como<br \/>\ndetermina\u00e7\u00e3o do equil\u00edbrio magnetohidrodin\u00e2mico (MHD) em Tokamaks, bem como sua<br \/>\ninicializa\u00e7\u00e3o, forma\u00e7\u00e3o de corrente, aquecimento e estudo das instabilidades relacionadas. Para<br \/>\ndesenvolver seu trabalho, o grupo conta com sala de perman\u00eancia para estudantes, com<br \/>\ndisponibiliza\u00e7\u00e3o de acesso a computadores e rede l\u00f3gica, bem como acesso a um cluster de<br \/>\ncomputadores para processamento de c\u00f3digos num\u00e9ricos, inclusive com processamento paralelo em<br \/>\nGPU.<\/p>\n<h2><strong>Docentes<\/strong><\/h2>\n<ul class=\"wpipessoa-lista\"><li class=\"wpipessoa-post clearfix\"><div class=\"wpipessoa-thumb\"><a href=\"https:\/\/wp.ufpel.edu.br\/pgfisica\/pessoas\/prof-dr-fernando-jaques-ruiz-simoes-jr\/\"><img loading=\"lazy\" decoding=\"async\" width=\"200\" height=\"200\" src=\"https:\/\/wp.ufpel.edu.br\/pgfisica\/files\/2020\/08\/fernando-200x200.jpg\" class=\"attachment-thumbnail size-thumbnail wp-post-image\" alt=\"\" data-attachment-id=\"4922\" data-permalink=\"https:\/\/wp.ufpel.edu.br\/pgfisica\/pessoas\/prof-dr-fernando-jaques-ruiz-simoes-jr\/fernando\/\" data-orig-file=\"https:\/\/wp.ufpel.edu.br\/pgfisica\/files\/2020\/08\/fernando.jpg\" data-orig-size=\"613,779\" data-comments-opened=\"0\" data-image-meta=\"{&quot;aperture&quot;:&quot;0&quot;,&quot;credit&quot;:&quot;&quot;,&quot;camera&quot;:&quot;&quot;,&quot;caption&quot;:&quot;&quot;,&quot;created_timestamp&quot;:&quot;0&quot;,&quot;copyright&quot;:&quot;&quot;,&quot;focal_length&quot;:&quot;0&quot;,&quot;iso&quot;:&quot;0&quot;,&quot;shutter_speed&quot;:&quot;0&quot;,&quot;title&quot;:&quot;&quot;,&quot;orientation&quot;:&quot;0&quot;}\" data-image-title=\"fernando\" data-image-description=\"\" data-image-caption=\"\" data-medium-file=\"https:\/\/wp.ufpel.edu.br\/pgfisica\/files\/2020\/08\/fernando-315x400.jpg\" data-large-file=\"https:\/\/wp.ufpel.edu.br\/pgfisica\/files\/2020\/08\/fernando.jpg\" \/><\/a><\/div><div class=\"wpipessoa-info\"><div class=\"wpipessoa-nome wpipessoa-fonte-grande\"><a href=\"https:\/\/wp.ufpel.edu.br\/pgfisica\/pessoas\/prof-dr-fernando-jaques-ruiz-simoes-jr\/\">Prof. Dr. Fernando Jaques Ruiz Sim\u00f5es Jr.<\/a><\/div><div class=\"wpipessoa-lattes\"><a href=\"http:\/\/lattes.cnpq.br\/6851646143777720\" target=\"_blank\">Lattes<\/a><\/div><div class=\"wpipessoa-email\"><a href=\"fernando.simoes@ufpel.edu.br\" target=\"_blank\">fernando.simoes@ufpel.edu.br<\/a><\/div><\/div><\/li><li class=\"wpipessoa-post clearfix\"><div class=\"wpipessoa-thumb\"><a href=\"https:\/\/wp.ufpel.edu.br\/pgfisica\/pessoas\/joel-pavan\/\"><img decoding=\"async\" src=\"https:\/\/wp.ufpel.edu.br\/pgfisica\/wp-content\/plugins\/wpi-pessoas\/img\/sem_foto.jpg\"><\/a><\/div><div class=\"wpipessoa-info\"><div class=\"wpipessoa-nome wpipessoa-fonte-grande\"><a href=\"https:\/\/wp.ufpel.edu.br\/pgfisica\/pessoas\/joel-pavan\/\">Prof. Dr. Joel Pavan<\/a><\/div><div class=\"wpipessoa-lattes\"><a href=\"http:\/\/lattes.cnpq.br\/4428614850725367\" target=\"_blank\">Lattes<\/a><\/div><div class=\"wpipessoa-email\"><a href=\"joel.pavan@ufpel.edu.br\" target=\"_blank\">joel.pavan@ufpel.edu.br<\/a><\/div><\/div><\/li><\/ul>\n<h2>Projetos<\/h2>\n<p>Efeitos cin\u00e9ticos na propaga\u00e7\u00e3o de ondas eletromagn\u00e9ticas em plasmas magnetizados com poeira.<\/p>\n<p>Modelo multiescala do vento solar.<\/p>\n<p>Ondas e instabilidades em plasmas n\u00e3o homog\u00eaneos.<\/p>\n<p>Processos n\u00e3o lineares em f\u00edsica de plasma.<\/p>\n<p>Simula\u00e7\u00f5es num\u00e9ricas de plasmas espaciais via part\u00edculas (c\u00f3digos PIC).<\/p>\n","protected":false},"excerpt":{"rendered":"<div class=\"wpipessoa-lista wpipessoa-info\">\n<div class=\"wpipessoa-lattes\"><a href=\"http:\/\/lattes.cnpq.br\/4428614850725367\" target=\"_blank\">Lattes<\/a><\/div>\n<div class=\"wpipessoa-email\"><a href=\"joel.pavan@ufpel.edu.br\" target=\"_blank\">joel.pavan@ufpel.edu.br<\/a><\/div>\n<\/div>\n","protected":false},"author":220,"featured_media":0,"parent":855,"menu_order":8,"comment_status":"closed","ping_status":"closed","template":"","meta":{"jetpack_post_was_ever_published":false,"footnotes":""},"class_list":["post-1471","page","type-page","status-publish","hentry"],"jetpack_sharing_enabled":true,"jetpack_shortlink":"https:\/\/wp.me\/P94N8p-nJ","_links":{"self":[{"href":"https:\/\/wp.ufpel.edu.br\/pgfisica\/wp-json\/wp\/v2\/pages\/1471","targetHints":{"allow":["GET"]}}],"collection":[{"href":"https:\/\/wp.ufpel.edu.br\/pgfisica\/wp-json\/wp\/v2\/pages"}],"about":[{"href":"https:\/\/wp.ufpel.edu.br\/pgfisica\/wp-json\/wp\/v2\/types\/page"}],"author":[{"embeddable":true,"href":"https:\/\/wp.ufpel.edu.br\/pgfisica\/wp-json\/wp\/v2\/users\/220"}],"replies":[{"embeddable":true,"href":"https:\/\/wp.ufpel.edu.br\/pgfisica\/wp-json\/wp\/v2\/comments?post=1471"}],"version-history":[{"count":15,"href":"https:\/\/wp.ufpel.edu.br\/pgfisica\/wp-json\/wp\/v2\/pages\/1471\/revisions"}],"predecessor-version":[{"id":6887,"href":"https:\/\/wp.ufpel.edu.br\/pgfisica\/wp-json\/wp\/v2\/pages\/1471\/revisions\/6887"}],"up":[{"embeddable":true,"href":"https:\/\/wp.ufpel.edu.br\/pgfisica\/wp-json\/wp\/v2\/pages\/855"}],"wp:attachment":[{"href":"https:\/\/wp.ufpel.edu.br\/pgfisica\/wp-json\/wp\/v2\/media?parent=1471"}],"curies":[{"name":"wp","href":"https:\/\/api.w.org\/{rel}","templated":true}]}}