{"id":1421,"date":"2013-01-04T23:23:41","date_gmt":"2013-01-05T01:23:41","guid":{"rendered":"http:\/\/ifm.ufpel.edu.br\/pgfisica\/site\/?page_id=1421"},"modified":"2020-09-19T02:21:34","modified_gmt":"2020-09-19T05:21:34","slug":"eventos","status":"publish","type":"page","link":"https:\/\/wp.ufpel.edu.br\/pgfisica\/eventos\/","title":{"rendered":"Eventos"},"content":{"rendered":"<p>&nbsp;<\/p>\n<p>Nesta \u00e1rea voc\u00ea cncontra todos os eventos promovidos pelo Programa de P\u00f3s-Gradua\u00e7\u00e3o em F\u00edsica, tais como semin\u00e1rios, col\u00f3quios, etc.<\/p>\n<p><a href=\"https:\/\/wp.ufpel.edu.br\/pgfisica\/eventos-realizados-em-2019\/\">2019<\/a>\u00a0 <a href=\"https:\/\/wp.ufpel.edu.br\/pgfisica\/eventos-2018\/\">2018<\/a>\u00a0 2013\u00a0 <a href=\"https:\/\/wp.ufpel.edu.br\/pgfisica\/eventos\/eventos-realizados-em-2012\/\">2012<\/a>\u00a0 2011\u00a0 2010\u00a0 <a href=\"https:\/\/wp.ufpel.edu.br\/pgfisica\/eventos\/eventos-realizados-em-2009\/\">2009<\/a><\/p>\n<p>_________________________________________________________________________<\/p>\n","protected":false},"excerpt":{"rendered":"<p>&nbsp; Nesta \u00e1rea voc\u00ea cncontra todos os eventos promovidos pelo Programa de P\u00f3s-Gradua\u00e7\u00e3o em F\u00edsica, tais como semin\u00e1rios, col\u00f3quios, etc. 2019\u00a0 2018\u00a0 2013\u00a0 2012\u00a0 2011\u00a0 2010\u00a0 2009 _________________________________________________________________________<\/p>\n","protected":false},"author":220,"featured_media":0,"parent":0,"menu_order":23,"comment_status":"closed","ping_status":"closed","template":"","meta":{"jetpack_post_was_ever_published":false,"footnotes":""},"class_list":["post-1421","page","type-page","status-publish","hentry"],"jetpack_sharing_enabled":true,"jetpack_shortlink":"https:\/\/wp.me\/P94N8p-mV","_links":{"self":[{"href":"https:\/\/wp.ufpel.edu.br\/pgfisica\/wp-json\/wp\/v2\/pages\/1421","targetHints":{"allow":["GET"]}}],"collection":[{"href":"https:\/\/wp.ufpel.edu.br\/pgfisica\/wp-json\/wp\/v2\/pages"}],"about":[{"href":"https:\/\/wp.ufpel.edu.br\/pgfisica\/wp-json\/wp\/v2\/types\/page"}],"author":[{"embeddable":true,"href":"https:\/\/wp.ufpel.edu.br\/pgfisica\/wp-json\/wp\/v2\/users\/220"}],"replies":[{"embeddable":true,"href":"https:\/\/wp.ufpel.edu.br\/pgfisica\/wp-json\/wp\/v2\/comments?post=1421"}],"version-history":[{"count":5,"href":"https:\/\/wp.ufpel.edu.br\/pgfisica\/wp-json\/wp\/v2\/pages\/1421\/revisions"}],"predecessor-version":[{"id":5036,"href":"https:\/\/wp.ufpel.edu.br\/pgfisica\/wp-json\/wp\/v2\/pages\/1421\/revisions\/5036"}],"wp:attachment":[{"href":"https:\/\/wp.ufpel.edu.br\/pgfisica\/wp-json\/wp\/v2\/media?parent=1421"}],"curies":[{"name":"wp","href":"https:\/\/api.w.org\/{rel}","templated":true}]}}