{"id":1411,"date":"2013-01-04T23:21:43","date_gmt":"2013-01-05T01:21:43","guid":{"rendered":"http:\/\/ifm.ufpel.edu.br\/pgfisica\/site\/?page_id=1411"},"modified":"2017-08-16T12:03:52","modified_gmt":"2017-08-16T15:03:52","slug":"eventos-realizados-em-2009","status":"publish","type":"page","link":"https:\/\/wp.ufpel.edu.br\/pgfisica\/eventos\/eventos-realizados-em-2009\/","title":{"rendered":"Eventos realizados em 2009"},"content":{"rendered":"<p>Nesta \u00e1rea voc\u00ea cncontra todos os eventos promovidos pelo Programa de P\u00f3s-Gradua\u00e7\u00e3o em F\u00edsica, tais como semin\u00e1rios, col\u00f3quios, etc.<\/p>\n<p><a href=\"https:\/\/wp.ufpel.edu.br\/pgfisica\/eventos\/eventos-realizados-em-2013\/\">2013<\/a>\u00a0 <a href=\"https:\/\/wp.ufpel.edu.br\/pgfisica\/eventos\/eventos-realizados-em-2012\/\">2012<\/a>\u00a0 2011\u00a0 2010\u00a0 2009<br \/>\n_________________________________________________________________________<\/p>\n<h2>2009<\/h2>\n<p><span style=\"color: #0000ff;\">Dia 18\/12\/2009 &#8211; <\/span><strong>Supercordas: do Big Bang aos Buracos Negros<\/strong><br \/>\nProf. Daniel Luiz Nedel (UNIPAMPA-Bag\u00e9)<br \/>\nHor\u00e1rio : 16:00<br \/>\nLocal : Sala 411-B, Depto. F\u00edsica<\/p>\n<p><span style=\"color: #0000ff;\">Dia 16\/12\/2009 &#8211; <\/span><strong>Modelos anal\u00edticos: instrumentos t\u00e9cnicos para descrever a dispers\u00e3o de poluentes na atmosfera<\/strong><br \/>\nProfa. Camila Pinto da Costa (DME-UFPel)<br \/>\nHor\u00e1rio : 16:00<br \/>\nLocal : Sala 411-B, Depto F\u00edsica<\/p>\n<p><span style=\"color: #0000ff;\">Dia 10\/12\/2009 &#8211; <\/span><strong>Mapas Relativ\u00edsticos, Acelera\u00e7\u00e3o e Transi\u00e7\u00e3o para Caos em Sistemas Magnetizados<\/strong><br \/>\nProf. Felipe Rizzato (UFRGS)<br \/>\nHor\u00e1rio : 16:00<br \/>\nLocal : Sala 411-B, Depto. F\u00edsica<\/p>\n<p><span style=\"color: #0000ff;\">Dia 09\/12\/2009 &#8211; <\/span><strong>Olhando o Universo com Neutrinos<\/strong><br \/>\nProf. Orlando Goulart Peres (UNICAMP)<br \/>\nHor\u00e1rio : 16:00<br \/>\nLocal : Sala 411-B, Depto. F\u00edsica<\/p>\n","protected":false},"excerpt":{"rendered":"<p>Nesta \u00e1rea voc\u00ea cncontra todos os eventos promovidos pelo Programa de P\u00f3s-Gradua\u00e7\u00e3o em F\u00edsica, tais como semin\u00e1rios, col\u00f3quios, etc. 2013\u00a0 2012\u00a0 2011\u00a0 2010\u00a0 2009 _________________________________________________________________________ 2009 Dia 18\/12\/2009 &#8211; Supercordas: do Big Bang aos Buracos Negros Prof. Daniel Luiz Nedel (UNIPAMPA-Bag\u00e9) Hor\u00e1rio : 16:00 Local : Sala 411-B, Depto. F\u00edsica Dia 16\/12\/2009 &#8211; Modelos anal\u00edticos: &hellip; <a href=\"https:\/\/wp.ufpel.edu.br\/pgfisica\/eventos\/eventos-realizados-em-2009\/\" class=\"more-link\">Continue lendo <span class=\"screen-reader-text\">Eventos realizados em 2009<\/span> <span class=\"meta-nav\">&rarr;<\/span><\/a><\/p>\n","protected":false},"author":220,"featured_media":0,"parent":1421,"menu_order":14,"comment_status":"closed","ping_status":"closed","template":"","meta":{"jetpack_post_was_ever_published":false,"footnotes":""},"class_list":["post-1411","page","type-page","status-publish","hentry"],"jetpack_sharing_enabled":true,"jetpack_shortlink":"https:\/\/wp.me\/P94N8p-mL","_links":{"self":[{"href":"https:\/\/wp.ufpel.edu.br\/pgfisica\/wp-json\/wp\/v2\/pages\/1411","targetHints":{"allow":["GET"]}}],"collection":[{"href":"https:\/\/wp.ufpel.edu.br\/pgfisica\/wp-json\/wp\/v2\/pages"}],"about":[{"href":"https:\/\/wp.ufpel.edu.br\/pgfisica\/wp-json\/wp\/v2\/types\/page"}],"author":[{"embeddable":true,"href":"https:\/\/wp.ufpel.edu.br\/pgfisica\/wp-json\/wp\/v2\/users\/220"}],"replies":[{"embeddable":true,"href":"https:\/\/wp.ufpel.edu.br\/pgfisica\/wp-json\/wp\/v2\/comments?post=1411"}],"version-history":[{"count":2,"href":"https:\/\/wp.ufpel.edu.br\/pgfisica\/wp-json\/wp\/v2\/pages\/1411\/revisions"}],"predecessor-version":[{"id":3810,"href":"https:\/\/wp.ufpel.edu.br\/pgfisica\/wp-json\/wp\/v2\/pages\/1411\/revisions\/3810"}],"up":[{"embeddable":true,"href":"https:\/\/wp.ufpel.edu.br\/pgfisica\/wp-json\/wp\/v2\/pages\/1421"}],"wp:attachment":[{"href":"https:\/\/wp.ufpel.edu.br\/pgfisica\/wp-json\/wp\/v2\/media?parent=1411"}],"curies":[{"name":"wp","href":"https:\/\/api.w.org\/{rel}","templated":true}]}}