{"id":140,"date":"2011-12-01T14:00:54","date_gmt":"2011-12-01T14:00:54","guid":{"rendered":"http:\/\/ifm.ufpel.edu.br\/dme\/?page_id=140"},"modified":"2024-01-11T07:42:58","modified_gmt":"2024-01-11T10:42:58","slug":"area-do-discente","status":"publish","type":"page","link":"https:\/\/wp.ufpel.edu.br\/pgfisica\/area-do-discente\/","title":{"rendered":"\u00c1rea do Discente"},"content":{"rendered":"<p>&nbsp;<\/p>\n<ul>\n<li><a href=\"https:\/\/wp.me\/P94N8p-1GA\">Matr\u00edcula e Profici\u00eancia<\/a><\/li>\n<li><a href=\"https:\/\/wp.me\/P94N8p-1GD\">Encaminhamento de Qualifica\u00e7\u00f5es, Disserta\u00e7\u00f5es e Teses<\/a><\/li>\n<li><a href=\"https:\/\/wp.me\/P94N8p-1GH\">Uso de recursos PROAP<\/a><\/li>\n<\/ul>\n","protected":false},"excerpt":{"rendered":"<p>&nbsp; Matr\u00edcula e Profici\u00eancia Encaminhamento de Qualifica\u00e7\u00f5es, Disserta\u00e7\u00f5es e Teses Uso de recursos PROAP<\/p>\n","protected":false},"author":220,"featured_media":0,"parent":0,"menu_order":26,"comment_status":"closed","ping_status":"closed","template":"","meta":{"jetpack_post_was_ever_published":false,"footnotes":""},"class_list":["post-140","page","type-page","status-publish","hentry"],"jetpack_sharing_enabled":true,"jetpack_shortlink":"https:\/\/wp.me\/P94N8p-2g","_links":{"self":[{"href":"https:\/\/wp.ufpel.edu.br\/pgfisica\/wp-json\/wp\/v2\/pages\/140","targetHints":{"allow":["GET"]}}],"collection":[{"href":"https:\/\/wp.ufpel.edu.br\/pgfisica\/wp-json\/wp\/v2\/pages"}],"about":[{"href":"https:\/\/wp.ufpel.edu.br\/pgfisica\/wp-json\/wp\/v2\/types\/page"}],"author":[{"embeddable":true,"href":"https:\/\/wp.ufpel.edu.br\/pgfisica\/wp-json\/wp\/v2\/users\/220"}],"replies":[{"embeddable":true,"href":"https:\/\/wp.ufpel.edu.br\/pgfisica\/wp-json\/wp\/v2\/comments?post=140"}],"version-history":[{"count":7,"href":"https:\/\/wp.ufpel.edu.br\/pgfisica\/wp-json\/wp\/v2\/pages\/140\/revisions"}],"predecessor-version":[{"id":6502,"href":"https:\/\/wp.ufpel.edu.br\/pgfisica\/wp-json\/wp\/v2\/pages\/140\/revisions\/6502"}],"wp:attachment":[{"href":"https:\/\/wp.ufpel.edu.br\/pgfisica\/wp-json\/wp\/v2\/media?parent=140"}],"curies":[{"name":"wp","href":"https:\/\/api.w.org\/{rel}","templated":true}]}}