{"id":1388,"date":"2013-01-04T22:30:58","date_gmt":"2013-01-05T00:30:58","guid":{"rendered":"http:\/\/ifm.ufpel.edu.br\/pgfisica\/site\/?page_id=1388"},"modified":"2017-08-16T12:03:06","modified_gmt":"2017-08-16T15:03:06","slug":"eventos-realizados-em-2012","status":"publish","type":"page","link":"https:\/\/wp.ufpel.edu.br\/pgfisica\/eventos\/eventos-realizados-em-2012\/","title":{"rendered":"Eventos realizados em 2012"},"content":{"rendered":"<p>Nesta \u00e1rea voc\u00ea cncontra todos os eventos promovidos pelo Programa de P\u00f3s-Gradua\u00e7\u00e3o em F\u00edsica, tais como semin\u00e1rios, col\u00f3quios, etc.<\/p>\n<p><a href=\"https:\/\/wp.ufpel.edu.br\/pgfisica\/eventos\/eventos-realizados-em-2013\/\">2013<\/a>\u00a0 2012\u00a0 2011\u00a0 2010\u00a0 <a href=\"https:\/\/wp.ufpel.edu.br\/pgfisica\/eventos\/eventos-realizados-em-2009\/\">2009<\/a><br \/>\n_________________________________________________________________________<\/p>\n<h2>2012<\/h2>\n<p><span style=\"color: #0000ff;\">Dia 12\/12\/2012 &#8211; <\/span><strong>Teoria de Landau de Cristais L\u00edquidos<\/strong><br \/>\nProf. Eduardo Fontes Henriques (DF-UFPel)<br \/>\nHor\u00e1rio : 16:00<br \/>\nLocal : Sala 416, Pr\u00e9dio 13-DF<\/p>\n<p><span style=\"color: #0000ff;\">Dia 28\/11\/2012 &#8211; <\/span><strong>H\u00e1drons Ex\u00f3ticos: Produ\u00e7\u00e3o e Decaimentos<\/strong><br \/>\nProf. M\u00e1rio Luiz Lopes da Silva (DF-UFPel)<br \/>\nHor\u00e1rio : 16:00<br \/>\nLocal : Sala 416, Pr\u00e9dio 13-DF<\/p>\n<p><span style=\"color: #0000ff;\">Dia 14\/11\/2012 &#8211; <\/span><strong>Abordagem Te\u00f3rica e Experimental da Estrutura Eletr\u00f4nica e Cristalina de Perovskitas Nano e Meso Estruturadas<\/strong><br \/>\nProf. M\u00e1rio L\u00facio Moreira (DF-UFPel)<br \/>\nHor\u00e1rio : 16:00<br \/>\nLocal : Sala 416, Pr\u00e9dio 13-DF<\/p>\n<p><span style=\"color: #0000ff;\">Dia 31\/10\/2012 &#8211; <\/span><strong>O c\u00e1lculo fracion\u00e1rio e aplica\u00e7\u00f5es em f\u00edsica<\/strong><br \/>\nProf. Matheus Lazo (FURG)<br \/>\nHor\u00e1rio : 16:00<br \/>\nLocal : Sala 416, Pr\u00e9dio 13-DF<\/p>\n<p><span style=\"color: #0000ff;\">Dia 18\/10\/2012 &#8211; <\/span><strong>Otimiza\u00e7\u00e3o num\u00e9rica no controle de camada limite usando atuadores de plasma tipo DBD<\/strong><br \/>\nProf. R\u00e9gis S. De Quadros (DME-UFPel)<br \/>\nHor\u00e1rio : 16:00<br \/>\nLocal : Sala 416, Pr\u00e9dio 13-DF<\/p>\n<p><span style=\"color: #0000ff;\">Dia 04\/09\/2012 &#8211; <\/span><strong>Superconducting Strip in a Magnetic Field<\/strong><br \/>\nProf. Jos\u00e9 Albino Oliveira de Aguiar (UFPE)<br \/>\nHor\u00e1rio : 16:00<br \/>\nLocal : Sala 416, Pr\u00e9dio 13-DF<\/p>\n<p><span style=\"color: #0000ff;\">Dia 04\/07\/2012 &#8211; <\/span><strong>Resultados recentes do grande colisor de h\u00e1drons \u2013 o LHC<\/strong><br \/>\nProf. Murilo Santana Rangel (UFRJ)<br \/>\nHor\u00e1rio : 16:00<br \/>\nLocal : Sala 416, Pr\u00e9dio 13-DF<\/p>\n<p><span style=\"color: #0000ff;\">Dia 20\/06\/2012 &#8211; <\/span><strong>Fotoprodu\u00e7\u00e3o de Pares de L\u00e9ptons em Colis\u00f5es Pr\u00f3ton-N\u00facleo e N\u00facleo-N\u00facleo no LHC<\/strong><br \/>\nMsC. Bruno Duarte da Silva Moreira (PPGFis-UFPel)<br \/>\nHor\u00e1rio : 16:00<br \/>\nLocal : Sala 416, Pr\u00e9dio 13-DF<\/p>\n<p><span style=\"color: #0000ff;\">Dia 06\/06\/2012 &#8211; <\/span><strong>\u00c1gua confinada em nanoestruturas de carbono: um estudo computacional<\/strong><br \/>\nProf. Leandro Barros da Silva (UFSM)<br \/>\nHor\u00e1rio : 16:00<br \/>\nLocal : Sala 416, Pr\u00e9dio 13-DF<\/p>\n<p><span style=\"color: #0000ff;\">Dia 09\/05\/2012 &#8211; <\/span><strong>Filmes finos e suas aplica\u00e7\u00f5es em dispositivos eletrocr\u00f4micos e c\u00e9lulas fotovoltaicas<\/strong><br \/>\nProf. 1. C\u00e9sar O. Avellaneda (UFPel)<br \/>\nHor\u00e1rio : 16:00<br \/>\nLocal : Sala 416, Pr\u00e9dio 13-DF<\/p>\n<p><span style=\"color: #0000ff;\">Dia 25\/04\/2012 &#8211; <\/span><strong>V\u00e1lvulas de spin IrMn\/Co\/Ru\/NiFe estudadas por medidas de magnetiza\u00e7\u00e3o e resson\u00e2ncia ferromagn\u00e9tica<\/strong><br \/>\nProf. Willian Edgardo Alayo Rodriguez (DF-UFPel)<br \/>\nHor\u00e1rio : 16:00<br \/>\nLocal : Sala 416, Pr\u00e9dio 13-DF<\/p>\n<p><span style=\"color: #0000ff;\">Dia 11\/04\/2012 &#8211; <\/span><strong>Modelagem anal\u00edtica da dispers\u00e3o de poluentes na atmosfera<\/strong><br \/>\nProf. Daniela Buske (DNE-UFPel)<br \/>\nHor\u00e1rio : 16:00<br \/>\nLocal : Sala 416, Pr\u00e9dio 13-DF<\/p>\n<p><span style=\"color: #0000ff;\">Dia 28\/03\/2012 &#8211; <\/span><strong>Estimativa dos fluxos de energia superficiais utilizando o Modelo de Superf\u00edcie Noah<\/strong><br \/>\nDra. Andr\u00e9a Ucker Timm (PPGFis-UFPel)<br \/>\nHor\u00e1rio : 16:00<br \/>\nLocal : Sala 416, Pr\u00e9dio 13-DF<\/p>\n<p><span style=\"color: #0000ff;\">Dia 14\/03\/2012 &#8211; <\/span><strong>Din\u00e2mica n\u00e3o-linear da instabilidade feixe-plasma bidimensional<\/strong><br \/>\nDr. Joel Pavan (PPGFis-UFPel)<br \/>\nHor\u00e1rio : 16:00<br \/>\nLocal : Sala 416, Pr\u00e9dio 13-DF<\/p>\n","protected":false},"excerpt":{"rendered":"<p>Nesta \u00e1rea voc\u00ea cncontra todos os eventos promovidos pelo Programa de P\u00f3s-Gradua\u00e7\u00e3o em F\u00edsica, tais como semin\u00e1rios, col\u00f3quios, etc. 2013\u00a0 2012\u00a0 2011\u00a0 2010\u00a0 2009 _________________________________________________________________________ 2012 Dia 12\/12\/2012 &#8211; Teoria de Landau de Cristais L\u00edquidos Prof. Eduardo Fontes Henriques (DF-UFPel) Hor\u00e1rio : 16:00 Local : Sala 416, Pr\u00e9dio 13-DF Dia 28\/11\/2012 &#8211; H\u00e1drons Ex\u00f3ticos: Produ\u00e7\u00e3o &hellip; <a href=\"https:\/\/wp.ufpel.edu.br\/pgfisica\/eventos\/eventos-realizados-em-2012\/\" class=\"more-link\">Continue lendo <span class=\"screen-reader-text\">Eventos realizados em 2012<\/span> <span class=\"meta-nav\">&rarr;<\/span><\/a><\/p>\n","protected":false},"author":220,"featured_media":0,"parent":1421,"menu_order":12,"comment_status":"closed","ping_status":"closed","template":"","meta":{"jetpack_post_was_ever_published":false,"footnotes":""},"class_list":["post-1388","page","type-page","status-publish","hentry"],"jetpack_sharing_enabled":true,"jetpack_shortlink":"https:\/\/wp.me\/P94N8p-mo","_links":{"self":[{"href":"https:\/\/wp.ufpel.edu.br\/pgfisica\/wp-json\/wp\/v2\/pages\/1388","targetHints":{"allow":["GET"]}}],"collection":[{"href":"https:\/\/wp.ufpel.edu.br\/pgfisica\/wp-json\/wp\/v2\/pages"}],"about":[{"href":"https:\/\/wp.ufpel.edu.br\/pgfisica\/wp-json\/wp\/v2\/types\/page"}],"author":[{"embeddable":true,"href":"https:\/\/wp.ufpel.edu.br\/pgfisica\/wp-json\/wp\/v2\/users\/220"}],"replies":[{"embeddable":true,"href":"https:\/\/wp.ufpel.edu.br\/pgfisica\/wp-json\/wp\/v2\/comments?post=1388"}],"version-history":[{"count":2,"href":"https:\/\/wp.ufpel.edu.br\/pgfisica\/wp-json\/wp\/v2\/pages\/1388\/revisions"}],"predecessor-version":[{"id":3809,"href":"https:\/\/wp.ufpel.edu.br\/pgfisica\/wp-json\/wp\/v2\/pages\/1388\/revisions\/3809"}],"up":[{"embeddable":true,"href":"https:\/\/wp.ufpel.edu.br\/pgfisica\/wp-json\/wp\/v2\/pages\/1421"}],"wp:attachment":[{"href":"https:\/\/wp.ufpel.edu.br\/pgfisica\/wp-json\/wp\/v2\/media?parent=1388"}],"curies":[{"name":"wp","href":"https:\/\/api.w.org\/{rel}","templated":true}]}}