{"id":1331,"date":"2013-02-13T14:31:55","date_gmt":"2013-02-13T16:31:55","guid":{"rendered":"http:\/\/ifm.ufpel.edu.br\/pgfisica\/site\/?page_id=1331"},"modified":"2022-12-06T13:22:31","modified_gmt":"2022-12-06T16:22:31","slug":"dissertacoes-2010","status":"publish","type":"page","link":"https:\/\/wp.ufpel.edu.br\/pgfisica\/tesesedissertacoes\/dissertacoes-2010\/","title":{"rendered":"Disserta\u00e7\u00f5es apresentadas em 2010"},"content":{"rendered":"<p>Neste link voc\u00ea poder\u00e1 encontrar a rela\u00e7\u00e3o de todas as disserta\u00e7\u00f5es apresentadas ao Programa de P\u00f3s-Gradua\u00e7\u00e3o em F\u00edsica da UFPel.<\/p>\n<p><a href=\"https:\/\/wp.ufpel.edu.br\/pgfisica\/dissertacoes\/dissertacoes-apresentadas-em-2018\/\">2018<\/a>\u00a0\u00a0<a href=\"https:\/\/wp.ufpel.edu.br\/pgfisica\/dissertacoes-2017\/\">2017<\/a> \u00a0<a href=\"https:\/\/wp.ufpel.edu.br\/pgfisica\/dissertacoes-2016\/\">2016<\/a>\u00a0 <a href=\"https:\/\/wp.ufpel.edu.br\/pgfisica\/dissertacoes-2015\/\">2015<\/a> \u00a0<a href=\"https:\/\/wp.ufpel.edu.br\/pgfisica\/dissertacoes-2014\/\">2014<\/a>\u00a0 <a href=\"https:\/\/wp.ufpel.edu.br\/pgfisica\/dissertacoes-2013\/\">2013<\/a>\u00a0 <a href=\"https:\/\/wp.ufpel.edu.br\/pgfisica\/dissertacoes-2012\/\">2012<\/a>\u00a0 <a href=\"https:\/\/wp.ufpel.edu.br\/pgfisica\/dissertacoes-2011\/\">2011<\/a>\u00a0 2010<\/p>\n<p>_____________________________________________________________________<\/p>\n<h3><strong>2010<\/strong><\/h3>\n<p><strong><span style=\"color: #000080;\">5. <span style=\"color: #000000;\"><span style=\"background: #ccffff;\">T\u00edtulo: Transi\u00e7\u00f5es de fase do Modelo Primitivo Restrito para eletr\u00f3litos com intera\u00e7\u00f5es de curto alcance<\/span><\/span><\/span><\/strong><br \/>\n<strong>Autor:<\/strong><span style=\"color: #ff0000;\"> Luciana Ara\u00fajo Velasque<\/span><br \/>\n<strong>Orientador:<\/strong> Alexandre Diehl<br \/>\n<strong>Defesa:<\/strong> 30\/09\/2010<br \/>\n<strong>Palavras-Chave:<\/strong> Modelo Primitivo Restrito. Eletr\u00f3litos. Teoria Debye-Huckel.<br \/>\n<strong>\u00c1rea de Conhecimento:<\/strong> F\u00edsica Estat\u00edstica e Termodin\u00e2mica<\/p>\n<p><strong><span style=\"color: #000080;\">4. <span style=\"color: #000000;\"><span style=\"background: #ccffff;\">T\u00edtulo: Efeitos da Cromodin\u00e2mica Qu\u00e2ntica n\u00e3o-perturbativa no espalhamento inel\u00e1stico profundo<\/span><\/span><\/span><\/strong><br \/>\n<strong>Autor:<\/strong><span style=\"color: #ff0000;\"> Alexander Lunkes dos Santos <\/span><br \/>\n<strong>Orientador:<\/strong> Emerson Gustavo de Souza Luna<br \/>\n<strong>Defesa:<\/strong> 09\/08\/2010<br \/>\n<strong>Palavras-Chave:<\/strong> Cromodin\u00e2mica qu\u00e2ntica. Espalhamento inel\u00e1stico. Acoplamento forte.<br \/>\n<strong>\u00c1rea de Conhecimento:<\/strong> F\u00edsica de Part\u00edculas e de H\u00e1drons<\/p>\n<p><strong><span style=\"color: #000080;\">3. <span style=\"color: #000000;\"><span style=\"background: #ccffff;\">T\u00edtulo: Din\u00e2mica Molecular Grande Can\u00f4nica de Fluidos Complexos <\/span><\/span><\/span><\/strong><br \/>\n<strong>Autor:<\/strong><span style=\"color: #ff0000;\"> Jos\u00e9 Rafael Bordin<\/span><br \/>\n<strong>Orientador:<\/strong> Alexandre Diehl<br \/>\n<strong>Defesa:<\/strong> 04\/08\/2010<br \/>\n<strong>Palavras-Chave:<\/strong> Fluidos Complexos. Difus\u00e3o. Din\u00e2mica Molecular.<br \/>\n<strong>\u00c1rea de Conhecimento:<\/strong> F\u00edsica da Mat\u00e9ria Condensada<\/p>\n<p><strong><span style=\"color: #000080;\">2. <span style=\"color: #000000;\"><span style=\"background: #ccffff;\">T\u00edtulo: Estudo da transi\u00e7\u00e3o colapsado-estendido em solu\u00e7\u00f5es de polieletr\u00f3litos flex\u00edveis<\/span><\/span><\/span><\/strong><br \/>\n<strong>Autor:<\/strong><span style=\"color: #ff0000;\"> Cintia Barbosa Passos<\/span><br \/>\n<strong>Orientador:<\/strong> Paulo S\u00e9rgio Kuhn<br \/>\n<strong>Defesa:<\/strong> 30\/07\/2010<br \/>\n<strong>Palavras-Chave:<\/strong> Polieletr\u00f3litos. Transi\u00e7\u00e3o de fase. Teoria Debye-Huckel.<br \/>\n<strong>\u00c1rea de Conhecimento:<\/strong> ??????<\/p>\n<p><strong><span style=\"color: #000080;\">1. <span style=\"color: #000000;\"><span style=\"background: #ccffff;\">T\u00edtulo: Determina\u00e7\u00e3o da distribui\u00e7\u00e3o de gl\u00faons nuclear nuclear na fotoprodu\u00e7\u00e3o de quarkonium no RHIC e no LHC<\/span><\/span><\/span><\/strong><br \/>\n<strong>Autor:<\/strong><span style=\"color: #ff0000;\"> Mirian Thurow Griep <\/span><br \/>\n<strong>Orientador:<\/strong> Victor Paulo Barros Gon\u00e7alves<br \/>\n<strong>Defesa:<\/strong> 29\/07\/2010<br \/>\n<strong>Palavras-Chave:<\/strong> Distribui\u00e7\u00e3o de gl\u00faons. Fotoprodu\u00e7\u00e3o de quarkonium. LHC.<br \/>\n<strong>\u00c1rea de Conhecimento:<\/strong> F\u00edsica de Part\u00edculas e H\u00e1drons.<\/p>\n","protected":false},"excerpt":{"rendered":"<p>Neste link voc\u00ea poder\u00e1 encontrar a rela\u00e7\u00e3o de todas as disserta\u00e7\u00f5es apresentadas ao Programa de P\u00f3s-Gradua\u00e7\u00e3o em F\u00edsica da UFPel. 2018\u00a0\u00a02017 \u00a02016\u00a0 2015 \u00a02014\u00a0 2013\u00a0 2012\u00a0 2011\u00a0 2010 _____________________________________________________________________ 2010 5. T\u00edtulo: Transi\u00e7\u00f5es de fase do Modelo Primitivo Restrito para eletr\u00f3litos com intera\u00e7\u00f5es de curto alcance Autor: Luciana Ara\u00fajo Velasque Orientador: Alexandre Diehl Defesa: 30\/09\/2010 &hellip; <a href=\"https:\/\/wp.ufpel.edu.br\/pgfisica\/tesesedissertacoes\/dissertacoes-2010\/\" class=\"more-link\">Continue lendo <span class=\"screen-reader-text\">Disserta\u00e7\u00f5es apresentadas em 2010<\/span> <span class=\"meta-nav\">&rarr;<\/span><\/a><\/p>\n","protected":false},"author":220,"featured_media":0,"parent":3811,"menu_order":11,"comment_status":"closed","ping_status":"closed","template":"","meta":{"jetpack_post_was_ever_published":false,"footnotes":""},"class_list":["post-1331","page","type-page","status-publish","hentry"],"jetpack_sharing_enabled":true,"jetpack_shortlink":"https:\/\/wp.me\/P94N8p-lt","_links":{"self":[{"href":"https:\/\/wp.ufpel.edu.br\/pgfisica\/wp-json\/wp\/v2\/pages\/1331","targetHints":{"allow":["GET"]}}],"collection":[{"href":"https:\/\/wp.ufpel.edu.br\/pgfisica\/wp-json\/wp\/v2\/pages"}],"about":[{"href":"https:\/\/wp.ufpel.edu.br\/pgfisica\/wp-json\/wp\/v2\/types\/page"}],"author":[{"embeddable":true,"href":"https:\/\/wp.ufpel.edu.br\/pgfisica\/wp-json\/wp\/v2\/users\/220"}],"replies":[{"embeddable":true,"href":"https:\/\/wp.ufpel.edu.br\/pgfisica\/wp-json\/wp\/v2\/comments?post=1331"}],"version-history":[{"count":4,"href":"https:\/\/wp.ufpel.edu.br\/pgfisica\/wp-json\/wp\/v2\/pages\/1331\/revisions"}],"predecessor-version":[{"id":5909,"href":"https:\/\/wp.ufpel.edu.br\/pgfisica\/wp-json\/wp\/v2\/pages\/1331\/revisions\/5909"}],"up":[{"embeddable":true,"href":"https:\/\/wp.ufpel.edu.br\/pgfisica\/wp-json\/wp\/v2\/pages\/3811"}],"wp:attachment":[{"href":"https:\/\/wp.ufpel.edu.br\/pgfisica\/wp-json\/wp\/v2\/media?parent=1331"}],"curies":[{"name":"wp","href":"https:\/\/api.w.org\/{rel}","templated":true}]}}