{"id":1303,"date":"2013-01-04T18:37:32","date_gmt":"2013-01-04T20:37:32","guid":{"rendered":"http:\/\/ifm.ufpel.edu.br\/pgfisica\/site\/?page_id=1303"},"modified":"2018-04-25T15:45:35","modified_gmt":"2018-04-25T18:45:35","slug":"dissertacoes-2017","status":"publish","type":"page","link":"https:\/\/wp.ufpel.edu.br\/pgfisica\/tesesedissertacoes\/dissertacoes-2017\/","title":{"rendered":"Disserta\u00e7\u00f5es apresentadas em 2017"},"content":{"rendered":"<p>Neste link voc\u00ea poder\u00e1 encontrar a rela\u00e7\u00e3o de todas as disserta\u00e7\u00f5es apresentadas ao Programa de P\u00f3s-Gradua\u00e7\u00e3o em F\u00edsica da UFPel.<\/p>\n<p><a href=\"https:\/\/wp.ufpel.edu.br\/pgfisica\/dissertacoes\/dissertacoes-apresentadas-em-2018\/\">2018<\/a>\u00a0 2017 \u00a0<a href=\"https:\/\/wp.ufpel.edu.br\/pgfisica\/dissertacoes-2016\/\">2016<\/a>\u00a0 <a href=\"https:\/\/wp.ufpel.edu.br\/pgfisica\/dissertacoes-2015\/\">2015<\/a> \u00a0<a href=\"https:\/\/wp.ufpel.edu.br\/pgfisica\/dissertacoes-2014\/\">2014<\/a>\u00a0 <a href=\"https:\/\/wp.ufpel.edu.br\/pgfisica\/dissertacoes-2013\/\">2013<\/a>\u00a0 <a href=\"https:\/\/wp.ufpel.edu.br\/pgfisica\/dissertacoes-2012\/\">2012<\/a>\u00a0 <a href=\"https:\/\/wp.ufpel.edu.br\/pgfisica\/dissertacoes-2011\/\">2011<\/a>\u00a0 <a href=\"https:\/\/wp.ufpel.edu.br\/pgfisica\/dissertacoes-2010\/\">2010<\/a><\/p>\n<p>_____________________________________________________________________<\/p>\n<h3><strong>2017<\/strong><\/h3>\n<p><strong><span style=\"color: #000080\">53. <span style=\"color: #000000\"><span style=\"background: #ccffff\">T\u00edtulo: Deposi\u00e7\u00e3o e Caracteriza\u00e7\u00e3o de Filmes Finos de Perovskitas<\/span><\/span><\/span><\/strong><br \/>\n<strong>Autor:<\/strong><span style=\"color: #ff0000\"> Marlon da Silva Hartwig<\/span><br \/>\n<strong>Orientador:<\/strong> Prof. Dr. Pedro Lovato Gomes Jardim<br \/>\n<strong><strong>Coorientador<\/strong>:<\/strong> Prof. Dr. Mario Lucio Moreira<br \/>\n<strong>Defesa:<\/strong> 31\/08\/2017<br \/>\n<strong>Palavras-Chave:<\/strong> Titanato de B\u00e1rio, Dip-Electro-Coating, interferometria de Luz branca, Espectroscopia UV-VIS, coeficiente de absor\u00e7\u00e3o, espessura e topografia.<br \/>\n<strong>\u00c1rea de Conhecimento:<\/strong> F\u00edsica da Mat\u00e9ria Condensada<\/p>\n<p><strong><span style=\"color: #000080\">52. <span style=\"color: #000000\"><span style=\"background: #ccffff\">T\u00edtulo: O Papel da Press\u00e3o Qu\u00edmica Sobre as Flutua\u00e7\u00f5es Termodin\u00e2micas na Magnetiza\u00e7\u00e3o Diamagn\u00e9tica do YBa2Cu3O7-\uf064: Abordado Segundo o Formalismo LLL<\/span><\/span><\/span><\/strong><br \/>\n<strong>Autor:<\/strong><span style=\"color: #ff0000\"> Lecione Cavalcante dos Santos<\/span><br \/>\n<strong>Orientador:<\/strong> Prof. Dr. Valdemar das Neves Vieira<br \/>\n<strong><strong>Coorientador<\/strong>:<\/strong> Prof. Dr. F\u00e1bio Teixeira Dias<br \/>\n<strong>Defesa:<\/strong> 28\/07\/2017<br \/>\n<strong>Palavras-Chave:<\/strong> YBa2Cu3O7-\uf064 .Press\u00e3o qu\u00edmica. lowest Landau level \u201cLLL<br \/>\n<strong>\u00c1rea de Conhecimento:<\/strong> Ci\u00eancia Exatas e da Terra<\/p>\n<p><strong><span style=\"color: #000080\">51. <span style=\"color: #000000\"><span style=\"background: #ccffff\">T\u00edtulo: Acelera\u00e7\u00e3o de El\u00e9trons Devido \u00e0 Turbul\u00eancia de Langmuir Via Simula\u00e7\u00e3o Por Part\u00edculas<\/span><\/span><\/span><\/strong><br \/>\n<strong>Autor:<\/strong><span style=\"color: #ff0000\"> Janileide Vieira Gomes <\/span><br \/>\n<strong>Orientador:<\/strong> Fernando Jaques Ruiz Sim\u00f5es Junior<br \/>\n<strong><strong>Coorientador<\/strong>:<\/strong> Joel Pavan<br \/>\n<strong>Defesa:<\/strong> 24\/02\/2017<br \/>\n<strong>Palavras-Chave:<\/strong> Simula\u00e7\u00f5es PIC. Fun\u00e7\u00f5es Capa. El\u00e9trons Supert\u00e9rmicos.<br \/>\n<strong>\u00c1rea de Conhecimento:<\/strong> F\u00edsica dos Plasmas<\/p>\n<p><strong><span style=\"color: #000080\">50. <span style=\"color: #000000\"><span style=\"background: #ccffff\">T\u00edtulo: Estudo da Inten\u00e7\u00e3o de clusters de Rh com Nanoestruturas de Carbono via Teoria do Funcional de Densidade<\/span><\/span><\/span><\/strong><br \/>\n<strong>Autor:<\/strong><span style=\"color: #ff0000\"> Clauane de Sousa Brito<\/span><br \/>\n<strong>Orientador:<\/strong> Maur\u00edcio Jeomar Piotrowski<br \/>\n<strong>Defesa:<\/strong> 24\/02\/2017<br \/>\n<strong>Palavras-Chave:<\/strong> Nanoestruturas de Carbono. Clusters de Rh. Ancoragem.<br \/>\n<strong>\u00c1rea de Conhecimento:<\/strong> F\u00edsica da Mat\u00e9ria Condensada<\/p>\n<p><strong><span style=\"color: #000080\">49. <span style=\"color: #000000\"><span style=\"background: #ccffff\">T\u00edtulo: Aplica\u00e7\u00e3o de Titanatos de Alcalinos Terrosos em C\u00e9lulas Solares de Estado S\u00f3lido<\/span><\/span><\/span><\/strong><br \/>\n<strong>Autor:<\/strong><span style=\"color: #ff0000\"> Tatiane Strelow Lilge<\/span><br \/>\n<strong>Orientador:<\/strong> Mario Lucio Moreira<br \/>\n<strong>Coorientador:<\/strong> Pedro Lovato Gomes Jardim<br \/>\n<strong>Defesa:<\/strong> 21\/02\/2017<br \/>\n<strong>Palavras-Chave:<\/strong> Titanato de alcalinos terrosos, c\u00e9lulas solares sensibilizadas por corante, s\u00edntese hidrot\u00e9rmica.<br \/>\n<strong>\u00c1rea de Conhecimento:<\/strong> F\u00edsica da Mat\u00e9ria Condensada<\/p>\n<p><strong><span style=\"color: #000080\">48. <span style=\"color: #000000\"><span style=\"background: #ccffff\">T\u00edtulo: Influ\u00eancia da f\u00edsica difrativa em chuveiros atmosf\u00e9ricos ultraenerg\u00e9ticos<\/span><\/span><\/span><\/strong><br \/>\n<strong>Autor:<\/strong><span style=\"color: #ff0000\"> Luan Bonneau Arbeletche <\/span><br \/>\n<strong>Orientador:<\/strong> Victor Paulo Barros Gon\u00e7alves<br \/>\n<strong><strong>Coorientador<\/strong>:<\/strong> M\u00e1rcio Aparecido M\u00fcller<br \/>\n<strong>Defesa:<\/strong> 15\/02\/2017<br \/>\n<strong>Palavras-Chave:<\/strong> Cromodin\u00e2mica Qu\u00e2ntica. Raioso C\u00f3smicos. Chuveiros Atmosf\u00e9ricos Externos. Difra\u00e7\u00e3o.<br \/>\n<strong>\u00c1rea de Conhecimento:<\/strong> Ci\u00eancias Exatas e da Terra<\/p>\n","protected":false},"excerpt":{"rendered":"<p>Neste link voc\u00ea poder\u00e1 encontrar a rela\u00e7\u00e3o de todas as disserta\u00e7\u00f5es apresentadas ao Programa de P\u00f3s-Gradua\u00e7\u00e3o em F\u00edsica da UFPel. 2018\u00a0 2017 \u00a02016\u00a0 2015 \u00a02014\u00a0 2013\u00a0 2012\u00a0 2011\u00a0 2010 _____________________________________________________________________ 2017 53. T\u00edtulo: Deposi\u00e7\u00e3o e Caracteriza\u00e7\u00e3o de Filmes Finos de Perovskitas Autor: Marlon da Silva Hartwig Orientador: Prof. Dr. Pedro Lovato Gomes Jardim Coorientador: Prof. &hellip; <a href=\"https:\/\/wp.ufpel.edu.br\/pgfisica\/tesesedissertacoes\/dissertacoes-2017\/\" class=\"more-link\">Continue lendo <span class=\"screen-reader-text\">Disserta\u00e7\u00f5es apresentadas em 2017<\/span> <span class=\"meta-nav\">&rarr;<\/span><\/a><\/p>\n","protected":false},"author":220,"featured_media":0,"parent":3811,"menu_order":22,"comment_status":"closed","ping_status":"closed","template":"","meta":{"jetpack_post_was_ever_published":false,"footnotes":""},"class_list":["post-1303","page","type-page","status-publish","hentry"],"jetpack_sharing_enabled":true,"jetpack_shortlink":"https:\/\/wp.me\/P94N8p-l1","_links":{"self":[{"href":"https:\/\/wp.ufpel.edu.br\/pgfisica\/wp-json\/wp\/v2\/pages\/1303","targetHints":{"allow":["GET"]}}],"collection":[{"href":"https:\/\/wp.ufpel.edu.br\/pgfisica\/wp-json\/wp\/v2\/pages"}],"about":[{"href":"https:\/\/wp.ufpel.edu.br\/pgfisica\/wp-json\/wp\/v2\/types\/page"}],"author":[{"embeddable":true,"href":"https:\/\/wp.ufpel.edu.br\/pgfisica\/wp-json\/wp\/v2\/users\/220"}],"replies":[{"embeddable":true,"href":"https:\/\/wp.ufpel.edu.br\/pgfisica\/wp-json\/wp\/v2\/comments?post=1303"}],"version-history":[{"count":9,"href":"https:\/\/wp.ufpel.edu.br\/pgfisica\/wp-json\/wp\/v2\/pages\/1303\/revisions"}],"predecessor-version":[{"id":4125,"href":"https:\/\/wp.ufpel.edu.br\/pgfisica\/wp-json\/wp\/v2\/pages\/1303\/revisions\/4125"}],"up":[{"embeddable":true,"href":"https:\/\/wp.ufpel.edu.br\/pgfisica\/wp-json\/wp\/v2\/pages\/3811"}],"wp:attachment":[{"href":"https:\/\/wp.ufpel.edu.br\/pgfisica\/wp-json\/wp\/v2\/media?parent=1303"}],"curies":[{"name":"wp","href":"https:\/\/api.w.org\/{rel}","templated":true}]}}