{"id":1189,"date":"2012-12-20T10:26:07","date_gmt":"2012-12-20T13:26:07","guid":{"rendered":"http:\/\/ifm.ufpel.edu.br\/pgfisica\/site\/?page_id=1189"},"modified":"2025-09-02T19:24:13","modified_gmt":"2025-09-02T22:24:13","slug":"documentos","status":"publish","type":"page","link":"https:\/\/wp.ufpel.edu.br\/pgfisica\/documentos\/","title":{"rendered":"Regimentos, Resolu\u00e7\u00f5es e Documentos"},"content":{"rendered":"<p>Abaixo est\u00e3o o Regimento e Resolu\u00e7\u00f5es que regem o PPGF\u00eds:<\/p>\n<ul>\n<li><strong><em>Regimento vigente do PPGF\u00eds\/UFPel<\/em>: <a href=\"https:\/\/wp.ufpel.edu.br\/pgfisica\/files\/2025\/09\/Regimento-PPGFisica-2025.pdf\">Regimento PPGFisica 2025<\/a><\/strong><\/li>\n<li><strong><em>Planejamento Estrat\u00e9gico do Programa para o Quadri\u00eanio 2025-2028: <a href=\"https:\/\/wp.ufpel.edu.br\/pgfisica\/files\/2024\/11\/PEP-PPGFis-2024.pdf\">PEP PPGF\u00eds 2024<\/a><\/em><\/strong><\/li>\n<li><strong><em>Resolu\u00e7\u00e3o para Ingresso e Perman\u00eancia de Docentes no PPGF\u00eds\/UFPel<\/em>: <a href=\"https:\/\/wp.ufpel.edu.br\/pgfisica\/files\/2023\/10\/Resolucao-docentes-PPGFis.pdf\">Resolu\u00e7\u00e3o-docentes-PPGF\u00eds<\/a><\/strong><\/li>\n<li><strong><em>Resolu\u00e7\u00e3o para Distribui\u00e7\u00e3o, Acompanhamento e Cancelamento de Bolsas do PPGF\u00eds\/UFPel: <a href=\"https:\/\/wp.ufpel.edu.br\/pgfisica\/files\/2023\/10\/Resolucao-Bolsas-PPGFis.pdf\">Resolu\u00e7\u00e3o-Bolsas-PPGF\u00eds <\/a>&#8212; <\/em><a href=\"https:\/\/docs.google.com\/spreadsheets\/d\/15-EKB84iDZhSLzRrDy_8JJwjd7JmnhUkpUr-dRXYDMk\/edit?usp=sharing\">\u00a0Tabela de Bolsas<\/a><\/strong><\/li>\n<li><strong><a href=\"https:\/\/wp.me\/P94N8p-1GH\">Uso de recursos PROAP<\/a><\/strong><\/li>\n<li>Identidade Visual (arquivos png): <a href=\"https:\/\/wp.ufpel.edu.br\/pgfisica\/files\/2024\/11\/identidade_ppgfis.zip\">identidade_ppgfis<\/a><\/li>\n<\/ul>\n","protected":false},"excerpt":{"rendered":"<p>Abaixo est\u00e3o o Regimento e Resolu\u00e7\u00f5es que regem o PPGF\u00eds: Regimento vigente do PPGF\u00eds\/UFPel: Regimento PPGFisica 2025 Planejamento Estrat\u00e9gico do Programa para o Quadri\u00eanio 2025-2028: PEP PPGF\u00eds 2024 Resolu\u00e7\u00e3o para Ingresso e Perman\u00eancia de Docentes no PPGF\u00eds\/UFPel: Resolu\u00e7\u00e3o-docentes-PPGF\u00eds Resolu\u00e7\u00e3o para Distribui\u00e7\u00e3o, Acompanhamento e Cancelamento de Bolsas do PPGF\u00eds\/UFPel: Resolu\u00e7\u00e3o-Bolsas-PPGF\u00eds &#8212; \u00a0Tabela de Bolsas Uso de &hellip; <a href=\"https:\/\/wp.ufpel.edu.br\/pgfisica\/documentos\/\" class=\"more-link\">Continue lendo <span class=\"screen-reader-text\">Regimentos, Resolu\u00e7\u00f5es e Documentos<\/span> <span class=\"meta-nav\">&rarr;<\/span><\/a><\/p>\n","protected":false},"author":220,"featured_media":0,"parent":0,"menu_order":29,"comment_status":"closed","ping_status":"closed","template":"","meta":{"jetpack_post_was_ever_published":false,"footnotes":""},"class_list":["post-1189","page","type-page","status-publish","hentry"],"jetpack_sharing_enabled":true,"jetpack_shortlink":"https:\/\/wp.me\/P94N8p-jb","_links":{"self":[{"href":"https:\/\/wp.ufpel.edu.br\/pgfisica\/wp-json\/wp\/v2\/pages\/1189","targetHints":{"allow":["GET"]}}],"collection":[{"href":"https:\/\/wp.ufpel.edu.br\/pgfisica\/wp-json\/wp\/v2\/pages"}],"about":[{"href":"https:\/\/wp.ufpel.edu.br\/pgfisica\/wp-json\/wp\/v2\/types\/page"}],"author":[{"embeddable":true,"href":"https:\/\/wp.ufpel.edu.br\/pgfisica\/wp-json\/wp\/v2\/users\/220"}],"replies":[{"embeddable":true,"href":"https:\/\/wp.ufpel.edu.br\/pgfisica\/wp-json\/wp\/v2\/comments?post=1189"}],"version-history":[{"count":5,"href":"https:\/\/wp.ufpel.edu.br\/pgfisica\/wp-json\/wp\/v2\/pages\/1189\/revisions"}],"predecessor-version":[{"id":7154,"href":"https:\/\/wp.ufpel.edu.br\/pgfisica\/wp-json\/wp\/v2\/pages\/1189\/revisions\/7154"}],"wp:attachment":[{"href":"https:\/\/wp.ufpel.edu.br\/pgfisica\/wp-json\/wp\/v2\/media?parent=1189"}],"curies":[{"name":"wp","href":"https:\/\/api.w.org\/{rel}","templated":true}]}}