{"id":1002,"date":"2012-10-31T23:49:42","date_gmt":"2012-11-01T02:49:42","guid":{"rendered":"http:\/\/pgmat.ufpel.edu.br\/?page_id=1002"},"modified":"2026-02-25T15:22:48","modified_gmt":"2026-02-25T18:22:48","slug":"inscricao-e-selecao","status":"publish","type":"page","link":"https:\/\/wp.ufpel.edu.br\/pgfisica\/inscricao-e-selecao\/","title":{"rendered":"Inscri\u00e7\u00e3o e Sele\u00e7\u00e3o"},"content":{"rendered":"<p>Nesta Pagina voc\u00ea encontrar\u00e1 as informa\u00e7\u00f5es sobre processos de sele\u00e7\u00e3o interno e externo do Programa de p\u00f3s-Gradua\u00e7\u00e3o em F\u00edsica da Universidade Federal de Pelotas, como: sele\u00e7\u00f5es de Mestrado e doutorado, Sele\u00e7\u00e3o para doutorado Sanduiche; Quaisquer duvidas entrem em contato com o programa pelo e-mail &#8211; <span style=\"color: #0000ff;\"><a href=\"mailto:pgfisica.ufpel@gmail.com\"><span style=\"font-family: Arial, sans-serif;\"><span style=\"font-size: medium;\">pgfisica.ufpel@gmail.com<\/span><\/span><\/a><\/span><\/p>\n<hr \/>\n<hr \/>\n<h2><strong>Sele\u00e7\u00e3o Regular para Ingresso no PPGFis:<\/strong><\/h2>\n<p><span style=\"color: #000000; font-size: small;\">O ingresso nos Cursos de Mestrado e Doutorado do PPG em F\u00edsica \u00e9 definido a partir dos editais espec\u00edficos de sele\u00e7\u00e3o. Toda a documenta\u00e7\u00e3o exigida para a inscri\u00e7\u00e3o, bem como os crit\u00e9rios de sele\u00e7\u00e3o, est\u00e3o definidos nestes editais.<\/span><\/p>\n<ul>\n<li><strong>DOUTORADO<\/strong><\/li>\n<\/ul>\n<p><strong><em>Edital de Sele\u00e7\u00e3o Doutorado 2026\/1 &#8211; <a href=\"https:\/\/wp.ufpel.edu.br\/pgfisica\/files\/2026\/02\/SEI_3677378_Edital_de_selecao_PRPPG_16.pdf\">SEI_3677378_Edital_de_selecao_PRPPG_16<\/a><\/em><\/strong><\/p>\n<p><strong>Anexos:<\/strong><\/p>\n<p>Formul\u00e1rio 1 de inscri\u00e7\u00e3o: <a href=\"https:\/\/wp.ufpel.edu.br\/pgfisica\/files\/2017\/10\/Formulario1.doc\" target=\"_blank\" rel=\"noopener\">Formul\u00e1rio de Inscri\u00e7\u00e3o<\/a><\/p>\n<p>Download da Planilha de Pontua\u00e7\u00e3o CV Lattes &#8211; Doutorado: <a href=\"https:\/\/wp.ufpel.edu.br\/pgfisica\/files\/2024\/11\/Planilha-de-Pontuacao-do-CV-Lattes-Doutorado-1.pdf\" target=\"_blank\" rel=\"noopener\">PDF<\/a> ou <a href=\"https:\/\/docs.google.com\/document\/d\/1wUXM-5itZ0YSxihjM-F8KWaFHRC397PXQAGEbGrGeaw\/edit?usp=sharing\">link para baixar o .docx<\/a><\/p>\n<p>Download da Ficha de Cadastro de Equival\u00eancia de Disciplinas &#8211; Doutorado: <a href=\"https:\/\/wp.ufpel.edu.br\/pgfisica\/files\/2023\/07\/form-novo-fc.docx\">form-novo-fc<\/a><\/p>\n<p><a href=\"https:\/\/wp.ufpel.edu.br\/pgfisica\/files\/2017\/06\/Declaracao_de_Etnia.pdf\" target=\"_blank\" rel=\"noopener noreferrer\">Autodeclara\u00e7\u00e3o de Etnico-Racial<\/a><\/p>\n<p><a href=\"https:\/\/wp.ufpel.edu.br\/pgfisica\/files\/2021\/07\/Autodeclaracao_de_Identidade_de_Genero.pdf\">Autodeclara\u00e7\u00e3o de Identidade de G\u00eanero<\/a><\/p>\n<p><a href=\"https:\/\/wp.ufpel.edu.br\/pgfisica\/files\/2024\/11\/Autodeclaracao-Deficiencia.docx\">Autodeclaracao-Deficiencia<\/a><\/p>\n<ul>\n<li><strong>MESTRADO<\/strong><\/li>\n<\/ul>\n<p><strong><em>Edital de Sele\u00e7\u00e3o Mestrado 2026\/1<\/em>: <a href=\"https:\/\/wp.ufpel.edu.br\/pgfisica\/files\/2026\/02\/SEI_3677330_Edital_de_selecao_PRPPG_15.pdf\">SEI_3677330_Edital_de_selecao_PRPPG_15<\/a><\/strong><\/p>\n<p><strong>Anexos:<\/strong><\/p>\n<p>Formul\u00e1rio de inscri\u00e7\u00e3o: <a href=\"https:\/\/wp.ufpel.edu.br\/pgfisica\/files\/2017\/10\/Formulario1.doc\">Formul\u00e1rio de Inscri\u00e7\u00e3o<\/a><\/p>\n<p>Download da Ficha de Avalia\u00e7\u00e3o CV Lattes &#8211; Mestrado: <a href=\"https:\/\/wp.ufpel.edu.br\/pgfisica\/files\/2024\/11\/Planilha-Lattes-Mestrado.docx-1.pdf\" target=\"_blank\" rel=\"noopener\">PDF<\/a> ou <a href=\"https:\/\/docs.google.com\/document\/d\/1NAeHqEwD1bVWdM3Zm1vCzTZyykXCWfkb\/edit?usp=sharing&amp;ouid=109220660458669021504&amp;rtpof=true&amp;sd=true\">link para baixar o .docx<\/a><\/p>\n<p>Download da Ficha de Cadastro de Equival\u00eancia de Disciplinas &#8211; Mestrado: <a href=\"https:\/\/wp.ufpel.edu.br\/pgfisica\/files\/2024\/11\/Ficha_documental_hisorico_Mestrado_Fisica_022021.doc\">Ficha_documental_hisorico_Mestrado_Fisica<\/a><\/p>\n<p><a href=\"https:\/\/wp.ufpel.edu.br\/pgfisica\/files\/2017\/06\/Declaracao_de_Etnia.pdf\" target=\"_blank\" rel=\"noopener noreferrer\">Autodeclara\u00e7\u00e3o de Etnico-Racial<\/a><\/p>\n<p><a href=\"https:\/\/wp.ufpel.edu.br\/pgfisica\/files\/2021\/07\/Autodeclaracao_de_Identidade_de_Genero.pdf\">Autodeclara\u00e7\u00e3o de Identidade de G\u00eanero<\/a><\/p>\n<p><a href=\"https:\/\/wp.ufpel.edu.br\/pgfisica\/files\/2024\/11\/Autodeclaracao-Deficiencia.docx\">Autodeclaracao-Deficiencia<\/a><\/p>\n<p>Obs: As Fichas devem ser preenchidas pelos candidatos e conforme descrito nos documentos, assinadas e datadas. \u00e9 v\u00e1lido lembrar que quaisquer documentos faltantes eliminam o candidata(o) do processo de sele\u00e7\u00e3o.<\/p>\n<p>&nbsp;<\/p>\n<hr \/>\n<h2><strong>Edital de Sele\u00e7\u00e3o Aluno Especial:<\/strong><\/h2>\n<p>O Edital de sele\u00e7\u00e3o para aluno especial com todas as informa\u00e7\u00f5es e prazos para inscri\u00e7\u00e3o podem ser acessados pelo abaixo<\/p>\n<p><strong><em>Edital de Sele\u00e7\u00e3o Aluno Especial 2025\/1<\/em>:<\/strong><strong> <a href=\"https:\/\/wp.ufpel.edu.br\/pgfisica\/files\/2025\/02\/SEI_2942912_Edital_de_selecao_PRPPG_26.pdf\">Edital Sele\u00e7\u00e3o Aluno Especial 2025\/01<\/a><\/strong><\/p>\n<hr \/>\n<hr \/>\n<h2><strong>Normas para atribui\u00e7\u00e3o de bolsas:<\/strong><\/h2>\n<p><span style=\"color: #000000;\">Encontra-se no link as normas para atribui\u00e7\u00e3o de bolsas de mestrado e doutorado. As Bolsas ser\u00e3o atribu\u00eddas aos estudantes melhor classificados a medida que estiverem dispon\u00edveis. O n\u00famero de bolsas dispon\u00edveis varia semestre a semestre e mesmo ao longo de um semestre podem haver cotas dispon\u00edveis para atribui\u00e7\u00e3o.<\/span><\/p>\n<p>Link para as normas: <a href=\"https:\/\/wp.ufpel.edu.br\/pgfisica\/files\/2022\/05\/norma-distribuicao-bolsas-2022.pdf\">norma-distribuicao-bolsas-2022<\/a><\/p>\n<hr \/>\n<hr \/>\n<h2><strong>Documentos para a inscri\u00e7\u00e3o<\/strong><\/h2>\n<p><strong><em>&#8211; Candidatos ao Regime Regular &#8211; Stricto Sensu<\/em><\/strong><\/p>\n<p>1. <a href=\"https:\/\/wp.ufpel.edu.br\/pgfisica\/files\/2017\/10\/Formulario1.doc\">Formul\u00e1rio de Inscri\u00e7\u00e3o<\/a><\/p>\n<p>2. <a href=\"https:\/\/wp.ufpel.edu.br\/pgfisica\/files\/2017\/06\/Declaracao_de_Etnia.pdf\" target=\"_blank\" rel=\"noopener noreferrer\">Declara\u00e7\u00e3o de Etnia para o acesso afirmativo<\/a>. <span style=\"color: #ff0000; background-color: #ffff00;\">(a partir da Sele\u00e7\u00e3o 02\/2017)<\/span><\/p>\n<p>3.\u00a0 <a href=\"https:\/\/wp.ufpel.edu.br\/pgfisica\/files\/2021\/07\/Autodeclaracao_de_Identidade_de_Genero.pdf\">Declara\u00e7\u00e3o de Identidade de G\u00eanero<\/a>: <span style=\"color: #ff0000; background-color: #ffff00;\">(a partir da Sele\u00e7\u00e3o 02\/2021)<\/span><\/p>\n<p><em><strong>&#8211; Candidatos ao Regime Especial<\/strong><\/em><\/p>\n<p>1. <a href=\"https:\/\/wp.ufpel.edu.br\/pgfisica\/files\/2021\/02\/Formulario1E_especial.doc\">Formul\u00e1rio de Inscri\u00e7\u00e3o<\/a><\/p>\n<p>&nbsp;<\/p>\n<p>&nbsp;<\/p>\n<p>&nbsp;<\/p>\n","protected":false},"excerpt":{"rendered":"<p>Nesta Pagina voc\u00ea encontrar\u00e1 as informa\u00e7\u00f5es sobre processos de sele\u00e7\u00e3o interno e externo do Programa de p\u00f3s-Gradua\u00e7\u00e3o em F\u00edsica da Universidade Federal de Pelotas, como: sele\u00e7\u00f5es de Mestrado e doutorado, Sele\u00e7\u00e3o para doutorado Sanduiche; Quaisquer duvidas entrem em contato com o programa pelo e-mail &#8211; pgfisica.ufpel@gmail.com Sele\u00e7\u00e3o Regular para Ingresso no PPGFis: O ingresso nos &hellip; <a href=\"https:\/\/wp.ufpel.edu.br\/pgfisica\/inscricao-e-selecao\/\" class=\"more-link\">Continue lendo <span class=\"screen-reader-text\">Inscri\u00e7\u00e3o e Sele\u00e7\u00e3o<\/span> <span class=\"meta-nav\">&rarr;<\/span><\/a><\/p>\n","protected":false},"author":220,"featured_media":0,"parent":0,"menu_order":27,"comment_status":"closed","ping_status":"closed","template":"","meta":{"jetpack_post_was_ever_published":false,"footnotes":""},"class_list":["post-1002","page","type-page","status-publish","hentry"],"jetpack_sharing_enabled":true,"jetpack_shortlink":"https:\/\/wp.me\/P94N8p-ga","_links":{"self":[{"href":"https:\/\/wp.ufpel.edu.br\/pgfisica\/wp-json\/wp\/v2\/pages\/1002","targetHints":{"allow":["GET"]}}],"collection":[{"href":"https:\/\/wp.ufpel.edu.br\/pgfisica\/wp-json\/wp\/v2\/pages"}],"about":[{"href":"https:\/\/wp.ufpel.edu.br\/pgfisica\/wp-json\/wp\/v2\/types\/page"}],"author":[{"embeddable":true,"href":"https:\/\/wp.ufpel.edu.br\/pgfisica\/wp-json\/wp\/v2\/users\/220"}],"replies":[{"embeddable":true,"href":"https:\/\/wp.ufpel.edu.br\/pgfisica\/wp-json\/wp\/v2\/comments?post=1002"}],"version-history":[{"count":4,"href":"https:\/\/wp.ufpel.edu.br\/pgfisica\/wp-json\/wp\/v2\/pages\/1002\/revisions"}],"predecessor-version":[{"id":7257,"href":"https:\/\/wp.ufpel.edu.br\/pgfisica\/wp-json\/wp\/v2\/pages\/1002\/revisions\/7257"}],"wp:attachment":[{"href":"https:\/\/wp.ufpel.edu.br\/pgfisica\/wp-json\/wp\/v2\/media?parent=1002"}],"curies":[{"name":"wp","href":"https:\/\/api.w.org\/{rel}","templated":true}]}}