{"id":75,"date":"2015-10-16T12:39:15","date_gmt":"2015-10-16T15:39:15","guid":{"rendered":"https:\/\/wp.ufpel.edu.br\/pgenfermagem\/?page_id=75"},"modified":"2026-04-07T18:08:26","modified_gmt":"2026-04-07T21:08:26","slug":"docentes","status":"publish","type":"page","link":"https:\/\/wp.ufpel.edu.br\/pgenfermagem\/docentes\/","title":{"rendered":"Docentes"},"content":{"rendered":"<details id=\"always-open\" open=\"\">\n<summary style=\"list-style: none;\"><\/summary>\n<details open=\"\">\n<summary><strong>LINHA DE PESQUISA 1<br \/>Sa\u00fade mental e coletiva, processo do trabalho, gest\u00e3o e educa\u00e7\u00e3o em enfermagem e sa\u00fade<\/strong><\/summary>\n<details>\n<summary>Adrize Rutz Porto<\/summary>\n<summary><a href=\"mailto:adrizeporto@gmail.com\">adrizeporto@gmail.com<\/a><\/summary>\n<summary><a href=\"http:\/\/lattes.cnpq.br\/9425000336640831\">Lattes<\/a><\/summary>\n<\/details>\n<details>\n<summary>Ariane da Cruz Guedes<\/summary>\n<summary><a href=\"mailto:arianecguedes@gmail.com\">arianecguedes@gmail.com<\/a><\/summary>\n<summary><a href=\"http:\/\/lattes.cnpq.br\/1961184225732676\">Lattes<\/a><\/summary>\n<\/details>\n<details>\n<summary>Clarice Alves Bonow<\/summary>\n<summary><a href=\"mailto:claricebonow@gmail.com\">claricebonow@gmail.com<\/a><\/summary>\n<summary><a href=\"http:\/\/lattes.cnpq.br\/9465762347489912\">Lattes<\/a><\/summary>\n<\/details>\n<details>\n<summary>Greice Carvalho de Matos<\/summary>\n<summary><a href=\"mailto:greicematos1709@gmail.com\">greicematos1709@gmail.com<\/a><\/summary>\n<summary><a href=\"http:\/\/lattes.cnpq.br\/4244897610025017\">Lattes<\/a><\/summary>\n<\/details>\n<details>\n<summary>Jana\u00edna Quinzen Willrich<\/summary>\n<summary><a href=\"mailto:janainaqwill@yahoo.com.br\">janainaqwill@yahoo.com.br<\/a><\/summary>\n<summary><a href=\"http:\/\/lattes.cnpq.br\/2215571952877438\">Lattes<\/a><\/summary>\n<\/details>\n<details>\n<summary>L\u00edlian Moura de Lima Spagnolo<\/summary>\n<summary><a href=\"mailto:lima.lilian@gmail.com\">lima.lilian@gmail.com<\/a><\/summary>\n<summary><a href=\"http:\/\/lattes.cnpq.br\/0387100953903284\">Lattes<\/a><\/summary>\n<\/details>\n<details>\n<summary>Luciane Prado Kantorski<\/summary>\n<summary><a href=\"mailto:kantorski@uol.com.br\">kantorski@uol.com.br<\/a><\/summary>\n<summary><a href=\"http:\/\/lattes.cnpq.br\/3260989033020920\">Lattes<\/a><\/summary>\n<\/details>\n<details>\n<summary>Marta Regina Cezar-Vaz<\/summary>\n<summary><a href=\"mailto:mrcezarvaz@gmail.com\">mrcezarvaz@gmail.com<\/a><\/summary>\n<summary><a href=\"http:\/\/lattes.cnpq.br\/7716271880856466\">Lattes<\/a><\/summary>\n<\/details>\n<details>\n<summary>Michele Mandagar\u00e1 de Oliveira<\/summary>\n<summary><a href=\"mailto:mandagara@hotmail.com\">mandagara@hotmail.com<\/a><\/summary>\n<summary><a href=\"http:\/\/lattes.cnpq.br\/6681165311879798\">Lattes<\/a><\/summary>\n<\/details>\n<details>\n<summary>Milena Hohmann Antonacci<\/summary>\n<summary><a href=\"mailto:mhantonacci@gmail.com\">mhantonacci@gmail.com<\/a><\/summary>\n<summary><a href=\"http:\/\/lattes.cnpq.br\/0785012341513235\">Lattes<\/a><\/summary>\n<\/details>\n<details>\n<summary>Poliana Farias Alves<\/summary>\n<summary><a href=\"mailto:polibrina@hotmail.com\">polibrina@hotmail.com<\/a><\/summary>\n<summary><a href=\"http:\/\/lattes.cnpq.br\/0083591075793339\">Lattes<\/a><\/summary>\n<\/details>\n<details>\n<summary>Tiago Neuenfeld Munhoz<\/summary>\n<summary><a href=\"mailto:tiago.munhoz@ufpel.edu.br\">tiago.munhoz@ufpel.edu.br<\/a><\/summary>\n<summary><a href=\"http:\/\/lattes.cnpq.br\/7003899583032401\">Lattes<\/a><\/summary>\n<\/details>\n<details>\n<summary>Val\u00e9ria Cristina Christello Coimbra<\/summary>\n<summary><a href=\"mailto:valeriacoimbra@hotmail.com\">valeriacoimbra@hotmail.com<\/a><\/summary>\n<summary><a href=\"http:\/\/lattes.cnpq.br\/2068331998912685\">Lattes<\/a><\/summary>\n<\/details>\n<\/details>\n<details open=\"\">\n<summary><strong>LINHA DE PESQUISA 2<br \/>Epidemiologia, pr\u00e1ticas e cuidado na sa\u00fade e enfermagem<\/strong><\/summary>\n<details>\n<summary>Alit\u00e9ia Santiago Dil\u00e9lio<\/summary>\n<summary><a href=\"mailto:aliteia@gmail.com\">aliteia@gmail.com<\/a><\/summary>\n<summary><a href=\"http:\/\/lattes.cnpq.br\/6976677222430067\">Lattes<\/a><\/summary>\n<\/details>\n<details>\n<summary>Bruno Pereira Nunes<\/summary>\n<summary><a href=\"mailto:nunesbp@gmail.com\">nunesbp@gmail.com<\/a><\/summary>\n<summary><a href=\"http:\/\/lattes.cnpq.br\/9657804781475201\">Lattes<\/a><\/summary>\n<\/details>\n<details>\n<summary>Christian Loret de Mola Zanatti<\/summary>\n<summary><a href=\"mailto:chlmz@yahoo.com\">chlmz@yahoo.com<\/a><\/summary>\n<summary><a href=\"http:\/\/lattes.cnpq.br\/8242045446214833\">Lattes<\/a><\/summary>\n<\/details>\n<details>\n<summary>Eda Schwartz<\/summary>\n<summary><a href=\"mailto:eschwartz@terra.com.br\">eschwartz@terra.com.br<\/a><\/summary>\n<summary><a href=\"http:\/\/lattes.cnpq.br\/3684543700138279\">Lattes<\/a><\/summary>\n<\/details>\n<details>\n<summary>Elaine Thum\u00e9<\/summary>\n<summary><a href=\"mailto:elainethume@gmail.com\">elainethume@gmail.com<\/a><\/summary>\n<summary><a href=\"http:\/\/lattes.cnpq.br\/8303310223968323\">Lattes<\/a><\/summary>\n<\/details>\n<details>\n<summary>Franciele Roberta Cordeiro<\/summary>\n<summary><a href=\"mailto:francielefrc@gmail.com\">francielefrc@gmail.com<\/a><\/summary>\n<summary><a href=\"http:\/\/lattes.cnpq.br\/2797617482539855\">Lattes<\/a><\/summary>\n<\/details>\n<details>\n<summary>Juliana Graciela Vestena Zillmer<\/summary>\n<summary><a href=\"mailto:juzillmer@gmail.com\">juzillmer@gmail.com<\/a><\/summary>\n<summary><a href=\"http:\/\/lattes.cnpq.br\/8072268723062108\">Lattes<\/a><\/summary>\n<\/details>\n<details>\n<summary>Juliane Portella Ribeiro<\/summary>\n<summary><a href=\"mailto:ju_ribeiro1985@hotmail.com\">ju_ribeiro1985@hotmail.com<\/a><\/summary>\n<summary><a href=\"http:\/\/lattes.cnpq.br\/9222593132496467\">Lattes<\/a><\/summary>\n<\/details>\n<details>\n<summary>Marina Soares Mota<\/summary>\n<summary><a href=\"mailto:msm.mari.gro@gmail.com\">msm.mari.gro@gmail.com<\/a><\/summary>\n<summary><a href=\"http:\/\/lattes.cnpq.br\/0012104044105730\">Lattes<\/a><\/summary>\n<\/details>\n<details>\n<summary>Rita Maria Heck<\/summary>\n<summary><a href=\"mailto:rmheckpillon@yahoo.com.br\">rmheckpillon@yahoo.com.br<\/a><\/summary>\n<summary><a href=\"http:\/\/lattes.cnpq.br\/7657863585902722\">Lattes<\/a><\/summary>\n<\/details>\n<details>\n<summary>Ruth Irmgard B\u00e4rtschi Gabatz<\/summary>\n<summary><a href=\"mailto:r.gabatz@yahoo.com.br\">r.gabatz@yahoo.com.br<\/a><\/summary>\n<summary><a href=\"http:\/\/lattes.cnpq.br\/7504567337596687\">Lattes<\/a><\/summary>\n<\/details>\n<details>\n<summary>Stefanie Griebeler Oliveira<\/summary>\n<summary><a href=\"mailto:stefaniegriebeleroliveira@gmail.com\">stefaniegriebeleroliveira@gmail.com<\/a><\/summary>\n<summary><a href=\"http:\/\/lattes.cnpq.br\/1530693409020613\">Lattes<\/a><\/summary>\n<\/details>\n<details>\n<summary>Suele Manjourany Silva Duro<\/summary>\n<summary><a href=\"mailto:sumanjou@gmail.com\">sumanjou@gmail.com<\/a><\/summary>\n<summary><a href=\"http:\/\/lattes.cnpq.br\/2683968985742029\">Lattes<\/a><\/summary>\n<\/details>\n<details>\n<summary>Viviane Marten Milbrath<\/summary>\n<summary><a href=\"mailto:vivianemarten@hotmail.com\">vivianemarten@hotmail.com<\/a><\/summary>\n<summary><a href=\"http:\/\/lattes.cnpq.br\/4903827743413548\">Lattes<\/a><\/summary>\n<\/details>\n<\/details>\n<\/details>\n","protected":false},"excerpt":{"rendered":"<p>LINHA DE PESQUISA 1Sa\u00fade mental e coletiva, processo do trabalho, gest\u00e3o e educa\u00e7\u00e3o em enfermagem e sa\u00fade Adrize Rutz Porto adrizeporto@gmail.com Lattes Ariane da Cruz Guedes arianecguedes@gmail.com Lattes Clarice Alves Bonow claricebonow@gmail.com Lattes Greice Carvalho de Matos greicematos1709@gmail.com Lattes Jana\u00edna Quinzen Willrich janainaqwill@yahoo.com.br Lattes L\u00edlian Moura de Lima Spagnolo lima.lilian@gmail.com Lattes Luciane Prado Kantorski kantorski@uol.com.br [&hellip;]<\/p>\n","protected":false},"author":576,"featured_media":0,"parent":0,"menu_order":0,"comment_status":"closed","ping_status":"closed","template":"","meta":{"footnotes":""},"class_list":["post-75","page","type-page","status-publish","hentry","post"],"jetpack_sharing_enabled":true,"jetpack_shortlink":"https:\/\/wp.me\/P7ii95-1d","jetpack-related-posts":[],"_links":{"self":[{"href":"https:\/\/wp.ufpel.edu.br\/pgenfermagem\/wp-json\/wp\/v2\/pages\/75","targetHints":{"allow":["GET"]}}],"collection":[{"href":"https:\/\/wp.ufpel.edu.br\/pgenfermagem\/wp-json\/wp\/v2\/pages"}],"about":[{"href":"https:\/\/wp.ufpel.edu.br\/pgenfermagem\/wp-json\/wp\/v2\/types\/page"}],"author":[{"embeddable":true,"href":"https:\/\/wp.ufpel.edu.br\/pgenfermagem\/wp-json\/wp\/v2\/users\/576"}],"replies":[{"embeddable":true,"href":"https:\/\/wp.ufpel.edu.br\/pgenfermagem\/wp-json\/wp\/v2\/comments?post=75"}],"version-history":[{"count":3,"href":"https:\/\/wp.ufpel.edu.br\/pgenfermagem\/wp-json\/wp\/v2\/pages\/75\/revisions"}],"predecessor-version":[{"id":5832,"href":"https:\/\/wp.ufpel.edu.br\/pgenfermagem\/wp-json\/wp\/v2\/pages\/75\/revisions\/5832"}],"wp:attachment":[{"href":"https:\/\/wp.ufpel.edu.br\/pgenfermagem\/wp-json\/wp\/v2\/media?parent=75"}],"curies":[{"name":"wp","href":"https:\/\/api.w.org\/{rel}","templated":true}]}}